
{"id":8172,"date":"2024-11-04T19:44:21","date_gmt":"2024-11-04T19:44:21","guid":{"rendered":"https:\/\/25hours-hotels.com\/?page_id=8172"},"modified":"2024-11-04T19:44:22","modified_gmt":"2024-11-04T19:44:22","slug":"review-us-12","status":"publish","type":"page","link":"https:\/\/25hours-hotels.com\/fr\/paris\/terminus-nord\/review-us\/","title":{"rendered":"Review us"},"content":{"rendered":"<div class=\"wp-block-group has-pattern-dots is-vertical is-content-justification-center is-layout-flex wp-container-core-group-is-layout-1 wp-block-group-is-layout-flex\" style=\"padding-top:var(--wp--preset--spacing--20);padding-right:var(--wp--preset--spacing--4);padding-bottom:var(--wp--preset--spacing--20);padding-left:var(--wp--preset--spacing--4)\">\n<div style=\"height:41px\" aria-hidden=\"true\" class=\"wp-block-spacer wp-container-content-1\"><\/div>\n\n\n\n<h1 class=\"wp-block-heading has-text-align-center has-title-2-font-size\">Comment avons-nous fait aujourd'hui ?<\/h1>\n\n\n\n<p class=\"has-text-align-center\">Nous sommes toujours heureux de recevoir des commentaires, directement \u00e0 nous ou sur tripadvisor.com. Votre avis n'est pas seulement utile pour nous, il aide aussi les futurs clients \u00e0 choisir leur h\u00f4tel.<\/p>\n\n\n\n<div class=\"wp-block-columns is-layout-flex wp-container-core-columns-is-layout-1 wp-block-columns-is-layout-flex\" style=\"padding-top:var(--wp--preset--spacing--4);padding-right:var(--wp--preset--spacing--4);padding-bottom:var(--wp--preset--spacing--4);padding-left:var(--wp--preset--spacing--4)\">\n<div class=\"wp-block-column is-layout-flow wp-block-column-is-layout-flow\">\n<figure class=\"wp-block-image size-full\"><a href=\"https:\/\/www.tripadvisor.com\/UserReviewEdit-g187147-d653824-25hours_Hotel_Terminus_Nord-Paris_Ile_de_France.html\" target=\"_blank\" rel=\"noreferrer noopener\"><img loading=\"lazy\" decoding=\"async\" width=\"588\" height=\"376\" src=\"https:\/\/25hours-hotels.com\/wp-content\/uploads\/sites\/39\/2024\/11\/221117_com_yes-no-grafiken_the-good_fra_588x376-1.png\" alt=\"\" class=\"wp-image-4362\" srcset=\"https:\/\/25hours-hotels.com\/wp-content\/uploads\/sites\/39\/2024\/11\/221117_com_yes-no-grafiken_the-good_fra_588x376-1.png 588w, https:\/\/25hours-hotels.com\/wp-content\/uploads\/sites\/39\/2024\/11\/221117_com_yes-no-grafiken_the-good_fra_588x376-1.png?resize=300,192 300w, https:\/\/25hours-hotels.com\/wp-content\/uploads\/sites\/39\/2024\/11\/221117_com_yes-no-grafiken_the-good_fra_588x376-1.png?resize=18,12 18w\" sizes=\"(max-width: 588px) 100vw, 588px\" \/><\/a><\/figure>\n<\/div>\n\n\n\n<div class=\"wp-block-column is-layout-flow wp-block-column-is-layout-flow\">\n<figure class=\"wp-block-image size-full\"><a href=\"mailto:gm.terminusnord@25hours-hotels.com\"><img loading=\"lazy\" decoding=\"async\" width=\"588\" height=\"376\" src=\"https:\/\/25hours-hotels.com\/wp-content\/uploads\/sites\/39\/2024\/11\/221117_com_yes-no-grafiken_the-bad_fra_588x376.png\" alt=\"\" class=\"wp-image-4361\" srcset=\"https:\/\/25hours-hotels.com\/wp-content\/uploads\/sites\/39\/2024\/11\/221117_com_yes-no-grafiken_the-bad_fra_588x376.png 588w, https:\/\/25hours-hotels.com\/wp-content\/uploads\/sites\/39\/2024\/11\/221117_com_yes-no-grafiken_the-bad_fra_588x376.png?resize=300,192 300w, https:\/\/25hours-hotels.com\/wp-content\/uploads\/sites\/39\/2024\/11\/221117_com_yes-no-grafiken_the-bad_fra_588x376.png?resize=18,12 18w\" sizes=\"(max-width: 588px) 100vw, 588px\" \/><\/a><\/figure>\n<\/div>\n<\/div>\n<\/div>","protected":false},"excerpt":{"rendered":"<p>how did we do today? We&#8217;re always happy to receive feedback, directly to us or on tripadvisor.com. Your review isn&#8217;t just useful for us, but also helps future guests choose their hotel.<\/p>","protected":false},"author":205,"featured_media":0,"parent":0,"menu_order":0,"comment_status":"closed","ping_status":"closed","template":"","meta":{"_acf_changed":false,"_yoast_wpseo_title":"","_yoast_wpseo_metadesc":"","inline_featured_image":false,"footnotes":""},"business-site":[12],"acf":[],"yoast_head":"<!-- This site is optimized with the Yoast SEO plugin v22.7 - https:\/\/yoast.com\/wordpress\/plugins\/seo\/ -->\n<title>Review us - 25hours Hotels<\/title>\n<meta name=\"robots\" content=\"index, follow, max-snippet:-1, max-image-preview:large, max-video-preview:-1\" \/>\n<link rel=\"canonical\" href=\"https:\/\/25hours-hotels.com\/fr\/paris\/terminus-nord\/review-us\/\" \/>\n<meta property=\"og:locale\" content=\"fr_FR\" \/>\n<meta property=\"og:type\" content=\"article\" \/>\n<meta property=\"og:title\" content=\"Review us - 25hours Hotels\" \/>\n<meta property=\"og:description\" content=\"how did we do today? We&#8217;re always happy to receive feedback, directly to us or on tripadvisor.com. Your review isn&#8217;t just useful for us, but also helps future guests choose their hotel.\" \/>\n<meta property=\"og:url\" content=\"https:\/\/25hours-hotels.com\/fr\/paris\/terminus-nord\/review-us\/\" \/>\n<meta property=\"og:site_name\" content=\"25hours Hotels\" \/>\n<meta property=\"article:modified_time\" content=\"2024-11-04T19:44:22+00:00\" \/>\n<meta property=\"og:image\" content=\"https:\/\/25hours-hotels.com\/wp-content\/uploads\/sites\/39\/2024\/10\/yes-no-grafiken_the-good_eng_588x376.png\" \/>\n<meta name=\"twitter:card\" content=\"summary_large_image\" \/>\n<meta name=\"twitter:label1\" content=\"Est. reading time\" \/>\n\t<meta name=\"twitter:data1\" content=\"1 minute\" \/>\n<script type=\"application\/ld+json\" class=\"yoast-schema-graph\">{\"@context\":\"https:\/\/schema.org\",\"@graph\":[{\"@type\":\"WebPage\",\"@id\":\"https:\/\/25hours-hotels.com\/paris\/terminus-nord\/review-us\/\",\"url\":\"https:\/\/25hours-hotels.com\/paris\/terminus-nord\/review-us\/\",\"name\":\"Review us - 25hours Hotels\",\"isPartOf\":{\"@id\":\"https:\/\/25hours-hotels.com\/#website\"},\"primaryImageOfPage\":{\"@id\":\"https:\/\/25hours-hotels.com\/paris\/terminus-nord\/review-us\/#primaryimage\"},\"image\":{\"@id\":\"https:\/\/25hours-hotels.com\/paris\/terminus-nord\/review-us\/#primaryimage\"},\"thumbnailUrl\":\"https:\/\/25hours-hotels.com\/wp-content\/uploads\/sites\/39\/2024\/10\/yes-no-grafiken_the-good_eng_588x376.png\",\"datePublished\":\"2024-11-04T19:44:21+00:00\",\"dateModified\":\"2024-11-04T19:44:22+00:00\",\"breadcrumb\":{\"@id\":\"https:\/\/25hours-hotels.com\/paris\/terminus-nord\/review-us\/#breadcrumb\"},\"inLanguage\":\"fr-FR\",\"potentialAction\":[{\"@type\":\"ReadAction\",\"target\":[\"https:\/\/25hours-hotels.com\/paris\/terminus-nord\/review-us\/\"]}]},{\"@type\":\"ImageObject\",\"inLanguage\":\"fr-FR\",\"@id\":\"https:\/\/25hours-hotels.com\/paris\/terminus-nord\/review-us\/#primaryimage\",\"url\":\"https:\/\/25hours-hotels.com\/wp-content\/uploads\/sites\/39\/2024\/10\/yes-no-grafiken_the-good_eng_588x376.png\",\"contentUrl\":\"https:\/\/25hours-hotels.com\/wp-content\/uploads\/sites\/39\/2024\/10\/yes-no-grafiken_the-good_eng_588x376.png\"},{\"@type\":\"BreadcrumbList\",\"@id\":\"https:\/\/25hours-hotels.com\/paris\/terminus-nord\/review-us\/#breadcrumb\",\"itemListElement\":[{\"@type\":\"ListItem\",\"position\":1,\"name\":\"Home\",\"item\":\"https:\/\/25hours-hotels.com\/\"},{\"@type\":\"ListItem\",\"position\":2,\"name\":\"Review us\"}]},{\"@type\":\"WebSite\",\"@id\":\"https:\/\/25hours-hotels.com\/#website\",\"url\":\"https:\/\/25hours-hotels.com\/\",\"name\":\"25hours Hotels\",\"description\":\"\",\"potentialAction\":[{\"@type\":\"SearchAction\",\"target\":{\"@type\":\"EntryPoint\",\"urlTemplate\":\"https:\/\/25hours-hotels.com\/?s={search_term_string}\"},\"query-input\":\"required name=search_term_string\"}],\"inLanguage\":\"fr-FR\"}]}<\/script>\n<!-- \/ Yoast SEO plugin. -->","yoast_head_json":{"title":"Review us - 25hours Hotels","robots":{"index":"index","follow":"follow","max-snippet":"max-snippet:-1","max-image-preview":"max-image-preview:large","max-video-preview":"max-video-preview:-1"},"canonical":"https:\/\/25hours-hotels.com\/fr\/paris\/terminus-nord\/review-us\/","og_locale":"fr_FR","og_type":"article","og_title":"Review us - 25hours Hotels","og_description":"how did we do today? We&#8217;re always happy to receive feedback, directly to us or on tripadvisor.com. Your review isn&#8217;t just useful for us, but also helps future guests choose their hotel.","og_url":"https:\/\/25hours-hotels.com\/fr\/paris\/terminus-nord\/review-us\/","og_site_name":"25hours Hotels","article_modified_time":"2024-11-04T19:44:22+00:00","og_image":[{"url":"https:\/\/25hours-hotels.com\/wp-content\/uploads\/sites\/39\/2024\/10\/yes-no-grafiken_the-good_eng_588x376.png"}],"twitter_card":"summary_large_image","twitter_misc":{"Est. reading time":"1 minute"},"schema":{"@context":"https:\/\/schema.org","@graph":[{"@type":"WebPage","@id":"https:\/\/25hours-hotels.com\/paris\/terminus-nord\/review-us\/","url":"https:\/\/25hours-hotels.com\/paris\/terminus-nord\/review-us\/","name":"Review us - 25hours Hotels","isPartOf":{"@id":"https:\/\/25hours-hotels.com\/#website"},"primaryImageOfPage":{"@id":"https:\/\/25hours-hotels.com\/paris\/terminus-nord\/review-us\/#primaryimage"},"image":{"@id":"https:\/\/25hours-hotels.com\/paris\/terminus-nord\/review-us\/#primaryimage"},"thumbnailUrl":"https:\/\/25hours-hotels.com\/wp-content\/uploads\/sites\/39\/2024\/10\/yes-no-grafiken_the-good_eng_588x376.png","datePublished":"2024-11-04T19:44:21+00:00","dateModified":"2024-11-04T19:44:22+00:00","breadcrumb":{"@id":"https:\/\/25hours-hotels.com\/paris\/terminus-nord\/review-us\/#breadcrumb"},"inLanguage":"fr-FR","potentialAction":[{"@type":"ReadAction","target":["https:\/\/25hours-hotels.com\/paris\/terminus-nord\/review-us\/"]}]},{"@type":"ImageObject","inLanguage":"fr-FR","@id":"https:\/\/25hours-hotels.com\/paris\/terminus-nord\/review-us\/#primaryimage","url":"https:\/\/25hours-hotels.com\/wp-content\/uploads\/sites\/39\/2024\/10\/yes-no-grafiken_the-good_eng_588x376.png","contentUrl":"https:\/\/25hours-hotels.com\/wp-content\/uploads\/sites\/39\/2024\/10\/yes-no-grafiken_the-good_eng_588x376.png"},{"@type":"BreadcrumbList","@id":"https:\/\/25hours-hotels.com\/paris\/terminus-nord\/review-us\/#breadcrumb","itemListElement":[{"@type":"ListItem","position":1,"name":"Home","item":"https:\/\/25hours-hotels.com\/"},{"@type":"ListItem","position":2,"name":"Review us"}]},{"@type":"WebSite","@id":"https:\/\/25hours-hotels.com\/#website","url":"https:\/\/25hours-hotels.com\/","name":"25hours Hotels","description":"","potentialAction":[{"@type":"SearchAction","target":{"@type":"EntryPoint","urlTemplate":"https:\/\/25hours-hotels.com\/?s={search_term_string}"},"query-input":"required name=search_term_string"}],"inLanguage":"fr-FR"}]}},"jetpack_sharing_enabled":true,"_links":{"self":[{"href":"https:\/\/25hours-hotels.com\/fr\/wp-json\/wp\/v2\/pages\/8172"}],"collection":[{"href":"https:\/\/25hours-hotels.com\/fr\/wp-json\/wp\/v2\/pages"}],"about":[{"href":"https:\/\/25hours-hotels.com\/fr\/wp-json\/wp\/v2\/types\/page"}],"author":[{"embeddable":true,"href":"https:\/\/25hours-hotels.com\/fr\/wp-json\/wp\/v2\/users\/205"}],"replies":[{"embeddable":true,"href":"https:\/\/25hours-hotels.com\/fr\/wp-json\/wp\/v2\/comments?post=8172"}],"version-history":[{"count":1,"href":"https:\/\/25hours-hotels.com\/fr\/wp-json\/wp\/v2\/pages\/8172\/revisions"}],"predecessor-version":[{"id":8173,"href":"https:\/\/25hours-hotels.com\/fr\/wp-json\/wp\/v2\/pages\/8172\/revisions\/8173"}],"wp:attachment":[{"href":"https:\/\/25hours-hotels.com\/fr\/wp-json\/wp\/v2\/media?parent=8172"}],"wp:term":[{"taxonomy":"business-site","embeddable":true,"href":"https:\/\/25hours-hotels.com\/fr\/wp-json\/wp\/v2\/business-site?post=8172"}],"curies":[{"name":"wp","href":"https:\/\/api.w.org\/{rel}","templated":true}]}}