
{"id":7107,"date":"2024-10-31T13:20:52","date_gmt":"2024-10-31T13:20:52","guid":{"rendered":"https:\/\/25hours-hotels.com\/?page_id=7107"},"modified":"2024-10-31T13:59:35","modified_gmt":"2024-10-31T13:59:35","slug":"aktion-baum","status":"publish","type":"page","link":"https:\/\/25hours-hotels.com\/fr\/corporate-social-responsibility\/aktion-baum\/","title":{"rendered":"Aktion Baum"},"content":{"rendered":"<div class=\"wp-block-group has-pattern-dots has-global-padding is-layout-constrained wp-block-group-is-layout-constrained\" style=\"padding-top:var(--wp--preset--spacing--7);padding-bottom:var(--wp--preset--spacing--7)\">\n<div style=\"height:100px\" aria-hidden=\"true\" class=\"wp-block-spacer\"><\/div>\n\n\n\n<h2 class=\"wp-block-heading has-text-align-center\">Aktion Baum<\/h2>\n\n\n\n<p class=\"has-text-align-center\">Des projets de plantation d'arbres durables et efficaces.<\/p>\n<\/div>\n\n\n\n\n<div class=\"wp-block-group alignwide wp-block-media-post-content-block wp-block-media-post-content-block has-pattern-dots has-global-padding is-layout-constrained wp-container-core-group-is-layout-2 wp-block-group-is-layout-constrained\" style=\"padding-top:var(--wp--preset--spacing--5);padding-bottom:var(--wp--preset--spacing--5)\">\n<div class=\"wp-block-columns is-layout-flex wp-container-core-columns-is-layout-1 wp-block-columns-is-layout-flex\">\n<div class=\"wp-block-column custom25h-media-post-content-gallery is-layout-flow wp-block-column-is-layout-flow\">\n<figure class=\"wp-block-image size-large is-resized\"><img loading=\"lazy\" decoding=\"async\" width=\"676\" height=\"1000\" src=\"https:\/\/25hours-hotels.com\/wp-content\/uploads\/sites\/39\/2024\/10\/25h_global_csr_aktionbaum_1.jpg?w=676\" alt=\"\" class=\"wp-image-7125\" style=\"object-fit:cover;width:488px;height:651px\" srcset=\"https:\/\/25hours-hotels.com\/wp-content\/uploads\/sites\/39\/2024\/10\/25h_global_csr_aktionbaum_1.jpg 676w, https:\/\/25hours-hotels.com\/wp-content\/uploads\/sites\/39\/2024\/10\/25h_global_csr_aktionbaum_1.jpg?resize=203,300 203w, https:\/\/25hours-hotels.com\/wp-content\/uploads\/sites\/39\/2024\/10\/25h_global_csr_aktionbaum_1.jpg?resize=8,12 8w\" sizes=\"(max-width: 676px) 100vw, 676px\" \/><\/figure>\n<\/div>\n\n\n\n<div class=\"wp-block-column is-vertically-aligned-top custom25h-media-post-content-post is-layout-flow wp-block-column-is-layout-flow\">\n<p>Aktion Baum est g\u00e9r\u00e9e par une \u00e9quipe motiv\u00e9e qui met \u00e0 profit son exp\u00e9rience et ses connaissances issues des mondes scientifique et industriel pour proposer des solutions efficaces et durables en faveur de for\u00eats saines et pour lutter contre le changement climatique. Leur mission : ouvrir la voie \u00e0 des projets de plantation d\u2019arbres durables et efficaces, et la promotion de for\u00eats en bonne sant\u00e9. En tant qu\u2019organisation \u00e0 but non lucratif, Aktion Baum ne tire aucun profit de son travail. Un rapport annuel de transparence garantit que chaque arbre offert est effectivement plant\u00e9.<\/p>\n\n\n\n<p>Dans leur travail quotidien, ils se concentrent sur quatre domaines d\u2019activit\u00e9 : la recherche, leur propre cha\u00eene de valeur, la plantation d\u2019arbres, ainsi que l\u2019\u00e9ducation et l\u2019information.<\/p>\n\n\n\n<p>Tous les arbres ne conviennent pas \u00e0 tous les lieux, et tous les terrains ne peuvent pas \u00eatre transform\u00e9s efficacement en for\u00eats. Pour garantir des solutions optimales, l\u2019\u00e9quipe d\u2019Aktion Baum gGmbH collabore \u00e9troitement avec des scientifiques et des experts en arboriculture. Le concept Heimat.Wald vise \u00e0 cr\u00e9er les for\u00eats du futur avec le plus haut degr\u00e9 de biodiversit\u00e9 possible, en harmonie avec les \u00eatres humains et l\u2019environnement.<\/p>\n\n\n\n<p>Des initiatives telles que la Journ\u00e9e de la For\u00eat pour les entreprises, un \u00ab permis de planter \u00bb  pour les \u00e9l\u00e8ves en \u00e9cole primaire ou encore le soutien \u00e0 des projets pour les lyc\u00e9ens visent \u00e0 permettre \u00e0 un plus grand nombre de personnes de d\u00e9couvrir les for\u00eats et \u00e0 les introduire, en th\u00e9orie comme en pratique, dans les cr\u00e8ches, \u00e9coles et entreprises. Cela garantit le succ\u00e8s \u00e0 moyen et long terme des projets de plantation, selon la devise : \u00ab Seuls ceux qui vivent la for\u00eat peuvent apprendre \u00e0 l\u2019aimer et \u00e0 la prot\u00e9ger. \u00bb<\/p>\n\n\n\n<p>Des initiatives telles que la Journ\u00e9e de la For\u00eat pour les entreprises, un \u00ab permis de planter \u00bb  pour les \u00e9l\u00e8ves en \u00e9cole primaire ou encore le soutien \u00e0 des projets pour les lyc\u00e9ens visent \u00e0 permettre \u00e0 un plus grand nombre de personnes de d\u00e9couvrir les for\u00eats et \u00e0 les introduire, en th\u00e9orie comme en pratique, dans les cr\u00e8ches, \u00e9coles et entreprises. Cela garantit le succ\u00e8s \u00e0 moyen et long terme des projets de plantation, selon la devise : \u00ab Seuls ceux qui vivent la for\u00eat peuvent apprendre \u00e0 l\u2019aimer et \u00e0 la prot\u00e9ger. \u00bb<\/p>\n\n\n\n<p>Depuis 2022, 25hours soutient les projets de plantation d\u2019arbres d\u2019Aktion Baum en Allemagne, en Autriche et en Suisse. Les h\u00f4tes qui renoncent au nettoyage de leur chambre lors de leur s\u00e9jour dans un h\u00f4tel 25hours contribuent activement \u00e0 la r\u00e9ussite de ces projets.<\/p>\n<\/div>\n<\/div>\n<\/div>","protected":false},"excerpt":{"rendered":"<p>Green Key was launched in Denmark in 1994 and has been managed by the Foundation for Environmental Education (FEE) and its national member organisations since 2002.<\/p>","protected":false},"author":205,"featured_media":0,"parent":0,"menu_order":0,"comment_status":"closed","ping_status":"closed","template":"","meta":{"_acf_changed":false,"_yoast_wpseo_title":"","_yoast_wpseo_metadesc":"","inline_featured_image":false,"footnotes":""},"business-site":[],"acf":[],"yoast_head":"<!-- This site is optimized with the Yoast SEO plugin v22.7 - https:\/\/yoast.com\/wordpress\/plugins\/seo\/ -->\n<title>Aktion Baum - 25hours Hotels<\/title>\n<meta name=\"robots\" content=\"index, follow, max-snippet:-1, max-image-preview:large, max-video-preview:-1\" \/>\n<link rel=\"canonical\" href=\"https:\/\/25hours-hotels.com\/fr\/corporate-social-responsibility\/aktion-baum\/\" \/>\n<meta property=\"og:locale\" content=\"fr_FR\" \/>\n<meta property=\"og:type\" content=\"article\" \/>\n<meta property=\"og:title\" content=\"Aktion Baum - 25hours Hotels\" \/>\n<meta property=\"og:description\" content=\"Green Key was launched in Denmark in 1994 and has been managed by the Foundation for Environmental Education (FEE) and its national member organisations since 2002.\" \/>\n<meta property=\"og:url\" content=\"https:\/\/25hours-hotels.com\/fr\/corporate-social-responsibility\/aktion-baum\/\" \/>\n<meta property=\"og:site_name\" content=\"25hours Hotels\" \/>\n<meta property=\"article:modified_time\" content=\"2024-10-31T13:59:35+00:00\" \/>\n<meta property=\"og:image\" content=\"https:\/\/25hours-hotels.com\/wp-content\/uploads\/sites\/39\/2024\/10\/25h_global_csr_aktionbaum_1.jpg?w=676\" \/>\n<meta name=\"twitter:card\" content=\"summary_large_image\" \/>\n<meta name=\"twitter:label1\" content=\"Est. reading time\" \/>\n\t<meta name=\"twitter:data1\" content=\"2 minutes\" \/>\n<script type=\"application\/ld+json\" class=\"yoast-schema-graph\">{\"@context\":\"https:\/\/schema.org\",\"@graph\":[{\"@type\":\"WebPage\",\"@id\":\"https:\/\/25hours-hotels.com\/corporate-social-responsibility\/aktion-baum\/\",\"url\":\"https:\/\/25hours-hotels.com\/corporate-social-responsibility\/aktion-baum\/\",\"name\":\"Aktion Baum - 25hours Hotels\",\"isPartOf\":{\"@id\":\"https:\/\/25hours-hotels.com\/#website\"},\"primaryImageOfPage\":{\"@id\":\"https:\/\/25hours-hotels.com\/corporate-social-responsibility\/aktion-baum\/#primaryimage\"},\"image\":{\"@id\":\"https:\/\/25hours-hotels.com\/corporate-social-responsibility\/aktion-baum\/#primaryimage\"},\"thumbnailUrl\":\"https:\/\/25hours-hotels.com\/wp-content\/uploads\/sites\/39\/2024\/10\/25h_global_csr_aktionbaum_1.jpg?w=676\",\"datePublished\":\"2024-10-31T13:20:52+00:00\",\"dateModified\":\"2024-10-31T13:59:35+00:00\",\"breadcrumb\":{\"@id\":\"https:\/\/25hours-hotels.com\/corporate-social-responsibility\/aktion-baum\/#breadcrumb\"},\"inLanguage\":\"fr-FR\",\"potentialAction\":[{\"@type\":\"ReadAction\",\"target\":[\"https:\/\/25hours-hotels.com\/corporate-social-responsibility\/aktion-baum\/\"]}]},{\"@type\":\"ImageObject\",\"inLanguage\":\"fr-FR\",\"@id\":\"https:\/\/25hours-hotels.com\/corporate-social-responsibility\/aktion-baum\/#primaryimage\",\"url\":\"https:\/\/25hours-hotels.com\/wp-content\/uploads\/sites\/39\/2024\/10\/25h_global_csr_aktionbaum_1.jpg?w=676\",\"contentUrl\":\"https:\/\/25hours-hotels.com\/wp-content\/uploads\/sites\/39\/2024\/10\/25h_global_csr_aktionbaum_1.jpg?w=676\"},{\"@type\":\"BreadcrumbList\",\"@id\":\"https:\/\/25hours-hotels.com\/corporate-social-responsibility\/aktion-baum\/#breadcrumb\",\"itemListElement\":[{\"@type\":\"ListItem\",\"position\":1,\"name\":\"Home\",\"item\":\"https:\/\/25hours-hotels.com\/\"},{\"@type\":\"ListItem\",\"position\":2,\"name\":\"Aktion Baum\"}]},{\"@type\":\"WebSite\",\"@id\":\"https:\/\/25hours-hotels.com\/#website\",\"url\":\"https:\/\/25hours-hotels.com\/\",\"name\":\"25hours Hotels\",\"description\":\"\",\"potentialAction\":[{\"@type\":\"SearchAction\",\"target\":{\"@type\":\"EntryPoint\",\"urlTemplate\":\"https:\/\/25hours-hotels.com\/?s={search_term_string}\"},\"query-input\":\"required name=search_term_string\"}],\"inLanguage\":\"fr-FR\"}]}<\/script>\n<!-- \/ Yoast SEO plugin. -->","yoast_head_json":{"title":"Aktion Baum - 25hours Hotels","robots":{"index":"index","follow":"follow","max-snippet":"max-snippet:-1","max-image-preview":"max-image-preview:large","max-video-preview":"max-video-preview:-1"},"canonical":"https:\/\/25hours-hotels.com\/fr\/corporate-social-responsibility\/aktion-baum\/","og_locale":"fr_FR","og_type":"article","og_title":"Aktion Baum - 25hours Hotels","og_description":"Green Key was launched in Denmark in 1994 and has been managed by the Foundation for Environmental Education (FEE) and its national member organisations since 2002.","og_url":"https:\/\/25hours-hotels.com\/fr\/corporate-social-responsibility\/aktion-baum\/","og_site_name":"25hours Hotels","article_modified_time":"2024-10-31T13:59:35+00:00","og_image":[{"url":"https:\/\/25hours-hotels.com\/wp-content\/uploads\/sites\/39\/2024\/10\/25h_global_csr_aktionbaum_1.jpg?w=676"}],"twitter_card":"summary_large_image","twitter_misc":{"Est. reading time":"2 minutes"},"schema":{"@context":"https:\/\/schema.org","@graph":[{"@type":"WebPage","@id":"https:\/\/25hours-hotels.com\/corporate-social-responsibility\/aktion-baum\/","url":"https:\/\/25hours-hotels.com\/corporate-social-responsibility\/aktion-baum\/","name":"Aktion Baum - 25hours Hotels","isPartOf":{"@id":"https:\/\/25hours-hotels.com\/#website"},"primaryImageOfPage":{"@id":"https:\/\/25hours-hotels.com\/corporate-social-responsibility\/aktion-baum\/#primaryimage"},"image":{"@id":"https:\/\/25hours-hotels.com\/corporate-social-responsibility\/aktion-baum\/#primaryimage"},"thumbnailUrl":"https:\/\/25hours-hotels.com\/wp-content\/uploads\/sites\/39\/2024\/10\/25h_global_csr_aktionbaum_1.jpg?w=676","datePublished":"2024-10-31T13:20:52+00:00","dateModified":"2024-10-31T13:59:35+00:00","breadcrumb":{"@id":"https:\/\/25hours-hotels.com\/corporate-social-responsibility\/aktion-baum\/#breadcrumb"},"inLanguage":"fr-FR","potentialAction":[{"@type":"ReadAction","target":["https:\/\/25hours-hotels.com\/corporate-social-responsibility\/aktion-baum\/"]}]},{"@type":"ImageObject","inLanguage":"fr-FR","@id":"https:\/\/25hours-hotels.com\/corporate-social-responsibility\/aktion-baum\/#primaryimage","url":"https:\/\/25hours-hotels.com\/wp-content\/uploads\/sites\/39\/2024\/10\/25h_global_csr_aktionbaum_1.jpg?w=676","contentUrl":"https:\/\/25hours-hotels.com\/wp-content\/uploads\/sites\/39\/2024\/10\/25h_global_csr_aktionbaum_1.jpg?w=676"},{"@type":"BreadcrumbList","@id":"https:\/\/25hours-hotels.com\/corporate-social-responsibility\/aktion-baum\/#breadcrumb","itemListElement":[{"@type":"ListItem","position":1,"name":"Home","item":"https:\/\/25hours-hotels.com\/"},{"@type":"ListItem","position":2,"name":"Aktion Baum"}]},{"@type":"WebSite","@id":"https:\/\/25hours-hotels.com\/#website","url":"https:\/\/25hours-hotels.com\/","name":"25hours Hotels","description":"","potentialAction":[{"@type":"SearchAction","target":{"@type":"EntryPoint","urlTemplate":"https:\/\/25hours-hotels.com\/?s={search_term_string}"},"query-input":"required name=search_term_string"}],"inLanguage":"fr-FR"}]}},"jetpack_sharing_enabled":true,"_links":{"self":[{"href":"https:\/\/25hours-hotels.com\/fr\/wp-json\/wp\/v2\/pages\/7107"}],"collection":[{"href":"https:\/\/25hours-hotels.com\/fr\/wp-json\/wp\/v2\/pages"}],"about":[{"href":"https:\/\/25hours-hotels.com\/fr\/wp-json\/wp\/v2\/types\/page"}],"author":[{"embeddable":true,"href":"https:\/\/25hours-hotels.com\/fr\/wp-json\/wp\/v2\/users\/205"}],"replies":[{"embeddable":true,"href":"https:\/\/25hours-hotels.com\/fr\/wp-json\/wp\/v2\/comments?post=7107"}],"version-history":[{"count":3,"href":"https:\/\/25hours-hotels.com\/fr\/wp-json\/wp\/v2\/pages\/7107\/revisions"}],"predecessor-version":[{"id":21390,"href":"https:\/\/25hours-hotels.com\/fr\/wp-json\/wp\/v2\/pages\/7107\/revisions\/21390"}],"wp:attachment":[{"href":"https:\/\/25hours-hotels.com\/fr\/wp-json\/wp\/v2\/media?parent=7107"}],"wp:term":[{"taxonomy":"business-site","embeddable":true,"href":"https:\/\/25hours-hotels.com\/fr\/wp-json\/wp\/v2\/business-site?post=7107"}],"curies":[{"name":"wp","href":"https:\/\/api.w.org\/{rel}","templated":true}]}}