
{"id":7105,"date":"2024-10-31T13:19:45","date_gmt":"2024-10-31T13:19:45","guid":{"rendered":"https:\/\/25hours-hotels.com\/?page_id=7105"},"modified":"2024-11-01T17:04:04","modified_gmt":"2024-11-01T17:04:04","slug":"la-cravate-solidaire","status":"publish","type":"page","link":"https:\/\/25hours-hotels.com\/fr\/corporate-social-responsibility\/la-cravate-solidaire\/","title":{"rendered":"La Cravate Solidaire"},"content":{"rendered":"<div class=\"wp-block-group has-pattern-dots has-global-padding is-layout-constrained wp-block-group-is-layout-constrained\" style=\"padding-top:var(--wp--preset--spacing--7);padding-bottom:var(--wp--preset--spacing--7)\">\n<div style=\"height:100px\" aria-hidden=\"true\" class=\"wp-block-spacer\"><\/div>\n\n\n\n<h2 class=\"wp-block-heading has-text-align-center\">La Cravate Solidaire<\/h2>\n\n\n\n<p class=\"has-text-align-center\">La Cravate Solidaire est un r\u00e9seau fran\u00e7ais qui \u0153uvre pour promouvoir l'\u00e9galit\u00e9 des chances.<\/p>\n<\/div>\n\n\n\n\n<div class=\"wp-block-group alignwide wp-block-media-post-content-block wp-block-media-post-content-block has-pattern-dots has-global-padding is-layout-constrained wp-container-core-group-is-layout-3 wp-block-group-is-layout-constrained\" style=\"padding-top:var(--wp--preset--spacing--5);padding-bottom:var(--wp--preset--spacing--5)\">\n<div class=\"wp-block-columns is-layout-flex wp-container-core-columns-is-layout-1 wp-block-columns-is-layout-flex\">\n<div class=\"wp-block-column custom25h-media-post-content-gallery is-layout-flow wp-block-column-is-layout-flow\">\n<figure class=\"wp-block-image size-large\"><img loading=\"lazy\" decoding=\"async\" width=\"1000\" height=\"750\" src=\"https:\/\/25hours-hotels.com\/wp-content\/uploads\/sites\/39\/2024\/11\/25h_global_csr_lacravatesolidaire_2.jpg?w=1000\" alt=\"\" class=\"wp-image-7695\" srcset=\"https:\/\/25hours-hotels.com\/wp-content\/uploads\/sites\/39\/2024\/11\/25h_global_csr_lacravatesolidaire_2.jpg 1000w, https:\/\/25hours-hotels.com\/wp-content\/uploads\/sites\/39\/2024\/11\/25h_global_csr_lacravatesolidaire_2.jpg?resize=300,225 300w, https:\/\/25hours-hotels.com\/wp-content\/uploads\/sites\/39\/2024\/11\/25h_global_csr_lacravatesolidaire_2.jpg?resize=768,576 768w, https:\/\/25hours-hotels.com\/wp-content\/uploads\/sites\/39\/2024\/11\/25h_global_csr_lacravatesolidaire_2.jpg?resize=16,12 16w\" sizes=\"(max-width: 1000px) 100vw, 1000px\" \/><\/figure>\n<\/div>\n\n\n\n<div class=\"wp-block-column is-vertically-aligned-top custom25h-media-post-content-post is-layout-flow wp-block-column-is-layout-flow\">\n<p>La Cravate Solidaire est un r\u00e9seau fran\u00e7ais d\u2019associations qui \u0153uvre pour promouvoir l\u2019\u00e9galit\u00e9 des chances. Son objectif principal est de lutter contre les discriminations \u00e0 l\u2019embauche, en particulier celles li\u00e9es \u00e0 l\u2019apparence physique. Depuis sa cr\u00e9ation en 2012, \u00e0 Paris et dans toute la France, elle accompagne les personnes en r\u00e9insertion pour les aider \u00e0 atteindre leurs objectifs professionnels. La mission de La Cravate Solidaire est de redonner confiance aux individus confront\u00e9s \u00e0 des situations difficiles, en veillant \u00e0 ce qu\u2019ils se pr\u00e9sentent aux entretiens d\u2019embauche dans les meilleures conditions possibles. Elle facilite l'acquisition des codes du monde professionnel gr\u00e2ce \u00e0 une m\u00e9thode pratique et innovante.<\/p>\n\n\n\n<p>Le Sape Bar du 25hours Hotel Terminus Nord partage avec La Cravate Solidaire le th\u00e8me de l\u2019\u00e9l\u00e9gance vestimentaire. L\u2019int\u00e9rieur du bar s\u2019inspire des boutiques de Sape du quartier. La \u00ab Sapologie \u00bb est un mouvement culturel et vestimentaire africain (originaire du Congo) qui c\u00e9l\u00e8bre la haute couture, les v\u00eatements de cr\u00e9ateurs et l\u2019\u00e9l\u00e9gance comme symboles ext\u00e9rieurs de r\u00e9ussite. Aujourd\u2019hui, dire que quelqu\u2019un est \"bien sap\u00e9\" signifie qu\u2019il est bien habill\u00e9, et nous souhaitons rendre ce droit accessible \u00e0 tous.<\/p>\n\n\n\n<p>Les h\u00f4tes peuvent soutenir La Cravate Solidaire en d\u00e9posant des v\u00eatements professionnels directement \u00e0 la r\u00e9ception de l'h\u00f4tel. Pour chaque don, l\u2019h\u00f4tel 25hours Terminus Nord offre un verre au Sape Bar en guise de remerciement.<\/p>\n\n\n\n<div class=\"wp-block-buttons is-layout-flex wp-block-buttons-is-layout-flex\">\n<div class=\"wp-block-button is-style-text-link is-style-text-link is-style-text-link\"><a class=\"wp-block-button__link wp-element-button\" href=\"https:\/\/25hours-hotels.com\/wp-content\/uploads\/sites\/39\/2024\/10\/25h_terminusnord_lacravatesolidaire.pdf\" target=\"_blank\" rel=\"noreferrer noopener\" aria-label=\"\">Que peut-on donner ?<\/a><\/div>\n<\/div>\n\n\n\n<div class=\"wp-block-buttons is-layout-flex wp-block-buttons-is-layout-flex\">\n<div class=\"wp-block-button is-style-text-link is-style-text-link is-style-text-link\"><a class=\"wp-block-button__link wp-element-button\" href=\"https:\/\/lacravatesolidaire.org\/\" target=\"_blank\" rel=\"noreferrer noopener\" aria-label=\"\">Plus d'infos sur La Cravate Solidaire<\/a><\/div>\n<\/div>\n\n\n\n<div class=\"wp-block-group has-global-padding is-layout-constrained wp-block-group-is-layout-constrained\">\n<p><br><br><br><\/p>\n<\/div>\n<\/div>\n<\/div>\n<\/div>","protected":false},"excerpt":{"rendered":"<p>Green Key was launched in Denmark in 1994 and has been managed by the Foundation for Environmental Education (FEE) and its national member organisations since 2002.<\/p>","protected":false},"author":205,"featured_media":0,"parent":0,"menu_order":0,"comment_status":"closed","ping_status":"closed","template":"","meta":{"_acf_changed":false,"_yoast_wpseo_title":"","_yoast_wpseo_metadesc":"","inline_featured_image":false,"footnotes":""},"business-site":[],"acf":[],"yoast_head":"<!-- This site is optimized with the Yoast SEO plugin v22.7 - https:\/\/yoast.com\/wordpress\/plugins\/seo\/ -->\n<title>La Cravate Solidaire - 25hours Hotels<\/title>\n<meta name=\"robots\" content=\"index, follow, max-snippet:-1, max-image-preview:large, max-video-preview:-1\" \/>\n<link rel=\"canonical\" href=\"https:\/\/25hours-hotels.com\/fr\/corporate-social-responsibility\/la-cravate-solidaire\/\" \/>\n<meta property=\"og:locale\" content=\"fr_FR\" \/>\n<meta property=\"og:type\" content=\"article\" \/>\n<meta property=\"og:title\" content=\"La Cravate Solidaire - 25hours Hotels\" \/>\n<meta property=\"og:description\" content=\"Green Key was launched in Denmark in 1994 and has been managed by the Foundation for Environmental Education (FEE) and its national member organisations since 2002.\" \/>\n<meta property=\"og:url\" content=\"https:\/\/25hours-hotels.com\/fr\/corporate-social-responsibility\/la-cravate-solidaire\/\" \/>\n<meta property=\"og:site_name\" content=\"25hours Hotels\" \/>\n<meta property=\"article:modified_time\" content=\"2024-11-01T17:04:04+00:00\" \/>\n<meta property=\"og:image\" content=\"https:\/\/25hours-hotels.com\/wp-content\/uploads\/sites\/39\/2024\/11\/25h_global_csr_lacravatesolidaire_2.jpg?w=1000\" \/>\n<meta name=\"twitter:card\" content=\"summary_large_image\" \/>\n<meta name=\"twitter:label1\" content=\"Est. reading time\" \/>\n\t<meta name=\"twitter:data1\" content=\"2 minutes\" \/>\n<script type=\"application\/ld+json\" class=\"yoast-schema-graph\">{\"@context\":\"https:\/\/schema.org\",\"@graph\":[{\"@type\":\"WebPage\",\"@id\":\"https:\/\/25hours-hotels.com\/corporate-social-responsibility\/la-cravate-solidaire\/\",\"url\":\"https:\/\/25hours-hotels.com\/corporate-social-responsibility\/la-cravate-solidaire\/\",\"name\":\"La Cravate Solidaire - 25hours Hotels\",\"isPartOf\":{\"@id\":\"https:\/\/25hours-hotels.com\/#website\"},\"primaryImageOfPage\":{\"@id\":\"https:\/\/25hours-hotels.com\/corporate-social-responsibility\/la-cravate-solidaire\/#primaryimage\"},\"image\":{\"@id\":\"https:\/\/25hours-hotels.com\/corporate-social-responsibility\/la-cravate-solidaire\/#primaryimage\"},\"thumbnailUrl\":\"https:\/\/25hours-hotels.com\/wp-content\/uploads\/sites\/39\/2024\/11\/25h_global_csr_lacravatesolidaire_2.jpg?w=1000\",\"datePublished\":\"2024-10-31T13:19:45+00:00\",\"dateModified\":\"2024-11-01T17:04:04+00:00\",\"breadcrumb\":{\"@id\":\"https:\/\/25hours-hotels.com\/corporate-social-responsibility\/la-cravate-solidaire\/#breadcrumb\"},\"inLanguage\":\"fr-FR\",\"potentialAction\":[{\"@type\":\"ReadAction\",\"target\":[\"https:\/\/25hours-hotels.com\/corporate-social-responsibility\/la-cravate-solidaire\/\"]}]},{\"@type\":\"ImageObject\",\"inLanguage\":\"fr-FR\",\"@id\":\"https:\/\/25hours-hotels.com\/corporate-social-responsibility\/la-cravate-solidaire\/#primaryimage\",\"url\":\"https:\/\/25hours-hotels.com\/wp-content\/uploads\/sites\/39\/2024\/11\/25h_global_csr_lacravatesolidaire_2.jpg?w=1000\",\"contentUrl\":\"https:\/\/25hours-hotels.com\/wp-content\/uploads\/sites\/39\/2024\/11\/25h_global_csr_lacravatesolidaire_2.jpg?w=1000\"},{\"@type\":\"BreadcrumbList\",\"@id\":\"https:\/\/25hours-hotels.com\/corporate-social-responsibility\/la-cravate-solidaire\/#breadcrumb\",\"itemListElement\":[{\"@type\":\"ListItem\",\"position\":1,\"name\":\"Home\",\"item\":\"https:\/\/25hours-hotels.com\/\"},{\"@type\":\"ListItem\",\"position\":2,\"name\":\"La Cravate Solidaire\"}]},{\"@type\":\"WebSite\",\"@id\":\"https:\/\/25hours-hotels.com\/#website\",\"url\":\"https:\/\/25hours-hotels.com\/\",\"name\":\"25hours Hotels\",\"description\":\"\",\"potentialAction\":[{\"@type\":\"SearchAction\",\"target\":{\"@type\":\"EntryPoint\",\"urlTemplate\":\"https:\/\/25hours-hotels.com\/?s={search_term_string}\"},\"query-input\":\"required name=search_term_string\"}],\"inLanguage\":\"fr-FR\"}]}<\/script>\n<!-- \/ Yoast SEO plugin. -->","yoast_head_json":{"title":"La Cravate Solidaire - 25hours Hotels","robots":{"index":"index","follow":"follow","max-snippet":"max-snippet:-1","max-image-preview":"max-image-preview:large","max-video-preview":"max-video-preview:-1"},"canonical":"https:\/\/25hours-hotels.com\/fr\/corporate-social-responsibility\/la-cravate-solidaire\/","og_locale":"fr_FR","og_type":"article","og_title":"La Cravate Solidaire - 25hours Hotels","og_description":"Green Key was launched in Denmark in 1994 and has been managed by the Foundation for Environmental Education (FEE) and its national member organisations since 2002.","og_url":"https:\/\/25hours-hotels.com\/fr\/corporate-social-responsibility\/la-cravate-solidaire\/","og_site_name":"25hours Hotels","article_modified_time":"2024-11-01T17:04:04+00:00","og_image":[{"url":"https:\/\/25hours-hotels.com\/wp-content\/uploads\/sites\/39\/2024\/11\/25h_global_csr_lacravatesolidaire_2.jpg?w=1000"}],"twitter_card":"summary_large_image","twitter_misc":{"Est. reading time":"2 minutes"},"schema":{"@context":"https:\/\/schema.org","@graph":[{"@type":"WebPage","@id":"https:\/\/25hours-hotels.com\/corporate-social-responsibility\/la-cravate-solidaire\/","url":"https:\/\/25hours-hotels.com\/corporate-social-responsibility\/la-cravate-solidaire\/","name":"La Cravate Solidaire - 25hours Hotels","isPartOf":{"@id":"https:\/\/25hours-hotels.com\/#website"},"primaryImageOfPage":{"@id":"https:\/\/25hours-hotels.com\/corporate-social-responsibility\/la-cravate-solidaire\/#primaryimage"},"image":{"@id":"https:\/\/25hours-hotels.com\/corporate-social-responsibility\/la-cravate-solidaire\/#primaryimage"},"thumbnailUrl":"https:\/\/25hours-hotels.com\/wp-content\/uploads\/sites\/39\/2024\/11\/25h_global_csr_lacravatesolidaire_2.jpg?w=1000","datePublished":"2024-10-31T13:19:45+00:00","dateModified":"2024-11-01T17:04:04+00:00","breadcrumb":{"@id":"https:\/\/25hours-hotels.com\/corporate-social-responsibility\/la-cravate-solidaire\/#breadcrumb"},"inLanguage":"fr-FR","potentialAction":[{"@type":"ReadAction","target":["https:\/\/25hours-hotels.com\/corporate-social-responsibility\/la-cravate-solidaire\/"]}]},{"@type":"ImageObject","inLanguage":"fr-FR","@id":"https:\/\/25hours-hotels.com\/corporate-social-responsibility\/la-cravate-solidaire\/#primaryimage","url":"https:\/\/25hours-hotels.com\/wp-content\/uploads\/sites\/39\/2024\/11\/25h_global_csr_lacravatesolidaire_2.jpg?w=1000","contentUrl":"https:\/\/25hours-hotels.com\/wp-content\/uploads\/sites\/39\/2024\/11\/25h_global_csr_lacravatesolidaire_2.jpg?w=1000"},{"@type":"BreadcrumbList","@id":"https:\/\/25hours-hotels.com\/corporate-social-responsibility\/la-cravate-solidaire\/#breadcrumb","itemListElement":[{"@type":"ListItem","position":1,"name":"Home","item":"https:\/\/25hours-hotels.com\/"},{"@type":"ListItem","position":2,"name":"La Cravate Solidaire"}]},{"@type":"WebSite","@id":"https:\/\/25hours-hotels.com\/#website","url":"https:\/\/25hours-hotels.com\/","name":"25hours Hotels","description":"","potentialAction":[{"@type":"SearchAction","target":{"@type":"EntryPoint","urlTemplate":"https:\/\/25hours-hotels.com\/?s={search_term_string}"},"query-input":"required name=search_term_string"}],"inLanguage":"fr-FR"}]}},"jetpack_sharing_enabled":true,"_links":{"self":[{"href":"https:\/\/25hours-hotels.com\/fr\/wp-json\/wp\/v2\/pages\/7105"}],"collection":[{"href":"https:\/\/25hours-hotels.com\/fr\/wp-json\/wp\/v2\/pages"}],"about":[{"href":"https:\/\/25hours-hotels.com\/fr\/wp-json\/wp\/v2\/types\/page"}],"author":[{"embeddable":true,"href":"https:\/\/25hours-hotels.com\/fr\/wp-json\/wp\/v2\/users\/205"}],"replies":[{"embeddable":true,"href":"https:\/\/25hours-hotels.com\/fr\/wp-json\/wp\/v2\/comments?post=7105"}],"version-history":[{"count":3,"href":"https:\/\/25hours-hotels.com\/fr\/wp-json\/wp\/v2\/pages\/7105\/revisions"}],"predecessor-version":[{"id":7699,"href":"https:\/\/25hours-hotels.com\/fr\/wp-json\/wp\/v2\/pages\/7105\/revisions\/7699"}],"wp:attachment":[{"href":"https:\/\/25hours-hotels.com\/fr\/wp-json\/wp\/v2\/media?parent=7105"}],"wp:term":[{"taxonomy":"business-site","embeddable":true,"href":"https:\/\/25hours-hotels.com\/fr\/wp-json\/wp\/v2\/business-site?post=7105"}],"curies":[{"name":"wp","href":"https:\/\/api.w.org\/{rel}","templated":true}]}}