
{"id":2803,"date":"2024-09-20T15:21:48","date_gmt":"2024-09-20T15:21:48","guid":{"rendered":"https:\/\/25hours-hotels.com\/?page_id=2803"},"modified":"2024-11-01T16:59:24","modified_gmt":"2024-11-01T16:59:24","slug":"green-key","status":"publish","type":"page","link":"https:\/\/25hours-hotels.com\/fr\/corporate-social-responsibility\/green-key\/","title":{"rendered":"Green Key"},"content":{"rendered":"<div class=\"wp-block-group has-pattern-dots has-global-padding is-layout-constrained wp-block-group-is-layout-constrained\" style=\"padding-top:var(--wp--preset--spacing--7);padding-bottom:var(--wp--preset--spacing--7)\">\n<div style=\"height:100px\" aria-hidden=\"true\" class=\"wp-block-spacer\"><\/div>\n\n\n\n<h2 class=\"wp-block-heading has-text-align-center\">Green Key<\/h2>\n\n\n\n<p class=\"has-text-align-center\">La certification touristique la plus r\u00e9pandue.<\/p>\n<\/div>\n\n\n\n\n<div class=\"wp-block-group alignwide wp-block-media-post-content-block wp-block-media-post-content-block has-pattern-dots has-global-padding is-layout-constrained wp-container-core-group-is-layout-3 wp-block-group-is-layout-constrained\" style=\"padding-top:var(--wp--preset--spacing--5);padding-bottom:var(--wp--preset--spacing--5)\">\n<div class=\"wp-block-columns is-layout-flex wp-container-core-columns-is-layout-1 wp-block-columns-is-layout-flex\">\n<div class=\"wp-block-column custom25h-media-post-content-gallery is-layout-flow wp-block-column-is-layout-flow\">\n<figure class=\"wp-block-image size-large is-resized\"><img loading=\"lazy\" decoding=\"async\" width=\"676\" height=\"1000\" src=\"https:\/\/25hours-hotels.com\/wp-content\/uploads\/sites\/39\/2024\/11\/25h_global_csr_greenkey_2.jpg?w=676\" alt=\"\" class=\"wp-image-7690\" style=\"object-fit:cover;width:488px;height:651px\" srcset=\"https:\/\/25hours-hotels.com\/wp-content\/uploads\/sites\/39\/2024\/11\/25h_global_csr_greenkey_2.jpg 676w, https:\/\/25hours-hotels.com\/wp-content\/uploads\/sites\/39\/2024\/11\/25h_global_csr_greenkey_2.jpg?resize=203,300 203w, https:\/\/25hours-hotels.com\/wp-content\/uploads\/sites\/39\/2024\/11\/25h_global_csr_greenkey_2.jpg?resize=8,12 8w\" sizes=\"(max-width: 676px) 100vw, 676px\" \/><\/figure>\n<\/div>\n\n\n\n<div class=\"wp-block-column is-vertically-aligned-top custom25h-media-post-content-post is-layout-flow wp-block-column-is-layout-flow\">\n<p>Green Key a \u00e9t\u00e9 lanc\u00e9 au Danemark en 1994 et est g\u00e9r\u00e9 depuis 2002 par la Fondation pour l'\u00c9ducation \u00e0 l'Environnement (FEE) et ses organisations membres nationales. Avec plus de 6 000 entreprises certifi\u00e9es dans plus de 70 pays, Green Key est aujourd\u2019hui le label de durabilit\u00e9 le plus r\u00e9pandu dans le secteur du tourisme. Dans le cadre de cette collaboration, nos h\u00f4tels s\u2019engagent \u00e0 respecter les directives strictes de la FEE. L\u2019objectif est que tous les h\u00f4tels 25hours obtiennent la certification Green Key d\u2019ici la fin de 2024.\nPour y parvenir, de nombreuses initiatives seront mises en place, tant dans les espaces destin\u00e9s aux h\u00f4tes qu\u2019en coulisses. Parmi ces mesures figurent l\u2019encouragement \u00e0 utiliser l\u2019eau du robinet, la r\u00e9duction de la consommation d\u2019eau dans les chambres, la diminution du gaspillage alimentaire et la collaboration avec des partenariats locaux et nationaux sur des sujets sociaux.<\/p>\n\n\n\n<p>Green Key repr\u00e9sente une promesse forte : contribuer de mani\u00e8re essentielle \u00e0 la protection de l\u2019environnement et \u00e0 la durabilit\u00e9. Une documentation rigoureuse et des audits r\u00e9guliers r\u00e9alis\u00e9s par des inspecteurs exp\u00e9riment\u00e9s et des tiers ind\u00e9pendants garantissent le maintien des normes \u00e9lev\u00e9es de l\u2019organisation et la transparence du programme. Actuellement, plus de 100 crit\u00e8res r\u00e9partis en 13 cat\u00e9gories sont examin\u00e9s, couvrant notamment l\u2019eau, l\u2019\u00e9lectricit\u00e9, l\u2019alimentation et les boissons, les d\u00e9chets, le lavage et le nettoyage. Des actions de sensibilisation pour les h\u00f4tes, l\u2019implication des collaborateurs et d\u2019autres initiatives de durabilit\u00e9 viennent \u00e9galement enrichir l\u2019\u00e9valuation.<\/p>\n\n\n\n<div class=\"wp-block-buttons is-layout-flex wp-block-buttons-is-layout-flex\">\n<div class=\"wp-block-button is-style-text-link is-style-text-link is-style-text-link\"><a class=\"wp-block-button__link wp-element-button\" href=\"https:\/\/www.greenkey.global\/\" target=\"_blank\" rel=\"noreferrer noopener\" aria-label=\"\">Visiter le site web<\/a><\/div>\n<\/div>\n\n\n\n<div class=\"wp-block-group has-global-padding is-layout-constrained wp-block-group-is-layout-constrained\">\n<p><br><br><br><\/p>\n<\/div>\n<\/div>\n<\/div>\n<\/div>","protected":false},"excerpt":{"rendered":"<p>Green Key was launched in Denmark in 1994 and has been managed by the Foundation for Environmental Education (FEE) and its national member organisations since 2002.<\/p>","protected":false},"author":288,"featured_media":0,"parent":0,"menu_order":0,"comment_status":"closed","ping_status":"closed","template":"","meta":{"_acf_changed":false,"_yoast_wpseo_title":"","_yoast_wpseo_metadesc":"","inline_featured_image":false,"footnotes":""},"business-site":[],"acf":[],"yoast_head":"<!-- This site is optimized with the Yoast SEO plugin v22.7 - https:\/\/yoast.com\/wordpress\/plugins\/seo\/ -->\n<title>Green Key - 25hours Hotels<\/title>\n<meta name=\"robots\" content=\"index, follow, max-snippet:-1, max-image-preview:large, max-video-preview:-1\" \/>\n<link rel=\"canonical\" href=\"https:\/\/25hours-hotels.com\/fr\/corporate-social-responsibility\/green-key\/\" \/>\n<meta property=\"og:locale\" content=\"fr_FR\" \/>\n<meta property=\"og:type\" content=\"article\" \/>\n<meta property=\"og:title\" content=\"Green Key - 25hours Hotels\" \/>\n<meta property=\"og:description\" content=\"Green Key was launched in Denmark in 1994 and has been managed by the Foundation for Environmental Education (FEE) and its national member organisations since 2002.\" \/>\n<meta property=\"og:url\" content=\"https:\/\/25hours-hotels.com\/fr\/corporate-social-responsibility\/green-key\/\" \/>\n<meta property=\"og:site_name\" content=\"25hours Hotels\" \/>\n<meta property=\"article:modified_time\" content=\"2024-11-01T16:59:24+00:00\" \/>\n<meta property=\"og:image\" content=\"https:\/\/25hours-hotels.com\/wp-content\/uploads\/sites\/39\/2024\/11\/25h_global_csr_greenkey_2.jpg?w=676\" \/>\n<meta name=\"twitter:card\" content=\"summary_large_image\" \/>\n<meta name=\"twitter:label1\" content=\"Est. reading time\" \/>\n\t<meta name=\"twitter:data1\" content=\"2 minutes\" \/>\n<script type=\"application\/ld+json\" class=\"yoast-schema-graph\">{\"@context\":\"https:\/\/schema.org\",\"@graph\":[{\"@type\":\"WebPage\",\"@id\":\"https:\/\/25hours-hotels.com\/corporate-social-responsibility\/green-key\/\",\"url\":\"https:\/\/25hours-hotels.com\/corporate-social-responsibility\/green-key\/\",\"name\":\"Green Key - 25hours Hotels\",\"isPartOf\":{\"@id\":\"https:\/\/25hours-hotels.com\/#website\"},\"primaryImageOfPage\":{\"@id\":\"https:\/\/25hours-hotels.com\/corporate-social-responsibility\/green-key\/#primaryimage\"},\"image\":{\"@id\":\"https:\/\/25hours-hotels.com\/corporate-social-responsibility\/green-key\/#primaryimage\"},\"thumbnailUrl\":\"https:\/\/25hours-hotels.com\/wp-content\/uploads\/sites\/39\/2024\/11\/25h_global_csr_greenkey_2.jpg?w=676\",\"datePublished\":\"2024-09-20T15:21:48+00:00\",\"dateModified\":\"2024-11-01T16:59:24+00:00\",\"breadcrumb\":{\"@id\":\"https:\/\/25hours-hotels.com\/corporate-social-responsibility\/green-key\/#breadcrumb\"},\"inLanguage\":\"fr-FR\",\"potentialAction\":[{\"@type\":\"ReadAction\",\"target\":[\"https:\/\/25hours-hotels.com\/corporate-social-responsibility\/green-key\/\"]}]},{\"@type\":\"ImageObject\",\"inLanguage\":\"fr-FR\",\"@id\":\"https:\/\/25hours-hotels.com\/corporate-social-responsibility\/green-key\/#primaryimage\",\"url\":\"https:\/\/25hours-hotels.com\/wp-content\/uploads\/sites\/39\/2024\/11\/25h_global_csr_greenkey_2.jpg?w=676\",\"contentUrl\":\"https:\/\/25hours-hotels.com\/wp-content\/uploads\/sites\/39\/2024\/11\/25h_global_csr_greenkey_2.jpg?w=676\"},{\"@type\":\"BreadcrumbList\",\"@id\":\"https:\/\/25hours-hotels.com\/corporate-social-responsibility\/green-key\/#breadcrumb\",\"itemListElement\":[{\"@type\":\"ListItem\",\"position\":1,\"name\":\"Home\",\"item\":\"https:\/\/25hours-hotels.com\/\"},{\"@type\":\"ListItem\",\"position\":2,\"name\":\"Green Key\"}]},{\"@type\":\"WebSite\",\"@id\":\"https:\/\/25hours-hotels.com\/#website\",\"url\":\"https:\/\/25hours-hotels.com\/\",\"name\":\"25hours Hotels\",\"description\":\"\",\"potentialAction\":[{\"@type\":\"SearchAction\",\"target\":{\"@type\":\"EntryPoint\",\"urlTemplate\":\"https:\/\/25hours-hotels.com\/?s={search_term_string}\"},\"query-input\":\"required name=search_term_string\"}],\"inLanguage\":\"fr-FR\"}]}<\/script>\n<!-- \/ Yoast SEO plugin. -->","yoast_head_json":{"title":"Green Key - 25hours Hotels","robots":{"index":"index","follow":"follow","max-snippet":"max-snippet:-1","max-image-preview":"max-image-preview:large","max-video-preview":"max-video-preview:-1"},"canonical":"https:\/\/25hours-hotels.com\/fr\/corporate-social-responsibility\/green-key\/","og_locale":"fr_FR","og_type":"article","og_title":"Green Key - 25hours Hotels","og_description":"Green Key was launched in Denmark in 1994 and has been managed by the Foundation for Environmental Education (FEE) and its national member organisations since 2002.","og_url":"https:\/\/25hours-hotels.com\/fr\/corporate-social-responsibility\/green-key\/","og_site_name":"25hours Hotels","article_modified_time":"2024-11-01T16:59:24+00:00","og_image":[{"url":"https:\/\/25hours-hotels.com\/wp-content\/uploads\/sites\/39\/2024\/11\/25h_global_csr_greenkey_2.jpg?w=676"}],"twitter_card":"summary_large_image","twitter_misc":{"Est. reading time":"2 minutes"},"schema":{"@context":"https:\/\/schema.org","@graph":[{"@type":"WebPage","@id":"https:\/\/25hours-hotels.com\/corporate-social-responsibility\/green-key\/","url":"https:\/\/25hours-hotels.com\/corporate-social-responsibility\/green-key\/","name":"Green Key - 25hours Hotels","isPartOf":{"@id":"https:\/\/25hours-hotels.com\/#website"},"primaryImageOfPage":{"@id":"https:\/\/25hours-hotels.com\/corporate-social-responsibility\/green-key\/#primaryimage"},"image":{"@id":"https:\/\/25hours-hotels.com\/corporate-social-responsibility\/green-key\/#primaryimage"},"thumbnailUrl":"https:\/\/25hours-hotels.com\/wp-content\/uploads\/sites\/39\/2024\/11\/25h_global_csr_greenkey_2.jpg?w=676","datePublished":"2024-09-20T15:21:48+00:00","dateModified":"2024-11-01T16:59:24+00:00","breadcrumb":{"@id":"https:\/\/25hours-hotels.com\/corporate-social-responsibility\/green-key\/#breadcrumb"},"inLanguage":"fr-FR","potentialAction":[{"@type":"ReadAction","target":["https:\/\/25hours-hotels.com\/corporate-social-responsibility\/green-key\/"]}]},{"@type":"ImageObject","inLanguage":"fr-FR","@id":"https:\/\/25hours-hotels.com\/corporate-social-responsibility\/green-key\/#primaryimage","url":"https:\/\/25hours-hotels.com\/wp-content\/uploads\/sites\/39\/2024\/11\/25h_global_csr_greenkey_2.jpg?w=676","contentUrl":"https:\/\/25hours-hotels.com\/wp-content\/uploads\/sites\/39\/2024\/11\/25h_global_csr_greenkey_2.jpg?w=676"},{"@type":"BreadcrumbList","@id":"https:\/\/25hours-hotels.com\/corporate-social-responsibility\/green-key\/#breadcrumb","itemListElement":[{"@type":"ListItem","position":1,"name":"Home","item":"https:\/\/25hours-hotels.com\/"},{"@type":"ListItem","position":2,"name":"Green Key"}]},{"@type":"WebSite","@id":"https:\/\/25hours-hotels.com\/#website","url":"https:\/\/25hours-hotels.com\/","name":"25hours Hotels","description":"","potentialAction":[{"@type":"SearchAction","target":{"@type":"EntryPoint","urlTemplate":"https:\/\/25hours-hotels.com\/?s={search_term_string}"},"query-input":"required name=search_term_string"}],"inLanguage":"fr-FR"}]}},"jetpack_sharing_enabled":true,"_links":{"self":[{"href":"https:\/\/25hours-hotels.com\/fr\/wp-json\/wp\/v2\/pages\/2803"}],"collection":[{"href":"https:\/\/25hours-hotels.com\/fr\/wp-json\/wp\/v2\/pages"}],"about":[{"href":"https:\/\/25hours-hotels.com\/fr\/wp-json\/wp\/v2\/types\/page"}],"author":[{"embeddable":true,"href":"https:\/\/25hours-hotels.com\/fr\/wp-json\/wp\/v2\/users\/288"}],"replies":[{"embeddable":true,"href":"https:\/\/25hours-hotels.com\/fr\/wp-json\/wp\/v2\/comments?post=2803"}],"version-history":[{"count":7,"href":"https:\/\/25hours-hotels.com\/fr\/wp-json\/wp\/v2\/pages\/2803\/revisions"}],"predecessor-version":[{"id":7694,"href":"https:\/\/25hours-hotels.com\/fr\/wp-json\/wp\/v2\/pages\/2803\/revisions\/7694"}],"wp:attachment":[{"href":"https:\/\/25hours-hotels.com\/fr\/wp-json\/wp\/v2\/media?parent=2803"}],"wp:term":[{"taxonomy":"business-site","embeddable":true,"href":"https:\/\/25hours-hotels.com\/fr\/wp-json\/wp\/v2\/business-site?post=2803"}],"curies":[{"name":"wp","href":"https:\/\/api.w.org\/{rel}","templated":true}]}}