
{"id":19003,"date":"2025-08-29T06:55:53","date_gmt":"2025-08-29T06:55:53","guid":{"rendered":"https:\/\/25hours-hotels.com\/?page_id=19003"},"modified":"2025-08-29T06:55:54","modified_gmt":"2025-08-29T06:55:54","slug":"plastic-fischer","status":"publish","type":"page","link":"https:\/\/25hours-hotels.com\/fr\/corporate-social-responsibility\/plastic-fischer\/","title":{"rendered":"PLASTIC FISCHER"},"content":{"rendered":"<div class=\"wp-block-group has-pattern-dots has-global-padding is-layout-constrained wp-block-group-is-layout-constrained\" style=\"padding-top:var(--wp--preset--spacing--7);padding-bottom:var(--wp--preset--spacing--7)\">\n<div style=\"height:100px\" aria-hidden=\"true\" class=\"wp-block-spacer\"><\/div>\n\n\n\n<h2 class=\"wp-block-heading has-text-align-center\">PLASTIC FISCHER<\/h2>\n\n\n\n<p class=\"has-text-align-center\">PLASTIC FISCHER r\u00e9cup\u00e8re les d\u00e9chets dans les rivi\u00e8res avant qu'ils ne se d\u00e9versent dans la mer.<\/p>\n<\/div>\n\n\n\n\n<div class=\"wp-block-group alignwide wp-block-media-post-content-block wp-block-media-post-content-block has-pattern-dots has-global-padding is-layout-constrained wp-container-core-group-is-layout-3 wp-block-group-is-layout-constrained\" style=\"padding-top:var(--wp--preset--spacing--5);padding-bottom:var(--wp--preset--spacing--5)\">\n<div class=\"wp-block-columns is-layout-flex wp-container-core-columns-is-layout-1 wp-block-columns-is-layout-flex\">\n<div class=\"wp-block-column custom25h-media-post-content-gallery is-layout-flow wp-block-column-is-layout-flow\">\n<figure class=\"wp-block-image size-large\"><img loading=\"lazy\" decoding=\"async\" width=\"1000\" height=\"750\" src=\"https:\/\/25hours-hotels.com\/wp-content\/uploads\/sites\/39\/2025\/08\/25h_global_csr_plastic-fischer_1.jpg?w=1000\" alt=\"\" class=\"wp-image-19005\" srcset=\"https:\/\/25hours-hotels.com\/wp-content\/uploads\/sites\/39\/2025\/08\/25h_global_csr_plastic-fischer_1.jpg 1000w, https:\/\/25hours-hotels.com\/wp-content\/uploads\/sites\/39\/2025\/08\/25h_global_csr_plastic-fischer_1.jpg?resize=300,225 300w, https:\/\/25hours-hotels.com\/wp-content\/uploads\/sites\/39\/2025\/08\/25h_global_csr_plastic-fischer_1.jpg?resize=768,576 768w, https:\/\/25hours-hotels.com\/wp-content\/uploads\/sites\/39\/2025\/08\/25h_global_csr_plastic-fischer_1.jpg?resize=16,12 16w\" sizes=\"(max-width: 1000px) 100vw, 1000px\" \/><\/figure>\n<\/div>\n\n\n\n<div class=\"wp-block-column is-vertically-aligned-top custom25h-media-post-content-post is-layout-flow wp-block-column-is-layout-flow\">\n<p>Plastic Fischer se bat contre la pollution plastique en capturant les d\u00e9chets dans les fleuves avant m\u00eame qu\u2019ils ne rejoignent les oc\u00e9ans. Les \u00ab\u202fTrashBooms\u202f\u00bb, des dispositifs simples, stoppent le plastique dans sa course, emp\u00eachent la formation de microplastiques et garantissent une gestion responsable des d\u00e9chets. Chaque kilogramme r\u00e9cup\u00e9r\u00e9 est soigneusement document\u00e9. Le travail de cette entreprise sociale cr\u00e9e des emplois locaux \u00e0 temps plein, favorise la mise en place d\u2019infrastructure de gestion des d\u00e9chets, et soutient les communaut\u00e9s locales en Inde et en Indon\u00e9sie.<\/p>\n\n\n\n<div class=\"wp-block-buttons is-layout-flex wp-block-buttons-is-layout-flex\">\n<div class=\"wp-block-button is-style-text-link is-style-text-link is-style-text-link\"><a class=\"wp-block-button__link wp-element-button\" href=\"https:\/\/plasticfischer.com\/en\" target=\"_blank\" rel=\"noreferrer noopener\" aria-label=\"\">Visiter le site web<\/a><\/div>\n<\/div>\n\n\n\n<div class=\"wp-block-group has-global-padding is-layout-constrained wp-block-group-is-layout-constrained\">\n<p><br><br><br><\/p>\n<\/div>\n<\/div>\n<\/div>\n<\/div>","protected":false},"excerpt":{"rendered":"<p>Green Key was launched in Denmark in 1994 and has been managed by the Foundation for Environmental Education (FEE) and its national member organisations since 2002.<\/p>","protected":false},"author":205,"featured_media":0,"parent":0,"menu_order":0,"comment_status":"closed","ping_status":"closed","template":"","meta":{"_acf_changed":false,"_yoast_wpseo_title":"","_yoast_wpseo_metadesc":"","inline_featured_image":false,"footnotes":""},"business-site":[],"acf":[],"yoast_head":"<!-- This site is optimized with the Yoast SEO plugin v22.7 - https:\/\/yoast.com\/wordpress\/plugins\/seo\/ -->\n<title>PLASTIC FISCHER - 25hours Hotels<\/title>\n<meta name=\"robots\" content=\"index, follow, max-snippet:-1, max-image-preview:large, max-video-preview:-1\" \/>\n<link rel=\"canonical\" href=\"https:\/\/25hours-hotels.com\/fr\/corporate-social-responsibility\/plastic-fischer\/\" \/>\n<meta property=\"og:locale\" content=\"fr_FR\" \/>\n<meta property=\"og:type\" content=\"article\" \/>\n<meta property=\"og:title\" content=\"PLASTIC FISCHER - 25hours Hotels\" \/>\n<meta property=\"og:description\" content=\"Green Key was launched in Denmark in 1994 and has been managed by the Foundation for Environmental Education (FEE) and its national member organisations since 2002.\" \/>\n<meta property=\"og:url\" content=\"https:\/\/25hours-hotels.com\/fr\/corporate-social-responsibility\/plastic-fischer\/\" \/>\n<meta property=\"og:site_name\" content=\"25hours Hotels\" \/>\n<meta property=\"article:modified_time\" content=\"2025-08-29T06:55:54+00:00\" \/>\n<meta property=\"og:image\" content=\"https:\/\/25hours-hotels.com\/wp-content\/uploads\/sites\/39\/2025\/08\/25h_global_csr_plastic-fischer_1.jpg?w=1000\" \/>\n<meta name=\"twitter:card\" content=\"summary_large_image\" \/>\n<meta name=\"twitter:label1\" content=\"Est. reading time\" \/>\n\t<meta name=\"twitter:data1\" content=\"1 minute\" \/>\n<script type=\"application\/ld+json\" class=\"yoast-schema-graph\">{\"@context\":\"https:\/\/schema.org\",\"@graph\":[{\"@type\":\"WebPage\",\"@id\":\"https:\/\/25hours-hotels.com\/corporate-social-responsibility\/plastic-fischer\/\",\"url\":\"https:\/\/25hours-hotels.com\/corporate-social-responsibility\/plastic-fischer\/\",\"name\":\"PLASTIC FISCHER - 25hours Hotels\",\"isPartOf\":{\"@id\":\"https:\/\/25hours-hotels.com\/#website\"},\"primaryImageOfPage\":{\"@id\":\"https:\/\/25hours-hotels.com\/corporate-social-responsibility\/plastic-fischer\/#primaryimage\"},\"image\":{\"@id\":\"https:\/\/25hours-hotels.com\/corporate-social-responsibility\/plastic-fischer\/#primaryimage\"},\"thumbnailUrl\":\"https:\/\/25hours-hotels.com\/wp-content\/uploads\/sites\/39\/2025\/08\/25h_global_csr_plastic-fischer_1.jpg?w=1000\",\"datePublished\":\"2025-08-29T06:55:53+00:00\",\"dateModified\":\"2025-08-29T06:55:54+00:00\",\"breadcrumb\":{\"@id\":\"https:\/\/25hours-hotels.com\/corporate-social-responsibility\/plastic-fischer\/#breadcrumb\"},\"inLanguage\":\"fr-FR\",\"potentialAction\":[{\"@type\":\"ReadAction\",\"target\":[\"https:\/\/25hours-hotels.com\/corporate-social-responsibility\/plastic-fischer\/\"]}]},{\"@type\":\"ImageObject\",\"inLanguage\":\"fr-FR\",\"@id\":\"https:\/\/25hours-hotels.com\/corporate-social-responsibility\/plastic-fischer\/#primaryimage\",\"url\":\"https:\/\/25hours-hotels.com\/wp-content\/uploads\/sites\/39\/2025\/08\/25h_global_csr_plastic-fischer_1.jpg?w=1000\",\"contentUrl\":\"https:\/\/25hours-hotels.com\/wp-content\/uploads\/sites\/39\/2025\/08\/25h_global_csr_plastic-fischer_1.jpg?w=1000\"},{\"@type\":\"BreadcrumbList\",\"@id\":\"https:\/\/25hours-hotels.com\/corporate-social-responsibility\/plastic-fischer\/#breadcrumb\",\"itemListElement\":[{\"@type\":\"ListItem\",\"position\":1,\"name\":\"Home\",\"item\":\"https:\/\/25hours-hotels.com\/\"},{\"@type\":\"ListItem\",\"position\":2,\"name\":\"PLASTIC FISCHER\"}]},{\"@type\":\"WebSite\",\"@id\":\"https:\/\/25hours-hotels.com\/#website\",\"url\":\"https:\/\/25hours-hotels.com\/\",\"name\":\"25hours Hotels\",\"description\":\"\",\"potentialAction\":[{\"@type\":\"SearchAction\",\"target\":{\"@type\":\"EntryPoint\",\"urlTemplate\":\"https:\/\/25hours-hotels.com\/?s={search_term_string}\"},\"query-input\":\"required name=search_term_string\"}],\"inLanguage\":\"fr-FR\"}]}<\/script>\n<!-- \/ Yoast SEO plugin. -->","yoast_head_json":{"title":"PLASTIC FISCHER - 25hours Hotels","robots":{"index":"index","follow":"follow","max-snippet":"max-snippet:-1","max-image-preview":"max-image-preview:large","max-video-preview":"max-video-preview:-1"},"canonical":"https:\/\/25hours-hotels.com\/fr\/corporate-social-responsibility\/plastic-fischer\/","og_locale":"fr_FR","og_type":"article","og_title":"PLASTIC FISCHER - 25hours Hotels","og_description":"Green Key was launched in Denmark in 1994 and has been managed by the Foundation for Environmental Education (FEE) and its national member organisations since 2002.","og_url":"https:\/\/25hours-hotels.com\/fr\/corporate-social-responsibility\/plastic-fischer\/","og_site_name":"25hours Hotels","article_modified_time":"2025-08-29T06:55:54+00:00","og_image":[{"url":"https:\/\/25hours-hotels.com\/wp-content\/uploads\/sites\/39\/2025\/08\/25h_global_csr_plastic-fischer_1.jpg?w=1000"}],"twitter_card":"summary_large_image","twitter_misc":{"Est. reading time":"1 minute"},"schema":{"@context":"https:\/\/schema.org","@graph":[{"@type":"WebPage","@id":"https:\/\/25hours-hotels.com\/corporate-social-responsibility\/plastic-fischer\/","url":"https:\/\/25hours-hotels.com\/corporate-social-responsibility\/plastic-fischer\/","name":"PLASTIC FISCHER - 25hours Hotels","isPartOf":{"@id":"https:\/\/25hours-hotels.com\/#website"},"primaryImageOfPage":{"@id":"https:\/\/25hours-hotels.com\/corporate-social-responsibility\/plastic-fischer\/#primaryimage"},"image":{"@id":"https:\/\/25hours-hotels.com\/corporate-social-responsibility\/plastic-fischer\/#primaryimage"},"thumbnailUrl":"https:\/\/25hours-hotels.com\/wp-content\/uploads\/sites\/39\/2025\/08\/25h_global_csr_plastic-fischer_1.jpg?w=1000","datePublished":"2025-08-29T06:55:53+00:00","dateModified":"2025-08-29T06:55:54+00:00","breadcrumb":{"@id":"https:\/\/25hours-hotels.com\/corporate-social-responsibility\/plastic-fischer\/#breadcrumb"},"inLanguage":"fr-FR","potentialAction":[{"@type":"ReadAction","target":["https:\/\/25hours-hotels.com\/corporate-social-responsibility\/plastic-fischer\/"]}]},{"@type":"ImageObject","inLanguage":"fr-FR","@id":"https:\/\/25hours-hotels.com\/corporate-social-responsibility\/plastic-fischer\/#primaryimage","url":"https:\/\/25hours-hotels.com\/wp-content\/uploads\/sites\/39\/2025\/08\/25h_global_csr_plastic-fischer_1.jpg?w=1000","contentUrl":"https:\/\/25hours-hotels.com\/wp-content\/uploads\/sites\/39\/2025\/08\/25h_global_csr_plastic-fischer_1.jpg?w=1000"},{"@type":"BreadcrumbList","@id":"https:\/\/25hours-hotels.com\/corporate-social-responsibility\/plastic-fischer\/#breadcrumb","itemListElement":[{"@type":"ListItem","position":1,"name":"Home","item":"https:\/\/25hours-hotels.com\/"},{"@type":"ListItem","position":2,"name":"PLASTIC FISCHER"}]},{"@type":"WebSite","@id":"https:\/\/25hours-hotels.com\/#website","url":"https:\/\/25hours-hotels.com\/","name":"25hours Hotels","description":"","potentialAction":[{"@type":"SearchAction","target":{"@type":"EntryPoint","urlTemplate":"https:\/\/25hours-hotels.com\/?s={search_term_string}"},"query-input":"required name=search_term_string"}],"inLanguage":"fr-FR"}]}},"jetpack_sharing_enabled":true,"_links":{"self":[{"href":"https:\/\/25hours-hotels.com\/fr\/wp-json\/wp\/v2\/pages\/19003"}],"collection":[{"href":"https:\/\/25hours-hotels.com\/fr\/wp-json\/wp\/v2\/pages"}],"about":[{"href":"https:\/\/25hours-hotels.com\/fr\/wp-json\/wp\/v2\/types\/page"}],"author":[{"embeddable":true,"href":"https:\/\/25hours-hotels.com\/fr\/wp-json\/wp\/v2\/users\/205"}],"replies":[{"embeddable":true,"href":"https:\/\/25hours-hotels.com\/fr\/wp-json\/wp\/v2\/comments?post=19003"}],"version-history":[{"count":2,"href":"https:\/\/25hours-hotels.com\/fr\/wp-json\/wp\/v2\/pages\/19003\/revisions"}],"predecessor-version":[{"id":19007,"href":"https:\/\/25hours-hotels.com\/fr\/wp-json\/wp\/v2\/pages\/19003\/revisions\/19007"}],"wp:attachment":[{"href":"https:\/\/25hours-hotels.com\/fr\/wp-json\/wp\/v2\/media?parent=19003"}],"wp:term":[{"taxonomy":"business-site","embeddable":true,"href":"https:\/\/25hours-hotels.com\/fr\/wp-json\/wp\/v2\/business-site?post=19003"}],"curies":[{"name":"wp","href":"https:\/\/api.w.org\/{rel}","templated":true}]}}