
{"id":15788,"date":"2025-03-11T15:00:02","date_gmt":"2025-03-11T15:00:02","guid":{"rendered":"https:\/\/25hours-hotels.com\/?page_id=15788"},"modified":"2025-03-18T13:36:37","modified_gmt":"2025-03-18T13:36:37","slug":"co-working-area","status":"publish","type":"page","link":"https:\/\/25hours-hotels.com\/fr\/paris\/terminus-nord\/co-working\/","title":{"rendered":"Espace co-working"},"content":{"rendered":"<div class=\"wp-block-custom25h-hero-details is-style-no-rescale\">\n<div class=\"wp-block-cover has-base-color has-text-color has-link-color wp-elements-290ed9f1909d2d10e56fce1a29ba480c\" style=\"min-height:100vh;aspect-ratio:unset;\"><span aria-hidden=\"true\" class=\"wp-block-cover__background has-contrast-background-color has-background-dim-10 has-background-dim\"><\/span><img loading=\"lazy\" decoding=\"async\" width=\"1000\" height=\"750\" class=\"wp-block-cover__image-background wp-image-15794\" alt=\"\" src=\"https:\/\/25hours-hotels.com\/wp-content\/uploads\/sites\/39\/2025\/03\/25h_terminusnord_coworking_header_1.png\" data-object-fit=\"cover\" srcset=\"https:\/\/25hours-hotels.com\/wp-content\/uploads\/sites\/39\/2025\/03\/25h_terminusnord_coworking_header_1.png 1000w, https:\/\/25hours-hotels.com\/wp-content\/uploads\/sites\/39\/2025\/03\/25h_terminusnord_coworking_header_1.png?resize=300,225 300w, https:\/\/25hours-hotels.com\/wp-content\/uploads\/sites\/39\/2025\/03\/25h_terminusnord_coworking_header_1.png?resize=768,576 768w, https:\/\/25hours-hotels.com\/wp-content\/uploads\/sites\/39\/2025\/03\/25h_terminusnord_coworking_header_1.png?resize=16,12 16w\" sizes=\"(max-width: 1000px) 100vw, 1000px\" \/><div class=\"wp-block-cover__inner-container is-layout-flow wp-block-cover-is-layout-flow\">\n<p class=\"has-text-align-center has-paragraph-font-size\">25hours Hotel Terminus Nord<\/p>\n\n\n\n<h1 class=\"wp-block-heading has-text-align-center has-base-color has-text-color has-title-2-font-size\">Espace co-working<\/h1>\n<\/div><\/div>\n<\/div>\n\n\n\n<div class=\"wp-block-group has-pattern-dots has-global-padding is-layout-constrained wp-container-core-group-is-layout-1 wp-block-group-is-layout-constrained\" style=\"padding-top:var(--wp--preset--spacing--4);padding-right:var(--wp--preset--spacing--5);padding-bottom:var(--wp--preset--spacing--4);padding-left:var(--wp--preset--spacing--5)\">\n<div class=\"wp-block-columns is-layout-flex wp-container-core-columns-is-layout-1 wp-block-columns-is-layout-flex\">\n<div class=\"wp-block-column is-vertically-aligned-center has-global-padding is-layout-constrained wp-block-column-is-layout-constrained\">\n<h1 class=\"wp-block-heading has-text-align-center has-title-3-font-size\">Co-working \u00e0 25hours Hotel Terminus Nord<\/h1>\n\n\n\n<p class=\"has-text-align-center\">Vous \u00eates \u00e0 la recherche d'un lieu de travail cool et inspirant ? Nous avons ce qu'il vous faut !<br>Que vous s\u00e9journiez \u00e0 l'h\u00f4tel ou que vous cherchiez simplement un endroit pour travailler, nous avons l'espace id\u00e9al pour vous. L\u2019espace co-working est situ\u00e9 au premier \u00e9tage de l'h\u00f4tel.<\/p>\n\n\n\n<p class=\"has-text-align-center\"><strong>Ouvert tous les jours, de 7h \u00e0 17h<\/strong><\/p>\n\n\n\n<p class=\"has-text-align-left\"><strong>Tarifs<\/strong><\/p>\n\n\n\n<ul>\n<li>Demi-journ\u00e9e : 18 EUR (comprend 1 boisson chaude ou froide)<\/li>\n\n\n\n<li>Journ\u00e9e enti\u00e8re : 24 EUR (comprend 1 boisson chaude ou froide)<\/li>\n<\/ul>\n\n\n\n<p><strong>R\u00e9servation<\/strong><\/p>\n\n\n\n<p class=\"has-text-align-center\">L\u2019acc\u00e8s \u00e0 cet espace de travail est gratuit pour les clients de l'h\u00f4tel. Soyez pr\u00eat \u00e0 pr\u00e9senter votre cl\u00e9 de chambre sur demande.<br>En tant que visiteur, r\u00e9servez votre (demi) journ\u00e9e directement au restaurant NENI au premier \u00e9tage de l'h\u00f4tel.<\/p>\n\n\n\n<p class=\"has-text-align-center\">L'espace co-working offre une large s\u00e9lection de boissons chaudes et froides, ainsi qu'une formule petit d\u00e9jeuner ou un d\u00e9jeuner rapide.<\/p>\n\n\n\n<p class=\"has-text-align-center\"><a href=\"https:\/\/25hours-hotels.com\/wp-content\/uploads\/sites\/39\/2025\/01\/25h_terminusnord_coworking_menu.pdf\" target=\"_blank\" rel=\"noreferrer noopener\"><strong>Menu<\/strong><\/a><\/p>\n<\/div>\n<\/div>\n\n\n\n<p><strong>Les services suivants peuvent \u00eatre r\u00e9serv\u00e9s avec un frais suppl\u00e9mentaire:<\/strong><\/p>\n\n\n\n<ul>\n<li>Possibilit\u00e9 de r\u00e9server des salles de r\u00e9union priv\u00e9es<\/li>\n\n\n\n<li>Location de v\u00e9los Schindelhauer (15 EUR par jour)<\/li>\n<\/ul>\n\n\n\n<p><\/p>\n<\/div>\n\n\n\n<div class=\"wp-block-group alignfull has-color-propertyColor1 has-pattern-grid has-global-padding is-layout-constrained wp-block-group-is-layout-constrained\" style=\"padding-top:var(--wp--preset--spacing--6);padding-bottom:var(--wp--preset--spacing--6)\">\n<div class=\"wp-block-custom25h-information-columns has-2lines-title has-buttons-sticked\">\n<div class=\"wp-block-group alignwide wp-block-25hours-information-columns__container wp-block-25hours-information-columns__container is-layout-flow wp-block-group-is-layout-flow\">\n<h2 class=\"wp-block-heading has-text-align-right wp-block-25hours-information-columns__title has-contrast-color has-text-color has-title-2-font-size\">how to find us<\/h2>\n\n\n\n<div class=\"wp-block-group wp-block-25hours-information-columns__content wp-block-25hours-information-columns__content is-layout-flow wp-block-group-is-layout-flow\">\n<figure class=\"wp-block-image size-full wp-block-25hours-information-columns__artefact wp-block-25hours-information-columns__artefact is-artefact is-animated has-position-absolute has-size-small has-position-left has-position-top\"><img loading=\"lazy\" decoding=\"async\" width=\"640\" height=\"640\" src=\"https:\/\/25hours-hotels.com\/wp-content\/uploads\/sites\/39\/2024\/12\/25h_global_artefact_findus_paris.png\" alt=\"\" class=\"wp-image-13817\" srcset=\"https:\/\/25hours-hotels.com\/wp-content\/uploads\/sites\/39\/2024\/12\/25h_global_artefact_findus_paris.png 640w, https:\/\/25hours-hotels.com\/wp-content\/uploads\/sites\/39\/2024\/12\/25h_global_artefact_findus_paris.png?resize=150,150 150w, https:\/\/25hours-hotels.com\/wp-content\/uploads\/sites\/39\/2024\/12\/25h_global_artefact_findus_paris.png?resize=300,300 300w, https:\/\/25hours-hotels.com\/wp-content\/uploads\/sites\/39\/2024\/12\/25h_global_artefact_findus_paris.png?resize=12,12 12w\" sizes=\"(max-width: 640px) 100vw, 640px\" \/><\/figure>\n\n\n\n<figure class=\"wp-block-image size-large wp-block-25hours-information-columns__image wp-block-25hours-information-columns__image\"><img loading=\"lazy\" decoding=\"async\" width=\"1000\" height=\"750\" src=\"https:\/\/25hours-hotels.com\/wp-content\/uploads\/sites\/39\/2024\/09\/25h_terminusnord_hotelpage_contact_1.jpg?w=1000\" alt=\"\" class=\"wp-image-3335\" srcset=\"https:\/\/25hours-hotels.com\/wp-content\/uploads\/sites\/39\/2024\/09\/25h_terminusnord_hotelpage_contact_1.jpg 1000w, https:\/\/25hours-hotels.com\/wp-content\/uploads\/sites\/39\/2024\/09\/25h_terminusnord_hotelpage_contact_1.jpg?resize=300,225 300w, https:\/\/25hours-hotels.com\/wp-content\/uploads\/sites\/39\/2024\/09\/25h_terminusnord_hotelpage_contact_1.jpg?resize=768,576 768w, https:\/\/25hours-hotels.com\/wp-content\/uploads\/sites\/39\/2024\/09\/25h_terminusnord_hotelpage_contact_1.jpg?resize=16,12 16w\" sizes=\"(max-width: 1000px) 100vw, 1000px\" \/><\/figure>\n\n\n\n<div class=\"wp-block-columns is-not-stacked-on-mobile wp-block-25hours-information-columns__cols is-layout-flex wp-container-core-columns-is-layout-2 wp-block-columns-is-layout-flex\">\n<div class=\"wp-block-column is-vertically-aligned-top wp-block-25hours-information-columns__cols__col is-layout-flow wp-block-column-is-layout-flow\" style=\"padding-top:var(--wp--preset--spacing--2);padding-right:var(--wp--preset--spacing--2);padding-bottom:var(--wp--preset--spacing--2);padding-left:var(--wp--preset--spacing--2)\">\n<h4 class=\"wp-block-heading has-text-align-left wp-block-25hours-information-columns__cols__col__title has-title-4-font-size\">Adresse<\/h4>\n\n\n\n<p class=\"wp-block-25hours-information-columns__cols__col__text has-paragraph-small-font-size\">25hours Hotel Terminus Nord<br>12 Boulevard de Denain<br>75010 Paris<\/p>\n<\/div>\n\n\n\n<div class=\"wp-block-column is-vertically-aligned-top wp-block-25hours-information-columns__cols__col is-layout-flow wp-block-column-is-layout-flow\" style=\"padding-top:var(--wp--preset--spacing--2);padding-right:var(--wp--preset--spacing--2);padding-bottom:var(--wp--preset--spacing--2);padding-left:var(--wp--preset--spacing--2)\">\n<h4 class=\"wp-block-heading has-text-align-left wp-block-25hours-information-columns__cols__col__title has-title-4-font-size\">Contact<\/h4>\n\n\n\n<p class=\"wp-block-25hours-information-columns__cols__col__text has-paragraph-small-font-size\">p +33 1 42 80 82 05<br><a href=\"mailto:events.terminusnord@25hours-hotels.com\">events.ter<\/a><a href=\"mailto:events.terminusnord@25hours-hotels.com\" target=\"_blank\" rel=\"noreferrer noopener\">minusnord@25hours-hotels.com<\/a><\/p>\n<\/div>\n<\/div>\n<\/div>\n<\/div>\n<\/div>\n<\/div>","protected":false},"excerpt":{"rendered":"<p>La table de co-working au 1er \u00e9tage est ouverte \u00e0 tous. Les places peuvent \u00eatre r\u00e9serv\u00e9es directement aupr\u00e8s du restaurant NENI situ\u00e9 au m\u00eame \u00e9tage. L'acc\u00e8s pour les clients de l'h\u00f4tel est gratuit. Pour les visiteurs, les tarifs sont les suivants : 18 EUR pour une demi-journ\u00e9e et 24 EUR pour toute la journ\u00e9e. Une boisson chaude ou froide est incluse dans le tarif.<\/p>","protected":false},"author":416,"featured_media":15792,"parent":0,"menu_order":0,"comment_status":"closed","ping_status":"closed","template":"","meta":{"_acf_changed":false,"_yoast_wpseo_title":"Co-Working space I 25hours Hotel Terminus Nord","_yoast_wpseo_metadesc":"Visit the free Co-Working Space at the 25hours Hotel Terminus Nord. Stay in focus and work in a modern and inspiring environment designed to boost your creativity and productivity.","inline_featured_image":false,"footnotes":""},"business-site":[12],"acf":[],"yoast_head":"<!-- This site is optimized with the Yoast SEO plugin v22.7 - https:\/\/yoast.com\/wordpress\/plugins\/seo\/ -->\n<title>Co-Working space I 25hours Hotel Terminus Nord<\/title>\n<meta name=\"description\" content=\"Visit the free Co-Working Space at the 25hours Hotel Terminus Nord. Stay in focus and work in a modern and inspiring environment designed to boost your creativity and productivity.\" \/>\n<meta name=\"robots\" content=\"index, follow, max-snippet:-1, max-image-preview:large, max-video-preview:-1\" \/>\n<link rel=\"canonical\" href=\"https:\/\/25hours-hotels.com\/fr\/paris\/terminus-nord\/co-working\/\" \/>\n<meta property=\"og:locale\" content=\"fr_FR\" \/>\n<meta property=\"og:type\" content=\"article\" \/>\n<meta property=\"og:title\" content=\"Co-Working space I 25hours Hotel Terminus Nord\" \/>\n<meta property=\"og:description\" content=\"Visit the free Co-Working Space at the 25hours Hotel Terminus Nord. Stay in focus and work in a modern and inspiring environment designed to boost your creativity and productivity.\" \/>\n<meta property=\"og:url\" content=\"https:\/\/25hours-hotels.com\/fr\/paris\/terminus-nord\/co-working\/\" \/>\n<meta property=\"og:site_name\" content=\"25hours Hotels\" \/>\n<meta property=\"article:modified_time\" content=\"2025-03-18T13:36:37+00:00\" \/>\n<meta property=\"og:image\" content=\"https:\/\/25hours-hotels.com\/wp-content\/uploads\/sites\/39\/2025\/03\/25h_terminusnord_coworking_header_2.png\" \/>\n\t<meta property=\"og:image:width\" content=\"1000\" \/>\n\t<meta property=\"og:image:height\" content=\"750\" \/>\n\t<meta property=\"og:image:type\" content=\"image\/png\" \/>\n<meta name=\"twitter:card\" content=\"summary_large_image\" \/>\n<meta name=\"twitter:label1\" content=\"Est. reading time\" \/>\n\t<meta name=\"twitter:data1\" content=\"2 minutes\" \/>\n<script type=\"application\/ld+json\" class=\"yoast-schema-graph\">{\"@context\":\"https:\/\/schema.org\",\"@graph\":[{\"@type\":\"WebPage\",\"@id\":\"https:\/\/25hours-hotels.com\/paris\/terminus-nord\/co-working\/\",\"url\":\"https:\/\/25hours-hotels.com\/paris\/terminus-nord\/co-working\/\",\"name\":\"Co-Working space I 25hours Hotel Terminus Nord\",\"isPartOf\":{\"@id\":\"https:\/\/25hours-hotels.com\/#website\"},\"primaryImageOfPage\":{\"@id\":\"https:\/\/25hours-hotels.com\/paris\/terminus-nord\/co-working\/#primaryimage\"},\"image\":{\"@id\":\"https:\/\/25hours-hotels.com\/paris\/terminus-nord\/co-working\/#primaryimage\"},\"thumbnailUrl\":\"https:\/\/25hours-hotels.com\/wp-content\/uploads\/sites\/39\/2025\/03\/25h_terminusnord_coworking_header_2.png\",\"datePublished\":\"2025-03-11T15:00:02+00:00\",\"dateModified\":\"2025-03-18T13:36:37+00:00\",\"description\":\"Visit the free Co-Working Space at the 25hours Hotel Terminus Nord. Stay in focus and work in a modern and inspiring environment designed to boost your creativity and productivity.\",\"breadcrumb\":{\"@id\":\"https:\/\/25hours-hotels.com\/paris\/terminus-nord\/co-working\/#breadcrumb\"},\"inLanguage\":\"fr-FR\",\"potentialAction\":[{\"@type\":\"ReadAction\",\"target\":[\"https:\/\/25hours-hotels.com\/paris\/terminus-nord\/co-working\/\"]}]},{\"@type\":\"ImageObject\",\"inLanguage\":\"fr-FR\",\"@id\":\"https:\/\/25hours-hotels.com\/paris\/terminus-nord\/co-working\/#primaryimage\",\"url\":\"https:\/\/25hours-hotels.com\/wp-content\/uploads\/sites\/39\/2025\/03\/25h_terminusnord_coworking_header_2.png\",\"contentUrl\":\"https:\/\/25hours-hotels.com\/wp-content\/uploads\/sites\/39\/2025\/03\/25h_terminusnord_coworking_header_2.png\",\"width\":1000,\"height\":750,\"caption\":\"A person sits cross-legged on a bar stool, focused on a laptop, surrounded by elegant lamps and a cosy, inviting atmosphere.\"},{\"@type\":\"BreadcrumbList\",\"@id\":\"https:\/\/25hours-hotels.com\/paris\/terminus-nord\/co-working\/#breadcrumb\",\"itemListElement\":[{\"@type\":\"ListItem\",\"position\":1,\"name\":\"Home\",\"item\":\"https:\/\/25hours-hotels.com\/\"},{\"@type\":\"ListItem\",\"position\":2,\"name\":\"Co-working area\"}]},{\"@type\":\"WebSite\",\"@id\":\"https:\/\/25hours-hotels.com\/#website\",\"url\":\"https:\/\/25hours-hotels.com\/\",\"name\":\"25hours Hotels\",\"description\":\"\",\"potentialAction\":[{\"@type\":\"SearchAction\",\"target\":{\"@type\":\"EntryPoint\",\"urlTemplate\":\"https:\/\/25hours-hotels.com\/?s={search_term_string}\"},\"query-input\":\"required name=search_term_string\"}],\"inLanguage\":\"fr-FR\"}]}<\/script>\n<!-- \/ Yoast SEO plugin. -->","yoast_head_json":{"title":"Co-Working space I 25hours Hotel Terminus Nord","description":"Visit the free Co-Working Space at the 25hours Hotel Terminus Nord. Stay in focus and work in a modern and inspiring environment designed to boost your creativity and productivity.","robots":{"index":"index","follow":"follow","max-snippet":"max-snippet:-1","max-image-preview":"max-image-preview:large","max-video-preview":"max-video-preview:-1"},"canonical":"https:\/\/25hours-hotels.com\/fr\/paris\/terminus-nord\/co-working\/","og_locale":"fr_FR","og_type":"article","og_title":"Co-Working space I 25hours Hotel Terminus Nord","og_description":"Visit the free Co-Working Space at the 25hours Hotel Terminus Nord. Stay in focus and work in a modern and inspiring environment designed to boost your creativity and productivity.","og_url":"https:\/\/25hours-hotels.com\/fr\/paris\/terminus-nord\/co-working\/","og_site_name":"25hours Hotels","article_modified_time":"2025-03-18T13:36:37+00:00","og_image":[{"width":1000,"height":750,"url":"https:\/\/25hours-hotels.com\/wp-content\/uploads\/sites\/39\/2025\/03\/25h_terminusnord_coworking_header_2.png","type":"image\/png"}],"twitter_card":"summary_large_image","twitter_misc":{"Est. reading time":"2 minutes"},"schema":{"@context":"https:\/\/schema.org","@graph":[{"@type":"WebPage","@id":"https:\/\/25hours-hotels.com\/paris\/terminus-nord\/co-working\/","url":"https:\/\/25hours-hotels.com\/paris\/terminus-nord\/co-working\/","name":"Co-Working space I 25hours Hotel Terminus Nord","isPartOf":{"@id":"https:\/\/25hours-hotels.com\/#website"},"primaryImageOfPage":{"@id":"https:\/\/25hours-hotels.com\/paris\/terminus-nord\/co-working\/#primaryimage"},"image":{"@id":"https:\/\/25hours-hotels.com\/paris\/terminus-nord\/co-working\/#primaryimage"},"thumbnailUrl":"https:\/\/25hours-hotels.com\/wp-content\/uploads\/sites\/39\/2025\/03\/25h_terminusnord_coworking_header_2.png","datePublished":"2025-03-11T15:00:02+00:00","dateModified":"2025-03-18T13:36:37+00:00","description":"Visit the free Co-Working Space at the 25hours Hotel Terminus Nord. Stay in focus and work in a modern and inspiring environment designed to boost your creativity and productivity.","breadcrumb":{"@id":"https:\/\/25hours-hotels.com\/paris\/terminus-nord\/co-working\/#breadcrumb"},"inLanguage":"fr-FR","potentialAction":[{"@type":"ReadAction","target":["https:\/\/25hours-hotels.com\/paris\/terminus-nord\/co-working\/"]}]},{"@type":"ImageObject","inLanguage":"fr-FR","@id":"https:\/\/25hours-hotels.com\/paris\/terminus-nord\/co-working\/#primaryimage","url":"https:\/\/25hours-hotels.com\/wp-content\/uploads\/sites\/39\/2025\/03\/25h_terminusnord_coworking_header_2.png","contentUrl":"https:\/\/25hours-hotels.com\/wp-content\/uploads\/sites\/39\/2025\/03\/25h_terminusnord_coworking_header_2.png","width":1000,"height":750,"caption":"A person sits cross-legged on a bar stool, focused on a laptop, surrounded by elegant lamps and a cosy, inviting atmosphere."},{"@type":"BreadcrumbList","@id":"https:\/\/25hours-hotels.com\/paris\/terminus-nord\/co-working\/#breadcrumb","itemListElement":[{"@type":"ListItem","position":1,"name":"Home","item":"https:\/\/25hours-hotels.com\/"},{"@type":"ListItem","position":2,"name":"Co-working area"}]},{"@type":"WebSite","@id":"https:\/\/25hours-hotels.com\/#website","url":"https:\/\/25hours-hotels.com\/","name":"25hours Hotels","description":"","potentialAction":[{"@type":"SearchAction","target":{"@type":"EntryPoint","urlTemplate":"https:\/\/25hours-hotels.com\/?s={search_term_string}"},"query-input":"required name=search_term_string"}],"inLanguage":"fr-FR"}]}},"jetpack_sharing_enabled":true,"_links":{"self":[{"href":"https:\/\/25hours-hotels.com\/fr\/wp-json\/wp\/v2\/pages\/15788"}],"collection":[{"href":"https:\/\/25hours-hotels.com\/fr\/wp-json\/wp\/v2\/pages"}],"about":[{"href":"https:\/\/25hours-hotels.com\/fr\/wp-json\/wp\/v2\/types\/page"}],"author":[{"embeddable":true,"href":"https:\/\/25hours-hotels.com\/fr\/wp-json\/wp\/v2\/users\/416"}],"replies":[{"embeddable":true,"href":"https:\/\/25hours-hotels.com\/fr\/wp-json\/wp\/v2\/comments?post=15788"}],"version-history":[{"count":9,"href":"https:\/\/25hours-hotels.com\/fr\/wp-json\/wp\/v2\/pages\/15788\/revisions"}],"predecessor-version":[{"id":15886,"href":"https:\/\/25hours-hotels.com\/fr\/wp-json\/wp\/v2\/pages\/15788\/revisions\/15886"}],"wp:featuredmedia":[{"embeddable":true,"href":"https:\/\/25hours-hotels.com\/fr\/wp-json\/wp\/v2\/media\/15792"}],"wp:attachment":[{"href":"https:\/\/25hours-hotels.com\/fr\/wp-json\/wp\/v2\/media?parent=15788"}],"wp:term":[{"taxonomy":"business-site","embeddable":true,"href":"https:\/\/25hours-hotels.com\/fr\/wp-json\/wp\/v2\/business-site?post=15788"}],"curies":[{"name":"wp","href":"https:\/\/api.w.org\/{rel}","templated":true}]}}