
{"id":15439,"date":"2025-02-25T09:37:40","date_gmt":"2025-02-25T09:37:40","guid":{"rendered":"https:\/\/25hours-hotels.com\/?page_id=15439"},"modified":"2025-02-25T11:13:31","modified_gmt":"2025-02-25T11:13:31","slug":"incontro","status":"publish","type":"page","link":"https:\/\/25hours-hotels.com\/fr\/corporate-social-responsibility\/incontro1\/","title":{"rendered":"Incontro"},"content":{"rendered":"<div class=\"wp-block-group has-pattern-dots has-global-padding is-layout-constrained wp-block-group-is-layout-constrained\" style=\"padding-top:var(--wp--preset--spacing--7);padding-bottom:var(--wp--preset--spacing--7)\">\n<div style=\"height:100px\" aria-hidden=\"true\" class=\"wp-block-spacer\"><\/div>\n\n\n\n<h2 class=\"wp-block-heading has-text-align-center\">Incontro<\/h2>\n\n\n\n<p class=\"has-text-align-center\">Un accompagnement humain et holistique : mental, physique et mat\u00e9riel.<\/p>\n<\/div>\n\n\n\n\n<div class=\"wp-block-group alignwide wp-block-media-post-content-block wp-block-media-post-content-block has-pattern-dots has-global-padding is-layout-constrained wp-container-core-group-is-layout-3 wp-block-group-is-layout-constrained\" style=\"padding-top:var(--wp--preset--spacing--5);padding-bottom:var(--wp--preset--spacing--5)\">\n<div class=\"wp-block-columns is-layout-flex wp-container-core-columns-is-layout-1 wp-block-columns-is-layout-flex\">\n<div class=\"wp-block-column custom25h-media-post-content-gallery is-layout-flow wp-block-column-is-layout-flow\">\n<figure class=\"wp-block-image size-large\"><img loading=\"lazy\" decoding=\"async\" width=\"1000\" height=\"750\" src=\"https:\/\/25hours-hotels.com\/wp-content\/uploads\/sites\/39\/2025\/02\/25h_global_csr_incontro.png?w=1000\" alt=\"\" class=\"wp-image-15436\" style=\"object-fit:cover\" srcset=\"https:\/\/25hours-hotels.com\/wp-content\/uploads\/sites\/39\/2025\/02\/25h_global_csr_incontro.png 1000w, https:\/\/25hours-hotels.com\/wp-content\/uploads\/sites\/39\/2025\/02\/25h_global_csr_incontro.png?resize=300,225 300w, https:\/\/25hours-hotels.com\/wp-content\/uploads\/sites\/39\/2025\/02\/25h_global_csr_incontro.png?resize=768,576 768w, https:\/\/25hours-hotels.com\/wp-content\/uploads\/sites\/39\/2025\/02\/25h_global_csr_incontro.png?resize=16,12 16w\" sizes=\"(max-width: 1000px) 100vw, 1000px\" \/><\/figure>\n<\/div>\n\n\n\n<div class=\"wp-block-column is-vertically-aligned-top custom25h-media-post-content-post is-layout-flow wp-block-column-is-layout-flow\">\n<p>Incontro r\u00e9alise un travail de proximit\u00e9 accessible et un accompagnement holistique pour les personnes en situation de pr\u00e9carit\u00e9, sans-abri, d\u00e9pendantes ou sans papiers. S\u0153ur Ariane a fond\u00e9, en 2001, cette association qu\u2019elle dirige aujourd\u2019hui en collaboration avec le P\u00e8re Karl Wolf. Son action quotidienne dans le quartier de Langstrasse \u00e0 Zurich repose sur l\u2019engagement de nombreux b\u00e9n\u00e9voles.<\/p>\n\n\n\n<p>Les services offerts incluent Broken Bread, une distribution alimentaire quotidienne, Lokal Primero, un lieu de rencontre proposant accompagnement, cours et offices religieux, ainsi qu\u2019un logement encadr\u00e9 pour les personnes en situation de grande difficult\u00e9.<\/p>\n\n\n\n<p>Incontro est une association ind\u00e9pendante qui repose sur les dons et l\u2019engagement b\u00e9n\u00e9vole. L\u2019h\u00f4tel 25hours Langstrasse met gracieusement \u00e0 disposition un espace derri\u00e8re son b\u00e2timent ainsi qu\u2019un local de stockage. Le restaurant NENI Zurich propose des repas \u00e0 prix abordable et soutient le projet par des dons alimentaires.<\/p>\n\n\n\n<div class=\"wp-block-buttons is-layout-flex wp-block-buttons-is-layout-flex\">\n<div class=\"wp-block-button is-style-text-link is-style-text-link is-style-text-link\"><a class=\"wp-block-button__link wp-element-button\" href=\"https:\/\/incontro-verein.ch\/\" target=\"_blank\" rel=\"noreferrer noopener\" aria-label=\"\">Visiter le site web<\/a><\/div>\n<\/div>\n\n\n\n<div class=\"wp-block-group has-global-padding is-layout-constrained wp-block-group-is-layout-constrained\">\n<p><br><br><br><\/p>\n<\/div>\n<\/div>\n<\/div>\n<\/div>","protected":false},"excerpt":{"rendered":"<p>Green Key was launched in Denmark in 1994 and has been managed by the Foundation for Environmental Education (FEE) and its national member organisations since 2002.<\/p>","protected":false},"author":416,"featured_media":0,"parent":0,"menu_order":0,"comment_status":"closed","ping_status":"closed","template":"","meta":{"_acf_changed":false,"_yoast_wpseo_title":"","_yoast_wpseo_metadesc":"","inline_featured_image":false,"footnotes":""},"business-site":[],"acf":[],"yoast_head":"<!-- This site is optimized with the Yoast SEO plugin v22.7 - https:\/\/yoast.com\/wordpress\/plugins\/seo\/ -->\n<title>Incontro - 25hours Hotels<\/title>\n<meta name=\"robots\" content=\"index, follow, max-snippet:-1, max-image-preview:large, max-video-preview:-1\" \/>\n<link rel=\"canonical\" href=\"https:\/\/25hours-hotels.com\/fr\/corporate-social-responsibility\/incontro1\/\" \/>\n<meta property=\"og:locale\" content=\"fr_FR\" \/>\n<meta property=\"og:type\" content=\"article\" \/>\n<meta property=\"og:title\" content=\"Incontro - 25hours Hotels\" \/>\n<meta property=\"og:description\" content=\"Green Key was launched in Denmark in 1994 and has been managed by the Foundation for Environmental Education (FEE) and its national member organisations since 2002.\" \/>\n<meta property=\"og:url\" content=\"https:\/\/25hours-hotels.com\/fr\/corporate-social-responsibility\/incontro1\/\" \/>\n<meta property=\"og:site_name\" content=\"25hours Hotels\" \/>\n<meta property=\"article:modified_time\" content=\"2025-02-25T11:13:31+00:00\" \/>\n<meta property=\"og:image\" content=\"https:\/\/25hours-hotels.com\/wp-content\/uploads\/sites\/39\/2025\/02\/25h_global_csr_incontro.png?w=1000\" \/>\n<meta name=\"twitter:card\" content=\"summary_large_image\" \/>\n<meta name=\"twitter:label1\" content=\"Est. reading time\" \/>\n\t<meta name=\"twitter:data1\" content=\"1 minute\" \/>\n<script type=\"application\/ld+json\" class=\"yoast-schema-graph\">{\"@context\":\"https:\/\/schema.org\",\"@graph\":[{\"@type\":\"WebPage\",\"@id\":\"https:\/\/25hours-hotels.com\/corporate-social-responsibility\/incontro1\/\",\"url\":\"https:\/\/25hours-hotels.com\/corporate-social-responsibility\/incontro1\/\",\"name\":\"Incontro - 25hours Hotels\",\"isPartOf\":{\"@id\":\"https:\/\/25hours-hotels.com\/#website\"},\"primaryImageOfPage\":{\"@id\":\"https:\/\/25hours-hotels.com\/corporate-social-responsibility\/incontro1\/#primaryimage\"},\"image\":{\"@id\":\"https:\/\/25hours-hotels.com\/corporate-social-responsibility\/incontro1\/#primaryimage\"},\"thumbnailUrl\":\"https:\/\/25hours-hotels.com\/wp-content\/uploads\/sites\/39\/2025\/02\/25h_global_csr_incontro.png?w=1000\",\"datePublished\":\"2025-02-25T09:37:40+00:00\",\"dateModified\":\"2025-02-25T11:13:31+00:00\",\"breadcrumb\":{\"@id\":\"https:\/\/25hours-hotels.com\/corporate-social-responsibility\/incontro1\/#breadcrumb\"},\"inLanguage\":\"fr-FR\",\"potentialAction\":[{\"@type\":\"ReadAction\",\"target\":[\"https:\/\/25hours-hotels.com\/corporate-social-responsibility\/incontro1\/\"]}]},{\"@type\":\"ImageObject\",\"inLanguage\":\"fr-FR\",\"@id\":\"https:\/\/25hours-hotels.com\/corporate-social-responsibility\/incontro1\/#primaryimage\",\"url\":\"https:\/\/25hours-hotels.com\/wp-content\/uploads\/sites\/39\/2025\/02\/25h_global_csr_incontro.png?w=1000\",\"contentUrl\":\"https:\/\/25hours-hotels.com\/wp-content\/uploads\/sites\/39\/2025\/02\/25h_global_csr_incontro.png?w=1000\"},{\"@type\":\"BreadcrumbList\",\"@id\":\"https:\/\/25hours-hotels.com\/corporate-social-responsibility\/incontro1\/#breadcrumb\",\"itemListElement\":[{\"@type\":\"ListItem\",\"position\":1,\"name\":\"Home\",\"item\":\"https:\/\/25hours-hotels.com\/\"},{\"@type\":\"ListItem\",\"position\":2,\"name\":\"Incontro\"}]},{\"@type\":\"WebSite\",\"@id\":\"https:\/\/25hours-hotels.com\/#website\",\"url\":\"https:\/\/25hours-hotels.com\/\",\"name\":\"25hours Hotels\",\"description\":\"\",\"potentialAction\":[{\"@type\":\"SearchAction\",\"target\":{\"@type\":\"EntryPoint\",\"urlTemplate\":\"https:\/\/25hours-hotels.com\/?s={search_term_string}\"},\"query-input\":\"required name=search_term_string\"}],\"inLanguage\":\"fr-FR\"}]}<\/script>\n<!-- \/ Yoast SEO plugin. -->","yoast_head_json":{"title":"Incontro - 25hours Hotels","robots":{"index":"index","follow":"follow","max-snippet":"max-snippet:-1","max-image-preview":"max-image-preview:large","max-video-preview":"max-video-preview:-1"},"canonical":"https:\/\/25hours-hotels.com\/fr\/corporate-social-responsibility\/incontro1\/","og_locale":"fr_FR","og_type":"article","og_title":"Incontro - 25hours Hotels","og_description":"Green Key was launched in Denmark in 1994 and has been managed by the Foundation for Environmental Education (FEE) and its national member organisations since 2002.","og_url":"https:\/\/25hours-hotels.com\/fr\/corporate-social-responsibility\/incontro1\/","og_site_name":"25hours Hotels","article_modified_time":"2025-02-25T11:13:31+00:00","og_image":[{"url":"https:\/\/25hours-hotels.com\/wp-content\/uploads\/sites\/39\/2025\/02\/25h_global_csr_incontro.png?w=1000"}],"twitter_card":"summary_large_image","twitter_misc":{"Est. reading time":"1 minute"},"schema":{"@context":"https:\/\/schema.org","@graph":[{"@type":"WebPage","@id":"https:\/\/25hours-hotels.com\/corporate-social-responsibility\/incontro1\/","url":"https:\/\/25hours-hotels.com\/corporate-social-responsibility\/incontro1\/","name":"Incontro - 25hours Hotels","isPartOf":{"@id":"https:\/\/25hours-hotels.com\/#website"},"primaryImageOfPage":{"@id":"https:\/\/25hours-hotels.com\/corporate-social-responsibility\/incontro1\/#primaryimage"},"image":{"@id":"https:\/\/25hours-hotels.com\/corporate-social-responsibility\/incontro1\/#primaryimage"},"thumbnailUrl":"https:\/\/25hours-hotels.com\/wp-content\/uploads\/sites\/39\/2025\/02\/25h_global_csr_incontro.png?w=1000","datePublished":"2025-02-25T09:37:40+00:00","dateModified":"2025-02-25T11:13:31+00:00","breadcrumb":{"@id":"https:\/\/25hours-hotels.com\/corporate-social-responsibility\/incontro1\/#breadcrumb"},"inLanguage":"fr-FR","potentialAction":[{"@type":"ReadAction","target":["https:\/\/25hours-hotels.com\/corporate-social-responsibility\/incontro1\/"]}]},{"@type":"ImageObject","inLanguage":"fr-FR","@id":"https:\/\/25hours-hotels.com\/corporate-social-responsibility\/incontro1\/#primaryimage","url":"https:\/\/25hours-hotels.com\/wp-content\/uploads\/sites\/39\/2025\/02\/25h_global_csr_incontro.png?w=1000","contentUrl":"https:\/\/25hours-hotels.com\/wp-content\/uploads\/sites\/39\/2025\/02\/25h_global_csr_incontro.png?w=1000"},{"@type":"BreadcrumbList","@id":"https:\/\/25hours-hotels.com\/corporate-social-responsibility\/incontro1\/#breadcrumb","itemListElement":[{"@type":"ListItem","position":1,"name":"Home","item":"https:\/\/25hours-hotels.com\/"},{"@type":"ListItem","position":2,"name":"Incontro"}]},{"@type":"WebSite","@id":"https:\/\/25hours-hotels.com\/#website","url":"https:\/\/25hours-hotels.com\/","name":"25hours Hotels","description":"","potentialAction":[{"@type":"SearchAction","target":{"@type":"EntryPoint","urlTemplate":"https:\/\/25hours-hotels.com\/?s={search_term_string}"},"query-input":"required name=search_term_string"}],"inLanguage":"fr-FR"}]}},"jetpack_sharing_enabled":true,"_links":{"self":[{"href":"https:\/\/25hours-hotels.com\/fr\/wp-json\/wp\/v2\/pages\/15439"}],"collection":[{"href":"https:\/\/25hours-hotels.com\/fr\/wp-json\/wp\/v2\/pages"}],"about":[{"href":"https:\/\/25hours-hotels.com\/fr\/wp-json\/wp\/v2\/types\/page"}],"author":[{"embeddable":true,"href":"https:\/\/25hours-hotels.com\/fr\/wp-json\/wp\/v2\/users\/416"}],"replies":[{"embeddable":true,"href":"https:\/\/25hours-hotels.com\/fr\/wp-json\/wp\/v2\/comments?post=15439"}],"version-history":[{"count":3,"href":"https:\/\/25hours-hotels.com\/fr\/wp-json\/wp\/v2\/pages\/15439\/revisions"}],"predecessor-version":[{"id":15445,"href":"https:\/\/25hours-hotels.com\/fr\/wp-json\/wp\/v2\/pages\/15439\/revisions\/15445"}],"wp:attachment":[{"href":"https:\/\/25hours-hotels.com\/fr\/wp-json\/wp\/v2\/media?parent=15439"}],"wp:term":[{"taxonomy":"business-site","embeddable":true,"href":"https:\/\/25hours-hotels.com\/fr\/wp-json\/wp\/v2\/business-site?post=15439"}],"curies":[{"name":"wp","href":"https:\/\/api.w.org\/{rel}","templated":true}]}}