
{"id":14467,"date":"2025-01-22T08:30:17","date_gmt":"2025-01-22T08:30:17","guid":{"rendered":"https:\/\/25hours-hotels.com\/?page_id=14467"},"modified":"2025-02-11T15:50:42","modified_gmt":"2025-02-11T15:50:42","slug":"milano-25","status":"publish","type":"page","link":"https:\/\/25hours-hotels.com\/fr\/corporate-social-responsibility\/milano-25\/","title":{"rendered":"MILANO 25"},"content":{"rendered":"<div class=\"wp-block-group has-pattern-dots has-global-padding is-layout-constrained wp-block-group-is-layout-constrained\" style=\"padding-top:var(--wp--preset--spacing--7);padding-bottom:var(--wp--preset--spacing--7)\">\n<div style=\"height:100px\" aria-hidden=\"true\" class=\"wp-block-spacer\"><\/div>\n\n\n\n<h2 class=\"wp-block-heading has-text-align-center\">MILANO 25<\/h2>\n\n\n\n<p class=\"has-text-align-center\">Ambassadrice de la Solidarit\u00e9.<\/p>\n<\/div>\n\n\n\n\n<div class=\"wp-block-group alignwide wp-block-media-post-content-block wp-block-media-post-content-block has-pattern-dots has-global-padding is-layout-constrained wp-container-core-group-is-layout-2 wp-block-group-is-layout-constrained\" style=\"padding-top:var(--wp--preset--spacing--5);padding-bottom:var(--wp--preset--spacing--5)\">\n<div class=\"wp-block-columns is-layout-flex wp-container-core-columns-is-layout-1 wp-block-columns-is-layout-flex\">\n<div class=\"wp-block-column custom25h-media-post-content-gallery is-layout-flow wp-block-column-is-layout-flow\">\n<figure class=\"wp-block-image size-large\"><img loading=\"lazy\" decoding=\"async\" width=\"1000\" height=\"750\" src=\"https:\/\/25hours-hotels.com\/wp-content\/uploads\/sites\/39\/2025\/01\/25h_global_csr_milano-25_2.png?w=1000\" alt=\"\" class=\"wp-image-14474\" srcset=\"https:\/\/25hours-hotels.com\/wp-content\/uploads\/sites\/39\/2025\/01\/25h_global_csr_milano-25_2.png 1000w, https:\/\/25hours-hotels.com\/wp-content\/uploads\/sites\/39\/2025\/01\/25h_global_csr_milano-25_2.png?resize=300,225 300w, https:\/\/25hours-hotels.com\/wp-content\/uploads\/sites\/39\/2025\/01\/25h_global_csr_milano-25_2.png?resize=768,576 768w, https:\/\/25hours-hotels.com\/wp-content\/uploads\/sites\/39\/2025\/01\/25h_global_csr_milano-25_2.png?resize=16,12 16w\" sizes=\"(max-width: 1000px) 100vw, 1000px\" \/><\/figure>\n<\/div>\n\n\n\n<div class=\"wp-block-column is-vertically-aligned-top custom25h-media-post-content-post is-layout-flow wp-block-column-is-layout-flow\">\n<p>MILAN 25 est un taxi extraordinaire et particuli\u00e8rement color\u00e9 \u00e0 Florence, conduit par Caterina Bellandi. Ancienne employ\u00e9e de bureau, elle a repris le taxi de son compagnon Stefano, chauffeur de taxi, apr\u00e8s son d\u00e9c\u00e8s. Ce geste, initialement en r\u00e9ponse \u00e0 sa douleur personnelle, s'est rapidement transform\u00e9 en une mission d'amour et d'engagement envers les autres.<\/p>\n\n\n\n<p>En 2002, Caterina a rencontr\u00e9 une famille dont la fille \u00e9tait d\u00e9c\u00e9d\u00e9e d\u2019une tumeur c\u00e9r\u00e9brale. Cet \u00e9v\u00e9nement marquant l\u2019a pouss\u00e9e \u00e0 offrir des trajets gratuits aux enfants atteints de cancer et \u00e0 leurs familles. Caterina surnomme ces enfants des \u00ab super-h\u00e9ros \u00bb, qu'elle a immortalis\u00e9s sous forme de personnages dessin\u00e9s sur son taxi, qui est ainsi devenu un v\u00e9ritable symbole d\u2019espoir et de solidarit\u00e9.<\/p>\n\n\n\n<p>Caterina est une personnalit\u00e9 inspirante qui soutient les personnes traversant des \u00e9preuves difficiles gr\u00e2ce \u00e0 son taxi color\u00e9 et unique en son genre. Elle est reconnue pour son \u00e9coute et sa joie de vivre rayonnante.<\/p>\n\n\n\n<p>En 2007, Caterina a \u00e9t\u00e9 nomm\u00e9e \u00ab Ambassadrice de la Solidarit\u00e9 \u00bb de Florence et a re\u00e7u une distinction pour son engagement en 2012. Depuis, MILAN 25 est devenu une organisation \u00e0 but non lucratif qui vient en aide aux personnes dans le besoin. Caterina est une femme qui a transform\u00e9 sa propre douleur en un moteur d\u2019amour et d\u2019espoir, travaillant sans rel\u00e2che pour le bien des autres.<\/p>\n\n\n\n<p>Le 25hours Hotel Piazza San Paolino de Florence soutient Caterina en lui offrant un h\u00e9bergement gratuit, ainsi que des repas et des boissons pour ses invit\u00e9s. Certains de ses produits sont \u00e9galement disponibles dans la boutique de l\u2019h\u00f4tel.<\/p>\n\n\n\n<div class=\"wp-block-buttons is-layout-flex wp-block-buttons-is-layout-flex\">\n<div class=\"wp-block-button is-style-text-link is-style-text-link is-style-text-link\"><a class=\"wp-block-button__link wp-element-button\" href=\"http:\/\/www.milano25onlus.org\/sito\/Home.html\" target=\"_blank\" rel=\"noreferrer noopener\" aria-label=\"\">Visiter le site web<\/a><\/div>\n<\/div>\n<\/div>\n<\/div>\n<\/div>","protected":false},"excerpt":{"rendered":"<p>Green Key was launched in Denmark in 1994 and has been managed by the Foundation for Environmental Education (FEE) and its national member organisations since 2002.<\/p>","protected":false},"author":416,"featured_media":0,"parent":0,"menu_order":0,"comment_status":"closed","ping_status":"closed","template":"","meta":{"_acf_changed":false,"_yoast_wpseo_title":"","_yoast_wpseo_metadesc":"","inline_featured_image":false,"footnotes":""},"business-site":[],"acf":[],"yoast_head":"<!-- This site is optimized with the Yoast SEO plugin v22.7 - https:\/\/yoast.com\/wordpress\/plugins\/seo\/ -->\n<title>MILANO 25 - 25hours Hotels<\/title>\n<meta name=\"robots\" content=\"index, follow, max-snippet:-1, max-image-preview:large, max-video-preview:-1\" \/>\n<link rel=\"canonical\" href=\"https:\/\/25hours-hotels.com\/fr\/corporate-social-responsibility\/milano-25\/\" \/>\n<meta property=\"og:locale\" content=\"fr_FR\" \/>\n<meta property=\"og:type\" content=\"article\" \/>\n<meta property=\"og:title\" content=\"MILANO 25 - 25hours Hotels\" \/>\n<meta property=\"og:description\" content=\"Green Key was launched in Denmark in 1994 and has been managed by the Foundation for Environmental Education (FEE) and its national member organisations since 2002.\" \/>\n<meta property=\"og:url\" content=\"https:\/\/25hours-hotels.com\/fr\/corporate-social-responsibility\/milano-25\/\" \/>\n<meta property=\"og:site_name\" content=\"25hours Hotels\" \/>\n<meta property=\"article:modified_time\" content=\"2025-02-11T15:50:42+00:00\" \/>\n<meta property=\"og:image\" content=\"https:\/\/25hours-hotels.com\/wp-content\/uploads\/sites\/39\/2025\/01\/25h_global_csr_milano-25_2.png?w=1000\" \/>\n<meta name=\"twitter:card\" content=\"summary_large_image\" \/>\n<meta name=\"twitter:label1\" content=\"Est. reading time\" \/>\n\t<meta name=\"twitter:data1\" content=\"2 minutes\" \/>\n<script type=\"application\/ld+json\" class=\"yoast-schema-graph\">{\"@context\":\"https:\/\/schema.org\",\"@graph\":[{\"@type\":\"WebPage\",\"@id\":\"https:\/\/25hours-hotels.com\/corporate-social-responsibility\/milano-25\/\",\"url\":\"https:\/\/25hours-hotels.com\/corporate-social-responsibility\/milano-25\/\",\"name\":\"MILANO 25 - 25hours Hotels\",\"isPartOf\":{\"@id\":\"https:\/\/25hours-hotels.com\/#website\"},\"primaryImageOfPage\":{\"@id\":\"https:\/\/25hours-hotels.com\/corporate-social-responsibility\/milano-25\/#primaryimage\"},\"image\":{\"@id\":\"https:\/\/25hours-hotels.com\/corporate-social-responsibility\/milano-25\/#primaryimage\"},\"thumbnailUrl\":\"https:\/\/25hours-hotels.com\/wp-content\/uploads\/sites\/39\/2025\/01\/25h_global_csr_milano-25_2.png?w=1000\",\"datePublished\":\"2025-01-22T08:30:17+00:00\",\"dateModified\":\"2025-02-11T15:50:42+00:00\",\"breadcrumb\":{\"@id\":\"https:\/\/25hours-hotels.com\/corporate-social-responsibility\/milano-25\/#breadcrumb\"},\"inLanguage\":\"fr-FR\",\"potentialAction\":[{\"@type\":\"ReadAction\",\"target\":[\"https:\/\/25hours-hotels.com\/corporate-social-responsibility\/milano-25\/\"]}]},{\"@type\":\"ImageObject\",\"inLanguage\":\"fr-FR\",\"@id\":\"https:\/\/25hours-hotels.com\/corporate-social-responsibility\/milano-25\/#primaryimage\",\"url\":\"https:\/\/25hours-hotels.com\/wp-content\/uploads\/sites\/39\/2025\/01\/25h_global_csr_milano-25_2.png?w=1000\",\"contentUrl\":\"https:\/\/25hours-hotels.com\/wp-content\/uploads\/sites\/39\/2025\/01\/25h_global_csr_milano-25_2.png?w=1000\"},{\"@type\":\"BreadcrumbList\",\"@id\":\"https:\/\/25hours-hotels.com\/corporate-social-responsibility\/milano-25\/#breadcrumb\",\"itemListElement\":[{\"@type\":\"ListItem\",\"position\":1,\"name\":\"Home\",\"item\":\"https:\/\/25hours-hotels.com\/\"},{\"@type\":\"ListItem\",\"position\":2,\"name\":\"MILANO 25\"}]},{\"@type\":\"WebSite\",\"@id\":\"https:\/\/25hours-hotels.com\/#website\",\"url\":\"https:\/\/25hours-hotels.com\/\",\"name\":\"25hours Hotels\",\"description\":\"\",\"potentialAction\":[{\"@type\":\"SearchAction\",\"target\":{\"@type\":\"EntryPoint\",\"urlTemplate\":\"https:\/\/25hours-hotels.com\/?s={search_term_string}\"},\"query-input\":\"required name=search_term_string\"}],\"inLanguage\":\"fr-FR\"}]}<\/script>\n<!-- \/ Yoast SEO plugin. -->","yoast_head_json":{"title":"MILANO 25 - 25hours Hotels","robots":{"index":"index","follow":"follow","max-snippet":"max-snippet:-1","max-image-preview":"max-image-preview:large","max-video-preview":"max-video-preview:-1"},"canonical":"https:\/\/25hours-hotels.com\/fr\/corporate-social-responsibility\/milano-25\/","og_locale":"fr_FR","og_type":"article","og_title":"MILANO 25 - 25hours Hotels","og_description":"Green Key was launched in Denmark in 1994 and has been managed by the Foundation for Environmental Education (FEE) and its national member organisations since 2002.","og_url":"https:\/\/25hours-hotels.com\/fr\/corporate-social-responsibility\/milano-25\/","og_site_name":"25hours Hotels","article_modified_time":"2025-02-11T15:50:42+00:00","og_image":[{"url":"https:\/\/25hours-hotels.com\/wp-content\/uploads\/sites\/39\/2025\/01\/25h_global_csr_milano-25_2.png?w=1000"}],"twitter_card":"summary_large_image","twitter_misc":{"Est. reading time":"2 minutes"},"schema":{"@context":"https:\/\/schema.org","@graph":[{"@type":"WebPage","@id":"https:\/\/25hours-hotels.com\/corporate-social-responsibility\/milano-25\/","url":"https:\/\/25hours-hotels.com\/corporate-social-responsibility\/milano-25\/","name":"MILANO 25 - 25hours Hotels","isPartOf":{"@id":"https:\/\/25hours-hotels.com\/#website"},"primaryImageOfPage":{"@id":"https:\/\/25hours-hotels.com\/corporate-social-responsibility\/milano-25\/#primaryimage"},"image":{"@id":"https:\/\/25hours-hotels.com\/corporate-social-responsibility\/milano-25\/#primaryimage"},"thumbnailUrl":"https:\/\/25hours-hotels.com\/wp-content\/uploads\/sites\/39\/2025\/01\/25h_global_csr_milano-25_2.png?w=1000","datePublished":"2025-01-22T08:30:17+00:00","dateModified":"2025-02-11T15:50:42+00:00","breadcrumb":{"@id":"https:\/\/25hours-hotels.com\/corporate-social-responsibility\/milano-25\/#breadcrumb"},"inLanguage":"fr-FR","potentialAction":[{"@type":"ReadAction","target":["https:\/\/25hours-hotels.com\/corporate-social-responsibility\/milano-25\/"]}]},{"@type":"ImageObject","inLanguage":"fr-FR","@id":"https:\/\/25hours-hotels.com\/corporate-social-responsibility\/milano-25\/#primaryimage","url":"https:\/\/25hours-hotels.com\/wp-content\/uploads\/sites\/39\/2025\/01\/25h_global_csr_milano-25_2.png?w=1000","contentUrl":"https:\/\/25hours-hotels.com\/wp-content\/uploads\/sites\/39\/2025\/01\/25h_global_csr_milano-25_2.png?w=1000"},{"@type":"BreadcrumbList","@id":"https:\/\/25hours-hotels.com\/corporate-social-responsibility\/milano-25\/#breadcrumb","itemListElement":[{"@type":"ListItem","position":1,"name":"Home","item":"https:\/\/25hours-hotels.com\/"},{"@type":"ListItem","position":2,"name":"MILANO 25"}]},{"@type":"WebSite","@id":"https:\/\/25hours-hotels.com\/#website","url":"https:\/\/25hours-hotels.com\/","name":"25hours Hotels","description":"","potentialAction":[{"@type":"SearchAction","target":{"@type":"EntryPoint","urlTemplate":"https:\/\/25hours-hotels.com\/?s={search_term_string}"},"query-input":"required name=search_term_string"}],"inLanguage":"fr-FR"}]}},"jetpack_sharing_enabled":true,"_links":{"self":[{"href":"https:\/\/25hours-hotels.com\/fr\/wp-json\/wp\/v2\/pages\/14467"}],"collection":[{"href":"https:\/\/25hours-hotels.com\/fr\/wp-json\/wp\/v2\/pages"}],"about":[{"href":"https:\/\/25hours-hotels.com\/fr\/wp-json\/wp\/v2\/types\/page"}],"author":[{"embeddable":true,"href":"https:\/\/25hours-hotels.com\/fr\/wp-json\/wp\/v2\/users\/416"}],"replies":[{"embeddable":true,"href":"https:\/\/25hours-hotels.com\/fr\/wp-json\/wp\/v2\/comments?post=14467"}],"version-history":[{"count":4,"href":"https:\/\/25hours-hotels.com\/fr\/wp-json\/wp\/v2\/pages\/14467\/revisions"}],"predecessor-version":[{"id":15001,"href":"https:\/\/25hours-hotels.com\/fr\/wp-json\/wp\/v2\/pages\/14467\/revisions\/15001"}],"wp:attachment":[{"href":"https:\/\/25hours-hotels.com\/fr\/wp-json\/wp\/v2\/media?parent=14467"}],"wp:term":[{"taxonomy":"business-site","embeddable":true,"href":"https:\/\/25hours-hotels.com\/fr\/wp-json\/wp\/v2\/business-site?post=14467"}],"curies":[{"name":"wp","href":"https:\/\/api.w.org\/{rel}","templated":true}]}}