
{"id":7730,"date":"2024-11-03T10:35:18","date_gmt":"2024-11-03T10:35:18","guid":{"rendered":"https:\/\/25hours-hotels.com\/?page_id=7730"},"modified":"2026-01-08T11:57:16","modified_gmt":"2026-01-08T11:57:16","slug":"co-working","status":"publish","type":"page","link":"https:\/\/25hours-hotels.com\/de\/zurich\/zurich-west\/co-working\/","title":{"rendered":"Co-Working"},"content":{"rendered":"<div class=\"wp-block-custom25h-hero-details is-style-no-rescale\">\n<div class=\"wp-block-cover has-base-color has-text-color has-link-color wp-elements-491b5aef2c29c4074de56bc6ae5de55c\" style=\"min-height:100vh;aspect-ratio:unset;\"><span aria-hidden=\"true\" class=\"wp-block-cover__background has-contrast-background-color has-background-dim-10 has-background-dim\"><\/span><img loading=\"lazy\" decoding=\"async\" width=\"1000\" height=\"750\" class=\"wp-block-cover__image-background wp-image-19648\" alt=\"\" src=\"https:\/\/25hours-hotels.com\/wp-content\/uploads\/sites\/39\/2025\/10\/25h_zurichwest_coworking_header_2.jpg\" data-object-fit=\"cover\" srcset=\"https:\/\/25hours-hotels.com\/wp-content\/uploads\/sites\/39\/2025\/10\/25h_zurichwest_coworking_header_2.jpg 1000w, https:\/\/25hours-hotels.com\/wp-content\/uploads\/sites\/39\/2025\/10\/25h_zurichwest_coworking_header_2.jpg?resize=300,225 300w, https:\/\/25hours-hotels.com\/wp-content\/uploads\/sites\/39\/2025\/10\/25h_zurichwest_coworking_header_2.jpg?resize=768,576 768w, https:\/\/25hours-hotels.com\/wp-content\/uploads\/sites\/39\/2025\/10\/25h_zurichwest_coworking_header_2.jpg?resize=16,12 16w\" sizes=\"(max-width: 1000px) 100vw, 1000px\" \/><div class=\"wp-block-cover__inner-container is-layout-flow wp-block-cover-is-layout-flow\">\n<p class=\"has-text-align-center has-paragraph-font-size\">25hours Hotel Z\u00fcrich West<\/p>\n\n\n\n<h1 class=\"wp-block-heading has-text-align-center has-base-color has-text-color has-title-2-font-size\">Gratis Co-Working<\/h1>\n<\/div><\/div>\n<\/div>\n\n\n\n<div class=\"wp-block-group has-pattern-dots has-global-padding is-layout-constrained wp-container-core-group-is-layout-1 wp-block-group-is-layout-constrained\" style=\"padding-top:var(--wp--preset--spacing--4);padding-right:var(--wp--preset--spacing--5);padding-bottom:var(--wp--preset--spacing--4);padding-left:var(--wp--preset--spacing--5)\">\n<div class=\"wp-block-columns is-layout-flex wp-container-core-columns-is-layout-1 wp-block-columns-is-layout-flex\">\n<div class=\"wp-block-column is-vertically-aligned-center has-global-padding is-layout-constrained wp-block-column-is-layout-constrained\">\n<h1 class=\"wp-block-heading has-text-align-center has-title-3-font-size\">Gratis Co-Working im 25hours Hotel Z\u00fcrich West<\/h1>\n\n\n\n<p class=\"has-text-align-center\">Entdecke den stylischen Co-Working Space im 25hours Hotel Z\u00fcrich West, entworfen von Alfredo H\u00e4berli. Mit seinem modernen, von einer Turnhalle inspirierten Design ist er der perfekte Ort f\u00fcr Arbeit und Entspannung.<\/p>\n\n\n\n<p class=\"has-text-align-center\">Die Maxi-Bar bietet tags\u00fcber eine Auswahl an frischen Sandwiches, gesunden Salaten und Snacks. Bereite deinen Kaffee selbst an der La Marzocco zu oder lass dich vom 25hours-Team verw\u00f6hnen.<\/p>\n\n\n\n<p class=\"has-text-align-center\">F\u00fcr einen Tapetenwechsel in der Mittagspause ist das benachbarte&nbsp;<a href=\"https:\/\/ribelli-restaurant.ch\/\" target=\"_blank\" rel=\"noreferrer noopener\">Ribelli Restaurant<\/a>&nbsp;die ideale Wahl. F\u00fcr zus\u00e4tzliche Abwechslung und Spass sorgt unsere Spielecke, die darauf wartet, entdeckt zu werden. Unser&nbsp;<a href=\"https:\/\/25hours-hotels.com\/de\/zurich\/zurich-west\/meetings-and-occasions\/boxring\/\">Boxring<\/a>&nbsp;ist ideal f\u00fcr private Meetings oder ungest\u00f6rte Telefonate mit 4 bis maximal 8 Teilnehmern. Er kann stundenweise oder f\u00fcr einen ganzen Tag gemietet werden.<\/p>\n\n\n\n<p class=\"has-text-align-center\">Kostenloses W-Lan ist selbstverst\u00e4ndlich verf\u00fcgbar.<\/p>\n<\/div>\n<\/div>\n<\/div>\n\n\n\n<div class=\"wp-block-group alignfull has-color-propertyColor1 has-pattern-grid has-global-padding is-layout-constrained wp-block-group-is-layout-constrained\" style=\"padding-top:var(--wp--preset--spacing--6);padding-bottom:var(--wp--preset--spacing--6)\">\n<div class=\"wp-block-custom25h-information-columns has-2lines-title has-buttons-sticked\">\n<div class=\"wp-block-group alignwide wp-block-25hours-information-columns__container wp-block-25hours-information-columns__container is-layout-flow wp-block-group-is-layout-flow\">\n<h2 class=\"wp-block-heading has-text-align-right wp-block-25hours-information-columns__title has-contrast-color has-text-color has-title-2-font-size\">how to find us<\/h2>\n\n\n\n<div class=\"wp-block-group wp-block-25hours-information-columns__content wp-block-25hours-information-columns__content is-layout-flow wp-block-group-is-layout-flow\">\n<figure class=\"wp-block-image size-full wp-block-25hours-information-columns__artefact wp-block-25hours-information-columns__artefact is-artefact is-animated has-position-absolute has-size-small has-position-left has-position-top\"><img loading=\"lazy\" decoding=\"async\" width=\"640\" height=\"640\" src=\"https:\/\/25hours-hotels.com\/wp-content\/uploads\/sites\/39\/2024\/12\/25h_global_artefact_findus_zurich.png\" alt=\"\" class=\"wp-image-13819\" srcset=\"https:\/\/25hours-hotels.com\/wp-content\/uploads\/sites\/39\/2024\/12\/25h_global_artefact_findus_zurich.png 640w, https:\/\/25hours-hotels.com\/wp-content\/uploads\/sites\/39\/2024\/12\/25h_global_artefact_findus_zurich.png?resize=150,150 150w, https:\/\/25hours-hotels.com\/wp-content\/uploads\/sites\/39\/2024\/12\/25h_global_artefact_findus_zurich.png?resize=300,300 300w, https:\/\/25hours-hotels.com\/wp-content\/uploads\/sites\/39\/2024\/12\/25h_global_artefact_findus_zurich.png?resize=12,12 12w\" sizes=\"(max-width: 640px) 100vw, 640px\" \/><\/figure>\n\n\n\n<figure class=\"wp-block-image size-large is-resized wp-block-25hours-information-columns__image wp-block-25hours-information-columns__image\"><img loading=\"lazy\" decoding=\"async\" width=\"1000\" height=\"750\" src=\"https:\/\/25hours-hotels.com\/wp-content\/uploads\/sites\/39\/2024\/10\/25h_zurichwest_hotelpage_contact_1.jpg?w=1000\" alt=\"\" class=\"wp-image-4393\" style=\"width:592px;height:auto\" srcset=\"https:\/\/25hours-hotels.com\/wp-content\/uploads\/sites\/39\/2024\/10\/25h_zurichwest_hotelpage_contact_1.jpg 1000w, https:\/\/25hours-hotels.com\/wp-content\/uploads\/sites\/39\/2024\/10\/25h_zurichwest_hotelpage_contact_1.jpg?resize=300,225 300w, https:\/\/25hours-hotels.com\/wp-content\/uploads\/sites\/39\/2024\/10\/25h_zurichwest_hotelpage_contact_1.jpg?resize=768,576 768w, https:\/\/25hours-hotels.com\/wp-content\/uploads\/sites\/39\/2024\/10\/25h_zurichwest_hotelpage_contact_1.jpg?resize=16,12 16w\" sizes=\"(max-width: 1000px) 100vw, 1000px\" \/><\/figure>\n\n\n\n<div class=\"wp-block-columns is-not-stacked-on-mobile wp-block-25hours-information-columns__cols is-layout-flex wp-container-core-columns-is-layout-2 wp-block-columns-is-layout-flex\">\n<div class=\"wp-block-column is-vertically-aligned-top wp-block-25hours-information-columns__cols__col is-layout-flow wp-block-column-is-layout-flow\" style=\"padding-top:var(--wp--preset--spacing--2);padding-right:var(--wp--preset--spacing--2);padding-bottom:var(--wp--preset--spacing--2);padding-left:var(--wp--preset--spacing--2)\">\n<h4 class=\"wp-block-heading has-text-align-left wp-block-25hours-information-columns__cols__col__title has-title-4-font-size\">Anschrift<\/h4>\n\n\n\n<p class=\"wp-block-25hours-information-columns__cols__col__text has-paragraph-small-font-size\">25hours Hotel Z\u00fcrich West<br>Pfingstweidstrasse 102<br>8005 Z\u00fcrich<\/p>\n<\/div>\n\n\n\n<div class=\"wp-block-column is-vertically-aligned-top wp-block-25hours-information-columns__cols__col is-layout-flow wp-block-column-is-layout-flow\" style=\"padding-top:var(--wp--preset--spacing--2);padding-right:var(--wp--preset--spacing--2);padding-bottom:var(--wp--preset--spacing--2);padding-left:var(--wp--preset--spacing--2)\">\n<h4 class=\"wp-block-heading has-text-align-left wp-block-25hours-information-columns__cols__col__title has-title-4-font-size\">Kontakt<\/h4>\n\n\n\n<p class=\"wp-block-25hours-information-columns__cols__col__text has-paragraph-small-font-size\">p +41 44 577 28 20<br><a href=\"mailto:events.zuerichwest@25hours-hotels.com\" target=\"_blank\" rel=\"noreferrer noopener\">events.zuerichwest@25hours-hotels.com<\/a><\/p>\n<\/div>\n<\/div>\n<\/div>\n<\/div>\n<\/div>\n<\/div>","protected":false},"excerpt":{"rendered":"<p>Free co-working at 25hours Hotel Zurich West Discover the stylish co-working space at 25hours Hotel Zurich West, designed by Alfredo H\u00e4berli. With its modern, gym-inspired design, it is the perfect place for work and leisure. During the day, the Maxi-Bar offers a wide selection of fresh sandwiches, healthy salads and snacks. With the La Marzocco [&hellip;]<\/p>","protected":false},"author":205,"featured_media":19648,"parent":0,"menu_order":0,"comment_status":"closed","ping_status":"closed","template":"","meta":{"_acf_changed":false,"_yoast_wpseo_title":"Co-Working space I 25hours Hotel Zurich West","_yoast_wpseo_metadesc":"Visit the free Co-Working Space at the 25hours Hotel Zurich West. Stay in focus and work in a modern and inspiring environment designed to boost your creativity and productivity.","inline_featured_image":false,"footnotes":""},"business-site":[3],"acf":[],"yoast_head":"<!-- This site is optimized with the Yoast SEO plugin v22.7 - https:\/\/yoast.com\/wordpress\/plugins\/seo\/ -->\n<title>Co-Working space I 25hours Hotel Zurich West<\/title>\n<meta name=\"description\" content=\"Visit the free Co-Working Space at the 25hours Hotel Zurich West. Stay in focus and work in a modern and inspiring environment designed to boost your creativity and productivity.\" \/>\n<meta name=\"robots\" content=\"index, follow, max-snippet:-1, max-image-preview:large, max-video-preview:-1\" \/>\n<link rel=\"canonical\" href=\"https:\/\/25hours-hotels.com\/de\/zurich\/zurich-west\/co-working\/\" \/>\n<meta property=\"og:locale\" content=\"de_DE\" \/>\n<meta property=\"og:type\" content=\"article\" \/>\n<meta property=\"og:title\" content=\"Co-Working space I 25hours Hotel Zurich West\" \/>\n<meta property=\"og:description\" content=\"Visit the free Co-Working Space at the 25hours Hotel Zurich West. Stay in focus and work in a modern and inspiring environment designed to boost your creativity and productivity.\" \/>\n<meta property=\"og:url\" content=\"https:\/\/25hours-hotels.com\/de\/zurich\/zurich-west\/co-working\/\" \/>\n<meta property=\"og:site_name\" content=\"25hours Hotels\" \/>\n<meta property=\"article:modified_time\" content=\"2026-01-08T11:57:16+00:00\" \/>\n<meta property=\"og:image\" content=\"https:\/\/25hours-hotels.com\/wp-content\/uploads\/sites\/39\/2025\/10\/25h_zurichwest_coworking_header_2.jpg\" \/>\n\t<meta property=\"og:image:width\" content=\"1000\" \/>\n\t<meta property=\"og:image:height\" content=\"750\" \/>\n\t<meta property=\"og:image:type\" content=\"image\/jpeg\" \/>\n<meta name=\"twitter:card\" content=\"summary_large_image\" \/>\n<meta name=\"twitter:label1\" content=\"Est. reading time\" \/>\n\t<meta name=\"twitter:data1\" content=\"2 minutes\" \/>\n<script type=\"application\/ld+json\" class=\"yoast-schema-graph\">{\"@context\":\"https:\/\/schema.org\",\"@graph\":[{\"@type\":\"WebPage\",\"@id\":\"https:\/\/25hours-hotels.com\/zurich\/zurich-west\/co-working\/\",\"url\":\"https:\/\/25hours-hotels.com\/zurich\/zurich-west\/co-working\/\",\"name\":\"Co-Working space I 25hours Hotel Zurich West\",\"isPartOf\":{\"@id\":\"https:\/\/25hours-hotels.com\/#website\"},\"primaryImageOfPage\":{\"@id\":\"https:\/\/25hours-hotels.com\/zurich\/zurich-west\/co-working\/#primaryimage\"},\"image\":{\"@id\":\"https:\/\/25hours-hotels.com\/zurich\/zurich-west\/co-working\/#primaryimage\"},\"thumbnailUrl\":\"https:\/\/25hours-hotels.com\/wp-content\/uploads\/sites\/39\/2025\/10\/25h_zurichwest_coworking_header_2.jpg\",\"datePublished\":\"2024-11-03T10:35:18+00:00\",\"dateModified\":\"2026-01-08T11:57:16+00:00\",\"description\":\"Visit the free Co-Working Space at the 25hours Hotel Zurich West. Stay in focus and work in a modern and inspiring environment designed to boost your creativity and productivity.\",\"breadcrumb\":{\"@id\":\"https:\/\/25hours-hotels.com\/zurich\/zurich-west\/co-working\/#breadcrumb\"},\"inLanguage\":\"de-DE\",\"potentialAction\":[{\"@type\":\"ReadAction\",\"target\":[\"https:\/\/25hours-hotels.com\/zurich\/zurich-west\/co-working\/\"]}]},{\"@type\":\"ImageObject\",\"inLanguage\":\"de-DE\",\"@id\":\"https:\/\/25hours-hotels.com\/zurich\/zurich-west\/co-working\/#primaryimage\",\"url\":\"https:\/\/25hours-hotels.com\/wp-content\/uploads\/sites\/39\/2025\/10\/25h_zurichwest_coworking_header_2.jpg\",\"contentUrl\":\"https:\/\/25hours-hotels.com\/wp-content\/uploads\/sites\/39\/2025\/10\/25h_zurichwest_coworking_header_2.jpg\",\"width\":1000,\"height\":750},{\"@type\":\"BreadcrumbList\",\"@id\":\"https:\/\/25hours-hotels.com\/zurich\/zurich-west\/co-working\/#breadcrumb\",\"itemListElement\":[{\"@type\":\"ListItem\",\"position\":1,\"name\":\"Home\",\"item\":\"https:\/\/25hours-hotels.com\/\"},{\"@type\":\"ListItem\",\"position\":2,\"name\":\"Co-working\"}]},{\"@type\":\"WebSite\",\"@id\":\"https:\/\/25hours-hotels.com\/#website\",\"url\":\"https:\/\/25hours-hotels.com\/\",\"name\":\"25hours Hotels\",\"description\":\"\",\"potentialAction\":[{\"@type\":\"SearchAction\",\"target\":{\"@type\":\"EntryPoint\",\"urlTemplate\":\"https:\/\/25hours-hotels.com\/?s={search_term_string}\"},\"query-input\":\"required name=search_term_string\"}],\"inLanguage\":\"de-DE\"}]}<\/script>\n<!-- \/ Yoast SEO plugin. -->","yoast_head_json":{"title":"Co-Working space I 25hours Hotel Zurich West","description":"Visit the free Co-Working Space at the 25hours Hotel Zurich West. Stay in focus and work in a modern and inspiring environment designed to boost your creativity and productivity.","robots":{"index":"index","follow":"follow","max-snippet":"max-snippet:-1","max-image-preview":"max-image-preview:large","max-video-preview":"max-video-preview:-1"},"canonical":"https:\/\/25hours-hotels.com\/de\/zurich\/zurich-west\/co-working\/","og_locale":"de_DE","og_type":"article","og_title":"Co-Working space I 25hours Hotel Zurich West","og_description":"Visit the free Co-Working Space at the 25hours Hotel Zurich West. Stay in focus and work in a modern and inspiring environment designed to boost your creativity and productivity.","og_url":"https:\/\/25hours-hotels.com\/de\/zurich\/zurich-west\/co-working\/","og_site_name":"25hours Hotels","article_modified_time":"2026-01-08T11:57:16+00:00","og_image":[{"width":1000,"height":750,"url":"https:\/\/25hours-hotels.com\/wp-content\/uploads\/sites\/39\/2025\/10\/25h_zurichwest_coworking_header_2.jpg","type":"image\/jpeg"}],"twitter_card":"summary_large_image","twitter_misc":{"Est. reading time":"2 minutes"},"schema":{"@context":"https:\/\/schema.org","@graph":[{"@type":"WebPage","@id":"https:\/\/25hours-hotels.com\/zurich\/zurich-west\/co-working\/","url":"https:\/\/25hours-hotels.com\/zurich\/zurich-west\/co-working\/","name":"Co-Working space I 25hours Hotel Zurich West","isPartOf":{"@id":"https:\/\/25hours-hotels.com\/#website"},"primaryImageOfPage":{"@id":"https:\/\/25hours-hotels.com\/zurich\/zurich-west\/co-working\/#primaryimage"},"image":{"@id":"https:\/\/25hours-hotels.com\/zurich\/zurich-west\/co-working\/#primaryimage"},"thumbnailUrl":"https:\/\/25hours-hotels.com\/wp-content\/uploads\/sites\/39\/2025\/10\/25h_zurichwest_coworking_header_2.jpg","datePublished":"2024-11-03T10:35:18+00:00","dateModified":"2026-01-08T11:57:16+00:00","description":"Visit the free Co-Working Space at the 25hours Hotel Zurich West. Stay in focus and work in a modern and inspiring environment designed to boost your creativity and productivity.","breadcrumb":{"@id":"https:\/\/25hours-hotels.com\/zurich\/zurich-west\/co-working\/#breadcrumb"},"inLanguage":"de-DE","potentialAction":[{"@type":"ReadAction","target":["https:\/\/25hours-hotels.com\/zurich\/zurich-west\/co-working\/"]}]},{"@type":"ImageObject","inLanguage":"de-DE","@id":"https:\/\/25hours-hotels.com\/zurich\/zurich-west\/co-working\/#primaryimage","url":"https:\/\/25hours-hotels.com\/wp-content\/uploads\/sites\/39\/2025\/10\/25h_zurichwest_coworking_header_2.jpg","contentUrl":"https:\/\/25hours-hotels.com\/wp-content\/uploads\/sites\/39\/2025\/10\/25h_zurichwest_coworking_header_2.jpg","width":1000,"height":750},{"@type":"BreadcrumbList","@id":"https:\/\/25hours-hotels.com\/zurich\/zurich-west\/co-working\/#breadcrumb","itemListElement":[{"@type":"ListItem","position":1,"name":"Home","item":"https:\/\/25hours-hotels.com\/"},{"@type":"ListItem","position":2,"name":"Co-working"}]},{"@type":"WebSite","@id":"https:\/\/25hours-hotels.com\/#website","url":"https:\/\/25hours-hotels.com\/","name":"25hours Hotels","description":"","potentialAction":[{"@type":"SearchAction","target":{"@type":"EntryPoint","urlTemplate":"https:\/\/25hours-hotels.com\/?s={search_term_string}"},"query-input":"required name=search_term_string"}],"inLanguage":"de-DE"}]}},"jetpack_sharing_enabled":true,"_links":{"self":[{"href":"https:\/\/25hours-hotels.com\/de\/wp-json\/wp\/v2\/pages\/7730"}],"collection":[{"href":"https:\/\/25hours-hotels.com\/de\/wp-json\/wp\/v2\/pages"}],"about":[{"href":"https:\/\/25hours-hotels.com\/de\/wp-json\/wp\/v2\/types\/page"}],"author":[{"embeddable":true,"href":"https:\/\/25hours-hotels.com\/de\/wp-json\/wp\/v2\/users\/205"}],"replies":[{"embeddable":true,"href":"https:\/\/25hours-hotels.com\/de\/wp-json\/wp\/v2\/comments?post=7730"}],"version-history":[{"count":10,"href":"https:\/\/25hours-hotels.com\/de\/wp-json\/wp\/v2\/pages\/7730\/revisions"}],"predecessor-version":[{"id":24102,"href":"https:\/\/25hours-hotels.com\/de\/wp-json\/wp\/v2\/pages\/7730\/revisions\/24102"}],"wp:featuredmedia":[{"embeddable":true,"href":"https:\/\/25hours-hotels.com\/de\/wp-json\/wp\/v2\/media\/19648"}],"wp:attachment":[{"href":"https:\/\/25hours-hotels.com\/de\/wp-json\/wp\/v2\/media?parent=7730"}],"wp:term":[{"taxonomy":"business-site","embeddable":true,"href":"https:\/\/25hours-hotels.com\/de\/wp-json\/wp\/v2\/business-site?post=7730"}],"curies":[{"name":"wp","href":"https:\/\/api.w.org\/{rel}","templated":true}]}}