
{"id":7109,"date":"2024-10-31T13:22:33","date_gmt":"2024-10-31T13:22:33","guid":{"rendered":"https:\/\/25hours-hotels.com\/?page_id=7109"},"modified":"2024-10-31T13:58:52","modified_gmt":"2024-10-31T13:58:52","slug":"treedom","status":"publish","type":"page","link":"https:\/\/25hours-hotels.com\/de\/corporate-social-responsibility\/treedom\/","title":{"rendered":"Treedom"},"content":{"rendered":"<div class=\"wp-block-group has-pattern-dots has-global-padding is-layout-constrained wp-block-group-is-layout-constrained\" style=\"padding-top:var(--wp--preset--spacing--7);padding-bottom:var(--wp--preset--spacing--7)\">\n<div style=\"height:100px\" aria-hidden=\"true\" class=\"wp-block-spacer\"><\/div>\n\n\n\n<h2 class=\"wp-block-heading has-text-align-center\">Treedom<\/h2>\n\n\n\n<p class=\"has-text-align-center\">Eine soziale und \u00f6kologische Initiative.<\/p>\n<\/div>\n\n\n\n\n<div class=\"wp-block-group alignwide wp-block-media-post-content-block wp-block-media-post-content-block has-pattern-dots has-global-padding is-layout-constrained wp-container-core-group-is-layout-3 wp-block-group-is-layout-constrained\" style=\"padding-top:var(--wp--preset--spacing--5);padding-bottom:var(--wp--preset--spacing--5)\">\n<div class=\"wp-block-columns is-layout-flex wp-container-core-columns-is-layout-1 wp-block-columns-is-layout-flex\">\n<div class=\"wp-block-column custom25h-media-post-content-gallery is-layout-flow wp-block-column-is-layout-flow\">\n<figure class=\"wp-block-image size-large\"><img loading=\"lazy\" decoding=\"async\" width=\"1000\" height=\"750\" src=\"https:\/\/25hours-hotels.com\/wp-content\/uploads\/sites\/39\/2024\/10\/25h_global_csr_treedom_2.jpg?w=1000\" alt=\"\" class=\"wp-image-7114\" srcset=\"https:\/\/25hours-hotels.com\/wp-content\/uploads\/sites\/39\/2024\/10\/25h_global_csr_treedom_2.jpg 1000w, https:\/\/25hours-hotels.com\/wp-content\/uploads\/sites\/39\/2024\/10\/25h_global_csr_treedom_2.jpg?resize=300,225 300w, https:\/\/25hours-hotels.com\/wp-content\/uploads\/sites\/39\/2024\/10\/25h_global_csr_treedom_2.jpg?resize=768,576 768w, https:\/\/25hours-hotels.com\/wp-content\/uploads\/sites\/39\/2024\/10\/25h_global_csr_treedom_2.jpg?resize=16,12 16w\" sizes=\"(max-width: 1000px) 100vw, 1000px\" \/><\/figure>\n<\/div>\n\n\n\n<div class=\"wp-block-column is-vertically-aligned-top custom25h-media-post-content-post is-layout-flow wp-block-column-is-layout-flow\">\n<p>Mit Treedom unterst\u00fctzen G\u00e4ste \u00f6kologische, wie soziale Projekte aus der Ferne. Passend zur Geschichte Dantes G\u00f6ttlicher Kom\u00f6die, welche sich im Design des 25hours Hotel Piazza San Paolino widerspiegelt, werden die Baumprojekte des Hotels sinnbildlich im danach benannten Wald sinnbildlic\"La nostra foresta dell'Eden\" angelegt. Jeder Baum wird geografisch verortet und fotografiert. So kann die Entwicklung \u00fcber das Online-Baumtagebuch, in welchem auch aktuelle Informationen \u00fcber Baum und Projekt ver\u00f6ffentlicht werden, nachverfolgt werden.<\/p>\n\n\n\n<p>Der \u00f6kologische Impact ist umfassend. Jeder gewachsene Baum speichert Kohlenstoffdioxid und f\u00f6rdert den Erhalt der Biodiversit\u00e4t. Weiterhin wird, insbesondere in trockenen Gebieten die W\u00fcstenbildung einged\u00e4mmt und Bodenerosion bek\u00e4mpft.<\/p>\n\n\n\n<p>Neben dem \u00f6kologischen erzielt Treedom einen sozialen Impact. Kleinbauern und Agrargenossenschaften werden direkt finanziert. Treedom f\u00f6rdert Schulungen, neue berufliche Perspektiven entstehen und somit alternative Einkommensm\u00f6glichkeiten.<\/p>\n\n\n\n<div class=\"wp-block-buttons is-layout-flex wp-block-buttons-is-layout-flex\">\n<div class=\"wp-block-button is-style-text-link is-style-text-link is-style-text-link\"><a class=\"wp-block-button__link wp-element-button\" href=\"https:\/\/www.treedom.net\/en\" target=\"_blank\" rel=\"noreferrer noopener\" aria-label=\"\">Zur Webseite<\/a><\/div>\n<\/div>\n\n\n\n<div class=\"wp-block-group has-global-padding is-layout-constrained wp-block-group-is-layout-constrained\">\n<p><br><br><br><\/p>\n<\/div>\n<\/div>\n<\/div>\n<\/div>","protected":false},"excerpt":{"rendered":"<p>Green Key was launched in Denmark in 1994 and has been managed by the Foundation for Environmental Education (FEE) and its national member organisations since 2002.<\/p>","protected":false},"author":205,"featured_media":0,"parent":0,"menu_order":0,"comment_status":"closed","ping_status":"closed","template":"","meta":{"_acf_changed":false,"_yoast_wpseo_title":"","_yoast_wpseo_metadesc":"","inline_featured_image":false,"footnotes":""},"business-site":[],"acf":[],"yoast_head":"<!-- This site is optimized with the Yoast SEO plugin v22.7 - https:\/\/yoast.com\/wordpress\/plugins\/seo\/ -->\n<title>Treedom - 25hours Hotels<\/title>\n<meta name=\"robots\" content=\"index, follow, max-snippet:-1, max-image-preview:large, max-video-preview:-1\" \/>\n<link rel=\"canonical\" href=\"https:\/\/25hours-hotels.com\/de\/corporate-social-responsibility\/treedom\/\" \/>\n<meta property=\"og:locale\" content=\"de_DE\" \/>\n<meta property=\"og:type\" content=\"article\" \/>\n<meta property=\"og:title\" content=\"Treedom - 25hours Hotels\" \/>\n<meta property=\"og:description\" content=\"Green Key was launched in Denmark in 1994 and has been managed by the Foundation for Environmental Education (FEE) and its national member organisations since 2002.\" \/>\n<meta property=\"og:url\" content=\"https:\/\/25hours-hotels.com\/de\/corporate-social-responsibility\/treedom\/\" \/>\n<meta property=\"og:site_name\" content=\"25hours Hotels\" \/>\n<meta property=\"article:modified_time\" content=\"2024-10-31T13:58:52+00:00\" \/>\n<meta property=\"og:image\" content=\"https:\/\/25hours-hotels.com\/wp-content\/uploads\/sites\/39\/2024\/10\/25h_global_csr_treedom_2.jpg?w=1000\" \/>\n<meta name=\"twitter:card\" content=\"summary_large_image\" \/>\n<meta name=\"twitter:label1\" content=\"Est. reading time\" \/>\n\t<meta name=\"twitter:data1\" content=\"1 minute\" \/>\n<script type=\"application\/ld+json\" class=\"yoast-schema-graph\">{\"@context\":\"https:\/\/schema.org\",\"@graph\":[{\"@type\":\"WebPage\",\"@id\":\"https:\/\/25hours-hotels.com\/corporate-social-responsibility\/treedom\/\",\"url\":\"https:\/\/25hours-hotels.com\/corporate-social-responsibility\/treedom\/\",\"name\":\"Treedom - 25hours Hotels\",\"isPartOf\":{\"@id\":\"https:\/\/25hours-hotels.com\/#website\"},\"primaryImageOfPage\":{\"@id\":\"https:\/\/25hours-hotels.com\/corporate-social-responsibility\/treedom\/#primaryimage\"},\"image\":{\"@id\":\"https:\/\/25hours-hotels.com\/corporate-social-responsibility\/treedom\/#primaryimage\"},\"thumbnailUrl\":\"https:\/\/25hours-hotels.com\/wp-content\/uploads\/sites\/39\/2024\/10\/25h_global_csr_treedom_2.jpg?w=1000\",\"datePublished\":\"2024-10-31T13:22:33+00:00\",\"dateModified\":\"2024-10-31T13:58:52+00:00\",\"breadcrumb\":{\"@id\":\"https:\/\/25hours-hotels.com\/corporate-social-responsibility\/treedom\/#breadcrumb\"},\"inLanguage\":\"de-DE\",\"potentialAction\":[{\"@type\":\"ReadAction\",\"target\":[\"https:\/\/25hours-hotels.com\/corporate-social-responsibility\/treedom\/\"]}]},{\"@type\":\"ImageObject\",\"inLanguage\":\"de-DE\",\"@id\":\"https:\/\/25hours-hotels.com\/corporate-social-responsibility\/treedom\/#primaryimage\",\"url\":\"https:\/\/25hours-hotels.com\/wp-content\/uploads\/sites\/39\/2024\/10\/25h_global_csr_treedom_2.jpg?w=1000\",\"contentUrl\":\"https:\/\/25hours-hotels.com\/wp-content\/uploads\/sites\/39\/2024\/10\/25h_global_csr_treedom_2.jpg?w=1000\"},{\"@type\":\"BreadcrumbList\",\"@id\":\"https:\/\/25hours-hotels.com\/corporate-social-responsibility\/treedom\/#breadcrumb\",\"itemListElement\":[{\"@type\":\"ListItem\",\"position\":1,\"name\":\"Home\",\"item\":\"https:\/\/25hours-hotels.com\/\"},{\"@type\":\"ListItem\",\"position\":2,\"name\":\"Treedom\"}]},{\"@type\":\"WebSite\",\"@id\":\"https:\/\/25hours-hotels.com\/#website\",\"url\":\"https:\/\/25hours-hotels.com\/\",\"name\":\"25hours Hotels\",\"description\":\"\",\"potentialAction\":[{\"@type\":\"SearchAction\",\"target\":{\"@type\":\"EntryPoint\",\"urlTemplate\":\"https:\/\/25hours-hotels.com\/?s={search_term_string}\"},\"query-input\":\"required name=search_term_string\"}],\"inLanguage\":\"de-DE\"}]}<\/script>\n<!-- \/ Yoast SEO plugin. -->","yoast_head_json":{"title":"Treedom - 25hours Hotels","robots":{"index":"index","follow":"follow","max-snippet":"max-snippet:-1","max-image-preview":"max-image-preview:large","max-video-preview":"max-video-preview:-1"},"canonical":"https:\/\/25hours-hotels.com\/de\/corporate-social-responsibility\/treedom\/","og_locale":"de_DE","og_type":"article","og_title":"Treedom - 25hours Hotels","og_description":"Green Key was launched in Denmark in 1994 and has been managed by the Foundation for Environmental Education (FEE) and its national member organisations since 2002.","og_url":"https:\/\/25hours-hotels.com\/de\/corporate-social-responsibility\/treedom\/","og_site_name":"25hours Hotels","article_modified_time":"2024-10-31T13:58:52+00:00","og_image":[{"url":"https:\/\/25hours-hotels.com\/wp-content\/uploads\/sites\/39\/2024\/10\/25h_global_csr_treedom_2.jpg?w=1000"}],"twitter_card":"summary_large_image","twitter_misc":{"Est. reading time":"1 minute"},"schema":{"@context":"https:\/\/schema.org","@graph":[{"@type":"WebPage","@id":"https:\/\/25hours-hotels.com\/corporate-social-responsibility\/treedom\/","url":"https:\/\/25hours-hotels.com\/corporate-social-responsibility\/treedom\/","name":"Treedom - 25hours Hotels","isPartOf":{"@id":"https:\/\/25hours-hotels.com\/#website"},"primaryImageOfPage":{"@id":"https:\/\/25hours-hotels.com\/corporate-social-responsibility\/treedom\/#primaryimage"},"image":{"@id":"https:\/\/25hours-hotels.com\/corporate-social-responsibility\/treedom\/#primaryimage"},"thumbnailUrl":"https:\/\/25hours-hotels.com\/wp-content\/uploads\/sites\/39\/2024\/10\/25h_global_csr_treedom_2.jpg?w=1000","datePublished":"2024-10-31T13:22:33+00:00","dateModified":"2024-10-31T13:58:52+00:00","breadcrumb":{"@id":"https:\/\/25hours-hotels.com\/corporate-social-responsibility\/treedom\/#breadcrumb"},"inLanguage":"de-DE","potentialAction":[{"@type":"ReadAction","target":["https:\/\/25hours-hotels.com\/corporate-social-responsibility\/treedom\/"]}]},{"@type":"ImageObject","inLanguage":"de-DE","@id":"https:\/\/25hours-hotels.com\/corporate-social-responsibility\/treedom\/#primaryimage","url":"https:\/\/25hours-hotels.com\/wp-content\/uploads\/sites\/39\/2024\/10\/25h_global_csr_treedom_2.jpg?w=1000","contentUrl":"https:\/\/25hours-hotels.com\/wp-content\/uploads\/sites\/39\/2024\/10\/25h_global_csr_treedom_2.jpg?w=1000"},{"@type":"BreadcrumbList","@id":"https:\/\/25hours-hotels.com\/corporate-social-responsibility\/treedom\/#breadcrumb","itemListElement":[{"@type":"ListItem","position":1,"name":"Home","item":"https:\/\/25hours-hotels.com\/"},{"@type":"ListItem","position":2,"name":"Treedom"}]},{"@type":"WebSite","@id":"https:\/\/25hours-hotels.com\/#website","url":"https:\/\/25hours-hotels.com\/","name":"25hours Hotels","description":"","potentialAction":[{"@type":"SearchAction","target":{"@type":"EntryPoint","urlTemplate":"https:\/\/25hours-hotels.com\/?s={search_term_string}"},"query-input":"required name=search_term_string"}],"inLanguage":"de-DE"}]}},"jetpack_sharing_enabled":true,"_links":{"self":[{"href":"https:\/\/25hours-hotels.com\/de\/wp-json\/wp\/v2\/pages\/7109"}],"collection":[{"href":"https:\/\/25hours-hotels.com\/de\/wp-json\/wp\/v2\/pages"}],"about":[{"href":"https:\/\/25hours-hotels.com\/de\/wp-json\/wp\/v2\/types\/page"}],"author":[{"embeddable":true,"href":"https:\/\/25hours-hotels.com\/de\/wp-json\/wp\/v2\/users\/205"}],"replies":[{"embeddable":true,"href":"https:\/\/25hours-hotels.com\/de\/wp-json\/wp\/v2\/comments?post=7109"}],"version-history":[{"count":3,"href":"https:\/\/25hours-hotels.com\/de\/wp-json\/wp\/v2\/pages\/7109\/revisions"}],"predecessor-version":[{"id":7116,"href":"https:\/\/25hours-hotels.com\/de\/wp-json\/wp\/v2\/pages\/7109\/revisions\/7116"}],"wp:attachment":[{"href":"https:\/\/25hours-hotels.com\/de\/wp-json\/wp\/v2\/media?parent=7109"}],"wp:term":[{"taxonomy":"business-site","embeddable":true,"href":"https:\/\/25hours-hotels.com\/de\/wp-json\/wp\/v2\/business-site?post=7109"}],"curies":[{"name":"wp","href":"https:\/\/api.w.org\/{rel}","templated":true}]}}