
{"id":7107,"date":"2024-10-31T13:20:52","date_gmt":"2024-10-31T13:20:52","guid":{"rendered":"https:\/\/25hours-hotels.com\/?page_id=7107"},"modified":"2024-10-31T13:59:35","modified_gmt":"2024-10-31T13:59:35","slug":"aktion-baum","status":"publish","type":"page","link":"https:\/\/25hours-hotels.com\/de\/corporate-social-responsibility\/aktion-baum\/","title":{"rendered":"Aktion Baum"},"content":{"rendered":"<div class=\"wp-block-group has-pattern-dots has-global-padding is-layout-constrained wp-block-group-is-layout-constrained\" style=\"padding-top:var(--wp--preset--spacing--7);padding-bottom:var(--wp--preset--spacing--7)\">\n<div style=\"height:100px\" aria-hidden=\"true\" class=\"wp-block-spacer\"><\/div>\n\n\n\n<h2 class=\"wp-block-heading has-text-align-center\">Aktion Baum<\/h2>\n\n\n\n<p class=\"has-text-align-center\">Nachhaltige, effiziente Baumpflanzprojekte.<\/p>\n<\/div>\n\n\n\n\n<div class=\"wp-block-group alignwide wp-block-media-post-content-block wp-block-media-post-content-block has-pattern-dots has-global-padding is-layout-constrained wp-container-core-group-is-layout-2 wp-block-group-is-layout-constrained\" style=\"padding-top:var(--wp--preset--spacing--5);padding-bottom:var(--wp--preset--spacing--5)\">\n<div class=\"wp-block-columns is-layout-flex wp-container-core-columns-is-layout-1 wp-block-columns-is-layout-flex\">\n<div class=\"wp-block-column custom25h-media-post-content-gallery is-layout-flow wp-block-column-is-layout-flow\">\n<figure class=\"wp-block-image size-large is-resized\"><img loading=\"lazy\" decoding=\"async\" width=\"676\" height=\"1000\" src=\"https:\/\/25hours-hotels.com\/wp-content\/uploads\/sites\/39\/2024\/10\/25h_global_csr_aktionbaum_1.jpg?w=676\" alt=\"\" class=\"wp-image-7125\" style=\"object-fit:cover;width:488px;height:651px\" srcset=\"https:\/\/25hours-hotels.com\/wp-content\/uploads\/sites\/39\/2024\/10\/25h_global_csr_aktionbaum_1.jpg 676w, https:\/\/25hours-hotels.com\/wp-content\/uploads\/sites\/39\/2024\/10\/25h_global_csr_aktionbaum_1.jpg?resize=203,300 203w, https:\/\/25hours-hotels.com\/wp-content\/uploads\/sites\/39\/2024\/10\/25h_global_csr_aktionbaum_1.jpg?resize=8,12 8w\" sizes=\"(max-width: 676px) 100vw, 676px\" \/><\/figure>\n<\/div>\n\n\n\n<div class=\"wp-block-column is-vertically-aligned-top custom25h-media-post-content-post is-layout-flow wp-block-column-is-layout-flow\">\n<p>Hinter der Aktion Baum steht ein motiviertes Team, dass Erfahrungen und Kenntnisse aus Wissenschaft und Wirtschaft daf\u00fcr einsetzt, effiziente, nachhaltige L\u00f6sungen f\u00fcr gesunden W\u00e4lder zu liefern und den Klimawandel zu bek\u00e4mpfen. Ihre Mission: Den Weg bereiten f\u00fcr nachhaltige, effiziente Baumpflanzprojekte und die Pflege eines gesundes Waldes. Der gemeinn\u00fctzige Verein macht dabei keine Gewinne. Ein j\u00e4hrlicher Transparenzbericht garantiert, dass jeder Baum, der gespendet wird, auch tats\u00e4chlich gepflanzt wird.<\/p>\n\n\n\n<p>Bei ihrer t\u00e4glichen Arbeit konzentrieren sie sich auf 4 Aktionsgebiete: Forschung, eine eigene Wertsch\u00f6pfungskette, B\u00e4ume pflanzen, Bildung &amp; Aufk\u00e4rung.<\/p>\n\n\n\n<p>Nicht jeder Baum passt an jede Stelle und nicht jede Fl\u00e4che eignet sich f\u00fcr eine sinnvolle Aufforstung. Um das bestm\u00f6gliche Ergebnis zu garantieren, ist das Team der Aktion Baum gGmbH im engen Austausch mit f\u00fchrenden Wissenschaftlern und Baumexperten. Ziel ihres Heimat.Wald Konzepts ist es, den Wald der Zukunft zu erschaffen mit gr\u00f6\u00dftm\u00f6glicher Biodiversit\u00e4t und in Einklang mit Mensch und Umwelt.<\/p>\n\n\n\n<p>Das Aufforsten von regionalen, biodiversen W\u00e4ldern ist in Deutschland und Europa teuer. Im Schulterschluss mit Politik und Privatwirtschaft erarbeitet das Team M\u00f6glichkeiten eine gemeinn\u00fctzige Pflanzindustrie f\u00fcr B\u00e4ume zu schaffen, von der alle profitieren.<\/p>\n\n\n\n<p>Ein Waldtag f\u00fcr Unternehmen, der Pflanzf\u00fchrerschein f\u00fcr Grundsch\u00fcler oder die Unterst\u00fctzung von Projekten f\u00fcr Oberstufen sollen helfen, Wald erlebbar zu machen und in Theorie und Praxis in Kitas, Schulen und Unternehmen bringen. Auf diese Weise wird der  mittel- und langfristige Erfolg der Baumpflanzprojekte gesichert, nach dem Motto: \"Nur wer den Wald erlebt, lernt ihn zu lieben und zu sch\u00fctzen.\"<\/p>\n\n\n\n<p>Seit 2022 unterst\u00fctzt 25hours Aktion Baum bei Baumpflanzprojekten in Deutschland, \u00d6sterreich und der Schweiz. Wer w\u00e4hrend seines Aufenthalts in einem 25hours Hotel auf die Reinigung des Zimmers verzichtet, hat die M\u00f6glichkeit aktiv Einfluss zu nehmen auf den Erfolg der Baumpflanzprojekte.<\/p>\n<\/div>\n<\/div>\n<\/div>","protected":false},"excerpt":{"rendered":"<p>Green Key was launched in Denmark in 1994 and has been managed by the Foundation for Environmental Education (FEE) and its national member organisations since 2002.<\/p>","protected":false},"author":205,"featured_media":0,"parent":0,"menu_order":0,"comment_status":"closed","ping_status":"closed","template":"","meta":{"_acf_changed":false,"_yoast_wpseo_title":"","_yoast_wpseo_metadesc":"","inline_featured_image":false,"footnotes":""},"business-site":[],"acf":[],"yoast_head":"<!-- This site is optimized with the Yoast SEO plugin v22.7 - https:\/\/yoast.com\/wordpress\/plugins\/seo\/ -->\n<title>Aktion Baum - 25hours Hotels<\/title>\n<meta name=\"robots\" content=\"index, follow, max-snippet:-1, max-image-preview:large, max-video-preview:-1\" \/>\n<link rel=\"canonical\" href=\"https:\/\/25hours-hotels.com\/de\/corporate-social-responsibility\/aktion-baum\/\" \/>\n<meta property=\"og:locale\" content=\"de_DE\" \/>\n<meta property=\"og:type\" content=\"article\" \/>\n<meta property=\"og:title\" content=\"Aktion Baum - 25hours Hotels\" \/>\n<meta property=\"og:description\" content=\"Green Key was launched in Denmark in 1994 and has been managed by the Foundation for Environmental Education (FEE) and its national member organisations since 2002.\" \/>\n<meta property=\"og:url\" content=\"https:\/\/25hours-hotels.com\/de\/corporate-social-responsibility\/aktion-baum\/\" \/>\n<meta property=\"og:site_name\" content=\"25hours Hotels\" \/>\n<meta property=\"article:modified_time\" content=\"2024-10-31T13:59:35+00:00\" \/>\n<meta property=\"og:image\" content=\"https:\/\/25hours-hotels.com\/wp-content\/uploads\/sites\/39\/2024\/10\/25h_global_csr_aktionbaum_1.jpg?w=676\" \/>\n<meta name=\"twitter:card\" content=\"summary_large_image\" \/>\n<meta name=\"twitter:label1\" content=\"Est. reading time\" \/>\n\t<meta name=\"twitter:data1\" content=\"2 minutes\" \/>\n<script type=\"application\/ld+json\" class=\"yoast-schema-graph\">{\"@context\":\"https:\/\/schema.org\",\"@graph\":[{\"@type\":\"WebPage\",\"@id\":\"https:\/\/25hours-hotels.com\/corporate-social-responsibility\/aktion-baum\/\",\"url\":\"https:\/\/25hours-hotels.com\/corporate-social-responsibility\/aktion-baum\/\",\"name\":\"Aktion Baum - 25hours Hotels\",\"isPartOf\":{\"@id\":\"https:\/\/25hours-hotels.com\/#website\"},\"primaryImageOfPage\":{\"@id\":\"https:\/\/25hours-hotels.com\/corporate-social-responsibility\/aktion-baum\/#primaryimage\"},\"image\":{\"@id\":\"https:\/\/25hours-hotels.com\/corporate-social-responsibility\/aktion-baum\/#primaryimage\"},\"thumbnailUrl\":\"https:\/\/25hours-hotels.com\/wp-content\/uploads\/sites\/39\/2024\/10\/25h_global_csr_aktionbaum_1.jpg?w=676\",\"datePublished\":\"2024-10-31T13:20:52+00:00\",\"dateModified\":\"2024-10-31T13:59:35+00:00\",\"breadcrumb\":{\"@id\":\"https:\/\/25hours-hotels.com\/corporate-social-responsibility\/aktion-baum\/#breadcrumb\"},\"inLanguage\":\"de-DE\",\"potentialAction\":[{\"@type\":\"ReadAction\",\"target\":[\"https:\/\/25hours-hotels.com\/corporate-social-responsibility\/aktion-baum\/\"]}]},{\"@type\":\"ImageObject\",\"inLanguage\":\"de-DE\",\"@id\":\"https:\/\/25hours-hotels.com\/corporate-social-responsibility\/aktion-baum\/#primaryimage\",\"url\":\"https:\/\/25hours-hotels.com\/wp-content\/uploads\/sites\/39\/2024\/10\/25h_global_csr_aktionbaum_1.jpg?w=676\",\"contentUrl\":\"https:\/\/25hours-hotels.com\/wp-content\/uploads\/sites\/39\/2024\/10\/25h_global_csr_aktionbaum_1.jpg?w=676\"},{\"@type\":\"BreadcrumbList\",\"@id\":\"https:\/\/25hours-hotels.com\/corporate-social-responsibility\/aktion-baum\/#breadcrumb\",\"itemListElement\":[{\"@type\":\"ListItem\",\"position\":1,\"name\":\"Home\",\"item\":\"https:\/\/25hours-hotels.com\/\"},{\"@type\":\"ListItem\",\"position\":2,\"name\":\"Aktion Baum\"}]},{\"@type\":\"WebSite\",\"@id\":\"https:\/\/25hours-hotels.com\/#website\",\"url\":\"https:\/\/25hours-hotels.com\/\",\"name\":\"25hours Hotels\",\"description\":\"\",\"potentialAction\":[{\"@type\":\"SearchAction\",\"target\":{\"@type\":\"EntryPoint\",\"urlTemplate\":\"https:\/\/25hours-hotels.com\/?s={search_term_string}\"},\"query-input\":\"required name=search_term_string\"}],\"inLanguage\":\"de-DE\"}]}<\/script>\n<!-- \/ Yoast SEO plugin. -->","yoast_head_json":{"title":"Aktion Baum - 25hours Hotels","robots":{"index":"index","follow":"follow","max-snippet":"max-snippet:-1","max-image-preview":"max-image-preview:large","max-video-preview":"max-video-preview:-1"},"canonical":"https:\/\/25hours-hotels.com\/de\/corporate-social-responsibility\/aktion-baum\/","og_locale":"de_DE","og_type":"article","og_title":"Aktion Baum - 25hours Hotels","og_description":"Green Key was launched in Denmark in 1994 and has been managed by the Foundation for Environmental Education (FEE) and its national member organisations since 2002.","og_url":"https:\/\/25hours-hotels.com\/de\/corporate-social-responsibility\/aktion-baum\/","og_site_name":"25hours Hotels","article_modified_time":"2024-10-31T13:59:35+00:00","og_image":[{"url":"https:\/\/25hours-hotels.com\/wp-content\/uploads\/sites\/39\/2024\/10\/25h_global_csr_aktionbaum_1.jpg?w=676"}],"twitter_card":"summary_large_image","twitter_misc":{"Est. reading time":"2 minutes"},"schema":{"@context":"https:\/\/schema.org","@graph":[{"@type":"WebPage","@id":"https:\/\/25hours-hotels.com\/corporate-social-responsibility\/aktion-baum\/","url":"https:\/\/25hours-hotels.com\/corporate-social-responsibility\/aktion-baum\/","name":"Aktion Baum - 25hours Hotels","isPartOf":{"@id":"https:\/\/25hours-hotels.com\/#website"},"primaryImageOfPage":{"@id":"https:\/\/25hours-hotels.com\/corporate-social-responsibility\/aktion-baum\/#primaryimage"},"image":{"@id":"https:\/\/25hours-hotels.com\/corporate-social-responsibility\/aktion-baum\/#primaryimage"},"thumbnailUrl":"https:\/\/25hours-hotels.com\/wp-content\/uploads\/sites\/39\/2024\/10\/25h_global_csr_aktionbaum_1.jpg?w=676","datePublished":"2024-10-31T13:20:52+00:00","dateModified":"2024-10-31T13:59:35+00:00","breadcrumb":{"@id":"https:\/\/25hours-hotels.com\/corporate-social-responsibility\/aktion-baum\/#breadcrumb"},"inLanguage":"de-DE","potentialAction":[{"@type":"ReadAction","target":["https:\/\/25hours-hotels.com\/corporate-social-responsibility\/aktion-baum\/"]}]},{"@type":"ImageObject","inLanguage":"de-DE","@id":"https:\/\/25hours-hotels.com\/corporate-social-responsibility\/aktion-baum\/#primaryimage","url":"https:\/\/25hours-hotels.com\/wp-content\/uploads\/sites\/39\/2024\/10\/25h_global_csr_aktionbaum_1.jpg?w=676","contentUrl":"https:\/\/25hours-hotels.com\/wp-content\/uploads\/sites\/39\/2024\/10\/25h_global_csr_aktionbaum_1.jpg?w=676"},{"@type":"BreadcrumbList","@id":"https:\/\/25hours-hotels.com\/corporate-social-responsibility\/aktion-baum\/#breadcrumb","itemListElement":[{"@type":"ListItem","position":1,"name":"Home","item":"https:\/\/25hours-hotels.com\/"},{"@type":"ListItem","position":2,"name":"Aktion Baum"}]},{"@type":"WebSite","@id":"https:\/\/25hours-hotels.com\/#website","url":"https:\/\/25hours-hotels.com\/","name":"25hours Hotels","description":"","potentialAction":[{"@type":"SearchAction","target":{"@type":"EntryPoint","urlTemplate":"https:\/\/25hours-hotels.com\/?s={search_term_string}"},"query-input":"required name=search_term_string"}],"inLanguage":"de-DE"}]}},"jetpack_sharing_enabled":true,"_links":{"self":[{"href":"https:\/\/25hours-hotels.com\/de\/wp-json\/wp\/v2\/pages\/7107"}],"collection":[{"href":"https:\/\/25hours-hotels.com\/de\/wp-json\/wp\/v2\/pages"}],"about":[{"href":"https:\/\/25hours-hotels.com\/de\/wp-json\/wp\/v2\/types\/page"}],"author":[{"embeddable":true,"href":"https:\/\/25hours-hotels.com\/de\/wp-json\/wp\/v2\/users\/205"}],"replies":[{"embeddable":true,"href":"https:\/\/25hours-hotels.com\/de\/wp-json\/wp\/v2\/comments?post=7107"}],"version-history":[{"count":3,"href":"https:\/\/25hours-hotels.com\/de\/wp-json\/wp\/v2\/pages\/7107\/revisions"}],"predecessor-version":[{"id":21390,"href":"https:\/\/25hours-hotels.com\/de\/wp-json\/wp\/v2\/pages\/7107\/revisions\/21390"}],"wp:attachment":[{"href":"https:\/\/25hours-hotels.com\/de\/wp-json\/wp\/v2\/media?parent=7107"}],"wp:term":[{"taxonomy":"business-site","embeddable":true,"href":"https:\/\/25hours-hotels.com\/de\/wp-json\/wp\/v2\/business-site?post=7107"}],"curies":[{"name":"wp","href":"https:\/\/api.w.org\/{rel}","templated":true}]}}