
{"id":7099,"date":"2024-10-31T13:09:02","date_gmt":"2024-10-31T13:09:02","guid":{"rendered":"https:\/\/25hours-hotels.com\/?page_id=7099"},"modified":"2025-02-11T14:14:08","modified_gmt":"2025-02-11T14:14:08","slug":"viva-con-agua","status":"publish","type":"page","link":"https:\/\/25hours-hotels.com\/de\/corporate-social-responsibility\/viva-con-agua\/","title":{"rendered":"Viva con Agua"},"content":{"rendered":"<div class=\"wp-block-group has-pattern-dots has-global-padding is-layout-constrained wp-block-group-is-layout-constrained\" style=\"padding-top:var(--wp--preset--spacing--7);padding-bottom:var(--wp--preset--spacing--7)\">\n<div style=\"height:100px\" aria-hidden=\"true\" class=\"wp-block-spacer\"><\/div>\n\n\n\n<h2 class=\"wp-block-heading has-text-align-center\">Viva con Agua<\/h2>\n\n\n\n<p class=\"has-text-align-center\">One Wash Programm in Uganda<\/p>\n<\/div>\n\n\n\n\n<div class=\"wp-block-group alignwide wp-block-media-post-content-block wp-block-media-post-content-block has-pattern-dots has-global-padding is-layout-constrained wp-container-core-group-is-layout-3 wp-block-group-is-layout-constrained\" style=\"padding-top:var(--wp--preset--spacing--5);padding-bottom:var(--wp--preset--spacing--5)\">\n<div class=\"wp-block-columns is-layout-flex wp-container-core-columns-is-layout-1 wp-block-columns-is-layout-flex\">\n<div class=\"wp-block-column custom25h-media-post-content-gallery is-layout-flow wp-block-column-is-layout-flow\">\n<figure class=\"wp-block-image size-large is-resized\"><img loading=\"lazy\" decoding=\"async\" width=\"676\" height=\"1000\" src=\"https:\/\/25hours-hotels.com\/wp-content\/uploads\/sites\/39\/2024\/10\/25h_global_csr_vivaconagua_1.jpg?w=676\" alt=\"\" class=\"wp-image-7117\" style=\"object-fit:cover;width:488px;height:651px\" srcset=\"https:\/\/25hours-hotels.com\/wp-content\/uploads\/sites\/39\/2024\/10\/25h_global_csr_vivaconagua_1.jpg 676w, https:\/\/25hours-hotels.com\/wp-content\/uploads\/sites\/39\/2024\/10\/25h_global_csr_vivaconagua_1.jpg?resize=203,300 203w, https:\/\/25hours-hotels.com\/wp-content\/uploads\/sites\/39\/2024\/10\/25h_global_csr_vivaconagua_1.jpg?resize=8,12 8w\" sizes=\"(max-width: 676px) 100vw, 676px\" \/><\/figure>\n<\/div>\n\n\n\n<div class=\"wp-block-column is-vertically-aligned-top custom25h-media-post-content-post is-layout-flow wp-block-column-is-layout-flow\">\n<p>25hours Hotels unterst\u00fctzt den Viva con Agua St. Pauli e.V. bei ihrem ONE WASH PROGRAM UGANDA (WAter, Sanitation, Hygiene). F\u00fcr mehrere Wochen im Jahr wird daf\u00fcr die 25hours All For Water Rate live geschaltet.<\/p>\n\n\n\n<p>748 Millionen Menschen weltweit haben keinen Zugang zu sauberem Trinkwasser. Mehr als 2,5 Milliarden Menschen verf\u00fcgen \u00fcber keine angemessene sanit\u00e4re Grundversorgung. Diese Zahlen bewegten den ehemaligen FC St. Pauli Fu\u00dfballspieler Benjamin Adrion so sehr, dass er 2006 den Verein Viva con Agua gr\u00fcndete. In Kooperation mit der Welthungerhilfe setzt dieser sich f\u00fcr internationale Wasserprojekte ein.<\/p>\n\n\n\n<p>Bereits seit 2016 unterst\u00fctzt 25hours Hotels Viva con Agua bei Wasserprojekten. Das ONE WASH PROGRAM IN UGANDA soll den Zugang zu sauberem Trinkwasser weiter gew\u00e4hrleisten, sowie die Nutzung von WASH-Einrichtungen und -Dienstleistungen in ungef\u00e4hr 50 Gemeinden in Karamoja und dem West-Nil sichern und weiter entwickeln.<\/p>\n\n\n\n<p>Viva con Agua greift dabei auf den systemischen Ansatz der Sustainable Services Initiative (SSI) zur\u00fcck, um einen langfristigen Impact zu erzielen. Hier helfen auch die Universal Languages4Behavior Change in Form von Kunst, Musik und Sport.<\/p>\n\n\n\n<p>Die aktuellen Projekte in Asien und Afrika reichen vom Latrinenbau \u00fcber das Brunnenbohren bis hin zur edukativen Umsetzung. Kurz auch als WASH-Projekte betitelt: WAter, Sanitation and Hygiene. Das stets einhergehende Ziel ist Wasser f\u00fcr alle, alle f\u00fcr Wasser.<\/p>\n\n\n\n<p>Gut vernetzt wirbt der Verein auf kreative Weise f\u00fcr Spenden. Das Sammeln von Becherpfand auf mittlerweile 140 Festivals, die Erl\u00f6se aus dem Verkauf der hauseigenen Mineralwassermarke Viva con Agua und Spendenl\u00e4ufe sind nur einige Ma\u00dfnahmen, \u00fcber die der Verein Gelder f\u00fcr den guten Zweck zusammentr\u00e4gt. Viva con Agua konnte bisher rund EUR 12 Millionen f\u00fcr die Finanzierung von Wasserprojekten aufbringen und damit die Lebensbedingungen von mehr als drei Millionen Menschen nachhaltig verbessern.<\/p>\n\n\n\n<div class=\"wp-block-buttons is-layout-flex wp-block-buttons-is-layout-flex\">\n<div class=\"wp-block-button is-style-text-link is-style-text-link is-style-text-link\"><a class=\"wp-block-button__link wp-element-button\" href=\"https:\/\/www.vivaconagua.org\/\" target=\"_blank\" rel=\"noreferrer noopener\" aria-label=\"\">Mehr \u00fcber Viva con Agua<\/a><\/div>\n<\/div>\n\n\n\n<div class=\"wp-block-group has-global-padding is-layout-constrained wp-block-group-is-layout-constrained\">\n<p><br><br><br><\/p>\n<\/div>\n<\/div>\n<\/div>\n<\/div>","protected":false},"excerpt":{"rendered":"<p>Green Key was launched in Denmark in 1994 and has been managed by the Foundation for Environmental Education (FEE) and its national member organisations since 2002.<\/p>","protected":false},"author":205,"featured_media":0,"parent":0,"menu_order":0,"comment_status":"closed","ping_status":"closed","template":"","meta":{"_acf_changed":false,"_yoast_wpseo_title":"","_yoast_wpseo_metadesc":"","inline_featured_image":false,"footnotes":""},"business-site":[],"acf":[],"yoast_head":"<!-- This site is optimized with the Yoast SEO plugin v22.7 - https:\/\/yoast.com\/wordpress\/plugins\/seo\/ -->\n<title>Viva con Agua - 25hours Hotels<\/title>\n<meta name=\"robots\" content=\"index, follow, max-snippet:-1, max-image-preview:large, max-video-preview:-1\" \/>\n<link rel=\"canonical\" href=\"https:\/\/25hours-hotels.com\/de\/corporate-social-responsibility\/viva-con-agua\/\" \/>\n<meta property=\"og:locale\" content=\"de_DE\" \/>\n<meta property=\"og:type\" content=\"article\" \/>\n<meta property=\"og:title\" content=\"Viva con Agua - 25hours Hotels\" \/>\n<meta property=\"og:description\" content=\"Green Key was launched in Denmark in 1994 and has been managed by the Foundation for Environmental Education (FEE) and its national member organisations since 2002.\" \/>\n<meta property=\"og:url\" content=\"https:\/\/25hours-hotels.com\/de\/corporate-social-responsibility\/viva-con-agua\/\" \/>\n<meta property=\"og:site_name\" content=\"25hours Hotels\" \/>\n<meta property=\"article:modified_time\" content=\"2025-02-11T14:14:08+00:00\" \/>\n<meta property=\"og:image\" content=\"https:\/\/25hours-hotels.com\/wp-content\/uploads\/sites\/39\/2024\/10\/25h_global_csr_vivaconagua_1.jpg?w=676\" \/>\n<meta name=\"twitter:card\" content=\"summary_large_image\" \/>\n<meta name=\"twitter:label1\" content=\"Est. reading time\" \/>\n\t<meta name=\"twitter:data1\" content=\"2 minutes\" \/>\n<script type=\"application\/ld+json\" class=\"yoast-schema-graph\">{\"@context\":\"https:\/\/schema.org\",\"@graph\":[{\"@type\":\"WebPage\",\"@id\":\"https:\/\/25hours-hotels.com\/corporate-social-responsibility\/viva-con-agua\/\",\"url\":\"https:\/\/25hours-hotels.com\/corporate-social-responsibility\/viva-con-agua\/\",\"name\":\"Viva con Agua - 25hours Hotels\",\"isPartOf\":{\"@id\":\"https:\/\/25hours-hotels.com\/#website\"},\"primaryImageOfPage\":{\"@id\":\"https:\/\/25hours-hotels.com\/corporate-social-responsibility\/viva-con-agua\/#primaryimage\"},\"image\":{\"@id\":\"https:\/\/25hours-hotels.com\/corporate-social-responsibility\/viva-con-agua\/#primaryimage\"},\"thumbnailUrl\":\"https:\/\/25hours-hotels.com\/wp-content\/uploads\/sites\/39\/2024\/10\/25h_global_csr_vivaconagua_1.jpg?w=676\",\"datePublished\":\"2024-10-31T13:09:02+00:00\",\"dateModified\":\"2025-02-11T14:14:08+00:00\",\"breadcrumb\":{\"@id\":\"https:\/\/25hours-hotels.com\/corporate-social-responsibility\/viva-con-agua\/#breadcrumb\"},\"inLanguage\":\"de-DE\",\"potentialAction\":[{\"@type\":\"ReadAction\",\"target\":[\"https:\/\/25hours-hotels.com\/corporate-social-responsibility\/viva-con-agua\/\"]}]},{\"@type\":\"ImageObject\",\"inLanguage\":\"de-DE\",\"@id\":\"https:\/\/25hours-hotels.com\/corporate-social-responsibility\/viva-con-agua\/#primaryimage\",\"url\":\"https:\/\/25hours-hotels.com\/wp-content\/uploads\/sites\/39\/2024\/10\/25h_global_csr_vivaconagua_1.jpg?w=676\",\"contentUrl\":\"https:\/\/25hours-hotels.com\/wp-content\/uploads\/sites\/39\/2024\/10\/25h_global_csr_vivaconagua_1.jpg?w=676\"},{\"@type\":\"BreadcrumbList\",\"@id\":\"https:\/\/25hours-hotels.com\/corporate-social-responsibility\/viva-con-agua\/#breadcrumb\",\"itemListElement\":[{\"@type\":\"ListItem\",\"position\":1,\"name\":\"Home\",\"item\":\"https:\/\/25hours-hotels.com\/\"},{\"@type\":\"ListItem\",\"position\":2,\"name\":\"Viva con Agua\"}]},{\"@type\":\"WebSite\",\"@id\":\"https:\/\/25hours-hotels.com\/#website\",\"url\":\"https:\/\/25hours-hotels.com\/\",\"name\":\"25hours Hotels\",\"description\":\"\",\"potentialAction\":[{\"@type\":\"SearchAction\",\"target\":{\"@type\":\"EntryPoint\",\"urlTemplate\":\"https:\/\/25hours-hotels.com\/?s={search_term_string}\"},\"query-input\":\"required name=search_term_string\"}],\"inLanguage\":\"de-DE\"}]}<\/script>\n<!-- \/ Yoast SEO plugin. -->","yoast_head_json":{"title":"Viva con Agua - 25hours Hotels","robots":{"index":"index","follow":"follow","max-snippet":"max-snippet:-1","max-image-preview":"max-image-preview:large","max-video-preview":"max-video-preview:-1"},"canonical":"https:\/\/25hours-hotels.com\/de\/corporate-social-responsibility\/viva-con-agua\/","og_locale":"de_DE","og_type":"article","og_title":"Viva con Agua - 25hours Hotels","og_description":"Green Key was launched in Denmark in 1994 and has been managed by the Foundation for Environmental Education (FEE) and its national member organisations since 2002.","og_url":"https:\/\/25hours-hotels.com\/de\/corporate-social-responsibility\/viva-con-agua\/","og_site_name":"25hours Hotels","article_modified_time":"2025-02-11T14:14:08+00:00","og_image":[{"url":"https:\/\/25hours-hotels.com\/wp-content\/uploads\/sites\/39\/2024\/10\/25h_global_csr_vivaconagua_1.jpg?w=676"}],"twitter_card":"summary_large_image","twitter_misc":{"Est. reading time":"2 minutes"},"schema":{"@context":"https:\/\/schema.org","@graph":[{"@type":"WebPage","@id":"https:\/\/25hours-hotels.com\/corporate-social-responsibility\/viva-con-agua\/","url":"https:\/\/25hours-hotels.com\/corporate-social-responsibility\/viva-con-agua\/","name":"Viva con Agua - 25hours Hotels","isPartOf":{"@id":"https:\/\/25hours-hotels.com\/#website"},"primaryImageOfPage":{"@id":"https:\/\/25hours-hotels.com\/corporate-social-responsibility\/viva-con-agua\/#primaryimage"},"image":{"@id":"https:\/\/25hours-hotels.com\/corporate-social-responsibility\/viva-con-agua\/#primaryimage"},"thumbnailUrl":"https:\/\/25hours-hotels.com\/wp-content\/uploads\/sites\/39\/2024\/10\/25h_global_csr_vivaconagua_1.jpg?w=676","datePublished":"2024-10-31T13:09:02+00:00","dateModified":"2025-02-11T14:14:08+00:00","breadcrumb":{"@id":"https:\/\/25hours-hotels.com\/corporate-social-responsibility\/viva-con-agua\/#breadcrumb"},"inLanguage":"de-DE","potentialAction":[{"@type":"ReadAction","target":["https:\/\/25hours-hotels.com\/corporate-social-responsibility\/viva-con-agua\/"]}]},{"@type":"ImageObject","inLanguage":"de-DE","@id":"https:\/\/25hours-hotels.com\/corporate-social-responsibility\/viva-con-agua\/#primaryimage","url":"https:\/\/25hours-hotels.com\/wp-content\/uploads\/sites\/39\/2024\/10\/25h_global_csr_vivaconagua_1.jpg?w=676","contentUrl":"https:\/\/25hours-hotels.com\/wp-content\/uploads\/sites\/39\/2024\/10\/25h_global_csr_vivaconagua_1.jpg?w=676"},{"@type":"BreadcrumbList","@id":"https:\/\/25hours-hotels.com\/corporate-social-responsibility\/viva-con-agua\/#breadcrumb","itemListElement":[{"@type":"ListItem","position":1,"name":"Home","item":"https:\/\/25hours-hotels.com\/"},{"@type":"ListItem","position":2,"name":"Viva con Agua"}]},{"@type":"WebSite","@id":"https:\/\/25hours-hotels.com\/#website","url":"https:\/\/25hours-hotels.com\/","name":"25hours Hotels","description":"","potentialAction":[{"@type":"SearchAction","target":{"@type":"EntryPoint","urlTemplate":"https:\/\/25hours-hotels.com\/?s={search_term_string}"},"query-input":"required name=search_term_string"}],"inLanguage":"de-DE"}]}},"jetpack_sharing_enabled":true,"_links":{"self":[{"href":"https:\/\/25hours-hotels.com\/de\/wp-json\/wp\/v2\/pages\/7099"}],"collection":[{"href":"https:\/\/25hours-hotels.com\/de\/wp-json\/wp\/v2\/pages"}],"about":[{"href":"https:\/\/25hours-hotels.com\/de\/wp-json\/wp\/v2\/types\/page"}],"author":[{"embeddable":true,"href":"https:\/\/25hours-hotels.com\/de\/wp-json\/wp\/v2\/users\/205"}],"replies":[{"embeddable":true,"href":"https:\/\/25hours-hotels.com\/de\/wp-json\/wp\/v2\/comments?post=7099"}],"version-history":[{"count":3,"href":"https:\/\/25hours-hotels.com\/de\/wp-json\/wp\/v2\/pages\/7099\/revisions"}],"predecessor-version":[{"id":14990,"href":"https:\/\/25hours-hotels.com\/de\/wp-json\/wp\/v2\/pages\/7099\/revisions\/14990"}],"wp:attachment":[{"href":"https:\/\/25hours-hotels.com\/de\/wp-json\/wp\/v2\/media?parent=7099"}],"wp:term":[{"taxonomy":"business-site","embeddable":true,"href":"https:\/\/25hours-hotels.com\/de\/wp-json\/wp\/v2\/business-site?post=7099"}],"curies":[{"name":"wp","href":"https:\/\/api.w.org\/{rel}","templated":true}]}}