
{"id":6886,"date":"2024-10-30T14:35:03","date_gmt":"2024-10-30T14:35:03","guid":{"rendered":"https:\/\/25hours-hotels.com\/?page_id=6886"},"modified":"2025-06-12T13:26:51","modified_gmt":"2025-06-12T13:26:51","slug":"neighbourhood-2","status":"publish","type":"page","link":"https:\/\/25hours-hotels.com\/de\/zurich-west\/neighbourhood\/","title":{"rendered":"Nachbarschaft"},"content":{"rendered":"<div class=\"wp-block-group alignwide has-pattern-dots has-global-padding is-layout-constrained wp-block-group-is-layout-constrained\" style=\"padding-top:var(--wp--preset--spacing--10);padding-bottom:var(--wp--preset--spacing--10)\">\n<div style=\"height:100px\" aria-hidden=\"true\" class=\"wp-block-spacer\"><\/div>\n\n\n\n<h1 class=\"wp-block-heading has-text-align-center has-sticker-font-size wp-block-heading is-sticker has-custom-font has-texture has-spancolor-propertyColor1 translation-block\"><span>our<br>neighbourhood<\/span><\/h1>\n\n\n\n<p class=\"has-text-align-center\" style=\"padding-top:var(--wp--preset--spacing--4);padding-bottom:var(--wp--preset--spacing--4)\">In Z\u00fcrich West befinden sich das gr\u00f6\u00dfte Kino der Schweiz, die Seitenb\u00fchne des Schauspielhauses Z\u00fcrich und die Z\u00fcrcher Hochschule der K\u00fcnste. Es ist ein lebendiges Kulturzentrum mit Galerien, Theatern, Bars und Clubs.<\/p>\n\n\n\n<div class=\"wp-block-custom25h-neighbourhood-with-filters\" data-post-type=\"neighbourhood\" data-posts-per-page=\"12\" data-business-site=\"3\">\n    <div class=\"filter-controls\">\n        <div class=\"select-container\">\n            <div class=\"taxonomy-filters input-wrap\"><\/div> <!-- Placeholder for taxonomy filters -->\n        <\/div>\n    <\/div>\n    <div class=\"neighbourhood-list-container\">\n        <div class=\"neighbourhood-preloader\"><\/div>\n        <div class=\"wp-block-columns is-layout-flex wp-container-core-columns-is-layout-1 wp-block-columns-is-layout-flex neighbourhood-list\"><\/div> <!-- Container for displaying filtered posts -->\n        <div class=\"wp-block-button is-style-outline\">\n            <button class=\"wp-block-button__link wp-element-button read-more\">Load More<\/button> <!-- Load more button to load additional posts -->\n        <\/div>\n    <\/div>\n<\/div>\n<\/div>","protected":false},"excerpt":{"rendered":"<p>ourneighbourhood Zurich West is home to the largest cinema in Switzerland, the Schauspielhaus Zurich side stage and the Zurich University of the Arts. It is a vibrant cultural centre with galleries, theatres, bars and clubs.<\/p>","protected":false},"author":205,"featured_media":0,"parent":0,"menu_order":0,"comment_status":"closed","ping_status":"closed","template":"","meta":{"_acf_changed":false,"_yoast_wpseo_title":"Neighbourhood I 25hours Hotel Zurich West","_yoast_wpseo_metadesc":"Explore the trendy Zurich West neighborhood surrounding the 25hours Hotel Zurich, featuring a mix of innovative restaurants, art galleries, and vibrant nightlife.","inline_featured_image":false,"footnotes":""},"business-site":[3],"acf":[],"yoast_head":"<!-- This site is optimized with the Yoast SEO plugin v22.7 - https:\/\/yoast.com\/wordpress\/plugins\/seo\/ -->\n<title>Neighbourhood I 25hours Hotel Zurich West<\/title>\n<meta name=\"description\" content=\"Explore the trendy Zurich West neighborhood surrounding the 25hours Hotel Zurich, featuring a mix of innovative restaurants, art galleries, and vibrant nightlife.\" \/>\n<meta name=\"robots\" content=\"index, follow, max-snippet:-1, max-image-preview:large, max-video-preview:-1\" \/>\n<link rel=\"canonical\" href=\"https:\/\/25hours-hotels.com\/de\/zurich-west\/neighbourhood\/\" \/>\n<meta property=\"og:locale\" content=\"de_DE\" \/>\n<meta property=\"og:type\" content=\"article\" \/>\n<meta property=\"og:title\" content=\"Neighbourhood I 25hours Hotel Zurich West\" \/>\n<meta property=\"og:description\" content=\"Explore the trendy Zurich West neighborhood surrounding the 25hours Hotel Zurich, featuring a mix of innovative restaurants, art galleries, and vibrant nightlife.\" \/>\n<meta property=\"og:url\" content=\"https:\/\/25hours-hotels.com\/de\/zurich-west\/neighbourhood\/\" \/>\n<meta property=\"og:site_name\" content=\"25hours Hotels\" \/>\n<meta property=\"article:modified_time\" content=\"2025-06-12T13:26:51+00:00\" \/>\n<meta name=\"twitter:card\" content=\"summary_large_image\" \/>\n<meta name=\"twitter:label1\" content=\"Est. reading time\" \/>\n\t<meta name=\"twitter:data1\" content=\"1 minute\" \/>\n<script type=\"application\/ld+json\" class=\"yoast-schema-graph\">{\"@context\":\"https:\/\/schema.org\",\"@graph\":[{\"@type\":\"WebPage\",\"@id\":\"https:\/\/25hours-hotels.com\/zurich-west\/neighbourhood\/\",\"url\":\"https:\/\/25hours-hotels.com\/zurich-west\/neighbourhood\/\",\"name\":\"Neighbourhood I 25hours Hotel Zurich West\",\"isPartOf\":{\"@id\":\"https:\/\/25hours-hotels.com\/#website\"},\"datePublished\":\"2024-10-30T14:35:03+00:00\",\"dateModified\":\"2025-06-12T13:26:51+00:00\",\"description\":\"Explore the trendy Zurich West neighborhood surrounding the 25hours Hotel Zurich, featuring a mix of innovative restaurants, art galleries, and vibrant nightlife.\",\"breadcrumb\":{\"@id\":\"https:\/\/25hours-hotels.com\/zurich-west\/neighbourhood\/#breadcrumb\"},\"inLanguage\":\"de-DE\",\"potentialAction\":[{\"@type\":\"ReadAction\",\"target\":[\"https:\/\/25hours-hotels.com\/zurich-west\/neighbourhood\/\"]}]},{\"@type\":\"BreadcrumbList\",\"@id\":\"https:\/\/25hours-hotels.com\/zurich-west\/neighbourhood\/#breadcrumb\",\"itemListElement\":[{\"@type\":\"ListItem\",\"position\":1,\"name\":\"Home\",\"item\":\"https:\/\/25hours-hotels.com\/\"},{\"@type\":\"ListItem\",\"position\":2,\"name\":\"Neighbourhood\"}]},{\"@type\":\"WebSite\",\"@id\":\"https:\/\/25hours-hotels.com\/#website\",\"url\":\"https:\/\/25hours-hotels.com\/\",\"name\":\"25hours Hotels\",\"description\":\"\",\"potentialAction\":[{\"@type\":\"SearchAction\",\"target\":{\"@type\":\"EntryPoint\",\"urlTemplate\":\"https:\/\/25hours-hotels.com\/?s={search_term_string}\"},\"query-input\":\"required name=search_term_string\"}],\"inLanguage\":\"de-DE\"}]}<\/script>\n<!-- \/ Yoast SEO plugin. -->","yoast_head_json":{"title":"Neighbourhood I 25hours Hotel Zurich West","description":"Explore the trendy Zurich West neighborhood surrounding the 25hours Hotel Zurich, featuring a mix of innovative restaurants, art galleries, and vibrant nightlife.","robots":{"index":"index","follow":"follow","max-snippet":"max-snippet:-1","max-image-preview":"max-image-preview:large","max-video-preview":"max-video-preview:-1"},"canonical":"https:\/\/25hours-hotels.com\/de\/zurich-west\/neighbourhood\/","og_locale":"de_DE","og_type":"article","og_title":"Neighbourhood I 25hours Hotel Zurich West","og_description":"Explore the trendy Zurich West neighborhood surrounding the 25hours Hotel Zurich, featuring a mix of innovative restaurants, art galleries, and vibrant nightlife.","og_url":"https:\/\/25hours-hotels.com\/de\/zurich-west\/neighbourhood\/","og_site_name":"25hours Hotels","article_modified_time":"2025-06-12T13:26:51+00:00","twitter_card":"summary_large_image","twitter_misc":{"Est. reading time":"1 minute"},"schema":{"@context":"https:\/\/schema.org","@graph":[{"@type":"WebPage","@id":"https:\/\/25hours-hotels.com\/zurich-west\/neighbourhood\/","url":"https:\/\/25hours-hotels.com\/zurich-west\/neighbourhood\/","name":"Neighbourhood I 25hours Hotel Zurich West","isPartOf":{"@id":"https:\/\/25hours-hotels.com\/#website"},"datePublished":"2024-10-30T14:35:03+00:00","dateModified":"2025-06-12T13:26:51+00:00","description":"Explore the trendy Zurich West neighborhood surrounding the 25hours Hotel Zurich, featuring a mix of innovative restaurants, art galleries, and vibrant nightlife.","breadcrumb":{"@id":"https:\/\/25hours-hotels.com\/zurich-west\/neighbourhood\/#breadcrumb"},"inLanguage":"de-DE","potentialAction":[{"@type":"ReadAction","target":["https:\/\/25hours-hotels.com\/zurich-west\/neighbourhood\/"]}]},{"@type":"BreadcrumbList","@id":"https:\/\/25hours-hotels.com\/zurich-west\/neighbourhood\/#breadcrumb","itemListElement":[{"@type":"ListItem","position":1,"name":"Home","item":"https:\/\/25hours-hotels.com\/"},{"@type":"ListItem","position":2,"name":"Neighbourhood"}]},{"@type":"WebSite","@id":"https:\/\/25hours-hotels.com\/#website","url":"https:\/\/25hours-hotels.com\/","name":"25hours Hotels","description":"","potentialAction":[{"@type":"SearchAction","target":{"@type":"EntryPoint","urlTemplate":"https:\/\/25hours-hotels.com\/?s={search_term_string}"},"query-input":"required name=search_term_string"}],"inLanguage":"de-DE"}]}},"jetpack_sharing_enabled":true,"_links":{"self":[{"href":"https:\/\/25hours-hotels.com\/de\/wp-json\/wp\/v2\/pages\/6886"}],"collection":[{"href":"https:\/\/25hours-hotels.com\/de\/wp-json\/wp\/v2\/pages"}],"about":[{"href":"https:\/\/25hours-hotels.com\/de\/wp-json\/wp\/v2\/types\/page"}],"author":[{"embeddable":true,"href":"https:\/\/25hours-hotels.com\/de\/wp-json\/wp\/v2\/users\/205"}],"replies":[{"embeddable":true,"href":"https:\/\/25hours-hotels.com\/de\/wp-json\/wp\/v2\/comments?post=6886"}],"version-history":[{"count":3,"href":"https:\/\/25hours-hotels.com\/de\/wp-json\/wp\/v2\/pages\/6886\/revisions"}],"predecessor-version":[{"id":17083,"href":"https:\/\/25hours-hotels.com\/de\/wp-json\/wp\/v2\/pages\/6886\/revisions\/17083"}],"wp:attachment":[{"href":"https:\/\/25hours-hotels.com\/de\/wp-json\/wp\/v2\/media?parent=6886"}],"wp:term":[{"taxonomy":"business-site","embeddable":true,"href":"https:\/\/25hours-hotels.com\/de\/wp-json\/wp\/v2\/business-site?post=6886"}],"curies":[{"name":"wp","href":"https:\/\/api.w.org\/{rel}","templated":true}]}}