
{"id":408,"date":"2024-07-15T09:17:09","date_gmt":"2024-07-15T09:17:09","guid":{"rendered":"https:\/\/25hours-hotels.com\/?page_id=408"},"modified":"2025-07-10T08:55:43","modified_gmt":"2025-07-10T08:55:43","slug":"gift-voucher-landing-page","status":"publish","type":"page","link":"https:\/\/25hours-hotels.com\/de\/gift-vouchers\/","title":{"rendered":"Gift Voucher Landing Page"},"content":{"rendered":"<div class=\"wp-block-custom25h-hero-randb\">\n<div class=\"wp-block-group alignfull wp-block-custom25h-hero-randb--container has-background wp-block-custom25h-hero-randb--container has-color-propertyColor2 has-pattern-dots is-layout-flow wp-container-core-group-is-layout-4 wp-block-group-is-layout-flow\" style=\"background-color:#e5f2f9\">\n<div class=\"wp-block-group alignwide wp-block-custom25h-hero-randb--inner wp-block-custom25h-hero-randb--inner has-global-padding is-layout-constrained wp-container-core-group-is-layout-3 wp-block-group-is-layout-constrained\">\n<div class=\"wp-block-group alignfull wp-block-custom25h-hero-randb--texts wp-block-custom25h-hero-randb--texts is-layout-flow wp-container-core-group-is-layout-1 wp-block-group-is-layout-flow\">\n<h1 class=\"wp-block-heading has-title-1-font-size\">gift<br>vouchers<br><\/h1>\n<\/div>\n\n\n\n<div class=\"wp-block-group alignwide wp-block-custom25h-hero-randb--images wp-block-custom25h-hero-randb--images is-layout-flow wp-container-core-group-is-layout-2 wp-block-group-is-layout-flow\">\n<figure class=\"wp-block-image size-large\"><img loading=\"lazy\" decoding=\"async\" width=\"676\" height=\"700\" src=\"https:\/\/25hours-hotels.com\/wp-content\/uploads\/sites\/39\/2024\/11\/25h_global_voucher_2.jpg?w=676\" alt=\"\" class=\"wp-image-7686\" srcset=\"https:\/\/25hours-hotels.com\/wp-content\/uploads\/sites\/39\/2024\/11\/25h_global_voucher_2.jpg 676w, https:\/\/25hours-hotels.com\/wp-content\/uploads\/sites\/39\/2024\/11\/25h_global_voucher_2.jpg?resize=290,300 290w, https:\/\/25hours-hotels.com\/wp-content\/uploads\/sites\/39\/2024\/11\/25h_global_voucher_2.jpg?resize=12,12 12w\" sizes=\"(max-width: 676px) 100vw, 676px\" \/><\/figure>\n\n\n\n<figure class=\"wp-block-image size-large\"><img loading=\"lazy\" decoding=\"async\" width=\"1000\" height=\"750\" src=\"https:\/\/25hours-hotels.com\/wp-content\/uploads\/sites\/39\/2024\/11\/25h_global_voucher_1.jpg?w=1000\" alt=\"\" class=\"wp-image-7685\" srcset=\"https:\/\/25hours-hotels.com\/wp-content\/uploads\/sites\/39\/2024\/11\/25h_global_voucher_1.jpg 1000w, https:\/\/25hours-hotels.com\/wp-content\/uploads\/sites\/39\/2024\/11\/25h_global_voucher_1.jpg?resize=300,225 300w, https:\/\/25hours-hotels.com\/wp-content\/uploads\/sites\/39\/2024\/11\/25h_global_voucher_1.jpg?resize=768,576 768w, https:\/\/25hours-hotels.com\/wp-content\/uploads\/sites\/39\/2024\/11\/25h_global_voucher_1.jpg?resize=16,12 16w\" sizes=\"(max-width: 1000px) 100vw, 1000px\" \/><\/figure>\n\n\n\n<figure class=\"wp-block-image size-large\"><img loading=\"lazy\" decoding=\"async\" width=\"640\" height=\"640\" src=\"https:\/\/25hours-hotels.com\/wp-content\/uploads\/sites\/39\/2024\/08\/25h_museumsquartier_artefacts_5.png?w=640\" alt=\"\" class=\"wp-image-5278\" srcset=\"https:\/\/25hours-hotels.com\/wp-content\/uploads\/sites\/39\/2024\/08\/25h_museumsquartier_artefacts_5.png 640w, https:\/\/25hours-hotels.com\/wp-content\/uploads\/sites\/39\/2024\/08\/25h_museumsquartier_artefacts_5.png?resize=150,150 150w, https:\/\/25hours-hotels.com\/wp-content\/uploads\/sites\/39\/2024\/08\/25h_museumsquartier_artefacts_5.png?resize=300,300 300w, https:\/\/25hours-hotels.com\/wp-content\/uploads\/sites\/39\/2024\/08\/25h_museumsquartier_artefacts_5.png?resize=12,12 12w\" sizes=\"(max-width: 640px) 100vw, 640px\" \/><\/figure>\n<\/div>\n<\/div>\n<\/div>\n<\/div>\n\n\n\n<div class=\"wp-block-group has-pattern-dots has-global-padding is-layout-constrained wp-block-group-is-layout-constrained\" style=\"padding-top:var(--wp--preset--spacing--3);padding-bottom:var(--wp--preset--spacing--3)\">\n<div class=\"wp-block-group has-pattern-dots has-global-padding is-layout-constrained wp-block-group-is-layout-constrained\" style=\"padding-top:var(--wp--preset--spacing--4);padding-bottom:var(--wp--preset--spacing--4)\">\n<div class=\"wp-block-columns is-layout-flex wp-container-core-columns-is-layout-1 wp-block-columns-is-layout-flex\">\n<div class=\"wp-block-column is-layout-flow wp-block-column-is-layout-flow\" style=\"flex-basis:410px\">\n<h3 class=\"wp-block-heading\" style=\"padding-top:var(--wp--preset--spacing--1);padding-bottom:var(--wp--preset--spacing--1)\">good things happen when you smile.<\/h3>\n\n\n\n<p class=\"translation-block\">Egal ob \u00dcbernachtung, Restaurantbesuch oder Drink an der Bar: 25hours Gutscheine sind g\u00fcltig in Berlin, Dubai, D\u00fcsseldorf, Florenz, Frankfurt, Hamburg, Kopenhagen, K\u00f6ln, M\u00fcnchen, Paris, Wien und Z\u00fcrich. Einfach Gutschein aussuchen und selbst ausdrucken.<br><br>\nLieber eine h\u00fcbsche Karte mit Umschlag? Die gibt es an der Hotelrezeption des Vertrauens.<\/p>\n\n\n\n<div class=\"wp-block-buttons is-layout-flex wp-block-buttons-is-layout-flex\">\n<div class=\"wp-block-button\"><a class=\"wp-block-button__link wp-element-button\" href=\"https:\/\/www.25hours-companion.com\/en\/shop-voucher\/vouchers\/150-euro-voucher\" target=\"_blank\" rel=\"noreferrer noopener\" aria-label=\"\">Jetzt Gutschein kaufen<\/a><\/div>\n<\/div>\n<\/div>\n\n\n\n<div class=\"wp-block-column is-layout-flow wp-block-column-is-layout-flow\"><\/div>\n\n\n\n<div class=\"wp-block-column is-vertically-aligned-top is-layout-flow wp-block-column-is-layout-flow\" style=\"flex-basis:410px\">\n<p><br><br><br><br><br>Only one voucher can be purchased per order. For further vouchers, please start a new order process afterwards.\u2028<\/p>\n\n\n\n<ul>\n<li>Erh\u00e4ltlich in Euro, Schweizer Franken und D\u00e4nische Kronen<\/li>\n\n\n\n<li>Zahlung per Kreditkarte, PayPal, Apple Pay und Google Pay<\/li>\n\n\n\n<li>Selbst ausdrucken, direkt nach der Zahlung<\/li>\n\n\n\n<li>Teileinl\u00f6sung m\u00f6glich<\/li>\n\n\n\n<li>Alle Gutscheine werden in Euro abgerechnet. Es kann zu W\u00e4hrungsschwankungen kommen<\/li>\n<\/ul>\n\n\n\n<div class=\"wp-block-buttons is-layout-flex wp-block-buttons-is-layout-flex\">\n<div class=\"wp-block-button is-style-text-link is-style-text-link is-style-text-link\"><a class=\"wp-block-button__link wp-element-button\" href=\"https:\/\/25hours-hotels.com\/wp-content\/uploads\/sites\/39\/2024\/11\/25h_global_voucher_knsa_germany_agb_voucher_de.pdf\" target=\"_blank\" rel=\"noreferrer noopener\" aria-label=\"\">Widerrufsrecht, AGB<\/a><\/div>\n<\/div>\n\n\n\n<div class=\"wp-block-buttons is-layout-flex wp-block-buttons-is-layout-flex\" style=\"margin-top:0;margin-bottom:0\">\n<div class=\"wp-block-button is-style-text-link is-style-text-link is-style-text-link\"><a class=\"wp-block-button__link wp-element-button\" href=\"https:\/\/25hours-hotels.com\/de\/gift-vouchers\/voucher-validity\/\" target=\"_blank\" rel=\"noreferrer noopener\" aria-label=\"\">Wo kann ich meinen Wertgutschein einl\u00f6sen?<\/a><\/div>\n<\/div>\n<\/div>\n<\/div>\n<\/div>\n<\/div>","protected":false},"excerpt":{"rendered":"<p>good things happen when you smile. Whether it\u2019s for an overnight stay, a visit to the restaurant or a drink at the bar: 25hours vouchers are valid in Berlin, Cologne, Copenhagen, Dubai, D\u00fcsseldorf, Florence, Frankfurt, Hamburg, Munich, Paris, Vienna and Zurich&nbsp; \u2013 the choice is yours! Simply select your voucher and print it out yourself. [&hellip;]<\/p>","protected":false},"author":288,"featured_media":0,"parent":0,"menu_order":0,"comment_status":"closed","ping_status":"closed","template":"","meta":{"_acf_changed":false,"_yoast_wpseo_title":"","_yoast_wpseo_metadesc":"","inline_featured_image":false,"footnotes":""},"business-site":[],"acf":[],"yoast_head":"<!-- This site is optimized with the Yoast SEO plugin v22.7 - https:\/\/yoast.com\/wordpress\/plugins\/seo\/ -->\n<title>Gift Voucher Landing Page - 25hours Hotels<\/title>\n<meta name=\"robots\" content=\"index, follow, max-snippet:-1, max-image-preview:large, max-video-preview:-1\" \/>\n<link rel=\"canonical\" href=\"https:\/\/25hours-hotels.com\/de\/gift-vouchers\/\" \/>\n<meta property=\"og:locale\" content=\"de_DE\" \/>\n<meta property=\"og:type\" content=\"article\" \/>\n<meta property=\"og:title\" content=\"Gift Voucher Landing Page - 25hours Hotels\" \/>\n<meta property=\"og:description\" content=\"good things happen when you smile. Whether it\u2019s for an overnight stay, a visit to the restaurant or a drink at the bar: 25hours vouchers are valid in Berlin, Cologne, Copenhagen, Dubai, D\u00fcsseldorf, Florence, Frankfurt, Hamburg, Munich, Paris, Vienna and Zurich&nbsp; \u2013 the choice is yours! Simply select your voucher and print it out yourself. [&hellip;]\" \/>\n<meta property=\"og:url\" content=\"https:\/\/25hours-hotels.com\/de\/gift-vouchers\/\" \/>\n<meta property=\"og:site_name\" content=\"25hours Hotels\" \/>\n<meta property=\"article:modified_time\" content=\"2025-07-10T08:55:43+00:00\" \/>\n<meta property=\"og:image\" content=\"https:\/\/25hours-hotels.com\/wp-content\/uploads\/sites\/39\/2024\/11\/25h_global_voucher_2.jpg?w=676\" \/>\n<meta name=\"twitter:card\" content=\"summary_large_image\" \/>\n<meta name=\"twitter:label1\" content=\"Est. reading time\" \/>\n\t<meta name=\"twitter:data1\" content=\"2 minutes\" \/>\n<script type=\"application\/ld+json\" class=\"yoast-schema-graph\">{\"@context\":\"https:\/\/schema.org\",\"@graph\":[{\"@type\":\"WebPage\",\"@id\":\"https:\/\/25hours-hotels.com\/gift-vouchers\/\",\"url\":\"https:\/\/25hours-hotels.com\/gift-vouchers\/\",\"name\":\"Gift Voucher Landing Page - 25hours Hotels\",\"isPartOf\":{\"@id\":\"https:\/\/25hours-hotels.com\/#website\"},\"primaryImageOfPage\":{\"@id\":\"https:\/\/25hours-hotels.com\/gift-vouchers\/#primaryimage\"},\"image\":{\"@id\":\"https:\/\/25hours-hotels.com\/gift-vouchers\/#primaryimage\"},\"thumbnailUrl\":\"https:\/\/25hours-hotels.com\/wp-content\/uploads\/sites\/39\/2024\/11\/25h_global_voucher_2.jpg?w=676\",\"datePublished\":\"2024-07-15T09:17:09+00:00\",\"dateModified\":\"2025-07-10T08:55:43+00:00\",\"breadcrumb\":{\"@id\":\"https:\/\/25hours-hotels.com\/gift-vouchers\/#breadcrumb\"},\"inLanguage\":\"de-DE\",\"potentialAction\":[{\"@type\":\"ReadAction\",\"target\":[\"https:\/\/25hours-hotels.com\/gift-vouchers\/\"]}]},{\"@type\":\"ImageObject\",\"inLanguage\":\"de-DE\",\"@id\":\"https:\/\/25hours-hotels.com\/gift-vouchers\/#primaryimage\",\"url\":\"https:\/\/25hours-hotels.com\/wp-content\/uploads\/sites\/39\/2024\/11\/25h_global_voucher_2.jpg?w=676\",\"contentUrl\":\"https:\/\/25hours-hotels.com\/wp-content\/uploads\/sites\/39\/2024\/11\/25h_global_voucher_2.jpg?w=676\"},{\"@type\":\"BreadcrumbList\",\"@id\":\"https:\/\/25hours-hotels.com\/gift-vouchers\/#breadcrumb\",\"itemListElement\":[{\"@type\":\"ListItem\",\"position\":1,\"name\":\"Home\",\"item\":\"https:\/\/25hours-hotels.com\/\"},{\"@type\":\"ListItem\",\"position\":2,\"name\":\"Gift Voucher Landing Page\"}]},{\"@type\":\"WebSite\",\"@id\":\"https:\/\/25hours-hotels.com\/#website\",\"url\":\"https:\/\/25hours-hotels.com\/\",\"name\":\"25hours Hotels\",\"description\":\"\",\"potentialAction\":[{\"@type\":\"SearchAction\",\"target\":{\"@type\":\"EntryPoint\",\"urlTemplate\":\"https:\/\/25hours-hotels.com\/?s={search_term_string}\"},\"query-input\":\"required name=search_term_string\"}],\"inLanguage\":\"de-DE\"}]}<\/script>\n<!-- \/ Yoast SEO plugin. -->","yoast_head_json":{"title":"Gift Voucher Landing Page - 25hours Hotels","robots":{"index":"index","follow":"follow","max-snippet":"max-snippet:-1","max-image-preview":"max-image-preview:large","max-video-preview":"max-video-preview:-1"},"canonical":"https:\/\/25hours-hotels.com\/de\/gift-vouchers\/","og_locale":"de_DE","og_type":"article","og_title":"Gift Voucher Landing Page - 25hours Hotels","og_description":"good things happen when you smile. Whether it\u2019s for an overnight stay, a visit to the restaurant or a drink at the bar: 25hours vouchers are valid in Berlin, Cologne, Copenhagen, Dubai, D\u00fcsseldorf, Florence, Frankfurt, Hamburg, Munich, Paris, Vienna and Zurich&nbsp; \u2013 the choice is yours! Simply select your voucher and print it out yourself. [&hellip;]","og_url":"https:\/\/25hours-hotels.com\/de\/gift-vouchers\/","og_site_name":"25hours Hotels","article_modified_time":"2025-07-10T08:55:43+00:00","og_image":[{"url":"https:\/\/25hours-hotels.com\/wp-content\/uploads\/sites\/39\/2024\/11\/25h_global_voucher_2.jpg?w=676"}],"twitter_card":"summary_large_image","twitter_misc":{"Est. reading time":"2 minutes"},"schema":{"@context":"https:\/\/schema.org","@graph":[{"@type":"WebPage","@id":"https:\/\/25hours-hotels.com\/gift-vouchers\/","url":"https:\/\/25hours-hotels.com\/gift-vouchers\/","name":"Gift Voucher Landing Page - 25hours Hotels","isPartOf":{"@id":"https:\/\/25hours-hotels.com\/#website"},"primaryImageOfPage":{"@id":"https:\/\/25hours-hotels.com\/gift-vouchers\/#primaryimage"},"image":{"@id":"https:\/\/25hours-hotels.com\/gift-vouchers\/#primaryimage"},"thumbnailUrl":"https:\/\/25hours-hotels.com\/wp-content\/uploads\/sites\/39\/2024\/11\/25h_global_voucher_2.jpg?w=676","datePublished":"2024-07-15T09:17:09+00:00","dateModified":"2025-07-10T08:55:43+00:00","breadcrumb":{"@id":"https:\/\/25hours-hotels.com\/gift-vouchers\/#breadcrumb"},"inLanguage":"de-DE","potentialAction":[{"@type":"ReadAction","target":["https:\/\/25hours-hotels.com\/gift-vouchers\/"]}]},{"@type":"ImageObject","inLanguage":"de-DE","@id":"https:\/\/25hours-hotels.com\/gift-vouchers\/#primaryimage","url":"https:\/\/25hours-hotels.com\/wp-content\/uploads\/sites\/39\/2024\/11\/25h_global_voucher_2.jpg?w=676","contentUrl":"https:\/\/25hours-hotels.com\/wp-content\/uploads\/sites\/39\/2024\/11\/25h_global_voucher_2.jpg?w=676"},{"@type":"BreadcrumbList","@id":"https:\/\/25hours-hotels.com\/gift-vouchers\/#breadcrumb","itemListElement":[{"@type":"ListItem","position":1,"name":"Home","item":"https:\/\/25hours-hotels.com\/"},{"@type":"ListItem","position":2,"name":"Gift Voucher Landing Page"}]},{"@type":"WebSite","@id":"https:\/\/25hours-hotels.com\/#website","url":"https:\/\/25hours-hotels.com\/","name":"25hours Hotels","description":"","potentialAction":[{"@type":"SearchAction","target":{"@type":"EntryPoint","urlTemplate":"https:\/\/25hours-hotels.com\/?s={search_term_string}"},"query-input":"required name=search_term_string"}],"inLanguage":"de-DE"}]}},"jetpack_sharing_enabled":true,"_links":{"self":[{"href":"https:\/\/25hours-hotels.com\/de\/wp-json\/wp\/v2\/pages\/408"}],"collection":[{"href":"https:\/\/25hours-hotels.com\/de\/wp-json\/wp\/v2\/pages"}],"about":[{"href":"https:\/\/25hours-hotels.com\/de\/wp-json\/wp\/v2\/types\/page"}],"author":[{"embeddable":true,"href":"https:\/\/25hours-hotels.com\/de\/wp-json\/wp\/v2\/users\/288"}],"replies":[{"embeddable":true,"href":"https:\/\/25hours-hotels.com\/de\/wp-json\/wp\/v2\/comments?post=408"}],"version-history":[{"count":31,"href":"https:\/\/25hours-hotels.com\/de\/wp-json\/wp\/v2\/pages\/408\/revisions"}],"predecessor-version":[{"id":17488,"href":"https:\/\/25hours-hotels.com\/de\/wp-json\/wp\/v2\/pages\/408\/revisions\/17488"}],"wp:attachment":[{"href":"https:\/\/25hours-hotels.com\/de\/wp-json\/wp\/v2\/media?parent=408"}],"wp:term":[{"taxonomy":"business-site","embeddable":true,"href":"https:\/\/25hours-hotels.com\/de\/wp-json\/wp\/v2\/business-site?post=408"}],"curies":[{"name":"wp","href":"https:\/\/api.w.org\/{rel}","templated":true}]}}