
{"id":2803,"date":"2024-09-20T15:21:48","date_gmt":"2024-09-20T15:21:48","guid":{"rendered":"https:\/\/25hours-hotels.com\/?page_id=2803"},"modified":"2024-11-01T16:59:24","modified_gmt":"2024-11-01T16:59:24","slug":"green-key","status":"publish","type":"page","link":"https:\/\/25hours-hotels.com\/de\/corporate-social-responsibility\/green-key\/","title":{"rendered":"Green Key"},"content":{"rendered":"<div class=\"wp-block-group has-pattern-dots has-global-padding is-layout-constrained wp-block-group-is-layout-constrained\" style=\"padding-top:var(--wp--preset--spacing--7);padding-bottom:var(--wp--preset--spacing--7)\">\n<div style=\"height:100px\" aria-hidden=\"true\" class=\"wp-block-spacer\"><\/div>\n\n\n\n<h2 class=\"wp-block-heading has-text-align-center\">Green Key<\/h2>\n\n\n\n<p class=\"has-text-align-center\">Das am weitesten verbreitete Tourismus Zertifikat weltweit.<\/p>\n<\/div>\n\n\n\n\n<div class=\"wp-block-group alignwide wp-block-media-post-content-block wp-block-media-post-content-block has-pattern-dots has-global-padding is-layout-constrained wp-container-core-group-is-layout-3 wp-block-group-is-layout-constrained\" style=\"padding-top:var(--wp--preset--spacing--5);padding-bottom:var(--wp--preset--spacing--5)\">\n<div class=\"wp-block-columns is-layout-flex wp-container-core-columns-is-layout-1 wp-block-columns-is-layout-flex\">\n<div class=\"wp-block-column custom25h-media-post-content-gallery is-layout-flow wp-block-column-is-layout-flow\">\n<figure class=\"wp-block-image size-large is-resized\"><img loading=\"lazy\" decoding=\"async\" width=\"676\" height=\"1000\" src=\"https:\/\/25hours-hotels.com\/wp-content\/uploads\/sites\/39\/2024\/11\/25h_global_csr_greenkey_2.jpg?w=676\" alt=\"\" class=\"wp-image-7690\" style=\"object-fit:cover;width:488px;height:651px\" srcset=\"https:\/\/25hours-hotels.com\/wp-content\/uploads\/sites\/39\/2024\/11\/25h_global_csr_greenkey_2.jpg 676w, https:\/\/25hours-hotels.com\/wp-content\/uploads\/sites\/39\/2024\/11\/25h_global_csr_greenkey_2.jpg?resize=203,300 203w, https:\/\/25hours-hotels.com\/wp-content\/uploads\/sites\/39\/2024\/11\/25h_global_csr_greenkey_2.jpg?resize=8,12 8w\" sizes=\"(max-width: 676px) 100vw, 676px\" \/><\/figure>\n<\/div>\n\n\n\n<div class=\"wp-block-column is-vertically-aligned-top custom25h-media-post-content-post is-layout-flow wp-block-column-is-layout-flow\">\n<p>Green Key wurde 1994 in D\u00e4nemark ins Leben gerufen und wird seit 2002 von der Foundation for Environmental Education (FEE) und ihren nationalen Mitgliedsorganisationen verwaltet. Mit mehr als 6.000 zertifizierten Betrieben in \u00fcber 70 L\u00e4ndern ist Green Key das am weitesten verbreitete Tourismus Zertifikat weltweit. Mit dieser Zusammenarbeit verpflichten sich unsere Hotels, die strengen Vorgaben der FEE einzuhalten. Bis Ende des Jahres 2024 sollen alle 25hours Hotels die Green Key Zertifizierung erlangt haben. Daf\u00fcr werden sowohl in den Gastbereichen, als auch im Hintergrund zahlreiche Initiativen umgesetzt. Einige dieser Ma\u00dfnahmen sind die F\u00f6rderung von Leitungswasser, die Reduzierung des Wasserverbrauchs auf den Zimmern, Food-Waste Minimierung sowie soziale Kooperationen mit lokalen und nationalen Partnern.<\/p>\n\n\n\n<p>Der Green Key steht f\u00fcr das Versprechen, einen entscheidenden Beitrag zum Umweltschutz und zur Nachhaltigkeit zu leisten. Die hohen Standards der Organisation werden durch strenge Dokumentation, h\u00e4ufige Audits durch geschulte Auditoren und Dritte, sowie der Transparenz des Programms sichergestellt. Aktuell bestehen die Kontrollen aus mehr als 100 Kriterien in 13 Kategorien. Der Kriterien-Katalog umfasst Kategorien wie Wasser, Elektrizit\u00e4t, Essen &amp; Trinken, Abfall, Waschen &amp; Reinigung. Auch die Information der G\u00e4ste, die Einbeziehung des Personals und weitere nachhaltige Aktivit\u00e4ten flie\u00dfen in die Bewertung ein.<\/p>\n\n\n\n<div class=\"wp-block-buttons is-layout-flex wp-block-buttons-is-layout-flex\">\n<div class=\"wp-block-button is-style-text-link is-style-text-link is-style-text-link\"><a class=\"wp-block-button__link wp-element-button\" href=\"https:\/\/www.greenkey.global\/\" target=\"_blank\" rel=\"noreferrer noopener\" aria-label=\"\">Zur Webseite<\/a><\/div>\n<\/div>\n\n\n\n<div class=\"wp-block-group has-global-padding is-layout-constrained wp-block-group-is-layout-constrained\">\n<p><br><br><br><\/p>\n<\/div>\n<\/div>\n<\/div>\n<\/div>","protected":false},"excerpt":{"rendered":"<p>Green Key was launched in Denmark in 1994 and has been managed by the Foundation for Environmental Education (FEE) and its national member organisations since 2002.<\/p>","protected":false},"author":288,"featured_media":0,"parent":0,"menu_order":0,"comment_status":"closed","ping_status":"closed","template":"","meta":{"_acf_changed":false,"_yoast_wpseo_title":"","_yoast_wpseo_metadesc":"","inline_featured_image":false,"footnotes":""},"business-site":[],"acf":[],"yoast_head":"<!-- This site is optimized with the Yoast SEO plugin v22.7 - https:\/\/yoast.com\/wordpress\/plugins\/seo\/ -->\n<title>Green Key - 25hours Hotels<\/title>\n<meta name=\"robots\" content=\"index, follow, max-snippet:-1, max-image-preview:large, max-video-preview:-1\" \/>\n<link rel=\"canonical\" href=\"https:\/\/25hours-hotels.com\/de\/corporate-social-responsibility\/green-key\/\" \/>\n<meta property=\"og:locale\" content=\"de_DE\" \/>\n<meta property=\"og:type\" content=\"article\" \/>\n<meta property=\"og:title\" content=\"Green Key - 25hours Hotels\" \/>\n<meta property=\"og:description\" content=\"Green Key was launched in Denmark in 1994 and has been managed by the Foundation for Environmental Education (FEE) and its national member organisations since 2002.\" \/>\n<meta property=\"og:url\" content=\"https:\/\/25hours-hotels.com\/de\/corporate-social-responsibility\/green-key\/\" \/>\n<meta property=\"og:site_name\" content=\"25hours Hotels\" \/>\n<meta property=\"article:modified_time\" content=\"2024-11-01T16:59:24+00:00\" \/>\n<meta property=\"og:image\" content=\"https:\/\/25hours-hotels.com\/wp-content\/uploads\/sites\/39\/2024\/11\/25h_global_csr_greenkey_2.jpg?w=676\" \/>\n<meta name=\"twitter:card\" content=\"summary_large_image\" \/>\n<meta name=\"twitter:label1\" content=\"Est. reading time\" \/>\n\t<meta name=\"twitter:data1\" content=\"2 minutes\" \/>\n<script type=\"application\/ld+json\" class=\"yoast-schema-graph\">{\"@context\":\"https:\/\/schema.org\",\"@graph\":[{\"@type\":\"WebPage\",\"@id\":\"https:\/\/25hours-hotels.com\/corporate-social-responsibility\/green-key\/\",\"url\":\"https:\/\/25hours-hotels.com\/corporate-social-responsibility\/green-key\/\",\"name\":\"Green Key - 25hours Hotels\",\"isPartOf\":{\"@id\":\"https:\/\/25hours-hotels.com\/#website\"},\"primaryImageOfPage\":{\"@id\":\"https:\/\/25hours-hotels.com\/corporate-social-responsibility\/green-key\/#primaryimage\"},\"image\":{\"@id\":\"https:\/\/25hours-hotels.com\/corporate-social-responsibility\/green-key\/#primaryimage\"},\"thumbnailUrl\":\"https:\/\/25hours-hotels.com\/wp-content\/uploads\/sites\/39\/2024\/11\/25h_global_csr_greenkey_2.jpg?w=676\",\"datePublished\":\"2024-09-20T15:21:48+00:00\",\"dateModified\":\"2024-11-01T16:59:24+00:00\",\"breadcrumb\":{\"@id\":\"https:\/\/25hours-hotels.com\/corporate-social-responsibility\/green-key\/#breadcrumb\"},\"inLanguage\":\"de-DE\",\"potentialAction\":[{\"@type\":\"ReadAction\",\"target\":[\"https:\/\/25hours-hotels.com\/corporate-social-responsibility\/green-key\/\"]}]},{\"@type\":\"ImageObject\",\"inLanguage\":\"de-DE\",\"@id\":\"https:\/\/25hours-hotels.com\/corporate-social-responsibility\/green-key\/#primaryimage\",\"url\":\"https:\/\/25hours-hotels.com\/wp-content\/uploads\/sites\/39\/2024\/11\/25h_global_csr_greenkey_2.jpg?w=676\",\"contentUrl\":\"https:\/\/25hours-hotels.com\/wp-content\/uploads\/sites\/39\/2024\/11\/25h_global_csr_greenkey_2.jpg?w=676\"},{\"@type\":\"BreadcrumbList\",\"@id\":\"https:\/\/25hours-hotels.com\/corporate-social-responsibility\/green-key\/#breadcrumb\",\"itemListElement\":[{\"@type\":\"ListItem\",\"position\":1,\"name\":\"Home\",\"item\":\"https:\/\/25hours-hotels.com\/\"},{\"@type\":\"ListItem\",\"position\":2,\"name\":\"Green Key\"}]},{\"@type\":\"WebSite\",\"@id\":\"https:\/\/25hours-hotels.com\/#website\",\"url\":\"https:\/\/25hours-hotels.com\/\",\"name\":\"25hours Hotels\",\"description\":\"\",\"potentialAction\":[{\"@type\":\"SearchAction\",\"target\":{\"@type\":\"EntryPoint\",\"urlTemplate\":\"https:\/\/25hours-hotels.com\/?s={search_term_string}\"},\"query-input\":\"required name=search_term_string\"}],\"inLanguage\":\"de-DE\"}]}<\/script>\n<!-- \/ Yoast SEO plugin. -->","yoast_head_json":{"title":"Green Key - 25hours Hotels","robots":{"index":"index","follow":"follow","max-snippet":"max-snippet:-1","max-image-preview":"max-image-preview:large","max-video-preview":"max-video-preview:-1"},"canonical":"https:\/\/25hours-hotels.com\/de\/corporate-social-responsibility\/green-key\/","og_locale":"de_DE","og_type":"article","og_title":"Green Key - 25hours Hotels","og_description":"Green Key was launched in Denmark in 1994 and has been managed by the Foundation for Environmental Education (FEE) and its national member organisations since 2002.","og_url":"https:\/\/25hours-hotels.com\/de\/corporate-social-responsibility\/green-key\/","og_site_name":"25hours Hotels","article_modified_time":"2024-11-01T16:59:24+00:00","og_image":[{"url":"https:\/\/25hours-hotels.com\/wp-content\/uploads\/sites\/39\/2024\/11\/25h_global_csr_greenkey_2.jpg?w=676"}],"twitter_card":"summary_large_image","twitter_misc":{"Est. reading time":"2 minutes"},"schema":{"@context":"https:\/\/schema.org","@graph":[{"@type":"WebPage","@id":"https:\/\/25hours-hotels.com\/corporate-social-responsibility\/green-key\/","url":"https:\/\/25hours-hotels.com\/corporate-social-responsibility\/green-key\/","name":"Green Key - 25hours Hotels","isPartOf":{"@id":"https:\/\/25hours-hotels.com\/#website"},"primaryImageOfPage":{"@id":"https:\/\/25hours-hotels.com\/corporate-social-responsibility\/green-key\/#primaryimage"},"image":{"@id":"https:\/\/25hours-hotels.com\/corporate-social-responsibility\/green-key\/#primaryimage"},"thumbnailUrl":"https:\/\/25hours-hotels.com\/wp-content\/uploads\/sites\/39\/2024\/11\/25h_global_csr_greenkey_2.jpg?w=676","datePublished":"2024-09-20T15:21:48+00:00","dateModified":"2024-11-01T16:59:24+00:00","breadcrumb":{"@id":"https:\/\/25hours-hotels.com\/corporate-social-responsibility\/green-key\/#breadcrumb"},"inLanguage":"de-DE","potentialAction":[{"@type":"ReadAction","target":["https:\/\/25hours-hotels.com\/corporate-social-responsibility\/green-key\/"]}]},{"@type":"ImageObject","inLanguage":"de-DE","@id":"https:\/\/25hours-hotels.com\/corporate-social-responsibility\/green-key\/#primaryimage","url":"https:\/\/25hours-hotels.com\/wp-content\/uploads\/sites\/39\/2024\/11\/25h_global_csr_greenkey_2.jpg?w=676","contentUrl":"https:\/\/25hours-hotels.com\/wp-content\/uploads\/sites\/39\/2024\/11\/25h_global_csr_greenkey_2.jpg?w=676"},{"@type":"BreadcrumbList","@id":"https:\/\/25hours-hotels.com\/corporate-social-responsibility\/green-key\/#breadcrumb","itemListElement":[{"@type":"ListItem","position":1,"name":"Home","item":"https:\/\/25hours-hotels.com\/"},{"@type":"ListItem","position":2,"name":"Green Key"}]},{"@type":"WebSite","@id":"https:\/\/25hours-hotels.com\/#website","url":"https:\/\/25hours-hotels.com\/","name":"25hours Hotels","description":"","potentialAction":[{"@type":"SearchAction","target":{"@type":"EntryPoint","urlTemplate":"https:\/\/25hours-hotels.com\/?s={search_term_string}"},"query-input":"required name=search_term_string"}],"inLanguage":"de-DE"}]}},"jetpack_sharing_enabled":true,"_links":{"self":[{"href":"https:\/\/25hours-hotels.com\/de\/wp-json\/wp\/v2\/pages\/2803"}],"collection":[{"href":"https:\/\/25hours-hotels.com\/de\/wp-json\/wp\/v2\/pages"}],"about":[{"href":"https:\/\/25hours-hotels.com\/de\/wp-json\/wp\/v2\/types\/page"}],"author":[{"embeddable":true,"href":"https:\/\/25hours-hotels.com\/de\/wp-json\/wp\/v2\/users\/288"}],"replies":[{"embeddable":true,"href":"https:\/\/25hours-hotels.com\/de\/wp-json\/wp\/v2\/comments?post=2803"}],"version-history":[{"count":7,"href":"https:\/\/25hours-hotels.com\/de\/wp-json\/wp\/v2\/pages\/2803\/revisions"}],"predecessor-version":[{"id":7694,"href":"https:\/\/25hours-hotels.com\/de\/wp-json\/wp\/v2\/pages\/2803\/revisions\/7694"}],"wp:attachment":[{"href":"https:\/\/25hours-hotels.com\/de\/wp-json\/wp\/v2\/media?parent=2803"}],"wp:term":[{"taxonomy":"business-site","embeddable":true,"href":"https:\/\/25hours-hotels.com\/de\/wp-json\/wp\/v2\/business-site?post=2803"}],"curies":[{"name":"wp","href":"https:\/\/api.w.org\/{rel}","templated":true}]}}