
{"id":21792,"date":"2026-01-02T10:28:17","date_gmt":"2026-01-02T10:28:17","guid":{"rendered":"https:\/\/25hours-hotels.com\/?page_id=21792"},"modified":"2026-01-02T10:35:56","modified_gmt":"2026-01-02T10:35:56","slug":"meeting-monday-2","status":"publish","type":"page","link":"https:\/\/25hours-hotels.com\/de\/vienna\/at-museumsquartier\/meeting-monday\/","title":{"rendered":"Meeting Monday"},"content":{"rendered":"<div class=\"wp-block-custom25h-hero-randb\">\n<div class=\"wp-block-group alignfull wp-block-custom25h-hero-randb--container wp-block-custom25h-hero-randb--container has-color-propertyColor1 has-pattern-dots is-layout-flow wp-container-core-group-is-layout-4 wp-block-group-is-layout-flow\">\n<div class=\"wp-block-group alignwide wp-block-custom25h-hero-randb--inner wp-block-custom25h-hero-randb--inner has-global-padding is-layout-constrained wp-container-core-group-is-layout-3 wp-block-group-is-layout-constrained\">\n<div class=\"wp-block-group alignfull wp-block-custom25h-hero-randb--texts wp-block-custom25h-hero-randb--texts is-layout-flow wp-container-core-group-is-layout-1 wp-block-group-is-layout-flow\">\n<h1 class=\"wp-block-heading has-contrast-color has-text-color has-link-color has-title-1-font-size wp-elements-2b53241255baa200af94167592b31776\">meeting<br>monday<br><\/h1>\n<\/div>\n\n\n\n<div class=\"wp-block-group alignwide wp-block-custom25h-hero-randb--images has-green-color has-text-color has-link-color wp-block-custom25h-hero-randb--images wp-elements-4d9a4cc0717b62752b62d2edf2cc40a6 is-layout-flow wp-container-core-group-is-layout-2 wp-block-group-is-layout-flow\">\n<figure class=\"wp-block-image size-large\"><img loading=\"lazy\" decoding=\"async\" width=\"1000\" height=\"750\" src=\"https:\/\/25hours-hotels.com\/wp-content\/uploads\/sites\/39\/2026\/01\/25h_museumsquartier_meetingmonday_2.jpg?w=1000\" alt=\"\" class=\"wp-image-21796\" srcset=\"https:\/\/25hours-hotels.com\/wp-content\/uploads\/sites\/39\/2026\/01\/25h_museumsquartier_meetingmonday_2.jpg 1000w, https:\/\/25hours-hotels.com\/wp-content\/uploads\/sites\/39\/2026\/01\/25h_museumsquartier_meetingmonday_2.jpg?resize=300,225 300w, https:\/\/25hours-hotels.com\/wp-content\/uploads\/sites\/39\/2026\/01\/25h_museumsquartier_meetingmonday_2.jpg?resize=768,576 768w, https:\/\/25hours-hotels.com\/wp-content\/uploads\/sites\/39\/2026\/01\/25h_museumsquartier_meetingmonday_2.jpg?resize=16,12 16w\" sizes=\"(max-width: 1000px) 100vw, 1000px\" \/><\/figure>\n\n\n\n<figure class=\"wp-block-image size-large\"><img loading=\"lazy\" decoding=\"async\" width=\"1000\" height=\"750\" src=\"https:\/\/25hours-hotels.com\/wp-content\/uploads\/sites\/39\/2026\/01\/25h_museumsquartier_meetingmonday_1.jpg?w=1000\" alt=\"\" class=\"wp-image-21795\" srcset=\"https:\/\/25hours-hotels.com\/wp-content\/uploads\/sites\/39\/2026\/01\/25h_museumsquartier_meetingmonday_1.jpg 1000w, https:\/\/25hours-hotels.com\/wp-content\/uploads\/sites\/39\/2026\/01\/25h_museumsquartier_meetingmonday_1.jpg?resize=300,225 300w, https:\/\/25hours-hotels.com\/wp-content\/uploads\/sites\/39\/2026\/01\/25h_museumsquartier_meetingmonday_1.jpg?resize=768,576 768w, https:\/\/25hours-hotels.com\/wp-content\/uploads\/sites\/39\/2026\/01\/25h_museumsquartier_meetingmonday_1.jpg?resize=16,12 16w\" sizes=\"(max-width: 1000px) 100vw, 1000px\" \/><\/figure>\n<\/div>\n<\/div>\n<\/div>\n<\/div>\n\n\n\n<div class=\"wp-block-group has-pattern-dots has-global-padding is-layout-constrained wp-block-group-is-layout-constrained\" style=\"padding-top:var(--wp--preset--spacing--3);padding-bottom:var(--wp--preset--spacing--3)\">\n<div class=\"wp-block-group has-pattern-dots has-global-padding is-layout-constrained wp-block-group-is-layout-constrained\" style=\"padding-top:var(--wp--preset--spacing--4);padding-bottom:var(--wp--preset--spacing--4)\">\n<div class=\"wp-block-columns is-layout-flex wp-container-core-columns-is-layout-1 wp-block-columns-is-layout-flex\">\n<div class=\"wp-block-column is-layout-flow wp-block-column-is-layout-flow\" style=\"flex-basis:410px\">\n<h3 class=\"wp-block-heading\" style=\"padding-top:var(--wp--preset--spacing--1);padding-bottom:var(--wp--preset--spacing--1)\">finally a good use for <br>mondays.<\/h3>\n\n\n\n<p>Am Sonntag anreisen, ein Willkommensgetr\u00e4nk in der Dachboden Bar genie\u00dfen, gut schlafen und erholt aufwachen.<\/p>\n\n\n\n<p class=\"translation-block\">Am Montagmorgen steht der Veranstaltungsraum bereit - kostenlos, wenn ein Konferenzpaket gebucht wird.<\/p>\n\n\n\n<div class=\"wp-block-buttons is-layout-flex wp-block-buttons-is-layout-flex\">\n<div class=\"wp-block-button is-style-fill is-style-fill is-style-fill\"><a class=\"wp-block-button__link wp-element-button\" href=\"https:\/\/25hours-hotels.com\/de\/vienna\/at-museumsquartier\/meetings-and-occasions\/#enquiryform\" target=\"_blank\" rel=\"noreferrer noopener\" aria-label=\"\">Jetzt anfragen<\/a><\/div>\n<\/div>\n<\/div>\n\n\n\n<div class=\"wp-block-column is-layout-flow wp-block-column-is-layout-flow\"><\/div>\n\n\n\n<div class=\"wp-block-column is-vertically-aligned-top is-layout-flow wp-block-column-is-layout-flow\" style=\"flex-basis:410px\">\n<p><br><br><br><br><br>Alles im Detail:<\/p>\n\n\n\n<ul>\n<li>\u00dcbernachtung von Sonntag auf Montag f\u00fcr EUR 100 p.P., inklusive Fr\u00fchst\u00fcck<\/li>\n\n\n\n<li>Kostenloser Veranstaltungsraum wenn ein Konferenzpaket gebucht wird<\/li>\n\n\n\n<li>Willkommensgetr\u00e4nk in der Dachboden Bar am Tag der Anreise<\/li>\n\n\n\n<li>Early-Check-in und Late-Check-out auf Anfrage und nach Verf\u00fcgbarkeit<\/li>\n<\/ul>\n\n\n\n<p>Das Angebot ist abh\u00e4ngig von der tagesaktuellen Verf\u00fcgbarkeit und gilt nur f\u00fcr das 25hours Hotel beim MuseumsQuartier. <a href=\"https:\/\/25hours-hotels.com\/de\/vienna\/at-museumsquartier\/meetings-and-occasions\/\">Alle Veranstaltungsr\u00e4ume hier ansehen<\/a>.<\/p>\n\n\n\n<p class=\"translation-block\">Interesssiert? Auf <strong>\u2018Jetzt anfragen\u2019<\/strong> klicken und in der Anfrage den Hashtag <strong>#meetingmonday<\/strong> angeben. Wir melden uns mit einem individuellen Angebot.<\/p>\n<\/div>\n<\/div>\n<\/div>\n<\/div>","protected":false},"excerpt":{"rendered":"<p>finally a good use for mondays. Arrive on Sunday, enjoy a welcome drink at the Dachboden Bar, sleep well and wake up refreshed. On Monday morning, your meeting room is ready \u2013 free ofcharge when booking a conference package. Give me the details: Offer is based on availability and only for 25hours Hotel at MuseumsQuartier. [&hellip;]<\/p>","protected":false},"author":205,"featured_media":0,"parent":0,"menu_order":0,"comment_status":"closed","ping_status":"closed","template":"","meta":{"_acf_changed":false,"_yoast_wpseo_title":"","_yoast_wpseo_metadesc":"","inline_featured_image":false,"footnotes":""},"business-site":[27],"acf":[],"yoast_head":"<!-- This site is optimized with the Yoast SEO plugin v22.7 - https:\/\/yoast.com\/wordpress\/plugins\/seo\/ -->\n<title>Meeting Monday - 25hours Hotels<\/title>\n<meta name=\"robots\" content=\"index, follow, max-snippet:-1, max-image-preview:large, max-video-preview:-1\" \/>\n<link rel=\"canonical\" href=\"https:\/\/25hours-hotels.com\/de\/vienna\/at-museumsquartier\/meeting-monday\/\" \/>\n<meta property=\"og:locale\" content=\"de_DE\" \/>\n<meta property=\"og:type\" content=\"article\" \/>\n<meta property=\"og:title\" content=\"Meeting Monday - 25hours Hotels\" \/>\n<meta property=\"og:description\" content=\"finally a good use for mondays. Arrive on Sunday, enjoy a welcome drink at the Dachboden Bar, sleep well and wake up refreshed. On Monday morning, your meeting room is ready \u2013 free ofcharge when booking a conference package. Give me the details: Offer is based on availability and only for 25hours Hotel at MuseumsQuartier. [&hellip;]\" \/>\n<meta property=\"og:url\" content=\"https:\/\/25hours-hotels.com\/de\/vienna\/at-museumsquartier\/meeting-monday\/\" \/>\n<meta property=\"og:site_name\" content=\"25hours Hotels\" \/>\n<meta property=\"article:modified_time\" content=\"2026-01-02T10:35:56+00:00\" \/>\n<meta property=\"og:image\" content=\"https:\/\/25hours-hotels.com\/wp-content\/uploads\/sites\/39\/2026\/01\/25h_museumsquartier_meetingmonday_2.jpg?w=1000\" \/>\n<meta name=\"twitter:card\" content=\"summary_large_image\" \/>\n<meta name=\"twitter:label1\" content=\"Est. reading time\" \/>\n\t<meta name=\"twitter:data1\" content=\"1 minute\" \/>\n<script type=\"application\/ld+json\" class=\"yoast-schema-graph\">{\"@context\":\"https:\/\/schema.org\",\"@graph\":[{\"@type\":\"WebPage\",\"@id\":\"https:\/\/25hours-hotels.com\/vienna\/at-museumsquartier\/meeting-monday\/\",\"url\":\"https:\/\/25hours-hotels.com\/vienna\/at-museumsquartier\/meeting-monday\/\",\"name\":\"Meeting Monday - 25hours Hotels\",\"isPartOf\":{\"@id\":\"https:\/\/25hours-hotels.com\/#website\"},\"primaryImageOfPage\":{\"@id\":\"https:\/\/25hours-hotels.com\/vienna\/at-museumsquartier\/meeting-monday\/#primaryimage\"},\"image\":{\"@id\":\"https:\/\/25hours-hotels.com\/vienna\/at-museumsquartier\/meeting-monday\/#primaryimage\"},\"thumbnailUrl\":\"https:\/\/25hours-hotels.com\/wp-content\/uploads\/sites\/39\/2026\/01\/25h_museumsquartier_meetingmonday_2.jpg?w=1000\",\"datePublished\":\"2026-01-02T10:28:17+00:00\",\"dateModified\":\"2026-01-02T10:35:56+00:00\",\"breadcrumb\":{\"@id\":\"https:\/\/25hours-hotels.com\/vienna\/at-museumsquartier\/meeting-monday\/#breadcrumb\"},\"inLanguage\":\"de-DE\",\"potentialAction\":[{\"@type\":\"ReadAction\",\"target\":[\"https:\/\/25hours-hotels.com\/vienna\/at-museumsquartier\/meeting-monday\/\"]}]},{\"@type\":\"ImageObject\",\"inLanguage\":\"de-DE\",\"@id\":\"https:\/\/25hours-hotels.com\/vienna\/at-museumsquartier\/meeting-monday\/#primaryimage\",\"url\":\"https:\/\/25hours-hotels.com\/wp-content\/uploads\/sites\/39\/2026\/01\/25h_museumsquartier_meetingmonday_2.jpg?w=1000\",\"contentUrl\":\"https:\/\/25hours-hotels.com\/wp-content\/uploads\/sites\/39\/2026\/01\/25h_museumsquartier_meetingmonday_2.jpg?w=1000\"},{\"@type\":\"BreadcrumbList\",\"@id\":\"https:\/\/25hours-hotels.com\/vienna\/at-museumsquartier\/meeting-monday\/#breadcrumb\",\"itemListElement\":[{\"@type\":\"ListItem\",\"position\":1,\"name\":\"Home\",\"item\":\"https:\/\/25hours-hotels.com\/\"},{\"@type\":\"ListItem\",\"position\":2,\"name\":\"Meeting Monday\"}]},{\"@type\":\"WebSite\",\"@id\":\"https:\/\/25hours-hotels.com\/#website\",\"url\":\"https:\/\/25hours-hotels.com\/\",\"name\":\"25hours Hotels\",\"description\":\"\",\"potentialAction\":[{\"@type\":\"SearchAction\",\"target\":{\"@type\":\"EntryPoint\",\"urlTemplate\":\"https:\/\/25hours-hotels.com\/?s={search_term_string}\"},\"query-input\":\"required name=search_term_string\"}],\"inLanguage\":\"de-DE\"}]}<\/script>\n<!-- \/ Yoast SEO plugin. -->","yoast_head_json":{"title":"Meeting Monday - 25hours Hotels","robots":{"index":"index","follow":"follow","max-snippet":"max-snippet:-1","max-image-preview":"max-image-preview:large","max-video-preview":"max-video-preview:-1"},"canonical":"https:\/\/25hours-hotels.com\/de\/vienna\/at-museumsquartier\/meeting-monday\/","og_locale":"de_DE","og_type":"article","og_title":"Meeting Monday - 25hours Hotels","og_description":"finally a good use for mondays. Arrive on Sunday, enjoy a welcome drink at the Dachboden Bar, sleep well and wake up refreshed. On Monday morning, your meeting room is ready \u2013 free ofcharge when booking a conference package. Give me the details: Offer is based on availability and only for 25hours Hotel at MuseumsQuartier. [&hellip;]","og_url":"https:\/\/25hours-hotels.com\/de\/vienna\/at-museumsquartier\/meeting-monday\/","og_site_name":"25hours Hotels","article_modified_time":"2026-01-02T10:35:56+00:00","og_image":[{"url":"https:\/\/25hours-hotels.com\/wp-content\/uploads\/sites\/39\/2026\/01\/25h_museumsquartier_meetingmonday_2.jpg?w=1000"}],"twitter_card":"summary_large_image","twitter_misc":{"Est. reading time":"1 minute"},"schema":{"@context":"https:\/\/schema.org","@graph":[{"@type":"WebPage","@id":"https:\/\/25hours-hotels.com\/vienna\/at-museumsquartier\/meeting-monday\/","url":"https:\/\/25hours-hotels.com\/vienna\/at-museumsquartier\/meeting-monday\/","name":"Meeting Monday - 25hours Hotels","isPartOf":{"@id":"https:\/\/25hours-hotels.com\/#website"},"primaryImageOfPage":{"@id":"https:\/\/25hours-hotels.com\/vienna\/at-museumsquartier\/meeting-monday\/#primaryimage"},"image":{"@id":"https:\/\/25hours-hotels.com\/vienna\/at-museumsquartier\/meeting-monday\/#primaryimage"},"thumbnailUrl":"https:\/\/25hours-hotels.com\/wp-content\/uploads\/sites\/39\/2026\/01\/25h_museumsquartier_meetingmonday_2.jpg?w=1000","datePublished":"2026-01-02T10:28:17+00:00","dateModified":"2026-01-02T10:35:56+00:00","breadcrumb":{"@id":"https:\/\/25hours-hotels.com\/vienna\/at-museumsquartier\/meeting-monday\/#breadcrumb"},"inLanguage":"de-DE","potentialAction":[{"@type":"ReadAction","target":["https:\/\/25hours-hotels.com\/vienna\/at-museumsquartier\/meeting-monday\/"]}]},{"@type":"ImageObject","inLanguage":"de-DE","@id":"https:\/\/25hours-hotels.com\/vienna\/at-museumsquartier\/meeting-monday\/#primaryimage","url":"https:\/\/25hours-hotels.com\/wp-content\/uploads\/sites\/39\/2026\/01\/25h_museumsquartier_meetingmonday_2.jpg?w=1000","contentUrl":"https:\/\/25hours-hotels.com\/wp-content\/uploads\/sites\/39\/2026\/01\/25h_museumsquartier_meetingmonday_2.jpg?w=1000"},{"@type":"BreadcrumbList","@id":"https:\/\/25hours-hotels.com\/vienna\/at-museumsquartier\/meeting-monday\/#breadcrumb","itemListElement":[{"@type":"ListItem","position":1,"name":"Home","item":"https:\/\/25hours-hotels.com\/"},{"@type":"ListItem","position":2,"name":"Meeting Monday"}]},{"@type":"WebSite","@id":"https:\/\/25hours-hotels.com\/#website","url":"https:\/\/25hours-hotels.com\/","name":"25hours Hotels","description":"","potentialAction":[{"@type":"SearchAction","target":{"@type":"EntryPoint","urlTemplate":"https:\/\/25hours-hotels.com\/?s={search_term_string}"},"query-input":"required name=search_term_string"}],"inLanguage":"de-DE"}]}},"jetpack_sharing_enabled":true,"_links":{"self":[{"href":"https:\/\/25hours-hotels.com\/de\/wp-json\/wp\/v2\/pages\/21792"}],"collection":[{"href":"https:\/\/25hours-hotels.com\/de\/wp-json\/wp\/v2\/pages"}],"about":[{"href":"https:\/\/25hours-hotels.com\/de\/wp-json\/wp\/v2\/types\/page"}],"author":[{"embeddable":true,"href":"https:\/\/25hours-hotels.com\/de\/wp-json\/wp\/v2\/users\/205"}],"replies":[{"embeddable":true,"href":"https:\/\/25hours-hotels.com\/de\/wp-json\/wp\/v2\/comments?post=21792"}],"version-history":[{"count":5,"href":"https:\/\/25hours-hotels.com\/de\/wp-json\/wp\/v2\/pages\/21792\/revisions"}],"predecessor-version":[{"id":21803,"href":"https:\/\/25hours-hotels.com\/de\/wp-json\/wp\/v2\/pages\/21792\/revisions\/21803"}],"wp:attachment":[{"href":"https:\/\/25hours-hotels.com\/de\/wp-json\/wp\/v2\/media?parent=21792"}],"wp:term":[{"taxonomy":"business-site","embeddable":true,"href":"https:\/\/25hours-hotels.com\/de\/wp-json\/wp\/v2\/business-site?post=21792"}],"curies":[{"name":"wp","href":"https:\/\/api.w.org\/{rel}","templated":true}]}}