
{"id":15788,"date":"2025-03-11T15:00:02","date_gmt":"2025-03-11T15:00:02","guid":{"rendered":"https:\/\/25hours-hotels.com\/?page_id=15788"},"modified":"2025-03-18T13:36:37","modified_gmt":"2025-03-18T13:36:37","slug":"co-working-area","status":"publish","type":"page","link":"https:\/\/25hours-hotels.com\/de\/paris\/terminus-nord\/co-working\/","title":{"rendered":"Co-working-Space"},"content":{"rendered":"<div class=\"wp-block-custom25h-hero-details is-style-no-rescale\">\n<div class=\"wp-block-cover has-base-color has-text-color has-link-color wp-elements-290ed9f1909d2d10e56fce1a29ba480c\" style=\"min-height:100vh;aspect-ratio:unset;\"><span aria-hidden=\"true\" class=\"wp-block-cover__background has-contrast-background-color has-background-dim-10 has-background-dim\"><\/span><img loading=\"lazy\" decoding=\"async\" width=\"1000\" height=\"750\" class=\"wp-block-cover__image-background wp-image-15794\" alt=\"\" src=\"https:\/\/25hours-hotels.com\/wp-content\/uploads\/sites\/39\/2025\/03\/25h_terminusnord_coworking_header_1.png\" data-object-fit=\"cover\" srcset=\"https:\/\/25hours-hotels.com\/wp-content\/uploads\/sites\/39\/2025\/03\/25h_terminusnord_coworking_header_1.png 1000w, https:\/\/25hours-hotels.com\/wp-content\/uploads\/sites\/39\/2025\/03\/25h_terminusnord_coworking_header_1.png?resize=300,225 300w, https:\/\/25hours-hotels.com\/wp-content\/uploads\/sites\/39\/2025\/03\/25h_terminusnord_coworking_header_1.png?resize=768,576 768w, https:\/\/25hours-hotels.com\/wp-content\/uploads\/sites\/39\/2025\/03\/25h_terminusnord_coworking_header_1.png?resize=16,12 16w\" sizes=\"(max-width: 1000px) 100vw, 1000px\" \/><div class=\"wp-block-cover__inner-container is-layout-flow wp-block-cover-is-layout-flow\">\n<p class=\"has-text-align-center has-paragraph-font-size\">25hours Hotel Terminus Nord<\/p>\n\n\n\n<h1 class=\"wp-block-heading has-text-align-center has-base-color has-text-color has-title-2-font-size\">Co-working-Space<\/h1>\n<\/div><\/div>\n<\/div>\n\n\n\n<div class=\"wp-block-group has-pattern-dots has-global-padding is-layout-constrained wp-container-core-group-is-layout-1 wp-block-group-is-layout-constrained\" style=\"padding-top:var(--wp--preset--spacing--4);padding-right:var(--wp--preset--spacing--5);padding-bottom:var(--wp--preset--spacing--4);padding-left:var(--wp--preset--spacing--5)\">\n<div class=\"wp-block-columns is-layout-flex wp-container-core-columns-is-layout-1 wp-block-columns-is-layout-flex\">\n<div class=\"wp-block-column is-vertically-aligned-center has-global-padding is-layout-constrained wp-block-column-is-layout-constrained\">\n<h1 class=\"wp-block-heading has-text-align-center has-title-3-font-size\">Co-working im 25hours Hotel Terminus Nord<\/h1>\n\n\n\n<p class=\"has-text-align-center\">Auf der Suche nach einem entspannten, inspirierenden Arbeitsplatz? Da haben wir genau das Richtige!<br>Ob Hotelgast oder einfach nur auf der Suche nach einem Platz zum Arbeiten \u2014 wir haben den perfekten Raum. Der Co-Working-Bereich befindet sich im ersten Stock des Hotels.<\/p>\n\n\n\n<p class=\"has-text-align-center\"><strong>T\u00e4glich ge\u00f6ffnet, 7\u201317h<\/strong><\/p>\n\n\n\n<p class=\"has-text-align-left\"><strong>Preise<\/strong><\/p>\n\n\n\n<ul>\n<li>Halber Tag: EUR 18 (inkl. 1 Hei\u00df- oder Kaltgetr\u00e4nk)<\/li>\n\n\n\n<li>Ganzer Tag: 24 EUR (inkl. 1 Hei\u00df- oder Kaltgetr\u00e4nk)<\/li>\n<\/ul>\n\n\n\n<p><strong>Buchung<\/strong><\/p>\n\n\n\n<p class=\"has-text-align-center\">Die Nutzung des Co-Working-Space ist f\u00fcr Hotelg\u00e4ste kostenfrei. Es kann sein, dass wir nach dem Zimmerschl\u00fcssel fragen.<br>F\u00fcr Besucher l\u00e4sst sich der (Halb-)Tagesplatz im Co-Working-Bereich bequem direkt im Restaurant NENI im ersten Stock des Hotels reservieren.<\/p>\n\n\n\n<p class=\"has-text-align-center\">Gegen Hunger und Durst kann aus einer gro\u00dfen Auswahl an hei\u00dfen und kalten Getr\u00e4nken sowie ein schnelles Fr\u00fchst\u00fcck oder Mittagessen bestellt werden.<\/p>\n\n\n\n<p class=\"has-text-align-center\"><a href=\"https:\/\/25hours-hotels.com\/wp-content\/uploads\/sites\/39\/2025\/01\/25h_terminusnord_coworking_menu.pdf\" target=\"_blank\" rel=\"noreferrer noopener\"><strong>Men\u00fc<\/strong><\/a><\/p>\n<\/div>\n<\/div>\n\n\n\n<p><strong>Folgende Leistungen k\u00f6nnen kostenpflichtig dazu gebucht werden:<\/strong><\/p>\n\n\n\n<ul>\n<li>Zus\u00e4tzliche Buchung von Veranstaltungsr\u00e4umen m\u00f6glich<\/li>\n\n\n\n<li>Schindelhauer Bikes zur Miete (EUR 10 pro Tag)<\/li>\n<\/ul>\n\n\n\n<p><\/p>\n<\/div>\n\n\n\n<div class=\"wp-block-group alignfull has-color-propertyColor1 has-pattern-grid has-global-padding is-layout-constrained wp-block-group-is-layout-constrained\" style=\"padding-top:var(--wp--preset--spacing--6);padding-bottom:var(--wp--preset--spacing--6)\">\n<div class=\"wp-block-custom25h-information-columns has-2lines-title has-buttons-sticked\">\n<div class=\"wp-block-group alignwide wp-block-25hours-information-columns__container wp-block-25hours-information-columns__container is-layout-flow wp-block-group-is-layout-flow\">\n<h2 class=\"wp-block-heading has-text-align-right wp-block-25hours-information-columns__title has-contrast-color has-text-color has-title-2-font-size\">how to find us<\/h2>\n\n\n\n<div class=\"wp-block-group wp-block-25hours-information-columns__content wp-block-25hours-information-columns__content is-layout-flow wp-block-group-is-layout-flow\">\n<figure class=\"wp-block-image size-full wp-block-25hours-information-columns__artefact wp-block-25hours-information-columns__artefact is-artefact is-animated has-position-absolute has-size-small has-position-left has-position-top\"><img loading=\"lazy\" decoding=\"async\" width=\"640\" height=\"640\" src=\"https:\/\/25hours-hotels.com\/wp-content\/uploads\/sites\/39\/2024\/12\/25h_global_artefact_findus_paris.png\" alt=\"\" class=\"wp-image-13817\" srcset=\"https:\/\/25hours-hotels.com\/wp-content\/uploads\/sites\/39\/2024\/12\/25h_global_artefact_findus_paris.png 640w, https:\/\/25hours-hotels.com\/wp-content\/uploads\/sites\/39\/2024\/12\/25h_global_artefact_findus_paris.png?resize=150,150 150w, https:\/\/25hours-hotels.com\/wp-content\/uploads\/sites\/39\/2024\/12\/25h_global_artefact_findus_paris.png?resize=300,300 300w, https:\/\/25hours-hotels.com\/wp-content\/uploads\/sites\/39\/2024\/12\/25h_global_artefact_findus_paris.png?resize=12,12 12w\" sizes=\"(max-width: 640px) 100vw, 640px\" \/><\/figure>\n\n\n\n<figure class=\"wp-block-image size-large wp-block-25hours-information-columns__image wp-block-25hours-information-columns__image\"><img loading=\"lazy\" decoding=\"async\" width=\"1000\" height=\"750\" src=\"https:\/\/25hours-hotels.com\/wp-content\/uploads\/sites\/39\/2024\/09\/25h_terminusnord_hotelpage_contact_1.jpg?w=1000\" alt=\"\" class=\"wp-image-3335\" srcset=\"https:\/\/25hours-hotels.com\/wp-content\/uploads\/sites\/39\/2024\/09\/25h_terminusnord_hotelpage_contact_1.jpg 1000w, https:\/\/25hours-hotels.com\/wp-content\/uploads\/sites\/39\/2024\/09\/25h_terminusnord_hotelpage_contact_1.jpg?resize=300,225 300w, https:\/\/25hours-hotels.com\/wp-content\/uploads\/sites\/39\/2024\/09\/25h_terminusnord_hotelpage_contact_1.jpg?resize=768,576 768w, https:\/\/25hours-hotels.com\/wp-content\/uploads\/sites\/39\/2024\/09\/25h_terminusnord_hotelpage_contact_1.jpg?resize=16,12 16w\" sizes=\"(max-width: 1000px) 100vw, 1000px\" \/><\/figure>\n\n\n\n<div class=\"wp-block-columns is-not-stacked-on-mobile wp-block-25hours-information-columns__cols is-layout-flex wp-container-core-columns-is-layout-2 wp-block-columns-is-layout-flex\">\n<div class=\"wp-block-column is-vertically-aligned-top wp-block-25hours-information-columns__cols__col is-layout-flow wp-block-column-is-layout-flow\" style=\"padding-top:var(--wp--preset--spacing--2);padding-right:var(--wp--preset--spacing--2);padding-bottom:var(--wp--preset--spacing--2);padding-left:var(--wp--preset--spacing--2)\">\n<h4 class=\"wp-block-heading has-text-align-left wp-block-25hours-information-columns__cols__col__title has-title-4-font-size\">Anschrift<\/h4>\n\n\n\n<p class=\"wp-block-25hours-information-columns__cols__col__text has-paragraph-small-font-size\">25hours Hotel Terminus Nord<br>12 Boulevard de Denain<br>75010 Paris<\/p>\n<\/div>\n\n\n\n<div class=\"wp-block-column is-vertically-aligned-top wp-block-25hours-information-columns__cols__col is-layout-flow wp-block-column-is-layout-flow\" style=\"padding-top:var(--wp--preset--spacing--2);padding-right:var(--wp--preset--spacing--2);padding-bottom:var(--wp--preset--spacing--2);padding-left:var(--wp--preset--spacing--2)\">\n<h4 class=\"wp-block-heading has-text-align-left wp-block-25hours-information-columns__cols__col__title has-title-4-font-size\">Kontakt<\/h4>\n\n\n\n<p class=\"wp-block-25hours-information-columns__cols__col__text has-paragraph-small-font-size\">p +33 1 42 80 82 05<br><a href=\"mailto:events.terminusnord@25hours-hotels.com\">events.ter<\/a><a href=\"mailto:events.terminusnord@25hours-hotels.com\" target=\"_blank\" rel=\"noreferrer noopener\">minusnord@25hours-hotels.com<\/a><\/p>\n<\/div>\n<\/div>\n<\/div>\n<\/div>\n<\/div>\n<\/div>","protected":false},"excerpt":{"rendered":"<p>Der Co-Working-Space im 1. Stock steht allen offen. Die Buchung erfolgt direkt \u00fcber das Restaurant NENI auf derselben Etage. F\u00fcr Hotelg\u00e4ste ist die Nutzung kostenlos. Besucher zahlen EUR 18 f\u00fcr einen halben Tag und EUR 24 f\u00fcr die ganzt\u00e4gige Nutzung. Ein Hei\u00df- oder Kaltgetr\u00e4nk ist im Preis inbegriffen.<\/p>","protected":false},"author":416,"featured_media":15792,"parent":0,"menu_order":0,"comment_status":"closed","ping_status":"closed","template":"","meta":{"_acf_changed":false,"_yoast_wpseo_title":"Co-Working space I 25hours Hotel Terminus Nord","_yoast_wpseo_metadesc":"Visit the free Co-Working Space at the 25hours Hotel Terminus Nord. Stay in focus and work in a modern and inspiring environment designed to boost your creativity and productivity.","inline_featured_image":false,"footnotes":""},"business-site":[12],"acf":[],"yoast_head":"<!-- This site is optimized with the Yoast SEO plugin v22.7 - https:\/\/yoast.com\/wordpress\/plugins\/seo\/ -->\n<title>Co-Working space I 25hours Hotel Terminus Nord<\/title>\n<meta name=\"description\" content=\"Visit the free Co-Working Space at the 25hours Hotel Terminus Nord. Stay in focus and work in a modern and inspiring environment designed to boost your creativity and productivity.\" \/>\n<meta name=\"robots\" content=\"index, follow, max-snippet:-1, max-image-preview:large, max-video-preview:-1\" \/>\n<link rel=\"canonical\" href=\"https:\/\/25hours-hotels.com\/de\/paris\/terminus-nord\/co-working\/\" \/>\n<meta property=\"og:locale\" content=\"de_DE\" \/>\n<meta property=\"og:type\" content=\"article\" \/>\n<meta property=\"og:title\" content=\"Co-Working space I 25hours Hotel Terminus Nord\" \/>\n<meta property=\"og:description\" content=\"Visit the free Co-Working Space at the 25hours Hotel Terminus Nord. Stay in focus and work in a modern and inspiring environment designed to boost your creativity and productivity.\" \/>\n<meta property=\"og:url\" content=\"https:\/\/25hours-hotels.com\/de\/paris\/terminus-nord\/co-working\/\" \/>\n<meta property=\"og:site_name\" content=\"25hours Hotels\" \/>\n<meta property=\"article:modified_time\" content=\"2025-03-18T13:36:37+00:00\" \/>\n<meta property=\"og:image\" content=\"https:\/\/25hours-hotels.com\/wp-content\/uploads\/sites\/39\/2025\/03\/25h_terminusnord_coworking_header_2.png\" \/>\n\t<meta property=\"og:image:width\" content=\"1000\" \/>\n\t<meta property=\"og:image:height\" content=\"750\" \/>\n\t<meta property=\"og:image:type\" content=\"image\/png\" \/>\n<meta name=\"twitter:card\" content=\"summary_large_image\" \/>\n<meta name=\"twitter:label1\" content=\"Est. reading time\" \/>\n\t<meta name=\"twitter:data1\" content=\"2 minutes\" \/>\n<script type=\"application\/ld+json\" class=\"yoast-schema-graph\">{\"@context\":\"https:\/\/schema.org\",\"@graph\":[{\"@type\":\"WebPage\",\"@id\":\"https:\/\/25hours-hotels.com\/paris\/terminus-nord\/co-working\/\",\"url\":\"https:\/\/25hours-hotels.com\/paris\/terminus-nord\/co-working\/\",\"name\":\"Co-Working space I 25hours Hotel Terminus Nord\",\"isPartOf\":{\"@id\":\"https:\/\/25hours-hotels.com\/#website\"},\"primaryImageOfPage\":{\"@id\":\"https:\/\/25hours-hotels.com\/paris\/terminus-nord\/co-working\/#primaryimage\"},\"image\":{\"@id\":\"https:\/\/25hours-hotels.com\/paris\/terminus-nord\/co-working\/#primaryimage\"},\"thumbnailUrl\":\"https:\/\/25hours-hotels.com\/wp-content\/uploads\/sites\/39\/2025\/03\/25h_terminusnord_coworking_header_2.png\",\"datePublished\":\"2025-03-11T15:00:02+00:00\",\"dateModified\":\"2025-03-18T13:36:37+00:00\",\"description\":\"Visit the free Co-Working Space at the 25hours Hotel Terminus Nord. Stay in focus and work in a modern and inspiring environment designed to boost your creativity and productivity.\",\"breadcrumb\":{\"@id\":\"https:\/\/25hours-hotels.com\/paris\/terminus-nord\/co-working\/#breadcrumb\"},\"inLanguage\":\"de-DE\",\"potentialAction\":[{\"@type\":\"ReadAction\",\"target\":[\"https:\/\/25hours-hotels.com\/paris\/terminus-nord\/co-working\/\"]}]},{\"@type\":\"ImageObject\",\"inLanguage\":\"de-DE\",\"@id\":\"https:\/\/25hours-hotels.com\/paris\/terminus-nord\/co-working\/#primaryimage\",\"url\":\"https:\/\/25hours-hotels.com\/wp-content\/uploads\/sites\/39\/2025\/03\/25h_terminusnord_coworking_header_2.png\",\"contentUrl\":\"https:\/\/25hours-hotels.com\/wp-content\/uploads\/sites\/39\/2025\/03\/25h_terminusnord_coworking_header_2.png\",\"width\":1000,\"height\":750,\"caption\":\"A person sits cross-legged on a bar stool, focused on a laptop, surrounded by elegant lamps and a cosy, inviting atmosphere.\"},{\"@type\":\"BreadcrumbList\",\"@id\":\"https:\/\/25hours-hotels.com\/paris\/terminus-nord\/co-working\/#breadcrumb\",\"itemListElement\":[{\"@type\":\"ListItem\",\"position\":1,\"name\":\"Home\",\"item\":\"https:\/\/25hours-hotels.com\/\"},{\"@type\":\"ListItem\",\"position\":2,\"name\":\"Co-working area\"}]},{\"@type\":\"WebSite\",\"@id\":\"https:\/\/25hours-hotels.com\/#website\",\"url\":\"https:\/\/25hours-hotels.com\/\",\"name\":\"25hours Hotels\",\"description\":\"\",\"potentialAction\":[{\"@type\":\"SearchAction\",\"target\":{\"@type\":\"EntryPoint\",\"urlTemplate\":\"https:\/\/25hours-hotels.com\/?s={search_term_string}\"},\"query-input\":\"required name=search_term_string\"}],\"inLanguage\":\"de-DE\"}]}<\/script>\n<!-- \/ Yoast SEO plugin. -->","yoast_head_json":{"title":"Co-Working space I 25hours Hotel Terminus Nord","description":"Visit the free Co-Working Space at the 25hours Hotel Terminus Nord. Stay in focus and work in a modern and inspiring environment designed to boost your creativity and productivity.","robots":{"index":"index","follow":"follow","max-snippet":"max-snippet:-1","max-image-preview":"max-image-preview:large","max-video-preview":"max-video-preview:-1"},"canonical":"https:\/\/25hours-hotels.com\/de\/paris\/terminus-nord\/co-working\/","og_locale":"de_DE","og_type":"article","og_title":"Co-Working space I 25hours Hotel Terminus Nord","og_description":"Visit the free Co-Working Space at the 25hours Hotel Terminus Nord. Stay in focus and work in a modern and inspiring environment designed to boost your creativity and productivity.","og_url":"https:\/\/25hours-hotels.com\/de\/paris\/terminus-nord\/co-working\/","og_site_name":"25hours Hotels","article_modified_time":"2025-03-18T13:36:37+00:00","og_image":[{"width":1000,"height":750,"url":"https:\/\/25hours-hotels.com\/wp-content\/uploads\/sites\/39\/2025\/03\/25h_terminusnord_coworking_header_2.png","type":"image\/png"}],"twitter_card":"summary_large_image","twitter_misc":{"Est. reading time":"2 minutes"},"schema":{"@context":"https:\/\/schema.org","@graph":[{"@type":"WebPage","@id":"https:\/\/25hours-hotels.com\/paris\/terminus-nord\/co-working\/","url":"https:\/\/25hours-hotels.com\/paris\/terminus-nord\/co-working\/","name":"Co-Working space I 25hours Hotel Terminus Nord","isPartOf":{"@id":"https:\/\/25hours-hotels.com\/#website"},"primaryImageOfPage":{"@id":"https:\/\/25hours-hotels.com\/paris\/terminus-nord\/co-working\/#primaryimage"},"image":{"@id":"https:\/\/25hours-hotels.com\/paris\/terminus-nord\/co-working\/#primaryimage"},"thumbnailUrl":"https:\/\/25hours-hotels.com\/wp-content\/uploads\/sites\/39\/2025\/03\/25h_terminusnord_coworking_header_2.png","datePublished":"2025-03-11T15:00:02+00:00","dateModified":"2025-03-18T13:36:37+00:00","description":"Visit the free Co-Working Space at the 25hours Hotel Terminus Nord. Stay in focus and work in a modern and inspiring environment designed to boost your creativity and productivity.","breadcrumb":{"@id":"https:\/\/25hours-hotels.com\/paris\/terminus-nord\/co-working\/#breadcrumb"},"inLanguage":"de-DE","potentialAction":[{"@type":"ReadAction","target":["https:\/\/25hours-hotels.com\/paris\/terminus-nord\/co-working\/"]}]},{"@type":"ImageObject","inLanguage":"de-DE","@id":"https:\/\/25hours-hotels.com\/paris\/terminus-nord\/co-working\/#primaryimage","url":"https:\/\/25hours-hotels.com\/wp-content\/uploads\/sites\/39\/2025\/03\/25h_terminusnord_coworking_header_2.png","contentUrl":"https:\/\/25hours-hotels.com\/wp-content\/uploads\/sites\/39\/2025\/03\/25h_terminusnord_coworking_header_2.png","width":1000,"height":750,"caption":"A person sits cross-legged on a bar stool, focused on a laptop, surrounded by elegant lamps and a cosy, inviting atmosphere."},{"@type":"BreadcrumbList","@id":"https:\/\/25hours-hotels.com\/paris\/terminus-nord\/co-working\/#breadcrumb","itemListElement":[{"@type":"ListItem","position":1,"name":"Home","item":"https:\/\/25hours-hotels.com\/"},{"@type":"ListItem","position":2,"name":"Co-working area"}]},{"@type":"WebSite","@id":"https:\/\/25hours-hotels.com\/#website","url":"https:\/\/25hours-hotels.com\/","name":"25hours Hotels","description":"","potentialAction":[{"@type":"SearchAction","target":{"@type":"EntryPoint","urlTemplate":"https:\/\/25hours-hotels.com\/?s={search_term_string}"},"query-input":"required name=search_term_string"}],"inLanguage":"de-DE"}]}},"jetpack_sharing_enabled":true,"_links":{"self":[{"href":"https:\/\/25hours-hotels.com\/de\/wp-json\/wp\/v2\/pages\/15788"}],"collection":[{"href":"https:\/\/25hours-hotels.com\/de\/wp-json\/wp\/v2\/pages"}],"about":[{"href":"https:\/\/25hours-hotels.com\/de\/wp-json\/wp\/v2\/types\/page"}],"author":[{"embeddable":true,"href":"https:\/\/25hours-hotels.com\/de\/wp-json\/wp\/v2\/users\/416"}],"replies":[{"embeddable":true,"href":"https:\/\/25hours-hotels.com\/de\/wp-json\/wp\/v2\/comments?post=15788"}],"version-history":[{"count":9,"href":"https:\/\/25hours-hotels.com\/de\/wp-json\/wp\/v2\/pages\/15788\/revisions"}],"predecessor-version":[{"id":15886,"href":"https:\/\/25hours-hotels.com\/de\/wp-json\/wp\/v2\/pages\/15788\/revisions\/15886"}],"wp:featuredmedia":[{"embeddable":true,"href":"https:\/\/25hours-hotels.com\/de\/wp-json\/wp\/v2\/media\/15792"}],"wp:attachment":[{"href":"https:\/\/25hours-hotels.com\/de\/wp-json\/wp\/v2\/media?parent=15788"}],"wp:term":[{"taxonomy":"business-site","embeddable":true,"href":"https:\/\/25hours-hotels.com\/de\/wp-json\/wp\/v2\/business-site?post=15788"}],"curies":[{"name":"wp","href":"https:\/\/api.w.org\/{rel}","templated":true}]}}