
{"id":14467,"date":"2025-01-22T08:30:17","date_gmt":"2025-01-22T08:30:17","guid":{"rendered":"https:\/\/25hours-hotels.com\/?page_id=14467"},"modified":"2025-02-11T15:50:42","modified_gmt":"2025-02-11T15:50:42","slug":"milano-25","status":"publish","type":"page","link":"https:\/\/25hours-hotels.com\/de\/corporate-social-responsibility\/milano-25\/","title":{"rendered":"MILANO 25"},"content":{"rendered":"<div class=\"wp-block-group has-pattern-dots has-global-padding is-layout-constrained wp-block-group-is-layout-constrained\" style=\"padding-top:var(--wp--preset--spacing--7);padding-bottom:var(--wp--preset--spacing--7)\">\n<div style=\"height:100px\" aria-hidden=\"true\" class=\"wp-block-spacer\"><\/div>\n\n\n\n<h2 class=\"wp-block-heading has-text-align-center\">MILANO 25<\/h2>\n\n\n\n<p class=\"has-text-align-center\">Botschafterin der Solidarit\u00e4t<\/p>\n<\/div>\n\n\n\n\n<div class=\"wp-block-group alignwide wp-block-media-post-content-block wp-block-media-post-content-block has-pattern-dots has-global-padding is-layout-constrained wp-container-core-group-is-layout-2 wp-block-group-is-layout-constrained\" style=\"padding-top:var(--wp--preset--spacing--5);padding-bottom:var(--wp--preset--spacing--5)\">\n<div class=\"wp-block-columns is-layout-flex wp-container-core-columns-is-layout-1 wp-block-columns-is-layout-flex\">\n<div class=\"wp-block-column custom25h-media-post-content-gallery is-layout-flow wp-block-column-is-layout-flow\">\n<figure class=\"wp-block-image size-large\"><img loading=\"lazy\" decoding=\"async\" width=\"1000\" height=\"750\" src=\"https:\/\/25hours-hotels.com\/wp-content\/uploads\/sites\/39\/2025\/01\/25h_global_csr_milano-25_2.png?w=1000\" alt=\"\" class=\"wp-image-14474\" srcset=\"https:\/\/25hours-hotels.com\/wp-content\/uploads\/sites\/39\/2025\/01\/25h_global_csr_milano-25_2.png 1000w, https:\/\/25hours-hotels.com\/wp-content\/uploads\/sites\/39\/2025\/01\/25h_global_csr_milano-25_2.png?resize=300,225 300w, https:\/\/25hours-hotels.com\/wp-content\/uploads\/sites\/39\/2025\/01\/25h_global_csr_milano-25_2.png?resize=768,576 768w, https:\/\/25hours-hotels.com\/wp-content\/uploads\/sites\/39\/2025\/01\/25h_global_csr_milano-25_2.png?resize=16,12 16w\" sizes=\"(max-width: 1000px) 100vw, 1000px\" \/><\/figure>\n<\/div>\n\n\n\n<div class=\"wp-block-column is-vertically-aligned-top custom25h-media-post-content-post is-layout-flow wp-block-column-is-layout-flow\">\n<p>Milan 25 ist ein ganz besonderes, buntes und au\u00dfergew\u00f6hnliches Taxi in Florenz, das von Caterina Bellandi gefahren wird. Urspr\u00fcnglich arbeitete sie in einem B\u00fcro, doch nach dem Tod ihres Partners Stefano, einem Taxifahrer, \u00fcbernahm sie sein Taxi \u201eMilan 25\u201c. Zun\u00e4chst war es eine Antwort auf ihren eigenen Schmerz, doch bald wurde ihre Arbeit zu einer Quelle der Liebe und des Engagements f\u00fcr andere.<\/p>\n\n\n\n<p>Im Jahr 2002 lernte Caterina eine Familie kennen, deren Tochter an einem Gehirntumor gestorben war. Diese Begegnung bewegte sie so sehr, dass sie begann, krebskranke Kinder und ihre Familien kostenlos zu fahren. Caterina nennt diese Kinder \u201eSuperhelden\u201c, die sie auf ihrem Taxi als Comicfiguren verewigte. Ihr Taxi wurde zu einem Symbol der Hoffnung und Solidarit\u00e4t.<\/p>\n\n\n\n<p>Caterina ist nicht nur eine gew\u00f6hnliche Taxifahrerin, sondern eine lebensbejahende Pers\u00f6nlichkeit, die mit ihrem bunten, einzigartigen Taxi Menschen in schwierigen Lebenssituationen unterst\u00fctzt. Sie ist bekannt f\u00fcr ihre F\u00e4higkeit, zuzuh\u00f6ren, und ihre Lebensfreude, die sie in jedem Moment ihrer Arbeit ausstrahlt.<\/p>\n\n\n\n<p>Sie wurde 2007 zur \u201eBotschafterin der Solidarit\u00e4t\u201c f\u00fcr Florenz ernannt und erhielt 2012 eine Auszeichnung f\u00fcr ihr Engagement. Milan 25 wurde schlie\u00dflich zu einer gemeinn\u00fctzigen Organisation (Onlus), die Menschen in Not unterst\u00fctzt. Caterina ist eine Frau, die ihre eigene Trauer in Liebe und Hoffnung f\u00fcr andere verwandelt hat und sich unerm\u00fcdlich f\u00fcr das Wohl anderer einsetzt.<\/p>\n\n\n\n<p>Das 25hours Hotel Piazza San Paolino in Florenz unterst\u00fctzt Caterina mit kostenfreien \u00dcbernachtungen und Speisen und Getr\u00e4nke f\u00fcr Ihre G\u00e4ste. Ein Teil ihrer Produkte wird \u00fcberdies im Hotelshop angeboten und verkauft.<\/p>\n\n\n\n<div class=\"wp-block-buttons is-layout-flex wp-block-buttons-is-layout-flex\">\n<div class=\"wp-block-button is-style-text-link is-style-text-link is-style-text-link\"><a class=\"wp-block-button__link wp-element-button\" href=\"http:\/\/www.milano25onlus.org\/sito\/Home.html\" target=\"_blank\" rel=\"noreferrer noopener\" aria-label=\"\">Zur Webseite<\/a><\/div>\n<\/div>\n<\/div>\n<\/div>\n<\/div>","protected":false},"excerpt":{"rendered":"<p>Green Key was launched in Denmark in 1994 and has been managed by the Foundation for Environmental Education (FEE) and its national member organisations since 2002.<\/p>","protected":false},"author":416,"featured_media":0,"parent":0,"menu_order":0,"comment_status":"closed","ping_status":"closed","template":"","meta":{"_acf_changed":false,"_yoast_wpseo_title":"","_yoast_wpseo_metadesc":"","inline_featured_image":false,"footnotes":""},"business-site":[],"acf":[],"yoast_head":"<!-- This site is optimized with the Yoast SEO plugin v22.7 - https:\/\/yoast.com\/wordpress\/plugins\/seo\/ -->\n<title>MILANO 25 - 25hours Hotels<\/title>\n<meta name=\"robots\" content=\"index, follow, max-snippet:-1, max-image-preview:large, max-video-preview:-1\" \/>\n<link rel=\"canonical\" href=\"https:\/\/25hours-hotels.com\/de\/corporate-social-responsibility\/milano-25\/\" \/>\n<meta property=\"og:locale\" content=\"de_DE\" \/>\n<meta property=\"og:type\" content=\"article\" \/>\n<meta property=\"og:title\" content=\"MILANO 25 - 25hours Hotels\" \/>\n<meta property=\"og:description\" content=\"Green Key was launched in Denmark in 1994 and has been managed by the Foundation for Environmental Education (FEE) and its national member organisations since 2002.\" \/>\n<meta property=\"og:url\" content=\"https:\/\/25hours-hotels.com\/de\/corporate-social-responsibility\/milano-25\/\" \/>\n<meta property=\"og:site_name\" content=\"25hours Hotels\" \/>\n<meta property=\"article:modified_time\" content=\"2025-02-11T15:50:42+00:00\" \/>\n<meta property=\"og:image\" content=\"https:\/\/25hours-hotels.com\/wp-content\/uploads\/sites\/39\/2025\/01\/25h_global_csr_milano-25_2.png?w=1000\" \/>\n<meta name=\"twitter:card\" content=\"summary_large_image\" \/>\n<meta name=\"twitter:label1\" content=\"Est. reading time\" \/>\n\t<meta name=\"twitter:data1\" content=\"2 minutes\" \/>\n<script type=\"application\/ld+json\" class=\"yoast-schema-graph\">{\"@context\":\"https:\/\/schema.org\",\"@graph\":[{\"@type\":\"WebPage\",\"@id\":\"https:\/\/25hours-hotels.com\/corporate-social-responsibility\/milano-25\/\",\"url\":\"https:\/\/25hours-hotels.com\/corporate-social-responsibility\/milano-25\/\",\"name\":\"MILANO 25 - 25hours Hotels\",\"isPartOf\":{\"@id\":\"https:\/\/25hours-hotels.com\/#website\"},\"primaryImageOfPage\":{\"@id\":\"https:\/\/25hours-hotels.com\/corporate-social-responsibility\/milano-25\/#primaryimage\"},\"image\":{\"@id\":\"https:\/\/25hours-hotels.com\/corporate-social-responsibility\/milano-25\/#primaryimage\"},\"thumbnailUrl\":\"https:\/\/25hours-hotels.com\/wp-content\/uploads\/sites\/39\/2025\/01\/25h_global_csr_milano-25_2.png?w=1000\",\"datePublished\":\"2025-01-22T08:30:17+00:00\",\"dateModified\":\"2025-02-11T15:50:42+00:00\",\"breadcrumb\":{\"@id\":\"https:\/\/25hours-hotels.com\/corporate-social-responsibility\/milano-25\/#breadcrumb\"},\"inLanguage\":\"de-DE\",\"potentialAction\":[{\"@type\":\"ReadAction\",\"target\":[\"https:\/\/25hours-hotels.com\/corporate-social-responsibility\/milano-25\/\"]}]},{\"@type\":\"ImageObject\",\"inLanguage\":\"de-DE\",\"@id\":\"https:\/\/25hours-hotels.com\/corporate-social-responsibility\/milano-25\/#primaryimage\",\"url\":\"https:\/\/25hours-hotels.com\/wp-content\/uploads\/sites\/39\/2025\/01\/25h_global_csr_milano-25_2.png?w=1000\",\"contentUrl\":\"https:\/\/25hours-hotels.com\/wp-content\/uploads\/sites\/39\/2025\/01\/25h_global_csr_milano-25_2.png?w=1000\"},{\"@type\":\"BreadcrumbList\",\"@id\":\"https:\/\/25hours-hotels.com\/corporate-social-responsibility\/milano-25\/#breadcrumb\",\"itemListElement\":[{\"@type\":\"ListItem\",\"position\":1,\"name\":\"Home\",\"item\":\"https:\/\/25hours-hotels.com\/\"},{\"@type\":\"ListItem\",\"position\":2,\"name\":\"MILANO 25\"}]},{\"@type\":\"WebSite\",\"@id\":\"https:\/\/25hours-hotels.com\/#website\",\"url\":\"https:\/\/25hours-hotels.com\/\",\"name\":\"25hours Hotels\",\"description\":\"\",\"potentialAction\":[{\"@type\":\"SearchAction\",\"target\":{\"@type\":\"EntryPoint\",\"urlTemplate\":\"https:\/\/25hours-hotels.com\/?s={search_term_string}\"},\"query-input\":\"required name=search_term_string\"}],\"inLanguage\":\"de-DE\"}]}<\/script>\n<!-- \/ Yoast SEO plugin. -->","yoast_head_json":{"title":"MILANO 25 - 25hours Hotels","robots":{"index":"index","follow":"follow","max-snippet":"max-snippet:-1","max-image-preview":"max-image-preview:large","max-video-preview":"max-video-preview:-1"},"canonical":"https:\/\/25hours-hotels.com\/de\/corporate-social-responsibility\/milano-25\/","og_locale":"de_DE","og_type":"article","og_title":"MILANO 25 - 25hours Hotels","og_description":"Green Key was launched in Denmark in 1994 and has been managed by the Foundation for Environmental Education (FEE) and its national member organisations since 2002.","og_url":"https:\/\/25hours-hotels.com\/de\/corporate-social-responsibility\/milano-25\/","og_site_name":"25hours Hotels","article_modified_time":"2025-02-11T15:50:42+00:00","og_image":[{"url":"https:\/\/25hours-hotels.com\/wp-content\/uploads\/sites\/39\/2025\/01\/25h_global_csr_milano-25_2.png?w=1000"}],"twitter_card":"summary_large_image","twitter_misc":{"Est. reading time":"2 minutes"},"schema":{"@context":"https:\/\/schema.org","@graph":[{"@type":"WebPage","@id":"https:\/\/25hours-hotels.com\/corporate-social-responsibility\/milano-25\/","url":"https:\/\/25hours-hotels.com\/corporate-social-responsibility\/milano-25\/","name":"MILANO 25 - 25hours Hotels","isPartOf":{"@id":"https:\/\/25hours-hotels.com\/#website"},"primaryImageOfPage":{"@id":"https:\/\/25hours-hotels.com\/corporate-social-responsibility\/milano-25\/#primaryimage"},"image":{"@id":"https:\/\/25hours-hotels.com\/corporate-social-responsibility\/milano-25\/#primaryimage"},"thumbnailUrl":"https:\/\/25hours-hotels.com\/wp-content\/uploads\/sites\/39\/2025\/01\/25h_global_csr_milano-25_2.png?w=1000","datePublished":"2025-01-22T08:30:17+00:00","dateModified":"2025-02-11T15:50:42+00:00","breadcrumb":{"@id":"https:\/\/25hours-hotels.com\/corporate-social-responsibility\/milano-25\/#breadcrumb"},"inLanguage":"de-DE","potentialAction":[{"@type":"ReadAction","target":["https:\/\/25hours-hotels.com\/corporate-social-responsibility\/milano-25\/"]}]},{"@type":"ImageObject","inLanguage":"de-DE","@id":"https:\/\/25hours-hotels.com\/corporate-social-responsibility\/milano-25\/#primaryimage","url":"https:\/\/25hours-hotels.com\/wp-content\/uploads\/sites\/39\/2025\/01\/25h_global_csr_milano-25_2.png?w=1000","contentUrl":"https:\/\/25hours-hotels.com\/wp-content\/uploads\/sites\/39\/2025\/01\/25h_global_csr_milano-25_2.png?w=1000"},{"@type":"BreadcrumbList","@id":"https:\/\/25hours-hotels.com\/corporate-social-responsibility\/milano-25\/#breadcrumb","itemListElement":[{"@type":"ListItem","position":1,"name":"Home","item":"https:\/\/25hours-hotels.com\/"},{"@type":"ListItem","position":2,"name":"MILANO 25"}]},{"@type":"WebSite","@id":"https:\/\/25hours-hotels.com\/#website","url":"https:\/\/25hours-hotels.com\/","name":"25hours Hotels","description":"","potentialAction":[{"@type":"SearchAction","target":{"@type":"EntryPoint","urlTemplate":"https:\/\/25hours-hotels.com\/?s={search_term_string}"},"query-input":"required name=search_term_string"}],"inLanguage":"de-DE"}]}},"jetpack_sharing_enabled":true,"_links":{"self":[{"href":"https:\/\/25hours-hotels.com\/de\/wp-json\/wp\/v2\/pages\/14467"}],"collection":[{"href":"https:\/\/25hours-hotels.com\/de\/wp-json\/wp\/v2\/pages"}],"about":[{"href":"https:\/\/25hours-hotels.com\/de\/wp-json\/wp\/v2\/types\/page"}],"author":[{"embeddable":true,"href":"https:\/\/25hours-hotels.com\/de\/wp-json\/wp\/v2\/users\/416"}],"replies":[{"embeddable":true,"href":"https:\/\/25hours-hotels.com\/de\/wp-json\/wp\/v2\/comments?post=14467"}],"version-history":[{"count":4,"href":"https:\/\/25hours-hotels.com\/de\/wp-json\/wp\/v2\/pages\/14467\/revisions"}],"predecessor-version":[{"id":15001,"href":"https:\/\/25hours-hotels.com\/de\/wp-json\/wp\/v2\/pages\/14467\/revisions\/15001"}],"wp:attachment":[{"href":"https:\/\/25hours-hotels.com\/de\/wp-json\/wp\/v2\/media?parent=14467"}],"wp:term":[{"taxonomy":"business-site","embeddable":true,"href":"https:\/\/25hours-hotels.com\/de\/wp-json\/wp\/v2\/business-site?post=14467"}],"curies":[{"name":"wp","href":"https:\/\/api.w.org\/{rel}","templated":true}]}}