
{"id":13833,"date":"2024-12-19T13:53:49","date_gmt":"2024-12-19T13:53:49","guid":{"rendered":"https:\/\/25hours-hotels.com\/?page_id=13833"},"modified":"2024-12-19T14:55:30","modified_gmt":"2024-12-19T14:55:30","slug":"comp-voucher","status":"publish","type":"page","link":"https:\/\/25hours-hotels.com\/de\/comp-voucher\/","title":{"rendered":"Comp Voucher"},"content":{"rendered":"<div class=\"wp-block-custom25h-hero-randb\">\n<div class=\"wp-block-group alignfull wp-block-custom25h-hero-randb--container has-background wp-block-custom25h-hero-randb--container has-color-propertyColor2 has-pattern-dots is-layout-flow wp-container-core-group-is-layout-4 wp-block-group-is-layout-flow\" style=\"background-color:#e5f2f9\">\n<div class=\"wp-block-group alignwide wp-block-custom25h-hero-randb--inner wp-block-custom25h-hero-randb--inner has-global-padding is-layout-constrained wp-container-core-group-is-layout-3 wp-block-group-is-layout-constrained\">\n<div class=\"wp-block-group alignfull wp-block-custom25h-hero-randb--texts wp-block-custom25h-hero-randb--texts is-layout-flow wp-container-core-group-is-layout-1 wp-block-group-is-layout-flow\">\n<h1 class=\"wp-block-heading has-title-1-font-size\"><br>vouchers<br><\/h1>\n<\/div>\n\n\n\n<div class=\"wp-block-group alignwide wp-block-custom25h-hero-randb--images wp-block-custom25h-hero-randb--images is-layout-flow wp-container-core-group-is-layout-2 wp-block-group-is-layout-flow\">\n<figure class=\"wp-block-image size-large\"><img loading=\"lazy\" decoding=\"async\" width=\"676\" height=\"700\" src=\"https:\/\/25hours-hotels.com\/wp-content\/uploads\/sites\/39\/2024\/11\/25h_global_voucher_2.jpg?w=676\" alt=\"\" class=\"wp-image-7686\" srcset=\"https:\/\/25hours-hotels.com\/wp-content\/uploads\/sites\/39\/2024\/11\/25h_global_voucher_2.jpg 676w, https:\/\/25hours-hotels.com\/wp-content\/uploads\/sites\/39\/2024\/11\/25h_global_voucher_2.jpg?resize=290,300 290w, https:\/\/25hours-hotels.com\/wp-content\/uploads\/sites\/39\/2024\/11\/25h_global_voucher_2.jpg?resize=12,12 12w\" sizes=\"(max-width: 676px) 100vw, 676px\" \/><\/figure>\n\n\n\n<figure class=\"wp-block-image size-large\"><img loading=\"lazy\" decoding=\"async\" width=\"1000\" height=\"750\" src=\"https:\/\/25hours-hotels.com\/wp-content\/uploads\/sites\/39\/2024\/11\/25h_global_voucher_1.jpg?w=1000\" alt=\"\" class=\"wp-image-7685\" srcset=\"https:\/\/25hours-hotels.com\/wp-content\/uploads\/sites\/39\/2024\/11\/25h_global_voucher_1.jpg 1000w, https:\/\/25hours-hotels.com\/wp-content\/uploads\/sites\/39\/2024\/11\/25h_global_voucher_1.jpg?resize=300,225 300w, https:\/\/25hours-hotels.com\/wp-content\/uploads\/sites\/39\/2024\/11\/25h_global_voucher_1.jpg?resize=768,576 768w, https:\/\/25hours-hotels.com\/wp-content\/uploads\/sites\/39\/2024\/11\/25h_global_voucher_1.jpg?resize=16,12 16w\" sizes=\"(max-width: 1000px) 100vw, 1000px\" \/><\/figure>\n\n\n\n<figure class=\"wp-block-image size-large\"><img loading=\"lazy\" decoding=\"async\" width=\"640\" height=\"640\" src=\"https:\/\/25hours-hotels.com\/wp-content\/uploads\/sites\/39\/2024\/08\/25h_museumsquartier_artefacts_5.png?w=640\" alt=\"\" class=\"wp-image-5278\" srcset=\"https:\/\/25hours-hotels.com\/wp-content\/uploads\/sites\/39\/2024\/08\/25h_museumsquartier_artefacts_5.png 640w, https:\/\/25hours-hotels.com\/wp-content\/uploads\/sites\/39\/2024\/08\/25h_museumsquartier_artefacts_5.png?resize=150,150 150w, https:\/\/25hours-hotels.com\/wp-content\/uploads\/sites\/39\/2024\/08\/25h_museumsquartier_artefacts_5.png?resize=300,300 300w, https:\/\/25hours-hotels.com\/wp-content\/uploads\/sites\/39\/2024\/08\/25h_museumsquartier_artefacts_5.png?resize=12,12 12w\" sizes=\"(max-width: 640px) 100vw, 640px\" \/><\/figure>\n<\/div>\n<\/div>\n<\/div>\n<\/div>\n\n\n\n<div class=\"wp-block-group has-pattern-dots has-global-padding is-layout-constrained wp-block-group-is-layout-constrained\" style=\"padding-top:var(--wp--preset--spacing--3);padding-bottom:var(--wp--preset--spacing--3)\">\n<div class=\"wp-block-group has-pattern-dots has-global-padding is-layout-constrained wp-block-group-is-layout-constrained\" style=\"padding-top:var(--wp--preset--spacing--4);padding-bottom:var(--wp--preset--spacing--4)\">\n<div class=\"wp-block-columns is-layout-flex wp-container-core-columns-is-layout-2 wp-block-columns-is-layout-flex\">\n<div class=\"wp-block-column is-layout-flow wp-block-column-is-layout-flow\" style=\"flex-basis:410px\">\n<h3 class=\"wp-block-heading\" style=\"padding-top:var(--wp--preset--spacing--1);padding-bottom:var(--wp--preset--spacing--1)\">let&#8217;s spend the night together.<\/h3>\n\n\n\n<p>Gutschein f\u00fcr eine \u00dcbernachtung mit Fr\u00fchst\u00fcck, nat\u00fcrlich f\u00fcr zwei Personen.<\/p>\n\n\n\n<p><br><\/p>\n\n\n\n<div class=\"wp-block-custom25h-accordion --isFaq\">\n<details class=\"wp-block-details alignfull wp-block-custom25h-accordion--container is-layout-flow wp-block-details-is-layout-flow\"><summary>Kontaktdaten zum Einl\u00f6sen der Gutscheine<\/summary>\n<div class=\"wp-block-columns wp-block-custom25h-accordion--columns is-layout-flex wp-container-core-columns-is-layout-1 wp-block-columns-is-layout-flex\">\n<div class=\"wp-block-column is-layout-flow wp-block-column-is-layout-flow\">\n<p class=\"has-text-align-left\">25hours hotels<br><a href=\"mailto:res@25hours-hotels.com\">res@25hours-hotels.com<br><\/a>p +49 40 25 77 77 25 5<\/p>\n<\/div>\n<\/div>\n<\/details>\n<\/div>\n<\/div>\n\n\n\n<div class=\"wp-block-column is-layout-flow wp-block-column-is-layout-flow\"><\/div>\n\n\n\n<div class=\"wp-block-column is-vertically-aligned-top is-layout-flow wp-block-column-is-layout-flow\" style=\"flex-basis:410px\">\n<p><\/p>\n\n\n\n<h4 class=\"wp-block-heading\">Allgemeine Gesch\u00e4tsbedingung<\/h4>\n\n\n\n<ul>\n<li>Gutschein einl\u00f6sbar in den 25hours Hotels in Deutschland, D\u00e4nemark, Italien, Frankreich, \u00d6sterreich und der Schweiz.<\/li>\n\n\n\n<li>Gutschein verj\u00e4hrt drei Jahre nach Erhalt gerechnet vom 31. Dezember des Ausstellungsjahres.<\/li>\n\n\n\n<li>Einl\u00f6sung auf Anfrage und nach Verf\u00fcgbarkeit, es existieren Sperrdaten. Kontaktdaten f\u00fcr die Buchung befinden sich im unteren Bereich. Gutschein ist nicht verk\u00e4uflich. Eine Teileinl\u00f6sung ist nicht m\u00f6glich.<\/li>\n<\/ul>\n<\/div>\n<\/div>\n<\/div>\n<\/div>","protected":false},"excerpt":{"rendered":"<p>let&#8217;s spend the night together. Voucher for an overnight stay with breakfast for two. Terms &amp; Conditions<\/p>","protected":false},"author":205,"featured_media":0,"parent":0,"menu_order":0,"comment_status":"closed","ping_status":"closed","template":"","meta":{"_acf_changed":false,"_yoast_wpseo_title":"","_yoast_wpseo_metadesc":"","inline_featured_image":false,"footnotes":""},"business-site":[],"acf":[],"yoast_head":"<!-- This site is optimized with the Yoast SEO plugin v22.7 - https:\/\/yoast.com\/wordpress\/plugins\/seo\/ -->\n<title>Comp Voucher - 25hours Hotels<\/title>\n<meta name=\"robots\" content=\"index, follow, max-snippet:-1, max-image-preview:large, max-video-preview:-1\" \/>\n<link rel=\"canonical\" href=\"https:\/\/25hours-hotels.com\/de\/comp-voucher\/\" \/>\n<meta property=\"og:locale\" content=\"de_DE\" \/>\n<meta property=\"og:type\" content=\"article\" \/>\n<meta property=\"og:title\" content=\"Comp Voucher - 25hours Hotels\" \/>\n<meta property=\"og:description\" content=\"let&#8217;s spend the night together. Voucher for an overnight stay with breakfast for two. Terms &amp; Conditions\" \/>\n<meta property=\"og:url\" content=\"https:\/\/25hours-hotels.com\/de\/comp-voucher\/\" \/>\n<meta property=\"og:site_name\" content=\"25hours Hotels\" \/>\n<meta property=\"article:modified_time\" content=\"2024-12-19T14:55:30+00:00\" \/>\n<meta property=\"og:image\" content=\"https:\/\/25hours-hotels.com\/wp-content\/uploads\/sites\/39\/2024\/11\/25h_global_voucher_2.jpg?w=676\" \/>\n<meta name=\"twitter:card\" content=\"summary_large_image\" \/>\n<meta name=\"twitter:label1\" content=\"Est. reading time\" \/>\n\t<meta name=\"twitter:data1\" content=\"2 minutes\" \/>\n<script type=\"application\/ld+json\" class=\"yoast-schema-graph\">{\"@context\":\"https:\/\/schema.org\",\"@graph\":[{\"@type\":\"WebPage\",\"@id\":\"https:\/\/25hours-hotels.com\/comp-voucher\/\",\"url\":\"https:\/\/25hours-hotels.com\/comp-voucher\/\",\"name\":\"Comp Voucher - 25hours Hotels\",\"isPartOf\":{\"@id\":\"https:\/\/25hours-hotels.com\/#website\"},\"primaryImageOfPage\":{\"@id\":\"https:\/\/25hours-hotels.com\/comp-voucher\/#primaryimage\"},\"image\":{\"@id\":\"https:\/\/25hours-hotels.com\/comp-voucher\/#primaryimage\"},\"thumbnailUrl\":\"https:\/\/25hours-hotels.com\/wp-content\/uploads\/sites\/39\/2024\/11\/25h_global_voucher_2.jpg?w=676\",\"datePublished\":\"2024-12-19T13:53:49+00:00\",\"dateModified\":\"2024-12-19T14:55:30+00:00\",\"breadcrumb\":{\"@id\":\"https:\/\/25hours-hotels.com\/comp-voucher\/#breadcrumb\"},\"inLanguage\":\"de-DE\",\"potentialAction\":[{\"@type\":\"ReadAction\",\"target\":[\"https:\/\/25hours-hotels.com\/comp-voucher\/\"]}]},{\"@type\":\"ImageObject\",\"inLanguage\":\"de-DE\",\"@id\":\"https:\/\/25hours-hotels.com\/comp-voucher\/#primaryimage\",\"url\":\"https:\/\/25hours-hotels.com\/wp-content\/uploads\/sites\/39\/2024\/11\/25h_global_voucher_2.jpg?w=676\",\"contentUrl\":\"https:\/\/25hours-hotels.com\/wp-content\/uploads\/sites\/39\/2024\/11\/25h_global_voucher_2.jpg?w=676\"},{\"@type\":\"BreadcrumbList\",\"@id\":\"https:\/\/25hours-hotels.com\/comp-voucher\/#breadcrumb\",\"itemListElement\":[{\"@type\":\"ListItem\",\"position\":1,\"name\":\"Home\",\"item\":\"https:\/\/25hours-hotels.com\/\"},{\"@type\":\"ListItem\",\"position\":2,\"name\":\"Comp Voucher\"}]},{\"@type\":\"WebSite\",\"@id\":\"https:\/\/25hours-hotels.com\/#website\",\"url\":\"https:\/\/25hours-hotels.com\/\",\"name\":\"25hours Hotels\",\"description\":\"\",\"potentialAction\":[{\"@type\":\"SearchAction\",\"target\":{\"@type\":\"EntryPoint\",\"urlTemplate\":\"https:\/\/25hours-hotels.com\/?s={search_term_string}\"},\"query-input\":\"required name=search_term_string\"}],\"inLanguage\":\"de-DE\"}]}<\/script>\n<!-- \/ Yoast SEO plugin. -->","yoast_head_json":{"title":"Comp Voucher - 25hours Hotels","robots":{"index":"index","follow":"follow","max-snippet":"max-snippet:-1","max-image-preview":"max-image-preview:large","max-video-preview":"max-video-preview:-1"},"canonical":"https:\/\/25hours-hotels.com\/de\/comp-voucher\/","og_locale":"de_DE","og_type":"article","og_title":"Comp Voucher - 25hours Hotels","og_description":"let&#8217;s spend the night together. Voucher for an overnight stay with breakfast for two. Terms &amp; Conditions","og_url":"https:\/\/25hours-hotels.com\/de\/comp-voucher\/","og_site_name":"25hours Hotels","article_modified_time":"2024-12-19T14:55:30+00:00","og_image":[{"url":"https:\/\/25hours-hotels.com\/wp-content\/uploads\/sites\/39\/2024\/11\/25h_global_voucher_2.jpg?w=676"}],"twitter_card":"summary_large_image","twitter_misc":{"Est. reading time":"2 minutes"},"schema":{"@context":"https:\/\/schema.org","@graph":[{"@type":"WebPage","@id":"https:\/\/25hours-hotels.com\/comp-voucher\/","url":"https:\/\/25hours-hotels.com\/comp-voucher\/","name":"Comp Voucher - 25hours Hotels","isPartOf":{"@id":"https:\/\/25hours-hotels.com\/#website"},"primaryImageOfPage":{"@id":"https:\/\/25hours-hotels.com\/comp-voucher\/#primaryimage"},"image":{"@id":"https:\/\/25hours-hotels.com\/comp-voucher\/#primaryimage"},"thumbnailUrl":"https:\/\/25hours-hotels.com\/wp-content\/uploads\/sites\/39\/2024\/11\/25h_global_voucher_2.jpg?w=676","datePublished":"2024-12-19T13:53:49+00:00","dateModified":"2024-12-19T14:55:30+00:00","breadcrumb":{"@id":"https:\/\/25hours-hotels.com\/comp-voucher\/#breadcrumb"},"inLanguage":"de-DE","potentialAction":[{"@type":"ReadAction","target":["https:\/\/25hours-hotels.com\/comp-voucher\/"]}]},{"@type":"ImageObject","inLanguage":"de-DE","@id":"https:\/\/25hours-hotels.com\/comp-voucher\/#primaryimage","url":"https:\/\/25hours-hotels.com\/wp-content\/uploads\/sites\/39\/2024\/11\/25h_global_voucher_2.jpg?w=676","contentUrl":"https:\/\/25hours-hotels.com\/wp-content\/uploads\/sites\/39\/2024\/11\/25h_global_voucher_2.jpg?w=676"},{"@type":"BreadcrumbList","@id":"https:\/\/25hours-hotels.com\/comp-voucher\/#breadcrumb","itemListElement":[{"@type":"ListItem","position":1,"name":"Home","item":"https:\/\/25hours-hotels.com\/"},{"@type":"ListItem","position":2,"name":"Comp Voucher"}]},{"@type":"WebSite","@id":"https:\/\/25hours-hotels.com\/#website","url":"https:\/\/25hours-hotels.com\/","name":"25hours Hotels","description":"","potentialAction":[{"@type":"SearchAction","target":{"@type":"EntryPoint","urlTemplate":"https:\/\/25hours-hotels.com\/?s={search_term_string}"},"query-input":"required name=search_term_string"}],"inLanguage":"de-DE"}]}},"jetpack_sharing_enabled":true,"_links":{"self":[{"href":"https:\/\/25hours-hotels.com\/de\/wp-json\/wp\/v2\/pages\/13833"}],"collection":[{"href":"https:\/\/25hours-hotels.com\/de\/wp-json\/wp\/v2\/pages"}],"about":[{"href":"https:\/\/25hours-hotels.com\/de\/wp-json\/wp\/v2\/types\/page"}],"author":[{"embeddable":true,"href":"https:\/\/25hours-hotels.com\/de\/wp-json\/wp\/v2\/users\/205"}],"replies":[{"embeddable":true,"href":"https:\/\/25hours-hotels.com\/de\/wp-json\/wp\/v2\/comments?post=13833"}],"version-history":[{"count":5,"href":"https:\/\/25hours-hotels.com\/de\/wp-json\/wp\/v2\/pages\/13833\/revisions"}],"predecessor-version":[{"id":13853,"href":"https:\/\/25hours-hotels.com\/de\/wp-json\/wp\/v2\/pages\/13833\/revisions\/13853"}],"wp:attachment":[{"href":"https:\/\/25hours-hotels.com\/de\/wp-json\/wp\/v2\/media?parent=13833"}],"wp:term":[{"taxonomy":"business-site","embeddable":true,"href":"https:\/\/25hours-hotels.com\/de\/wp-json\/wp\/v2\/business-site?post=13833"}],"curies":[{"name":"wp","href":"https:\/\/api.w.org\/{rel}","templated":true}]}}