
{"id":13774,"date":"2024-12-19T08:28:00","date_gmt":"2024-12-19T08:28:00","guid":{"rendered":"https:\/\/25hours-hotels.com\/?page_id=13774"},"modified":"2024-12-19T08:28:01","modified_gmt":"2024-12-19T08:28:01","slug":"frauenhilfe-munchen","status":"publish","type":"page","link":"https:\/\/25hours-hotels.com\/de\/corporate-social-responsibility\/frauenhilfe-muenchen\/","title":{"rendered":"Frauenhilfe M\u00fcnchen"},"content":{"rendered":"<div class=\"wp-block-group has-pattern-dots has-global-padding is-layout-constrained wp-block-group-is-layout-constrained\" style=\"padding-top:var(--wp--preset--spacing--7);padding-bottom:var(--wp--preset--spacing--7)\">\n<div style=\"height:100px\" aria-hidden=\"true\" class=\"wp-block-spacer\"><\/div>\n\n\n\n<h2 class=\"wp-block-heading has-text-align-center\">Frauenhilfe M\u00fcnchen<\/h2>\n\n\n\n<p class=\"has-text-align-center\">Ein Leben ohne Gewalt.<\/p>\n<\/div>\n\n\n\n\n<div class=\"wp-block-group alignwide wp-block-media-post-content-block wp-block-media-post-content-block has-pattern-dots has-global-padding is-layout-constrained wp-container-core-group-is-layout-3 wp-block-group-is-layout-constrained\" style=\"padding-top:var(--wp--preset--spacing--5);padding-bottom:var(--wp--preset--spacing--5)\">\n<div class=\"wp-block-columns is-layout-flex wp-container-core-columns-is-layout-1 wp-block-columns-is-layout-flex\">\n<div class=\"wp-block-column custom25h-media-post-content-gallery is-layout-flow wp-block-column-is-layout-flow\">\n<figure class=\"wp-block-image size-large\"><img loading=\"lazy\" decoding=\"async\" width=\"1000\" height=\"750\" src=\"https:\/\/25hours-hotels.com\/wp-content\/uploads\/sites\/39\/2024\/12\/25h_global_csr_frauenhilfe_1.jpg?w=1000\" alt=\"\" class=\"wp-image-13775\" srcset=\"https:\/\/25hours-hotels.com\/wp-content\/uploads\/sites\/39\/2024\/12\/25h_global_csr_frauenhilfe_1.jpg 1000w, https:\/\/25hours-hotels.com\/wp-content\/uploads\/sites\/39\/2024\/12\/25h_global_csr_frauenhilfe_1.jpg?resize=300,225 300w, https:\/\/25hours-hotels.com\/wp-content\/uploads\/sites\/39\/2024\/12\/25h_global_csr_frauenhilfe_1.jpg?resize=768,576 768w, https:\/\/25hours-hotels.com\/wp-content\/uploads\/sites\/39\/2024\/12\/25h_global_csr_frauenhilfe_1.jpg?resize=16,12 16w\" sizes=\"(max-width: 1000px) 100vw, 1000px\" \/><\/figure>\n<\/div>\n\n\n\n<div class=\"wp-block-column is-vertically-aligned-top custom25h-media-post-content-post is-layout-flow wp-block-column-is-layout-flow\">\n<p>Die Frauenhilfe M\u00fcnchen gGmbH ist eine gemeinn\u00fctzige Organisation, die sich f\u00fcr Frauen in schwierigen Lebenssituationen einsetzt. Sie bietet insbesondere Unterst\u00fctzung und Schutz f\u00fcr Frauen, die von h\u00e4uslicher Gewalt betroffen sind, sowie Beratung und Begleitung in anderen Notlagen. Die Angebote der Frauenhilfe M\u00fcnchen umfassen unter anderem:<\/p>\n\n\n\n<p>Schutzeinrichtungen: Bereitstellung von sicheren Unterk\u00fcnften wie Frauenh\u00e4usern f\u00fcr Frauen und ihre Kinder, die vor Gewalt fliehen m\u00fcssen.<\/p>\n\n\n\n<p>Beratung: Pers\u00f6nliche, telefonische oder online-Beratung zu Themen wie Gewalt, Trennung, Scheidung, rechtliche Fragen oder psychische Belastungen.<\/p>\n\n\n\n<p>Begleitung: Unterst\u00fctzung bei Beh\u00f6rdeng\u00e4ngen, bei der Wohnungssuche oder bei der Sicherstellung der finanziellen Existenz.<\/p>\n\n\n\n<p>Pr\u00e4vention und \u00d6ffentlichkeitsarbeit: Sensibilisierung der Gesellschaft f\u00fcr die Themen h\u00e4usliche Gewalt und Gleichstellung sowie F\u00f6rderung von Hilfsangeboten.<\/p>\n\n\n\n<p>Die Frauenhilfe M\u00fcnchen arbeitet mit anderen Institutionen wie Polizei, Jugend\u00e4mtern und Beratungsstellen zusammen, um betroffenen Frauen schnell und umfassend zu helfen. Ziel ist es, den Frauen ein Leben in Sicherheit und W\u00fcrde zu erm\u00f6glichen.<\/p>\n\n\n\n<p>Das 25hours Hotel M\u00fcnchen unterst\u00fctzt den Verein u.a. mit Sachspenden.<\/p>\n\n\n\n<div class=\"wp-block-buttons is-layout-flex wp-block-buttons-is-layout-flex\">\n<div class=\"wp-block-button is-style-text-link is-style-text-link is-style-text-link\"><a class=\"wp-block-button__link wp-element-button\" href=\"https:\/\/www.frauenhilfe-muenchen.de\/?id=7527\" target=\"_blank\" rel=\"noreferrer noopener\" aria-label=\"\">Zur Webseite<\/a><\/div>\n<\/div>\n\n\n\n<div class=\"wp-block-group has-global-padding is-layout-constrained wp-block-group-is-layout-constrained\">\n<p><br><br><br><\/p>\n<\/div>\n<\/div>\n<\/div>\n<\/div>","protected":false},"excerpt":{"rendered":"<p>Green Key was launched in Denmark in 1994 and has been managed by the Foundation for Environmental Education (FEE) and its national member organisations since 2002.<\/p>","protected":false},"author":205,"featured_media":0,"parent":0,"menu_order":0,"comment_status":"closed","ping_status":"closed","template":"","meta":{"_acf_changed":false,"_yoast_wpseo_title":"","_yoast_wpseo_metadesc":"","inline_featured_image":false,"footnotes":""},"business-site":[],"acf":[],"yoast_head":"<!-- This site is optimized with the Yoast SEO plugin v22.7 - https:\/\/yoast.com\/wordpress\/plugins\/seo\/ -->\n<title>Frauenhilfe M\u00fcnchen - 25hours Hotels<\/title>\n<meta name=\"robots\" content=\"index, follow, max-snippet:-1, max-image-preview:large, max-video-preview:-1\" \/>\n<link rel=\"canonical\" href=\"https:\/\/25hours-hotels.com\/de\/corporate-social-responsibility\/frauenhilfe-muenchen\/\" \/>\n<meta property=\"og:locale\" content=\"de_DE\" \/>\n<meta property=\"og:type\" content=\"article\" \/>\n<meta property=\"og:title\" content=\"Frauenhilfe M\u00fcnchen - 25hours Hotels\" \/>\n<meta property=\"og:description\" content=\"Green Key was launched in Denmark in 1994 and has been managed by the Foundation for Environmental Education (FEE) and its national member organisations since 2002.\" \/>\n<meta property=\"og:url\" content=\"https:\/\/25hours-hotels.com\/de\/corporate-social-responsibility\/frauenhilfe-muenchen\/\" \/>\n<meta property=\"og:site_name\" content=\"25hours Hotels\" \/>\n<meta property=\"article:modified_time\" content=\"2024-12-19T08:28:01+00:00\" \/>\n<meta property=\"og:image\" content=\"https:\/\/25hours-hotels.com\/wp-content\/uploads\/sites\/39\/2024\/12\/25h_global_csr_frauenhilfe_1.jpg?w=1000\" \/>\n<meta name=\"twitter:card\" content=\"summary_large_image\" \/>\n<meta name=\"twitter:label1\" content=\"Est. reading time\" \/>\n\t<meta name=\"twitter:data1\" content=\"1 minute\" \/>\n<script type=\"application\/ld+json\" class=\"yoast-schema-graph\">{\"@context\":\"https:\/\/schema.org\",\"@graph\":[{\"@type\":\"WebPage\",\"@id\":\"https:\/\/25hours-hotels.com\/corporate-social-responsibility\/frauenhilfe-muenchen\/\",\"url\":\"https:\/\/25hours-hotels.com\/corporate-social-responsibility\/frauenhilfe-muenchen\/\",\"name\":\"Frauenhilfe M\u00fcnchen - 25hours Hotels\",\"isPartOf\":{\"@id\":\"https:\/\/25hours-hotels.com\/#website\"},\"primaryImageOfPage\":{\"@id\":\"https:\/\/25hours-hotels.com\/corporate-social-responsibility\/frauenhilfe-muenchen\/#primaryimage\"},\"image\":{\"@id\":\"https:\/\/25hours-hotels.com\/corporate-social-responsibility\/frauenhilfe-muenchen\/#primaryimage\"},\"thumbnailUrl\":\"https:\/\/25hours-hotels.com\/wp-content\/uploads\/sites\/39\/2024\/12\/25h_global_csr_frauenhilfe_1.jpg?w=1000\",\"datePublished\":\"2024-12-19T08:28:00+00:00\",\"dateModified\":\"2024-12-19T08:28:01+00:00\",\"breadcrumb\":{\"@id\":\"https:\/\/25hours-hotels.com\/corporate-social-responsibility\/frauenhilfe-muenchen\/#breadcrumb\"},\"inLanguage\":\"de-DE\",\"potentialAction\":[{\"@type\":\"ReadAction\",\"target\":[\"https:\/\/25hours-hotels.com\/corporate-social-responsibility\/frauenhilfe-muenchen\/\"]}]},{\"@type\":\"ImageObject\",\"inLanguage\":\"de-DE\",\"@id\":\"https:\/\/25hours-hotels.com\/corporate-social-responsibility\/frauenhilfe-muenchen\/#primaryimage\",\"url\":\"https:\/\/25hours-hotels.com\/wp-content\/uploads\/sites\/39\/2024\/12\/25h_global_csr_frauenhilfe_1.jpg?w=1000\",\"contentUrl\":\"https:\/\/25hours-hotels.com\/wp-content\/uploads\/sites\/39\/2024\/12\/25h_global_csr_frauenhilfe_1.jpg?w=1000\"},{\"@type\":\"BreadcrumbList\",\"@id\":\"https:\/\/25hours-hotels.com\/corporate-social-responsibility\/frauenhilfe-muenchen\/#breadcrumb\",\"itemListElement\":[{\"@type\":\"ListItem\",\"position\":1,\"name\":\"Home\",\"item\":\"https:\/\/25hours-hotels.com\/\"},{\"@type\":\"ListItem\",\"position\":2,\"name\":\"Frauenhilfe M\u00fcnchen\"}]},{\"@type\":\"WebSite\",\"@id\":\"https:\/\/25hours-hotels.com\/#website\",\"url\":\"https:\/\/25hours-hotels.com\/\",\"name\":\"25hours Hotels\",\"description\":\"\",\"potentialAction\":[{\"@type\":\"SearchAction\",\"target\":{\"@type\":\"EntryPoint\",\"urlTemplate\":\"https:\/\/25hours-hotels.com\/?s={search_term_string}\"},\"query-input\":\"required name=search_term_string\"}],\"inLanguage\":\"de-DE\"}]}<\/script>\n<!-- \/ Yoast SEO plugin. -->","yoast_head_json":{"title":"Frauenhilfe M\u00fcnchen - 25hours Hotels","robots":{"index":"index","follow":"follow","max-snippet":"max-snippet:-1","max-image-preview":"max-image-preview:large","max-video-preview":"max-video-preview:-1"},"canonical":"https:\/\/25hours-hotels.com\/de\/corporate-social-responsibility\/frauenhilfe-muenchen\/","og_locale":"de_DE","og_type":"article","og_title":"Frauenhilfe M\u00fcnchen - 25hours Hotels","og_description":"Green Key was launched in Denmark in 1994 and has been managed by the Foundation for Environmental Education (FEE) and its national member organisations since 2002.","og_url":"https:\/\/25hours-hotels.com\/de\/corporate-social-responsibility\/frauenhilfe-muenchen\/","og_site_name":"25hours Hotels","article_modified_time":"2024-12-19T08:28:01+00:00","og_image":[{"url":"https:\/\/25hours-hotels.com\/wp-content\/uploads\/sites\/39\/2024\/12\/25h_global_csr_frauenhilfe_1.jpg?w=1000"}],"twitter_card":"summary_large_image","twitter_misc":{"Est. reading time":"1 minute"},"schema":{"@context":"https:\/\/schema.org","@graph":[{"@type":"WebPage","@id":"https:\/\/25hours-hotels.com\/corporate-social-responsibility\/frauenhilfe-muenchen\/","url":"https:\/\/25hours-hotels.com\/corporate-social-responsibility\/frauenhilfe-muenchen\/","name":"Frauenhilfe M\u00fcnchen - 25hours Hotels","isPartOf":{"@id":"https:\/\/25hours-hotels.com\/#website"},"primaryImageOfPage":{"@id":"https:\/\/25hours-hotels.com\/corporate-social-responsibility\/frauenhilfe-muenchen\/#primaryimage"},"image":{"@id":"https:\/\/25hours-hotels.com\/corporate-social-responsibility\/frauenhilfe-muenchen\/#primaryimage"},"thumbnailUrl":"https:\/\/25hours-hotels.com\/wp-content\/uploads\/sites\/39\/2024\/12\/25h_global_csr_frauenhilfe_1.jpg?w=1000","datePublished":"2024-12-19T08:28:00+00:00","dateModified":"2024-12-19T08:28:01+00:00","breadcrumb":{"@id":"https:\/\/25hours-hotels.com\/corporate-social-responsibility\/frauenhilfe-muenchen\/#breadcrumb"},"inLanguage":"de-DE","potentialAction":[{"@type":"ReadAction","target":["https:\/\/25hours-hotels.com\/corporate-social-responsibility\/frauenhilfe-muenchen\/"]}]},{"@type":"ImageObject","inLanguage":"de-DE","@id":"https:\/\/25hours-hotels.com\/corporate-social-responsibility\/frauenhilfe-muenchen\/#primaryimage","url":"https:\/\/25hours-hotels.com\/wp-content\/uploads\/sites\/39\/2024\/12\/25h_global_csr_frauenhilfe_1.jpg?w=1000","contentUrl":"https:\/\/25hours-hotels.com\/wp-content\/uploads\/sites\/39\/2024\/12\/25h_global_csr_frauenhilfe_1.jpg?w=1000"},{"@type":"BreadcrumbList","@id":"https:\/\/25hours-hotels.com\/corporate-social-responsibility\/frauenhilfe-muenchen\/#breadcrumb","itemListElement":[{"@type":"ListItem","position":1,"name":"Home","item":"https:\/\/25hours-hotels.com\/"},{"@type":"ListItem","position":2,"name":"Frauenhilfe M\u00fcnchen"}]},{"@type":"WebSite","@id":"https:\/\/25hours-hotels.com\/#website","url":"https:\/\/25hours-hotels.com\/","name":"25hours Hotels","description":"","potentialAction":[{"@type":"SearchAction","target":{"@type":"EntryPoint","urlTemplate":"https:\/\/25hours-hotels.com\/?s={search_term_string}"},"query-input":"required name=search_term_string"}],"inLanguage":"de-DE"}]}},"jetpack_sharing_enabled":true,"_links":{"self":[{"href":"https:\/\/25hours-hotels.com\/de\/wp-json\/wp\/v2\/pages\/13774"}],"collection":[{"href":"https:\/\/25hours-hotels.com\/de\/wp-json\/wp\/v2\/pages"}],"about":[{"href":"https:\/\/25hours-hotels.com\/de\/wp-json\/wp\/v2\/types\/page"}],"author":[{"embeddable":true,"href":"https:\/\/25hours-hotels.com\/de\/wp-json\/wp\/v2\/users\/205"}],"replies":[{"embeddable":true,"href":"https:\/\/25hours-hotels.com\/de\/wp-json\/wp\/v2\/comments?post=13774"}],"version-history":[{"count":2,"href":"https:\/\/25hours-hotels.com\/de\/wp-json\/wp\/v2\/pages\/13774\/revisions"}],"predecessor-version":[{"id":15446,"href":"https:\/\/25hours-hotels.com\/de\/wp-json\/wp\/v2\/pages\/13774\/revisions\/15446"}],"wp:attachment":[{"href":"https:\/\/25hours-hotels.com\/de\/wp-json\/wp\/v2\/media?parent=13774"}],"wp:term":[{"taxonomy":"business-site","embeddable":true,"href":"https:\/\/25hours-hotels.com\/de\/wp-json\/wp\/v2\/business-site?post=13774"}],"curies":[{"name":"wp","href":"https:\/\/api.w.org\/{rel}","templated":true}]}}