
{"id":13744,"date":"2024-12-18T08:48:14","date_gmt":"2024-12-18T08:48:14","guid":{"rendered":"https:\/\/25hours-hotels.com\/?page_id=13744"},"modified":"2024-12-18T08:51:26","modified_gmt":"2024-12-18T08:51:26","slug":"sos-kinderdorf-osterreich","status":"publish","type":"page","link":"https:\/\/25hours-hotels.com\/de\/corporate-social-responsibility\/sos-kinderdorf-osterreich\/","title":{"rendered":"SOS-Kinderdorf \u00d6sterreich"},"content":{"rendered":"<div class=\"wp-block-group has-pattern-dots has-global-padding is-layout-constrained wp-block-group-is-layout-constrained\" style=\"padding-top:var(--wp--preset--spacing--7);padding-bottom:var(--wp--preset--spacing--7)\">\n<div style=\"height:100px\" aria-hidden=\"true\" class=\"wp-block-spacer\"><\/div>\n\n\n\n<h2 class=\"wp-block-heading has-text-align-center\">SOS-Kinderdorf \u00d6sterreich<\/h2>\n\n\n\n<p class=\"has-text-align-center\">Jedem Kind ein liebevolles Zuhause.<\/p>\n<\/div>\n\n\n\n\n<div class=\"wp-block-group alignwide wp-block-media-post-content-block wp-block-media-post-content-block has-pattern-dots has-global-padding is-layout-constrained wp-container-core-group-is-layout-3 wp-block-group-is-layout-constrained\" style=\"padding-top:var(--wp--preset--spacing--5);padding-bottom:var(--wp--preset--spacing--5)\">\n<div class=\"wp-block-columns is-layout-flex wp-container-core-columns-is-layout-1 wp-block-columns-is-layout-flex\">\n<div class=\"wp-block-column custom25h-media-post-content-gallery is-layout-flow wp-block-column-is-layout-flow\">\n<figure class=\"wp-block-image size-large\"><img loading=\"lazy\" decoding=\"async\" width=\"1000\" height=\"750\" src=\"https:\/\/25hours-hotels.com\/wp-content\/uploads\/sites\/39\/2024\/12\/25h_global_csr_soskinderdorfer_1.jpg?w=1000\" alt=\"\" class=\"wp-image-13745\" srcset=\"https:\/\/25hours-hotels.com\/wp-content\/uploads\/sites\/39\/2024\/12\/25h_global_csr_soskinderdorfer_1.jpg 1000w, https:\/\/25hours-hotels.com\/wp-content\/uploads\/sites\/39\/2024\/12\/25h_global_csr_soskinderdorfer_1.jpg?resize=300,225 300w, https:\/\/25hours-hotels.com\/wp-content\/uploads\/sites\/39\/2024\/12\/25h_global_csr_soskinderdorfer_1.jpg?resize=768,576 768w, https:\/\/25hours-hotels.com\/wp-content\/uploads\/sites\/39\/2024\/12\/25h_global_csr_soskinderdorfer_1.jpg?resize=16,12 16w\" sizes=\"(max-width: 1000px) 100vw, 1000px\" \/><\/figure>\n<\/div>\n\n\n\n<div class=\"wp-block-column is-vertically-aligned-top custom25h-media-post-content-post is-layout-flow wp-block-column-is-layout-flow\">\n<p>SOS-Kinderdorf \u00d6sterreich ist eine Organisation, die sich f\u00fcr Kinder und Jugendliche in schwierigen Lebenssituationen einsetzt. Mit Angeboten wie Familienwohngruppen, Beratungsstellen und Bildungsprogrammen bietet sie Unterst\u00fctzung und neue Perspektiven.<\/p>\n\n\n\n<p>Ziel ist es, stabile Lebensr\u00e4ume zu schaffen, in denen Kinder Geborgenheit und Sicherheit finden k\u00f6nnen. Die Arbeit der Organisation richtet sich an Kinder, Jugendliche und Familien in Notlagen.<\/p>\n\n\n\n<p>Das 25hours Hotel Wien unterst\u00fctzt SOS-Kinderdorf \u00d6sterreich mit finanziellen Spenden aus dem Flipperautomaten im Hotel. Mit den Spenden werden z.B. Weihnachtsgeschenke f\u00fcr die Kinder finanziert.<\/p>\n\n\n\n<div class=\"wp-block-buttons is-layout-flex wp-block-buttons-is-layout-flex\">\n<div class=\"wp-block-button is-style-text-link is-style-text-link is-style-text-link\"><a class=\"wp-block-button__link wp-element-button\" href=\"https:\/\/www.sos-kinderdorf.at\/\" target=\"_blank\" rel=\"noreferrer noopener\" aria-label=\"\">Zur Webseite<\/a><\/div>\n<\/div>\n\n\n\n<div class=\"wp-block-group has-global-padding is-layout-constrained wp-block-group-is-layout-constrained\">\n<p><br><br><br><\/p>\n<\/div>\n<\/div>\n<\/div>\n<\/div>","protected":false},"excerpt":{"rendered":"<p>Green Key was launched in Denmark in 1994 and has been managed by the Foundation for Environmental Education (FEE) and its national member organisations since 2002.<\/p>","protected":false},"author":205,"featured_media":0,"parent":0,"menu_order":0,"comment_status":"closed","ping_status":"closed","template":"","meta":{"_acf_changed":false,"_yoast_wpseo_title":"","_yoast_wpseo_metadesc":"","inline_featured_image":false,"footnotes":""},"business-site":[],"acf":[],"yoast_head":"<!-- This site is optimized with the Yoast SEO plugin v22.7 - https:\/\/yoast.com\/wordpress\/plugins\/seo\/ -->\n<title>SOS-Kinderdorf \u00d6sterreich - 25hours Hotels<\/title>\n<meta name=\"robots\" content=\"index, follow, max-snippet:-1, max-image-preview:large, max-video-preview:-1\" \/>\n<link rel=\"canonical\" href=\"https:\/\/25hours-hotels.com\/de\/corporate-social-responsibility\/sos-kinderdorf-osterreich\/\" \/>\n<meta property=\"og:locale\" content=\"de_DE\" \/>\n<meta property=\"og:type\" content=\"article\" \/>\n<meta property=\"og:title\" content=\"SOS-Kinderdorf \u00d6sterreich - 25hours Hotels\" \/>\n<meta property=\"og:description\" content=\"Green Key was launched in Denmark in 1994 and has been managed by the Foundation for Environmental Education (FEE) and its national member organisations since 2002.\" \/>\n<meta property=\"og:url\" content=\"https:\/\/25hours-hotels.com\/de\/corporate-social-responsibility\/sos-kinderdorf-osterreich\/\" \/>\n<meta property=\"og:site_name\" content=\"25hours Hotels\" \/>\n<meta property=\"article:modified_time\" content=\"2024-12-18T08:51:26+00:00\" \/>\n<meta property=\"og:image\" content=\"https:\/\/25hours-hotels.com\/wp-content\/uploads\/sites\/39\/2024\/12\/25h_global_csr_soskinderdorfer_1.jpg?w=1000\" \/>\n<meta name=\"twitter:card\" content=\"summary_large_image\" \/>\n<meta name=\"twitter:label1\" content=\"Est. reading time\" \/>\n\t<meta name=\"twitter:data1\" content=\"1 minute\" \/>\n<script type=\"application\/ld+json\" class=\"yoast-schema-graph\">{\"@context\":\"https:\/\/schema.org\",\"@graph\":[{\"@type\":\"WebPage\",\"@id\":\"https:\/\/25hours-hotels.com\/corporate-social-responsibility\/sos-kinderdorf-osterreich\/\",\"url\":\"https:\/\/25hours-hotels.com\/corporate-social-responsibility\/sos-kinderdorf-osterreich\/\",\"name\":\"SOS-Kinderdorf \u00d6sterreich - 25hours Hotels\",\"isPartOf\":{\"@id\":\"https:\/\/25hours-hotels.com\/#website\"},\"primaryImageOfPage\":{\"@id\":\"https:\/\/25hours-hotels.com\/corporate-social-responsibility\/sos-kinderdorf-osterreich\/#primaryimage\"},\"image\":{\"@id\":\"https:\/\/25hours-hotels.com\/corporate-social-responsibility\/sos-kinderdorf-osterreich\/#primaryimage\"},\"thumbnailUrl\":\"https:\/\/25hours-hotels.com\/wp-content\/uploads\/sites\/39\/2024\/12\/25h_global_csr_soskinderdorfer_1.jpg?w=1000\",\"datePublished\":\"2024-12-18T08:48:14+00:00\",\"dateModified\":\"2024-12-18T08:51:26+00:00\",\"breadcrumb\":{\"@id\":\"https:\/\/25hours-hotels.com\/corporate-social-responsibility\/sos-kinderdorf-osterreich\/#breadcrumb\"},\"inLanguage\":\"de-DE\",\"potentialAction\":[{\"@type\":\"ReadAction\",\"target\":[\"https:\/\/25hours-hotels.com\/corporate-social-responsibility\/sos-kinderdorf-osterreich\/\"]}]},{\"@type\":\"ImageObject\",\"inLanguage\":\"de-DE\",\"@id\":\"https:\/\/25hours-hotels.com\/corporate-social-responsibility\/sos-kinderdorf-osterreich\/#primaryimage\",\"url\":\"https:\/\/25hours-hotels.com\/wp-content\/uploads\/sites\/39\/2024\/12\/25h_global_csr_soskinderdorfer_1.jpg?w=1000\",\"contentUrl\":\"https:\/\/25hours-hotels.com\/wp-content\/uploads\/sites\/39\/2024\/12\/25h_global_csr_soskinderdorfer_1.jpg?w=1000\"},{\"@type\":\"BreadcrumbList\",\"@id\":\"https:\/\/25hours-hotels.com\/corporate-social-responsibility\/sos-kinderdorf-osterreich\/#breadcrumb\",\"itemListElement\":[{\"@type\":\"ListItem\",\"position\":1,\"name\":\"Home\",\"item\":\"https:\/\/25hours-hotels.com\/\"},{\"@type\":\"ListItem\",\"position\":2,\"name\":\"SOS-Kinderdorf \u00d6sterreich\"}]},{\"@type\":\"WebSite\",\"@id\":\"https:\/\/25hours-hotels.com\/#website\",\"url\":\"https:\/\/25hours-hotels.com\/\",\"name\":\"25hours Hotels\",\"description\":\"\",\"potentialAction\":[{\"@type\":\"SearchAction\",\"target\":{\"@type\":\"EntryPoint\",\"urlTemplate\":\"https:\/\/25hours-hotels.com\/?s={search_term_string}\"},\"query-input\":\"required name=search_term_string\"}],\"inLanguage\":\"de-DE\"}]}<\/script>\n<!-- \/ Yoast SEO plugin. -->","yoast_head_json":{"title":"SOS-Kinderdorf \u00d6sterreich - 25hours Hotels","robots":{"index":"index","follow":"follow","max-snippet":"max-snippet:-1","max-image-preview":"max-image-preview:large","max-video-preview":"max-video-preview:-1"},"canonical":"https:\/\/25hours-hotels.com\/de\/corporate-social-responsibility\/sos-kinderdorf-osterreich\/","og_locale":"de_DE","og_type":"article","og_title":"SOS-Kinderdorf \u00d6sterreich - 25hours Hotels","og_description":"Green Key was launched in Denmark in 1994 and has been managed by the Foundation for Environmental Education (FEE) and its national member organisations since 2002.","og_url":"https:\/\/25hours-hotels.com\/de\/corporate-social-responsibility\/sos-kinderdorf-osterreich\/","og_site_name":"25hours Hotels","article_modified_time":"2024-12-18T08:51:26+00:00","og_image":[{"url":"https:\/\/25hours-hotels.com\/wp-content\/uploads\/sites\/39\/2024\/12\/25h_global_csr_soskinderdorfer_1.jpg?w=1000"}],"twitter_card":"summary_large_image","twitter_misc":{"Est. reading time":"1 minute"},"schema":{"@context":"https:\/\/schema.org","@graph":[{"@type":"WebPage","@id":"https:\/\/25hours-hotels.com\/corporate-social-responsibility\/sos-kinderdorf-osterreich\/","url":"https:\/\/25hours-hotels.com\/corporate-social-responsibility\/sos-kinderdorf-osterreich\/","name":"SOS-Kinderdorf \u00d6sterreich - 25hours Hotels","isPartOf":{"@id":"https:\/\/25hours-hotels.com\/#website"},"primaryImageOfPage":{"@id":"https:\/\/25hours-hotels.com\/corporate-social-responsibility\/sos-kinderdorf-osterreich\/#primaryimage"},"image":{"@id":"https:\/\/25hours-hotels.com\/corporate-social-responsibility\/sos-kinderdorf-osterreich\/#primaryimage"},"thumbnailUrl":"https:\/\/25hours-hotels.com\/wp-content\/uploads\/sites\/39\/2024\/12\/25h_global_csr_soskinderdorfer_1.jpg?w=1000","datePublished":"2024-12-18T08:48:14+00:00","dateModified":"2024-12-18T08:51:26+00:00","breadcrumb":{"@id":"https:\/\/25hours-hotels.com\/corporate-social-responsibility\/sos-kinderdorf-osterreich\/#breadcrumb"},"inLanguage":"de-DE","potentialAction":[{"@type":"ReadAction","target":["https:\/\/25hours-hotels.com\/corporate-social-responsibility\/sos-kinderdorf-osterreich\/"]}]},{"@type":"ImageObject","inLanguage":"de-DE","@id":"https:\/\/25hours-hotels.com\/corporate-social-responsibility\/sos-kinderdorf-osterreich\/#primaryimage","url":"https:\/\/25hours-hotels.com\/wp-content\/uploads\/sites\/39\/2024\/12\/25h_global_csr_soskinderdorfer_1.jpg?w=1000","contentUrl":"https:\/\/25hours-hotels.com\/wp-content\/uploads\/sites\/39\/2024\/12\/25h_global_csr_soskinderdorfer_1.jpg?w=1000"},{"@type":"BreadcrumbList","@id":"https:\/\/25hours-hotels.com\/corporate-social-responsibility\/sos-kinderdorf-osterreich\/#breadcrumb","itemListElement":[{"@type":"ListItem","position":1,"name":"Home","item":"https:\/\/25hours-hotels.com\/"},{"@type":"ListItem","position":2,"name":"SOS-Kinderdorf \u00d6sterreich"}]},{"@type":"WebSite","@id":"https:\/\/25hours-hotels.com\/#website","url":"https:\/\/25hours-hotels.com\/","name":"25hours Hotels","description":"","potentialAction":[{"@type":"SearchAction","target":{"@type":"EntryPoint","urlTemplate":"https:\/\/25hours-hotels.com\/?s={search_term_string}"},"query-input":"required name=search_term_string"}],"inLanguage":"de-DE"}]}},"jetpack_sharing_enabled":true,"_links":{"self":[{"href":"https:\/\/25hours-hotels.com\/de\/wp-json\/wp\/v2\/pages\/13744"}],"collection":[{"href":"https:\/\/25hours-hotels.com\/de\/wp-json\/wp\/v2\/pages"}],"about":[{"href":"https:\/\/25hours-hotels.com\/de\/wp-json\/wp\/v2\/types\/page"}],"author":[{"embeddable":true,"href":"https:\/\/25hours-hotels.com\/de\/wp-json\/wp\/v2\/users\/205"}],"replies":[{"embeddable":true,"href":"https:\/\/25hours-hotels.com\/de\/wp-json\/wp\/v2\/comments?post=13744"}],"version-history":[{"count":2,"href":"https:\/\/25hours-hotels.com\/de\/wp-json\/wp\/v2\/pages\/13744\/revisions"}],"predecessor-version":[{"id":13747,"href":"https:\/\/25hours-hotels.com\/de\/wp-json\/wp\/v2\/pages\/13744\/revisions\/13747"}],"wp:attachment":[{"href":"https:\/\/25hours-hotels.com\/de\/wp-json\/wp\/v2\/media?parent=13744"}],"wp:term":[{"taxonomy":"business-site","embeddable":true,"href":"https:\/\/25hours-hotels.com\/de\/wp-json\/wp\/v2\/business-site?post=13744"}],"curies":[{"name":"wp","href":"https:\/\/api.w.org\/{rel}","templated":true}]}}