
{"id":8166,"date":"2024-11-04T19:41:25","date_gmt":"2024-11-04T19:41:25","guid":{"rendered":"https:\/\/25hours-hotels.com\/?page_id=8166"},"modified":"2025-08-07T14:14:20","modified_gmt":"2025-08-07T14:14:20","slug":"review-us-9","status":"publish","type":"page","link":"https:\/\/25hours-hotels.com\/da\/copenhagen\/indre-by\/review-us\/","title":{"rendered":"Review us"},"content":{"rendered":"<div class=\"wp-block-group has-pattern-dots is-vertical is-content-justification-center is-layout-flex wp-container-core-group-is-layout-1 wp-block-group-is-layout-flex\" style=\"padding-top:var(--wp--preset--spacing--20);padding-right:var(--wp--preset--spacing--4);padding-bottom:var(--wp--preset--spacing--20);padding-left:var(--wp--preset--spacing--4)\">\n<div style=\"height:41px\" aria-hidden=\"true\" class=\"wp-block-spacer wp-container-content-1\"><\/div>\n\n\n\n<h1 class=\"wp-block-heading has-text-align-center has-title-2-font-size\">Hvordan klarede vi os i dag?<\/h1>\n\n\n\n<p class=\"has-text-align-center\">Vi er altid glade for at modtage feedback, enten direkte til os eller p\u00e5 google.com. Din anmeldelse er ikke kun nyttig for os, men hj\u00e6lper ogs\u00e5 fremtidige g\u00e6ster med at v\u00e6lge deres hotel.<\/p>\n\n\n\n<div class=\"wp-block-columns is-layout-flex wp-container-core-columns-is-layout-1 wp-block-columns-is-layout-flex\" style=\"padding-top:var(--wp--preset--spacing--4);padding-right:var(--wp--preset--spacing--4);padding-bottom:var(--wp--preset--spacing--4);padding-left:var(--wp--preset--spacing--4)\">\n<div class=\"wp-block-column is-layout-flow wp-block-column-is-layout-flow\">\n<figure class=\"wp-block-image size-full\"><a href=\"https:\/\/g.page\/r\/CfBOrgELGdYpEAE\/review\" target=\"_blank\" rel=\"noreferrer noopener\"><img loading=\"lazy\" decoding=\"async\" width=\"588\" height=\"376\" src=\"https:\/\/25hours-hotels.com\/wp-content\/uploads\/sites\/39\/2025\/08\/yes-no-grafiken_the-good_google_dk.png\" alt=\"\" class=\"wp-image-18091\" srcset=\"https:\/\/25hours-hotels.com\/wp-content\/uploads\/sites\/39\/2025\/08\/yes-no-grafiken_the-good_google_dk.png 589w, https:\/\/25hours-hotels.com\/wp-content\/uploads\/sites\/39\/2025\/08\/yes-no-grafiken_the-good_google_dk.png?resize=300,192 300w, https:\/\/25hours-hotels.com\/wp-content\/uploads\/sites\/39\/2025\/08\/yes-no-grafiken_the-good_google_dk.png?resize=18,12 18w\" sizes=\"(max-width: 588px) 100vw, 588px\" \/><\/a><\/figure>\n<\/div>\n\n\n\n<div class=\"wp-block-column is-layout-flow wp-block-column-is-layout-flow\">\n<figure class=\"wp-block-image size-full\"><a href=\"mailto:gm.indreby@25hours-hotels.com\"><img loading=\"lazy\" decoding=\"async\" width=\"588\" height=\"376\" src=\"https:\/\/25hours-hotels.com\/wp-content\/uploads\/sites\/39\/2024\/11\/221117_com_yesno-grafiken_the-bad_dan_588x376-1.png\" alt=\"\" class=\"wp-image-4361\" srcset=\"https:\/\/25hours-hotels.com\/wp-content\/uploads\/sites\/39\/2024\/11\/221117_com_yesno-grafiken_the-bad_dan_588x376-1.png 588w, https:\/\/25hours-hotels.com\/wp-content\/uploads\/sites\/39\/2024\/11\/221117_com_yesno-grafiken_the-bad_dan_588x376-1.png?resize=300,192 300w, https:\/\/25hours-hotels.com\/wp-content\/uploads\/sites\/39\/2024\/11\/221117_com_yesno-grafiken_the-bad_dan_588x376-1.png?resize=18,12 18w\" sizes=\"(max-width: 588px) 100vw, 588px\" \/><\/a><\/figure>\n<\/div>\n<\/div>\n<\/div>","protected":false},"excerpt":{"rendered":"<p>how did we do today? We&#8217;re always happy to receive feedback, directly to us or on google.com. Your review isn&#8217;t just useful for us, but also helps future guests choose their hotel.<\/p>","protected":false},"author":205,"featured_media":0,"parent":0,"menu_order":0,"comment_status":"closed","ping_status":"closed","template":"","meta":{"_acf_changed":false,"_yoast_wpseo_title":"","_yoast_wpseo_metadesc":"","inline_featured_image":false,"footnotes":""},"business-site":[20],"acf":[],"yoast_head":"<!-- This site is optimized with the Yoast SEO plugin v22.7 - https:\/\/yoast.com\/wordpress\/plugins\/seo\/ -->\n<title>Review us - 25hours Hotels<\/title>\n<meta name=\"robots\" content=\"index, follow, max-snippet:-1, max-image-preview:large, max-video-preview:-1\" \/>\n<link rel=\"canonical\" href=\"https:\/\/25hours-hotels.com\/da\/copenhagen\/indre-by\/review-us\/\" \/>\n<meta property=\"og:locale\" content=\"da_DK\" \/>\n<meta property=\"og:type\" content=\"article\" \/>\n<meta property=\"og:title\" content=\"Review us - 25hours Hotels\" \/>\n<meta property=\"og:description\" content=\"how did we do today? We&#8217;re always happy to receive feedback, directly to us or on google.com. Your review isn&#8217;t just useful for us, but also helps future guests choose their hotel.\" \/>\n<meta property=\"og:url\" content=\"https:\/\/25hours-hotels.com\/da\/copenhagen\/indre-by\/review-us\/\" \/>\n<meta property=\"og:site_name\" content=\"25hours Hotels\" \/>\n<meta property=\"article:modified_time\" content=\"2025-08-07T14:14:20+00:00\" \/>\n<meta property=\"og:image\" content=\"https:\/\/25hours-hotels.com\/wp-content\/uploads\/sites\/39\/2025\/08\/yes-no-grafiken_the-good_google_en.png\" \/>\n<meta name=\"twitter:card\" content=\"summary_large_image\" \/>\n<meta name=\"twitter:label1\" content=\"Est. reading time\" \/>\n\t<meta name=\"twitter:data1\" content=\"1 minute\" \/>\n<script type=\"application\/ld+json\" class=\"yoast-schema-graph\">{\"@context\":\"https:\/\/schema.org\",\"@graph\":[{\"@type\":\"WebPage\",\"@id\":\"https:\/\/25hours-hotels.com\/copenhagen\/indre-by\/review-us\/\",\"url\":\"https:\/\/25hours-hotels.com\/copenhagen\/indre-by\/review-us\/\",\"name\":\"Review us - 25hours Hotels\",\"isPartOf\":{\"@id\":\"https:\/\/25hours-hotels.com\/#website\"},\"primaryImageOfPage\":{\"@id\":\"https:\/\/25hours-hotels.com\/copenhagen\/indre-by\/review-us\/#primaryimage\"},\"image\":{\"@id\":\"https:\/\/25hours-hotels.com\/copenhagen\/indre-by\/review-us\/#primaryimage\"},\"thumbnailUrl\":\"https:\/\/25hours-hotels.com\/wp-content\/uploads\/sites\/39\/2025\/08\/yes-no-grafiken_the-good_google_en.png\",\"datePublished\":\"2024-11-04T19:41:25+00:00\",\"dateModified\":\"2025-08-07T14:14:20+00:00\",\"breadcrumb\":{\"@id\":\"https:\/\/25hours-hotels.com\/copenhagen\/indre-by\/review-us\/#breadcrumb\"},\"inLanguage\":\"da-DK\",\"potentialAction\":[{\"@type\":\"ReadAction\",\"target\":[\"https:\/\/25hours-hotels.com\/copenhagen\/indre-by\/review-us\/\"]}]},{\"@type\":\"ImageObject\",\"inLanguage\":\"da-DK\",\"@id\":\"https:\/\/25hours-hotels.com\/copenhagen\/indre-by\/review-us\/#primaryimage\",\"url\":\"https:\/\/25hours-hotels.com\/wp-content\/uploads\/sites\/39\/2025\/08\/yes-no-grafiken_the-good_google_en.png\",\"contentUrl\":\"https:\/\/25hours-hotels.com\/wp-content\/uploads\/sites\/39\/2025\/08\/yes-no-grafiken_the-good_google_en.png\"},{\"@type\":\"BreadcrumbList\",\"@id\":\"https:\/\/25hours-hotels.com\/copenhagen\/indre-by\/review-us\/#breadcrumb\",\"itemListElement\":[{\"@type\":\"ListItem\",\"position\":1,\"name\":\"Home\",\"item\":\"https:\/\/25hours-hotels.com\/\"},{\"@type\":\"ListItem\",\"position\":2,\"name\":\"Review us\"}]},{\"@type\":\"WebSite\",\"@id\":\"https:\/\/25hours-hotels.com\/#website\",\"url\":\"https:\/\/25hours-hotels.com\/\",\"name\":\"25hours Hotels\",\"description\":\"\",\"potentialAction\":[{\"@type\":\"SearchAction\",\"target\":{\"@type\":\"EntryPoint\",\"urlTemplate\":\"https:\/\/25hours-hotels.com\/?s={search_term_string}\"},\"query-input\":\"required name=search_term_string\"}],\"inLanguage\":\"da-DK\"}]}<\/script>\n<!-- \/ Yoast SEO plugin. -->","yoast_head_json":{"title":"Review us - 25hours Hotels","robots":{"index":"index","follow":"follow","max-snippet":"max-snippet:-1","max-image-preview":"max-image-preview:large","max-video-preview":"max-video-preview:-1"},"canonical":"https:\/\/25hours-hotels.com\/da\/copenhagen\/indre-by\/review-us\/","og_locale":"da_DK","og_type":"article","og_title":"Review us - 25hours Hotels","og_description":"how did we do today? We&#8217;re always happy to receive feedback, directly to us or on google.com. Your review isn&#8217;t just useful for us, but also helps future guests choose their hotel.","og_url":"https:\/\/25hours-hotels.com\/da\/copenhagen\/indre-by\/review-us\/","og_site_name":"25hours Hotels","article_modified_time":"2025-08-07T14:14:20+00:00","og_image":[{"url":"https:\/\/25hours-hotels.com\/wp-content\/uploads\/sites\/39\/2025\/08\/yes-no-grafiken_the-good_google_en.png"}],"twitter_card":"summary_large_image","twitter_misc":{"Est. reading time":"1 minute"},"schema":{"@context":"https:\/\/schema.org","@graph":[{"@type":"WebPage","@id":"https:\/\/25hours-hotels.com\/copenhagen\/indre-by\/review-us\/","url":"https:\/\/25hours-hotels.com\/copenhagen\/indre-by\/review-us\/","name":"Review us - 25hours Hotels","isPartOf":{"@id":"https:\/\/25hours-hotels.com\/#website"},"primaryImageOfPage":{"@id":"https:\/\/25hours-hotels.com\/copenhagen\/indre-by\/review-us\/#primaryimage"},"image":{"@id":"https:\/\/25hours-hotels.com\/copenhagen\/indre-by\/review-us\/#primaryimage"},"thumbnailUrl":"https:\/\/25hours-hotels.com\/wp-content\/uploads\/sites\/39\/2025\/08\/yes-no-grafiken_the-good_google_en.png","datePublished":"2024-11-04T19:41:25+00:00","dateModified":"2025-08-07T14:14:20+00:00","breadcrumb":{"@id":"https:\/\/25hours-hotels.com\/copenhagen\/indre-by\/review-us\/#breadcrumb"},"inLanguage":"da-DK","potentialAction":[{"@type":"ReadAction","target":["https:\/\/25hours-hotels.com\/copenhagen\/indre-by\/review-us\/"]}]},{"@type":"ImageObject","inLanguage":"da-DK","@id":"https:\/\/25hours-hotels.com\/copenhagen\/indre-by\/review-us\/#primaryimage","url":"https:\/\/25hours-hotels.com\/wp-content\/uploads\/sites\/39\/2025\/08\/yes-no-grafiken_the-good_google_en.png","contentUrl":"https:\/\/25hours-hotels.com\/wp-content\/uploads\/sites\/39\/2025\/08\/yes-no-grafiken_the-good_google_en.png"},{"@type":"BreadcrumbList","@id":"https:\/\/25hours-hotels.com\/copenhagen\/indre-by\/review-us\/#breadcrumb","itemListElement":[{"@type":"ListItem","position":1,"name":"Home","item":"https:\/\/25hours-hotels.com\/"},{"@type":"ListItem","position":2,"name":"Review us"}]},{"@type":"WebSite","@id":"https:\/\/25hours-hotels.com\/#website","url":"https:\/\/25hours-hotels.com\/","name":"25hours Hotels","description":"","potentialAction":[{"@type":"SearchAction","target":{"@type":"EntryPoint","urlTemplate":"https:\/\/25hours-hotels.com\/?s={search_term_string}"},"query-input":"required name=search_term_string"}],"inLanguage":"da-DK"}]}},"jetpack_sharing_enabled":true,"_links":{"self":[{"href":"https:\/\/25hours-hotels.com\/da\/wp-json\/wp\/v2\/pages\/8166"}],"collection":[{"href":"https:\/\/25hours-hotels.com\/da\/wp-json\/wp\/v2\/pages"}],"about":[{"href":"https:\/\/25hours-hotels.com\/da\/wp-json\/wp\/v2\/types\/page"}],"author":[{"embeddable":true,"href":"https:\/\/25hours-hotels.com\/da\/wp-json\/wp\/v2\/users\/205"}],"replies":[{"embeddable":true,"href":"https:\/\/25hours-hotels.com\/da\/wp-json\/wp\/v2\/comments?post=8166"}],"version-history":[{"count":2,"href":"https:\/\/25hours-hotels.com\/da\/wp-json\/wp\/v2\/pages\/8166\/revisions"}],"predecessor-version":[{"id":18106,"href":"https:\/\/25hours-hotels.com\/da\/wp-json\/wp\/v2\/pages\/8166\/revisions\/18106"}],"wp:attachment":[{"href":"https:\/\/25hours-hotels.com\/da\/wp-json\/wp\/v2\/media?parent=8166"}],"wp:term":[{"taxonomy":"business-site","embeddable":true,"href":"https:\/\/25hours-hotels.com\/da\/wp-json\/wp\/v2\/business-site?post=8166"}],"curies":[{"name":"wp","href":"https:\/\/api.w.org\/{rel}","templated":true}]}}