
{"id":7107,"date":"2024-10-31T13:20:52","date_gmt":"2024-10-31T13:20:52","guid":{"rendered":"https:\/\/25hours-hotels.com\/?page_id=7107"},"modified":"2024-10-31T13:59:35","modified_gmt":"2024-10-31T13:59:35","slug":"aktion-baum","status":"publish","type":"page","link":"https:\/\/25hours-hotels.com\/da\/corporate-social-responsibility\/aktion-baum\/","title":{"rendered":"Aktion Baum"},"content":{"rendered":"<div class=\"wp-block-group has-pattern-dots has-global-padding is-layout-constrained wp-block-group-is-layout-constrained\" style=\"padding-top:var(--wp--preset--spacing--7);padding-bottom:var(--wp--preset--spacing--7)\">\n<div style=\"height:100px\" aria-hidden=\"true\" class=\"wp-block-spacer\"><\/div>\n\n\n\n<h2 class=\"wp-block-heading has-text-align-center\">Aktion Baum<\/h2>\n\n\n\n<p class=\"has-text-align-center\">B\u00e6redygtige, effektive tr\u00e6plantningsprojekter.<\/p>\n<\/div>\n\n\n\n\n<div class=\"wp-block-group alignwide wp-block-media-post-content-block wp-block-media-post-content-block has-pattern-dots has-global-padding is-layout-constrained wp-container-core-group-is-layout-2 wp-block-group-is-layout-constrained\" style=\"padding-top:var(--wp--preset--spacing--5);padding-bottom:var(--wp--preset--spacing--5)\">\n<div class=\"wp-block-columns is-layout-flex wp-container-core-columns-is-layout-1 wp-block-columns-is-layout-flex\">\n<div class=\"wp-block-column custom25h-media-post-content-gallery is-layout-flow wp-block-column-is-layout-flow\">\n<figure class=\"wp-block-image size-large is-resized\"><img loading=\"lazy\" decoding=\"async\" width=\"676\" height=\"1000\" src=\"https:\/\/25hours-hotels.com\/wp-content\/uploads\/sites\/39\/2024\/10\/25h_global_csr_aktionbaum_1.jpg?w=676\" alt=\"\" class=\"wp-image-7125\" style=\"object-fit:cover;width:488px;height:651px\" srcset=\"https:\/\/25hours-hotels.com\/wp-content\/uploads\/sites\/39\/2024\/10\/25h_global_csr_aktionbaum_1.jpg 676w, https:\/\/25hours-hotels.com\/wp-content\/uploads\/sites\/39\/2024\/10\/25h_global_csr_aktionbaum_1.jpg?resize=203,300 203w, https:\/\/25hours-hotels.com\/wp-content\/uploads\/sites\/39\/2024\/10\/25h_global_csr_aktionbaum_1.jpg?resize=8,12 8w\" sizes=\"(max-width: 676px) 100vw, 676px\" \/><\/figure>\n<\/div>\n\n\n\n<div class=\"wp-block-column is-vertically-aligned-top custom25h-media-post-content-post is-layout-flow wp-block-column-is-layout-flow\">\n<p>Bag Aktion Baum st\u00e5r et motiveret team, som udnytter erfaring og viden inden for videnskab og industri for at levere effektive, b\u00e6redygtige l\u00f8sninger til sunde skovomr\u00e5der og for at h\u00e5ndtere klimaforandringerne. Deres mission: De vil bane vejen for b\u00e6redygtige, effektive tr\u00e6plantningsprojekter og opdyrke sunde skovomr\u00e5der. Velg\u00f8renhedsorganisationen opn\u00e5r ingen \u00f8konomisk gevinst fra sit arbejde. En \u00e5rlig gennemsigtighedsrapport garanterer, at hvert donerede tr\u00e6 rent faktisk plantes.<\/p>\n\n\n\n<p>I l\u00f8bet af deres daglige arbejde har de fokus p\u00e5 fire aktivitetsomr\u00e5der: forskning, deres egen v\u00e6rdik\u00e6de, plantning af tr\u00e6er samt uddannelse og information.<\/p>\n\n\n\n<p>Ikke hvert tr\u00e6 egner sig til hver placering, og ikke hvert omr\u00e5de kan p\u00e5 effektiv vis omdannes til skovomr\u00e5de. For at sikre den optimale l\u00f8sning arbejder teamet hos Aktion Baum GmbH t\u00e6t sammen med f\u00f8rende videnskabsfolk og tr\u00e6eksperter. M\u00e5let med deres concept Heimat.Wald er at skabe fremtidens skovomr\u00e5de med den st\u00f8rst mulige grad af biodiversitet og i harmoni med mennesker og milj\u00f8et.<\/p>\n\n\n\n<p>Det er dyrt at plante regionale, mangfoldige skovomr\u00e5der i Tyskland og Europa. Teamet arbejder med politikere og den private sektor om at skabe en nonprofit-tr\u00e6plantningsbranche, som er til gavn for alle.<\/p>\n\n\n\n<p>Blandt de initiativer, der er sat I v\u00e6rk for at give flere folk mulighed for at opleve skovomr\u00e5der og introducere dem til b\u00f8rnehaver, skoler og virksomheder b\u00e5de i teori og i praksis, er en skovdag for virksomheder, et \u201dk\u00f8rekort for plantning\u201d for elever i folkeskolen og at st\u00f8tte projekter for gymnasieelever. P\u00e5 denne m\u00e5de sikres der succes med tr\u00e6plantningsprojekter p\u00e5 mellemlang og lang sigt if\u00f8lge mottoet: \u201dKun dem, som oplever skovomr\u00e5der, kan l\u00e6re at elske og beskytte dem\u201d.<\/p>\n\n\n\n<p>25hours har st\u00f8ttet Aktion Baums tr\u00e6plantningsprojekter i Tyskland, \u00d8strig og Schweiz siden 2022. G\u00e6ster, som giver afkald p\u00e5 reng\u00f8ring p\u00e5 v\u00e6relset, kan aktivt hj\u00e6lpe projektet med at f\u00e5 succes.<\/p>\n<\/div>\n<\/div>\n<\/div>","protected":false},"excerpt":{"rendered":"<p>Green Key was launched in Denmark in 1994 and has been managed by the Foundation for Environmental Education (FEE) and its national member organisations since 2002.<\/p>","protected":false},"author":205,"featured_media":0,"parent":0,"menu_order":0,"comment_status":"closed","ping_status":"closed","template":"","meta":{"_acf_changed":false,"_yoast_wpseo_title":"","_yoast_wpseo_metadesc":"","inline_featured_image":false,"footnotes":""},"business-site":[],"acf":[],"yoast_head":"<!-- This site is optimized with the Yoast SEO plugin v22.7 - https:\/\/yoast.com\/wordpress\/plugins\/seo\/ -->\n<title>Aktion Baum - 25hours Hotels<\/title>\n<meta name=\"robots\" content=\"index, follow, max-snippet:-1, max-image-preview:large, max-video-preview:-1\" \/>\n<link rel=\"canonical\" href=\"https:\/\/25hours-hotels.com\/da\/corporate-social-responsibility\/aktion-baum\/\" \/>\n<meta property=\"og:locale\" content=\"da_DK\" \/>\n<meta property=\"og:type\" content=\"article\" \/>\n<meta property=\"og:title\" content=\"Aktion Baum - 25hours Hotels\" \/>\n<meta property=\"og:description\" content=\"Green Key was launched in Denmark in 1994 and has been managed by the Foundation for Environmental Education (FEE) and its national member organisations since 2002.\" \/>\n<meta property=\"og:url\" content=\"https:\/\/25hours-hotels.com\/da\/corporate-social-responsibility\/aktion-baum\/\" \/>\n<meta property=\"og:site_name\" content=\"25hours Hotels\" \/>\n<meta property=\"article:modified_time\" content=\"2024-10-31T13:59:35+00:00\" \/>\n<meta property=\"og:image\" content=\"https:\/\/25hours-hotels.com\/wp-content\/uploads\/sites\/39\/2024\/10\/25h_global_csr_aktionbaum_1.jpg?w=676\" \/>\n<meta name=\"twitter:card\" content=\"summary_large_image\" \/>\n<meta name=\"twitter:label1\" content=\"Est. reading time\" \/>\n\t<meta name=\"twitter:data1\" content=\"2 minutes\" \/>\n<script type=\"application\/ld+json\" class=\"yoast-schema-graph\">{\"@context\":\"https:\/\/schema.org\",\"@graph\":[{\"@type\":\"WebPage\",\"@id\":\"https:\/\/25hours-hotels.com\/corporate-social-responsibility\/aktion-baum\/\",\"url\":\"https:\/\/25hours-hotels.com\/corporate-social-responsibility\/aktion-baum\/\",\"name\":\"Aktion Baum - 25hours Hotels\",\"isPartOf\":{\"@id\":\"https:\/\/25hours-hotels.com\/#website\"},\"primaryImageOfPage\":{\"@id\":\"https:\/\/25hours-hotels.com\/corporate-social-responsibility\/aktion-baum\/#primaryimage\"},\"image\":{\"@id\":\"https:\/\/25hours-hotels.com\/corporate-social-responsibility\/aktion-baum\/#primaryimage\"},\"thumbnailUrl\":\"https:\/\/25hours-hotels.com\/wp-content\/uploads\/sites\/39\/2024\/10\/25h_global_csr_aktionbaum_1.jpg?w=676\",\"datePublished\":\"2024-10-31T13:20:52+00:00\",\"dateModified\":\"2024-10-31T13:59:35+00:00\",\"breadcrumb\":{\"@id\":\"https:\/\/25hours-hotels.com\/corporate-social-responsibility\/aktion-baum\/#breadcrumb\"},\"inLanguage\":\"da-DK\",\"potentialAction\":[{\"@type\":\"ReadAction\",\"target\":[\"https:\/\/25hours-hotels.com\/corporate-social-responsibility\/aktion-baum\/\"]}]},{\"@type\":\"ImageObject\",\"inLanguage\":\"da-DK\",\"@id\":\"https:\/\/25hours-hotels.com\/corporate-social-responsibility\/aktion-baum\/#primaryimage\",\"url\":\"https:\/\/25hours-hotels.com\/wp-content\/uploads\/sites\/39\/2024\/10\/25h_global_csr_aktionbaum_1.jpg?w=676\",\"contentUrl\":\"https:\/\/25hours-hotels.com\/wp-content\/uploads\/sites\/39\/2024\/10\/25h_global_csr_aktionbaum_1.jpg?w=676\"},{\"@type\":\"BreadcrumbList\",\"@id\":\"https:\/\/25hours-hotels.com\/corporate-social-responsibility\/aktion-baum\/#breadcrumb\",\"itemListElement\":[{\"@type\":\"ListItem\",\"position\":1,\"name\":\"Home\",\"item\":\"https:\/\/25hours-hotels.com\/\"},{\"@type\":\"ListItem\",\"position\":2,\"name\":\"Aktion Baum\"}]},{\"@type\":\"WebSite\",\"@id\":\"https:\/\/25hours-hotels.com\/#website\",\"url\":\"https:\/\/25hours-hotels.com\/\",\"name\":\"25hours Hotels\",\"description\":\"\",\"potentialAction\":[{\"@type\":\"SearchAction\",\"target\":{\"@type\":\"EntryPoint\",\"urlTemplate\":\"https:\/\/25hours-hotels.com\/?s={search_term_string}\"},\"query-input\":\"required name=search_term_string\"}],\"inLanguage\":\"da-DK\"}]}<\/script>\n<!-- \/ Yoast SEO plugin. -->","yoast_head_json":{"title":"Aktion Baum - 25hours Hotels","robots":{"index":"index","follow":"follow","max-snippet":"max-snippet:-1","max-image-preview":"max-image-preview:large","max-video-preview":"max-video-preview:-1"},"canonical":"https:\/\/25hours-hotels.com\/da\/corporate-social-responsibility\/aktion-baum\/","og_locale":"da_DK","og_type":"article","og_title":"Aktion Baum - 25hours Hotels","og_description":"Green Key was launched in Denmark in 1994 and has been managed by the Foundation for Environmental Education (FEE) and its national member organisations since 2002.","og_url":"https:\/\/25hours-hotels.com\/da\/corporate-social-responsibility\/aktion-baum\/","og_site_name":"25hours Hotels","article_modified_time":"2024-10-31T13:59:35+00:00","og_image":[{"url":"https:\/\/25hours-hotels.com\/wp-content\/uploads\/sites\/39\/2024\/10\/25h_global_csr_aktionbaum_1.jpg?w=676"}],"twitter_card":"summary_large_image","twitter_misc":{"Est. reading time":"2 minutes"},"schema":{"@context":"https:\/\/schema.org","@graph":[{"@type":"WebPage","@id":"https:\/\/25hours-hotels.com\/corporate-social-responsibility\/aktion-baum\/","url":"https:\/\/25hours-hotels.com\/corporate-social-responsibility\/aktion-baum\/","name":"Aktion Baum - 25hours Hotels","isPartOf":{"@id":"https:\/\/25hours-hotels.com\/#website"},"primaryImageOfPage":{"@id":"https:\/\/25hours-hotels.com\/corporate-social-responsibility\/aktion-baum\/#primaryimage"},"image":{"@id":"https:\/\/25hours-hotels.com\/corporate-social-responsibility\/aktion-baum\/#primaryimage"},"thumbnailUrl":"https:\/\/25hours-hotels.com\/wp-content\/uploads\/sites\/39\/2024\/10\/25h_global_csr_aktionbaum_1.jpg?w=676","datePublished":"2024-10-31T13:20:52+00:00","dateModified":"2024-10-31T13:59:35+00:00","breadcrumb":{"@id":"https:\/\/25hours-hotels.com\/corporate-social-responsibility\/aktion-baum\/#breadcrumb"},"inLanguage":"da-DK","potentialAction":[{"@type":"ReadAction","target":["https:\/\/25hours-hotels.com\/corporate-social-responsibility\/aktion-baum\/"]}]},{"@type":"ImageObject","inLanguage":"da-DK","@id":"https:\/\/25hours-hotels.com\/corporate-social-responsibility\/aktion-baum\/#primaryimage","url":"https:\/\/25hours-hotels.com\/wp-content\/uploads\/sites\/39\/2024\/10\/25h_global_csr_aktionbaum_1.jpg?w=676","contentUrl":"https:\/\/25hours-hotels.com\/wp-content\/uploads\/sites\/39\/2024\/10\/25h_global_csr_aktionbaum_1.jpg?w=676"},{"@type":"BreadcrumbList","@id":"https:\/\/25hours-hotels.com\/corporate-social-responsibility\/aktion-baum\/#breadcrumb","itemListElement":[{"@type":"ListItem","position":1,"name":"Home","item":"https:\/\/25hours-hotels.com\/"},{"@type":"ListItem","position":2,"name":"Aktion Baum"}]},{"@type":"WebSite","@id":"https:\/\/25hours-hotels.com\/#website","url":"https:\/\/25hours-hotels.com\/","name":"25hours Hotels","description":"","potentialAction":[{"@type":"SearchAction","target":{"@type":"EntryPoint","urlTemplate":"https:\/\/25hours-hotels.com\/?s={search_term_string}"},"query-input":"required name=search_term_string"}],"inLanguage":"da-DK"}]}},"jetpack_sharing_enabled":true,"_links":{"self":[{"href":"https:\/\/25hours-hotels.com\/da\/wp-json\/wp\/v2\/pages\/7107"}],"collection":[{"href":"https:\/\/25hours-hotels.com\/da\/wp-json\/wp\/v2\/pages"}],"about":[{"href":"https:\/\/25hours-hotels.com\/da\/wp-json\/wp\/v2\/types\/page"}],"author":[{"embeddable":true,"href":"https:\/\/25hours-hotels.com\/da\/wp-json\/wp\/v2\/users\/205"}],"replies":[{"embeddable":true,"href":"https:\/\/25hours-hotels.com\/da\/wp-json\/wp\/v2\/comments?post=7107"}],"version-history":[{"count":3,"href":"https:\/\/25hours-hotels.com\/da\/wp-json\/wp\/v2\/pages\/7107\/revisions"}],"predecessor-version":[{"id":21390,"href":"https:\/\/25hours-hotels.com\/da\/wp-json\/wp\/v2\/pages\/7107\/revisions\/21390"}],"wp:attachment":[{"href":"https:\/\/25hours-hotels.com\/da\/wp-json\/wp\/v2\/media?parent=7107"}],"wp:term":[{"taxonomy":"business-site","embeddable":true,"href":"https:\/\/25hours-hotels.com\/da\/wp-json\/wp\/v2\/business-site?post=7107"}],"curies":[{"name":"wp","href":"https:\/\/api.w.org\/{rel}","templated":true}]}}