
{"id":15453,"date":"2025-03-11T11:17:36","date_gmt":"2025-03-11T11:17:36","guid":{"rendered":"https:\/\/25hours-hotels.com\/?page_id=15453"},"modified":"2025-03-11T11:17:37","modified_gmt":"2025-03-11T11:17:37","slug":"oll-inklusiv","status":"publish","type":"page","link":"https:\/\/25hours-hotels.com\/da\/corporate-social-responsibility\/ollinklusiv\/","title":{"rendered":"OLL INKLUSIV"},"content":{"rendered":"<div class=\"wp-block-group has-pattern-dots has-global-padding is-layout-constrained wp-block-group-is-layout-constrained\" style=\"padding-top:var(--wp--preset--spacing--7);padding-bottom:var(--wp--preset--spacing--7)\">\n<div style=\"height:100px\" aria-hidden=\"true\" class=\"wp-block-spacer\"><\/div>\n\n\n\n<h2 class=\"wp-block-heading has-text-align-center\">OLL INKLUSIV<\/h2>\n\n\n\n<p class=\"has-text-align-center\">Netv\u00e6rk i Hamborg for mennesker over 60 \u00e5r<\/p>\n<\/div>\n\n\n\n\n<div class=\"wp-block-group alignwide wp-block-media-post-content-block wp-block-media-post-content-block has-pattern-dots has-global-padding is-layout-constrained wp-container-core-group-is-layout-2 wp-block-group-is-layout-constrained\" style=\"padding-top:var(--wp--preset--spacing--5);padding-bottom:var(--wp--preset--spacing--5)\">\n<div class=\"wp-block-columns is-layout-flex wp-container-core-columns-is-layout-1 wp-block-columns-is-layout-flex\">\n<div class=\"wp-block-column custom25h-media-post-content-gallery is-layout-flow wp-block-column-is-layout-flow\">\n<figure class=\"wp-block-image size-large\"><img loading=\"lazy\" decoding=\"async\" width=\"1000\" height=\"750\" src=\"https:\/\/25hours-hotels.com\/wp-content\/uploads\/sites\/39\/2025\/02\/25h_global_csr_OLLINKLUSIV_1.png?w=1000\" alt=\"\" class=\"wp-image-15451\" srcset=\"https:\/\/25hours-hotels.com\/wp-content\/uploads\/sites\/39\/2025\/02\/25h_global_csr_OLLINKLUSIV_1.png 1000w, https:\/\/25hours-hotels.com\/wp-content\/uploads\/sites\/39\/2025\/02\/25h_global_csr_OLLINKLUSIV_1.png?resize=300,225 300w, https:\/\/25hours-hotels.com\/wp-content\/uploads\/sites\/39\/2025\/02\/25h_global_csr_OLLINKLUSIV_1.png?resize=768,576 768w, https:\/\/25hours-hotels.com\/wp-content\/uploads\/sites\/39\/2025\/02\/25h_global_csr_OLLINKLUSIV_1.png?resize=16,12 16w\" sizes=\"(max-width: 1000px) 100vw, 1000px\" \/><\/figure>\n<\/div>\n\n\n\n<div class=\"wp-block-column is-vertically-aligned-top custom25h-media-post-content-post is-layout-flow wp-block-column-is-layout-flow\">\n<p>OLL INKLUSIV har fokus p\u00e5, hvordan mennesker over 60 \u00e5r kan f\u00e5 et aktivt socialt liv \u2013 om det er i den digitale eller analoge verden. Nonprofitorganisationen fra Hamborg skaber et levende netv\u00e6rk, som alle over 60 \u00e5r har adgang til og er med til at skabe en bro mellem generationer.<\/p>\n\n\n\n<p>Det skaber v\u00e6rdifuld indsigt og beriger ens v\u00e6rem\u00e5de og tankegang at v\u00e6re en del af livet p\u00e5 et plejehjem. Der er plads til samtaler om personlige oplevelser, tidligere jobs, m\u00e5l, hobbyer og passioner, som bekr\u00e6fter, hvad livet i virkeligheden handler om \u2013 is\u00e6r i vanskelige perioder kan det v\u00e6re afg\u00f8rende at kunne dele ens frygt og mod. Fra de \u00e6ldre m\u00e6nd og kvinder kan vi l\u00e6re, hvor vigtigt det er at v\u00e6re taknemmelig for ens helbred, familie, venskaber og hverdagens sm\u00e5 gl\u00e6der, fastsl\u00e5r stifteren Mitra Kassai.<\/p>\n\n\n\n<p>Sammen med OLL INKLUSIV og samova inviterer 25hours dig til en dans med te \u2013 det g\u00e5r ganske enkelt ud p\u00e5 en aften med dans, samova-te og en hyggelig komsammen, mens musikken fra den gyldne \u00e6ra bidrager til stemningen. Startbegivenheden p\u00e5 Boilerman Bar i M\u00fcnchen tidligt i 2025 var en stor succes. Der er flere begivenheder i vente p\u00e5 25hours-hotellerne.<\/p>\n\n\n\n<div class=\"wp-block-buttons is-layout-flex wp-block-buttons-is-layout-flex\">\n<div class=\"wp-block-button is-style-text-link is-style-text-link is-style-text-link\"><a class=\"wp-block-button__link wp-element-button\" href=\"https:\/\/www.oll-inklusiv.de\/\" target=\"_blank\" rel=\"noreferrer noopener\" aria-label=\"\">Bes\u00f8g hjemmesiden<\/a><\/div>\n<\/div>\n<\/div>\n<\/div>\n<\/div>","protected":false},"excerpt":{"rendered":"<p>Green Key was launched in Denmark in 1994 and has been managed by the Foundation for Environmental Education (FEE) and its national member organisations since 2002.<\/p>","protected":false},"author":416,"featured_media":0,"parent":0,"menu_order":0,"comment_status":"closed","ping_status":"closed","template":"","meta":{"_acf_changed":false,"_yoast_wpseo_title":"","_yoast_wpseo_metadesc":"","inline_featured_image":false,"footnotes":""},"business-site":[],"acf":[],"yoast_head":"<!-- This site is optimized with the Yoast SEO plugin v22.7 - https:\/\/yoast.com\/wordpress\/plugins\/seo\/ -->\n<title>OLL INKLUSIV - 25hours Hotels<\/title>\n<meta name=\"robots\" content=\"index, follow, max-snippet:-1, max-image-preview:large, max-video-preview:-1\" \/>\n<link rel=\"canonical\" href=\"https:\/\/25hours-hotels.com\/da\/corporate-social-responsibility\/ollinklusiv\/\" \/>\n<meta property=\"og:locale\" content=\"da_DK\" \/>\n<meta property=\"og:type\" content=\"article\" \/>\n<meta property=\"og:title\" content=\"OLL INKLUSIV - 25hours Hotels\" \/>\n<meta property=\"og:description\" content=\"Green Key was launched in Denmark in 1994 and has been managed by the Foundation for Environmental Education (FEE) and its national member organisations since 2002.\" \/>\n<meta property=\"og:url\" content=\"https:\/\/25hours-hotels.com\/da\/corporate-social-responsibility\/ollinklusiv\/\" \/>\n<meta property=\"og:site_name\" content=\"25hours Hotels\" \/>\n<meta property=\"article:modified_time\" content=\"2025-03-11T11:17:37+00:00\" \/>\n<meta property=\"og:image\" content=\"https:\/\/25hours-hotels.com\/wp-content\/uploads\/sites\/39\/2025\/02\/25h_global_csr_OLLINKLUSIV_1.png?w=1000\" \/>\n<meta name=\"twitter:card\" content=\"summary_large_image\" \/>\n<meta name=\"twitter:label1\" content=\"Est. reading time\" \/>\n\t<meta name=\"twitter:data1\" content=\"2 minutes\" \/>\n<script type=\"application\/ld+json\" class=\"yoast-schema-graph\">{\"@context\":\"https:\/\/schema.org\",\"@graph\":[{\"@type\":\"WebPage\",\"@id\":\"https:\/\/25hours-hotels.com\/corporate-social-responsibility\/ollinklusiv\/\",\"url\":\"https:\/\/25hours-hotels.com\/corporate-social-responsibility\/ollinklusiv\/\",\"name\":\"OLL INKLUSIV - 25hours Hotels\",\"isPartOf\":{\"@id\":\"https:\/\/25hours-hotels.com\/#website\"},\"primaryImageOfPage\":{\"@id\":\"https:\/\/25hours-hotels.com\/corporate-social-responsibility\/ollinklusiv\/#primaryimage\"},\"image\":{\"@id\":\"https:\/\/25hours-hotels.com\/corporate-social-responsibility\/ollinklusiv\/#primaryimage\"},\"thumbnailUrl\":\"https:\/\/25hours-hotels.com\/wp-content\/uploads\/sites\/39\/2025\/02\/25h_global_csr_OLLINKLUSIV_1.png?w=1000\",\"datePublished\":\"2025-03-11T11:17:36+00:00\",\"dateModified\":\"2025-03-11T11:17:37+00:00\",\"breadcrumb\":{\"@id\":\"https:\/\/25hours-hotels.com\/corporate-social-responsibility\/ollinklusiv\/#breadcrumb\"},\"inLanguage\":\"da-DK\",\"potentialAction\":[{\"@type\":\"ReadAction\",\"target\":[\"https:\/\/25hours-hotels.com\/corporate-social-responsibility\/ollinklusiv\/\"]}]},{\"@type\":\"ImageObject\",\"inLanguage\":\"da-DK\",\"@id\":\"https:\/\/25hours-hotels.com\/corporate-social-responsibility\/ollinklusiv\/#primaryimage\",\"url\":\"https:\/\/25hours-hotels.com\/wp-content\/uploads\/sites\/39\/2025\/02\/25h_global_csr_OLLINKLUSIV_1.png?w=1000\",\"contentUrl\":\"https:\/\/25hours-hotels.com\/wp-content\/uploads\/sites\/39\/2025\/02\/25h_global_csr_OLLINKLUSIV_1.png?w=1000\"},{\"@type\":\"BreadcrumbList\",\"@id\":\"https:\/\/25hours-hotels.com\/corporate-social-responsibility\/ollinklusiv\/#breadcrumb\",\"itemListElement\":[{\"@type\":\"ListItem\",\"position\":1,\"name\":\"Home\",\"item\":\"https:\/\/25hours-hotels.com\/\"},{\"@type\":\"ListItem\",\"position\":2,\"name\":\"OLL INKLUSIV\"}]},{\"@type\":\"WebSite\",\"@id\":\"https:\/\/25hours-hotels.com\/#website\",\"url\":\"https:\/\/25hours-hotels.com\/\",\"name\":\"25hours Hotels\",\"description\":\"\",\"potentialAction\":[{\"@type\":\"SearchAction\",\"target\":{\"@type\":\"EntryPoint\",\"urlTemplate\":\"https:\/\/25hours-hotels.com\/?s={search_term_string}\"},\"query-input\":\"required name=search_term_string\"}],\"inLanguage\":\"da-DK\"}]}<\/script>\n<!-- \/ Yoast SEO plugin. -->","yoast_head_json":{"title":"OLL INKLUSIV - 25hours Hotels","robots":{"index":"index","follow":"follow","max-snippet":"max-snippet:-1","max-image-preview":"max-image-preview:large","max-video-preview":"max-video-preview:-1"},"canonical":"https:\/\/25hours-hotels.com\/da\/corporate-social-responsibility\/ollinklusiv\/","og_locale":"da_DK","og_type":"article","og_title":"OLL INKLUSIV - 25hours Hotels","og_description":"Green Key was launched in Denmark in 1994 and has been managed by the Foundation for Environmental Education (FEE) and its national member organisations since 2002.","og_url":"https:\/\/25hours-hotels.com\/da\/corporate-social-responsibility\/ollinklusiv\/","og_site_name":"25hours Hotels","article_modified_time":"2025-03-11T11:17:37+00:00","og_image":[{"url":"https:\/\/25hours-hotels.com\/wp-content\/uploads\/sites\/39\/2025\/02\/25h_global_csr_OLLINKLUSIV_1.png?w=1000"}],"twitter_card":"summary_large_image","twitter_misc":{"Est. reading time":"2 minutes"},"schema":{"@context":"https:\/\/schema.org","@graph":[{"@type":"WebPage","@id":"https:\/\/25hours-hotels.com\/corporate-social-responsibility\/ollinklusiv\/","url":"https:\/\/25hours-hotels.com\/corporate-social-responsibility\/ollinklusiv\/","name":"OLL INKLUSIV - 25hours Hotels","isPartOf":{"@id":"https:\/\/25hours-hotels.com\/#website"},"primaryImageOfPage":{"@id":"https:\/\/25hours-hotels.com\/corporate-social-responsibility\/ollinklusiv\/#primaryimage"},"image":{"@id":"https:\/\/25hours-hotels.com\/corporate-social-responsibility\/ollinklusiv\/#primaryimage"},"thumbnailUrl":"https:\/\/25hours-hotels.com\/wp-content\/uploads\/sites\/39\/2025\/02\/25h_global_csr_OLLINKLUSIV_1.png?w=1000","datePublished":"2025-03-11T11:17:36+00:00","dateModified":"2025-03-11T11:17:37+00:00","breadcrumb":{"@id":"https:\/\/25hours-hotels.com\/corporate-social-responsibility\/ollinklusiv\/#breadcrumb"},"inLanguage":"da-DK","potentialAction":[{"@type":"ReadAction","target":["https:\/\/25hours-hotels.com\/corporate-social-responsibility\/ollinklusiv\/"]}]},{"@type":"ImageObject","inLanguage":"da-DK","@id":"https:\/\/25hours-hotels.com\/corporate-social-responsibility\/ollinklusiv\/#primaryimage","url":"https:\/\/25hours-hotels.com\/wp-content\/uploads\/sites\/39\/2025\/02\/25h_global_csr_OLLINKLUSIV_1.png?w=1000","contentUrl":"https:\/\/25hours-hotels.com\/wp-content\/uploads\/sites\/39\/2025\/02\/25h_global_csr_OLLINKLUSIV_1.png?w=1000"},{"@type":"BreadcrumbList","@id":"https:\/\/25hours-hotels.com\/corporate-social-responsibility\/ollinklusiv\/#breadcrumb","itemListElement":[{"@type":"ListItem","position":1,"name":"Home","item":"https:\/\/25hours-hotels.com\/"},{"@type":"ListItem","position":2,"name":"OLL INKLUSIV"}]},{"@type":"WebSite","@id":"https:\/\/25hours-hotels.com\/#website","url":"https:\/\/25hours-hotels.com\/","name":"25hours Hotels","description":"","potentialAction":[{"@type":"SearchAction","target":{"@type":"EntryPoint","urlTemplate":"https:\/\/25hours-hotels.com\/?s={search_term_string}"},"query-input":"required name=search_term_string"}],"inLanguage":"da-DK"}]}},"jetpack_sharing_enabled":true,"_links":{"self":[{"href":"https:\/\/25hours-hotels.com\/da\/wp-json\/wp\/v2\/pages\/15453"}],"collection":[{"href":"https:\/\/25hours-hotels.com\/da\/wp-json\/wp\/v2\/pages"}],"about":[{"href":"https:\/\/25hours-hotels.com\/da\/wp-json\/wp\/v2\/types\/page"}],"author":[{"embeddable":true,"href":"https:\/\/25hours-hotels.com\/da\/wp-json\/wp\/v2\/users\/416"}],"replies":[{"embeddable":true,"href":"https:\/\/25hours-hotels.com\/da\/wp-json\/wp\/v2\/comments?post=15453"}],"version-history":[{"count":1,"href":"https:\/\/25hours-hotels.com\/da\/wp-json\/wp\/v2\/pages\/15453\/revisions"}],"predecessor-version":[{"id":15470,"href":"https:\/\/25hours-hotels.com\/da\/wp-json\/wp\/v2\/pages\/15453\/revisions\/15470"}],"wp:attachment":[{"href":"https:\/\/25hours-hotels.com\/da\/wp-json\/wp\/v2\/media?parent=15453"}],"wp:term":[{"taxonomy":"business-site","embeddable":true,"href":"https:\/\/25hours-hotels.com\/da\/wp-json\/wp\/v2\/business-site?post=15453"}],"curies":[{"name":"wp","href":"https:\/\/api.w.org\/{rel}","templated":true}]}}