
{"id":14477,"date":"2025-01-22T08:36:23","date_gmt":"2025-01-22T08:36:23","guid":{"rendered":"https:\/\/25hours-hotels.com\/?page_id=14477"},"modified":"2025-02-11T15:50:15","modified_gmt":"2025-02-11T15:50:15","slug":"postamt-christkindl","status":"publish","type":"page","link":"https:\/\/25hours-hotels.com\/da\/corporate-social-responsibility\/postamt-christkindl\/","title":{"rendered":"Breve til Christkindl"},"content":{"rendered":"<div class=\"wp-block-group has-pattern-dots has-global-padding is-layout-constrained wp-block-group-is-layout-constrained\" style=\"padding-top:var(--wp--preset--spacing--7);padding-bottom:var(--wp--preset--spacing--7)\">\n<div style=\"height:100px\" aria-hidden=\"true\" class=\"wp-block-spacer\"><\/div>\n\n\n\n<h2 class=\"wp-block-heading has-text-align-center\">Breve til Christkindl<\/h2>\n\n\n\n<p class=\"has-text-align-center\">Letters to the Christkindl<\/p>\n<\/div>\n\n\n\n\n<div class=\"wp-block-group alignwide wp-block-media-post-content-block wp-block-media-post-content-block has-pattern-dots has-global-padding is-layout-constrained wp-container-core-group-is-layout-2 wp-block-group-is-layout-constrained\" style=\"padding-top:var(--wp--preset--spacing--5);padding-bottom:var(--wp--preset--spacing--5)\">\n<div class=\"wp-block-columns is-layout-flex wp-container-core-columns-is-layout-1 wp-block-columns-is-layout-flex\">\n<div class=\"wp-block-column custom25h-media-post-content-gallery is-layout-flow wp-block-column-is-layout-flow\">\n<figure class=\"wp-block-image size-large\"><img loading=\"lazy\" decoding=\"async\" width=\"1000\" height=\"750\" src=\"https:\/\/25hours-hotels.com\/wp-content\/uploads\/sites\/39\/2025\/01\/25h_global_csr_postamt-christkindl_1.png?w=1000\" alt=\"\" class=\"wp-image-14479\" srcset=\"https:\/\/25hours-hotels.com\/wp-content\/uploads\/sites\/39\/2025\/01\/25h_global_csr_postamt-christkindl_1.png 1000w, https:\/\/25hours-hotels.com\/wp-content\/uploads\/sites\/39\/2025\/01\/25h_global_csr_postamt-christkindl_1.png?resize=300,225 300w, https:\/\/25hours-hotels.com\/wp-content\/uploads\/sites\/39\/2025\/01\/25h_global_csr_postamt-christkindl_1.png?resize=768,576 768w, https:\/\/25hours-hotels.com\/wp-content\/uploads\/sites\/39\/2025\/01\/25h_global_csr_postamt-christkindl_1.png?resize=16,12 16w\" sizes=\"(max-width: 1000px) 100vw, 1000px\" \/><\/figure>\n<\/div>\n\n\n\n<div class=\"wp-block-column is-vertically-aligned-top custom25h-media-post-content-post is-layout-flow wp-block-column-is-layout-flow\">\n<p>P\u00e5 det s\u00e6rlige postkontor Christkindl besvares breve og \u00f8nsker fra b\u00f8rn over hele verden, som er adresseret til \"Christkindl\". Selvom det ikke kan garanteres, at hvert \u00f8nske opfyldes, kan hvert barn regne med at f\u00e5 et svar p\u00e5 deres brev.<\/p>\n\n\n\n<p>Det eftertragtede Christkindl-poststempel skal ikke n\u00f8dvendigvis afleveres p\u00e5 selve postkontoret i Steyr \u2013 med det ekstra frim\u00e6rke\"Via Christkindl Postkontor\" kan breve videresendes direkte til postkontoret, hvor de stemples med det s\u00e6rlige poststempel og efterf\u00f8lgende leveres. Det eneste, du skal g\u00f8re, er at klistre det ekstra frim\u00e6rke p\u00e5 frankeret julepost og aflevere det p\u00e5 ethvert posthus.<\/p>\n\n\n\n<p>Der er brug for hj\u00e6lp til at g\u00f8re det nemmere for julens hj\u00e6lpere at besvare brevene. 25hours Hotel MuseumsQuartier i Wien bidrager til juletiden med gaver, der finansieres gennem donationer fra g\u00e6ster, som efterf\u00f8lgende indleveres p\u00e5 posthuset.<\/p>\n\n\n\n<div class=\"wp-block-buttons is-layout-flex wp-block-buttons-is-layout-flex\">\n<div class=\"wp-block-button is-style-text-link is-style-text-link is-style-text-link\"><a class=\"wp-block-button__link wp-element-button\" href=\"https:\/\/www.post.at\/p\/c\/postamt-christkindl\" target=\"_blank\" rel=\"noreferrer noopener\" aria-label=\"\">Bes\u00f8g hjemmesiden<\/a><\/div>\n<\/div>\n<\/div>\n<\/div>\n<\/div>","protected":false},"excerpt":{"rendered":"<p>Green Key was launched in Denmark in 1994 and has been managed by the Foundation for Environmental Education (FEE) and its national member organisations since 2002.<\/p>","protected":false},"author":416,"featured_media":0,"parent":0,"menu_order":0,"comment_status":"closed","ping_status":"closed","template":"","meta":{"_acf_changed":false,"_yoast_wpseo_title":"","_yoast_wpseo_metadesc":"","inline_featured_image":false,"footnotes":""},"business-site":[],"acf":[],"yoast_head":"<!-- This site is optimized with the Yoast SEO plugin v22.7 - https:\/\/yoast.com\/wordpress\/plugins\/seo\/ -->\n<title>Postamt Christkindl - 25hours Hotels<\/title>\n<meta name=\"robots\" content=\"index, follow, max-snippet:-1, max-image-preview:large, max-video-preview:-1\" \/>\n<link rel=\"canonical\" href=\"https:\/\/25hours-hotels.com\/da\/corporate-social-responsibility\/postamt-christkindl\/\" \/>\n<meta property=\"og:locale\" content=\"da_DK\" \/>\n<meta property=\"og:type\" content=\"article\" \/>\n<meta property=\"og:title\" content=\"Postamt Christkindl - 25hours Hotels\" \/>\n<meta property=\"og:description\" content=\"Green Key was launched in Denmark in 1994 and has been managed by the Foundation for Environmental Education (FEE) and its national member organisations since 2002.\" \/>\n<meta property=\"og:url\" content=\"https:\/\/25hours-hotels.com\/da\/corporate-social-responsibility\/postamt-christkindl\/\" \/>\n<meta property=\"og:site_name\" content=\"25hours Hotels\" \/>\n<meta property=\"article:modified_time\" content=\"2025-02-11T15:50:15+00:00\" \/>\n<meta property=\"og:image\" content=\"https:\/\/25hours-hotels.com\/wp-content\/uploads\/sites\/39\/2025\/01\/25h_global_csr_postamt-christkindl_1.png?w=1000\" \/>\n<meta name=\"twitter:card\" content=\"summary_large_image\" \/>\n<meta name=\"twitter:label1\" content=\"Est. reading time\" \/>\n\t<meta name=\"twitter:data1\" content=\"1 minute\" \/>\n<script type=\"application\/ld+json\" class=\"yoast-schema-graph\">{\"@context\":\"https:\/\/schema.org\",\"@graph\":[{\"@type\":\"WebPage\",\"@id\":\"https:\/\/25hours-hotels.com\/corporate-social-responsibility\/postamt-christkindl\/\",\"url\":\"https:\/\/25hours-hotels.com\/corporate-social-responsibility\/postamt-christkindl\/\",\"name\":\"Postamt Christkindl - 25hours Hotels\",\"isPartOf\":{\"@id\":\"https:\/\/25hours-hotels.com\/#website\"},\"primaryImageOfPage\":{\"@id\":\"https:\/\/25hours-hotels.com\/corporate-social-responsibility\/postamt-christkindl\/#primaryimage\"},\"image\":{\"@id\":\"https:\/\/25hours-hotels.com\/corporate-social-responsibility\/postamt-christkindl\/#primaryimage\"},\"thumbnailUrl\":\"https:\/\/25hours-hotels.com\/wp-content\/uploads\/sites\/39\/2025\/01\/25h_global_csr_postamt-christkindl_1.png?w=1000\",\"datePublished\":\"2025-01-22T08:36:23+00:00\",\"dateModified\":\"2025-02-11T15:50:15+00:00\",\"breadcrumb\":{\"@id\":\"https:\/\/25hours-hotels.com\/corporate-social-responsibility\/postamt-christkindl\/#breadcrumb\"},\"inLanguage\":\"da-DK\",\"potentialAction\":[{\"@type\":\"ReadAction\",\"target\":[\"https:\/\/25hours-hotels.com\/corporate-social-responsibility\/postamt-christkindl\/\"]}]},{\"@type\":\"ImageObject\",\"inLanguage\":\"da-DK\",\"@id\":\"https:\/\/25hours-hotels.com\/corporate-social-responsibility\/postamt-christkindl\/#primaryimage\",\"url\":\"https:\/\/25hours-hotels.com\/wp-content\/uploads\/sites\/39\/2025\/01\/25h_global_csr_postamt-christkindl_1.png?w=1000\",\"contentUrl\":\"https:\/\/25hours-hotels.com\/wp-content\/uploads\/sites\/39\/2025\/01\/25h_global_csr_postamt-christkindl_1.png?w=1000\"},{\"@type\":\"BreadcrumbList\",\"@id\":\"https:\/\/25hours-hotels.com\/corporate-social-responsibility\/postamt-christkindl\/#breadcrumb\",\"itemListElement\":[{\"@type\":\"ListItem\",\"position\":1,\"name\":\"Home\",\"item\":\"https:\/\/25hours-hotels.com\/\"},{\"@type\":\"ListItem\",\"position\":2,\"name\":\"Postamt Christkindl\"}]},{\"@type\":\"WebSite\",\"@id\":\"https:\/\/25hours-hotels.com\/#website\",\"url\":\"https:\/\/25hours-hotels.com\/\",\"name\":\"25hours Hotels\",\"description\":\"\",\"potentialAction\":[{\"@type\":\"SearchAction\",\"target\":{\"@type\":\"EntryPoint\",\"urlTemplate\":\"https:\/\/25hours-hotels.com\/?s={search_term_string}\"},\"query-input\":\"required name=search_term_string\"}],\"inLanguage\":\"da-DK\"}]}<\/script>\n<!-- \/ Yoast SEO plugin. -->","yoast_head_json":{"title":"Postamt Christkindl - 25hours Hotels","robots":{"index":"index","follow":"follow","max-snippet":"max-snippet:-1","max-image-preview":"max-image-preview:large","max-video-preview":"max-video-preview:-1"},"canonical":"https:\/\/25hours-hotels.com\/da\/corporate-social-responsibility\/postamt-christkindl\/","og_locale":"da_DK","og_type":"article","og_title":"Postamt Christkindl - 25hours Hotels","og_description":"Green Key was launched in Denmark in 1994 and has been managed by the Foundation for Environmental Education (FEE) and its national member organisations since 2002.","og_url":"https:\/\/25hours-hotels.com\/da\/corporate-social-responsibility\/postamt-christkindl\/","og_site_name":"25hours Hotels","article_modified_time":"2025-02-11T15:50:15+00:00","og_image":[{"url":"https:\/\/25hours-hotels.com\/wp-content\/uploads\/sites\/39\/2025\/01\/25h_global_csr_postamt-christkindl_1.png?w=1000"}],"twitter_card":"summary_large_image","twitter_misc":{"Est. reading time":"1 minute"},"schema":{"@context":"https:\/\/schema.org","@graph":[{"@type":"WebPage","@id":"https:\/\/25hours-hotels.com\/corporate-social-responsibility\/postamt-christkindl\/","url":"https:\/\/25hours-hotels.com\/corporate-social-responsibility\/postamt-christkindl\/","name":"Postamt Christkindl - 25hours Hotels","isPartOf":{"@id":"https:\/\/25hours-hotels.com\/#website"},"primaryImageOfPage":{"@id":"https:\/\/25hours-hotels.com\/corporate-social-responsibility\/postamt-christkindl\/#primaryimage"},"image":{"@id":"https:\/\/25hours-hotels.com\/corporate-social-responsibility\/postamt-christkindl\/#primaryimage"},"thumbnailUrl":"https:\/\/25hours-hotels.com\/wp-content\/uploads\/sites\/39\/2025\/01\/25h_global_csr_postamt-christkindl_1.png?w=1000","datePublished":"2025-01-22T08:36:23+00:00","dateModified":"2025-02-11T15:50:15+00:00","breadcrumb":{"@id":"https:\/\/25hours-hotels.com\/corporate-social-responsibility\/postamt-christkindl\/#breadcrumb"},"inLanguage":"da-DK","potentialAction":[{"@type":"ReadAction","target":["https:\/\/25hours-hotels.com\/corporate-social-responsibility\/postamt-christkindl\/"]}]},{"@type":"ImageObject","inLanguage":"da-DK","@id":"https:\/\/25hours-hotels.com\/corporate-social-responsibility\/postamt-christkindl\/#primaryimage","url":"https:\/\/25hours-hotels.com\/wp-content\/uploads\/sites\/39\/2025\/01\/25h_global_csr_postamt-christkindl_1.png?w=1000","contentUrl":"https:\/\/25hours-hotels.com\/wp-content\/uploads\/sites\/39\/2025\/01\/25h_global_csr_postamt-christkindl_1.png?w=1000"},{"@type":"BreadcrumbList","@id":"https:\/\/25hours-hotels.com\/corporate-social-responsibility\/postamt-christkindl\/#breadcrumb","itemListElement":[{"@type":"ListItem","position":1,"name":"Home","item":"https:\/\/25hours-hotels.com\/"},{"@type":"ListItem","position":2,"name":"Postamt Christkindl"}]},{"@type":"WebSite","@id":"https:\/\/25hours-hotels.com\/#website","url":"https:\/\/25hours-hotels.com\/","name":"25hours Hotels","description":"","potentialAction":[{"@type":"SearchAction","target":{"@type":"EntryPoint","urlTemplate":"https:\/\/25hours-hotels.com\/?s={search_term_string}"},"query-input":"required name=search_term_string"}],"inLanguage":"da-DK"}]}},"jetpack_sharing_enabled":true,"_links":{"self":[{"href":"https:\/\/25hours-hotels.com\/da\/wp-json\/wp\/v2\/pages\/14477"}],"collection":[{"href":"https:\/\/25hours-hotels.com\/da\/wp-json\/wp\/v2\/pages"}],"about":[{"href":"https:\/\/25hours-hotels.com\/da\/wp-json\/wp\/v2\/types\/page"}],"author":[{"embeddable":true,"href":"https:\/\/25hours-hotels.com\/da\/wp-json\/wp\/v2\/users\/416"}],"replies":[{"embeddable":true,"href":"https:\/\/25hours-hotels.com\/da\/wp-json\/wp\/v2\/comments?post=14477"}],"version-history":[{"count":3,"href":"https:\/\/25hours-hotels.com\/da\/wp-json\/wp\/v2\/pages\/14477\/revisions"}],"predecessor-version":[{"id":15000,"href":"https:\/\/25hours-hotels.com\/da\/wp-json\/wp\/v2\/pages\/14477\/revisions\/15000"}],"wp:attachment":[{"href":"https:\/\/25hours-hotels.com\/da\/wp-json\/wp\/v2\/media?parent=14477"}],"wp:term":[{"taxonomy":"business-site","embeddable":true,"href":"https:\/\/25hours-hotels.com\/da\/wp-json\/wp\/v2\/business-site?post=14477"}],"curies":[{"name":"wp","href":"https:\/\/api.w.org\/{rel}","templated":true}]}}