
{"id":13764,"date":"2024-12-18T13:03:08","date_gmt":"2024-12-18T13:03:08","guid":{"rendered":"https:\/\/25hours-hotels.com\/?page_id=13764"},"modified":"2024-12-18T13:03:08","modified_gmt":"2024-12-18T13:03:08","slug":"wunschdirwas-e-v","status":"publish","type":"page","link":"https:\/\/25hours-hotels.com\/da\/corporate-social-responsibility\/wunschdirwas-ev\/","title":{"rendered":"w\u00fcnschdirwas e.V."},"content":{"rendered":"<div class=\"wp-block-group has-pattern-dots has-global-padding is-layout-constrained wp-block-group-is-layout-constrained\" style=\"padding-top:var(--wp--preset--spacing--7);padding-bottom:var(--wp--preset--spacing--7)\">\n<div style=\"height:100px\" aria-hidden=\"true\" class=\"wp-block-spacer\"><\/div>\n\n\n\n<h2 class=\"wp-block-heading has-text-align-center\">w\u00fcnschdirwas e.V.<\/h2>\n\n\n\n<p class=\"has-text-align-center\">B\u00f8rns dr\u00f8mme bliver til virkelighed<\/p>\n<\/div>\n\n\n\n\n<div class=\"wp-block-group alignwide wp-block-media-post-content-block wp-block-media-post-content-block has-pattern-dots has-global-padding is-layout-constrained wp-container-core-group-is-layout-2 wp-block-group-is-layout-constrained\" style=\"padding-top:var(--wp--preset--spacing--5);padding-bottom:var(--wp--preset--spacing--5)\">\n<div class=\"wp-block-columns is-layout-flex wp-container-core-columns-is-layout-1 wp-block-columns-is-layout-flex\">\n<div class=\"wp-block-column custom25h-media-post-content-gallery is-layout-flow wp-block-column-is-layout-flow\">\n<figure class=\"wp-block-image size-large\"><img loading=\"lazy\" decoding=\"async\" width=\"1000\" height=\"750\" src=\"https:\/\/25hours-hotels.com\/wp-content\/uploads\/sites\/39\/2024\/12\/25h_global_csr_wunschdirwas_2.jpg?w=1000\" alt=\"\" class=\"wp-image-13755\" srcset=\"https:\/\/25hours-hotels.com\/wp-content\/uploads\/sites\/39\/2024\/12\/25h_global_csr_wunschdirwas_2.jpg 1000w, https:\/\/25hours-hotels.com\/wp-content\/uploads\/sites\/39\/2024\/12\/25h_global_csr_wunschdirwas_2.jpg?resize=300,225 300w, https:\/\/25hours-hotels.com\/wp-content\/uploads\/sites\/39\/2024\/12\/25h_global_csr_wunschdirwas_2.jpg?resize=768,576 768w, https:\/\/25hours-hotels.com\/wp-content\/uploads\/sites\/39\/2024\/12\/25h_global_csr_wunschdirwas_2.jpg?resize=16,12 16w\" sizes=\"(max-width: 1000px) 100vw, 1000px\" \/><\/figure>\n<\/div>\n\n\n\n<div class=\"wp-block-column is-vertically-aligned-top custom25h-media-post-content-post is-layout-flow wp-block-column-is-layout-flow\">\n<p>w\u00fcnschdirwas e.V. er en nonprofitorganisation med base i K\u00f6ln, som siden marts 1989 har opfyldt kronisk syge b\u00f8rns og unges inderste \u00f8nsker i hele Tyskland. Foreningen st\u00f8ttes af utallige frivillige og arbejder t\u00e6t sammen med l\u00e6ger og behandlere p\u00e5 over 100 hospitaler, b\u00f8rneklinikker og hospicer. Siden dens start har w\u00fcnschdirwas e.V. allerede gjort over 10.000 dybf\u00f8lte \u00f8nsker til virkelighed.\n\nSiden december 2022 har to 25hours-hoteller i Hamborg og vores ejendom i K\u00f6ln samarbejdet med foreningen \"w\u00fcnschdirwas e.V.\", som netop har sin base i K\u00f6ln. Som del af partnerskabet tilbyder de to ejendomme i Hamborg regelm\u00e6ssigt gratis v\u00e6relser til ber\u00f8rte familier, som rejser til hansestaden for at f\u00e5 deres dr\u00f8mme gjort til virkelighed. Der er ogs\u00e5 afholdt julekampagner med velg\u00f8renhedsorganisationer.<\/p>\n\n\n\n<p>Siden december 2022 har to 25hours-hoteller i Hamborg og vores ejendom i K\u00f6ln samarbejdet med foreningen \"w\u00fcnschdirwas e.V.\", som netop har sin base i K\u00f6ln. Som del af partnerskabet tilbyder de to ejendomme i Hamborg regelm\u00e6ssigt gratis v\u00e6relser til ber\u00f8rte familier, som rejser til hansestaden for at f\u00e5 deres dr\u00f8mme gjort til virkelighed. Der er ogs\u00e5 afholdt julekampagner med velg\u00f8renhedsorganisationer.<\/p>\n<\/div>\n<\/div>\n<\/div>","protected":false},"excerpt":{"rendered":"<p>Green Key was launched in Denmark in 1994 and has been managed by the Foundation for Environmental Education (FEE) and its national member organisations since 2002.<\/p>","protected":false},"author":205,"featured_media":0,"parent":0,"menu_order":0,"comment_status":"closed","ping_status":"closed","template":"","meta":{"_acf_changed":false,"_yoast_wpseo_title":"","_yoast_wpseo_metadesc":"","inline_featured_image":false,"footnotes":""},"business-site":[],"acf":[],"yoast_head":"<!-- This site is optimized with the Yoast SEO plugin v22.7 - https:\/\/yoast.com\/wordpress\/plugins\/seo\/ -->\n<title>w\u00fcnschdirwas e.V. - 25hours Hotels<\/title>\n<meta name=\"robots\" content=\"index, follow, max-snippet:-1, max-image-preview:large, max-video-preview:-1\" \/>\n<link rel=\"canonical\" href=\"https:\/\/25hours-hotels.com\/da\/corporate-social-responsibility\/wunschdirwas-ev\/\" \/>\n<meta property=\"og:locale\" content=\"da_DK\" \/>\n<meta property=\"og:type\" content=\"article\" \/>\n<meta property=\"og:title\" content=\"w\u00fcnschdirwas e.V. - 25hours Hotels\" \/>\n<meta property=\"og:description\" content=\"Green Key was launched in Denmark in 1994 and has been managed by the Foundation for Environmental Education (FEE) and its national member organisations since 2002.\" \/>\n<meta property=\"og:url\" content=\"https:\/\/25hours-hotels.com\/da\/corporate-social-responsibility\/wunschdirwas-ev\/\" \/>\n<meta property=\"og:site_name\" content=\"25hours Hotels\" \/>\n<meta property=\"og:image\" content=\"https:\/\/25hours-hotels.com\/wp-content\/uploads\/sites\/39\/2024\/12\/25h_global_csr_wunschdirwas_2.jpg?w=1000\" \/>\n<meta name=\"twitter:card\" content=\"summary_large_image\" \/>\n<meta name=\"twitter:label1\" content=\"Est. reading time\" \/>\n\t<meta name=\"twitter:data1\" content=\"1 minute\" \/>\n<script type=\"application\/ld+json\" class=\"yoast-schema-graph\">{\"@context\":\"https:\/\/schema.org\",\"@graph\":[{\"@type\":\"WebPage\",\"@id\":\"https:\/\/25hours-hotels.com\/corporate-social-responsibility\/wunschdirwas-ev\/\",\"url\":\"https:\/\/25hours-hotels.com\/corporate-social-responsibility\/wunschdirwas-ev\/\",\"name\":\"w\u00fcnschdirwas e.V. - 25hours Hotels\",\"isPartOf\":{\"@id\":\"https:\/\/25hours-hotels.com\/#website\"},\"primaryImageOfPage\":{\"@id\":\"https:\/\/25hours-hotels.com\/corporate-social-responsibility\/wunschdirwas-ev\/#primaryimage\"},\"image\":{\"@id\":\"https:\/\/25hours-hotels.com\/corporate-social-responsibility\/wunschdirwas-ev\/#primaryimage\"},\"thumbnailUrl\":\"https:\/\/25hours-hotels.com\/wp-content\/uploads\/sites\/39\/2024\/12\/25h_global_csr_wunschdirwas_2.jpg?w=1000\",\"datePublished\":\"2024-12-18T13:03:08+00:00\",\"dateModified\":\"2024-12-18T13:03:08+00:00\",\"breadcrumb\":{\"@id\":\"https:\/\/25hours-hotels.com\/corporate-social-responsibility\/wunschdirwas-ev\/#breadcrumb\"},\"inLanguage\":\"da-DK\",\"potentialAction\":[{\"@type\":\"ReadAction\",\"target\":[\"https:\/\/25hours-hotels.com\/corporate-social-responsibility\/wunschdirwas-ev\/\"]}]},{\"@type\":\"ImageObject\",\"inLanguage\":\"da-DK\",\"@id\":\"https:\/\/25hours-hotels.com\/corporate-social-responsibility\/wunschdirwas-ev\/#primaryimage\",\"url\":\"https:\/\/25hours-hotels.com\/wp-content\/uploads\/sites\/39\/2024\/12\/25h_global_csr_wunschdirwas_2.jpg?w=1000\",\"contentUrl\":\"https:\/\/25hours-hotels.com\/wp-content\/uploads\/sites\/39\/2024\/12\/25h_global_csr_wunschdirwas_2.jpg?w=1000\"},{\"@type\":\"BreadcrumbList\",\"@id\":\"https:\/\/25hours-hotels.com\/corporate-social-responsibility\/wunschdirwas-ev\/#breadcrumb\",\"itemListElement\":[{\"@type\":\"ListItem\",\"position\":1,\"name\":\"Home\",\"item\":\"https:\/\/25hours-hotels.com\/\"},{\"@type\":\"ListItem\",\"position\":2,\"name\":\"w\u00fcnschdirwas e.V.\"}]},{\"@type\":\"WebSite\",\"@id\":\"https:\/\/25hours-hotels.com\/#website\",\"url\":\"https:\/\/25hours-hotels.com\/\",\"name\":\"25hours Hotels\",\"description\":\"\",\"potentialAction\":[{\"@type\":\"SearchAction\",\"target\":{\"@type\":\"EntryPoint\",\"urlTemplate\":\"https:\/\/25hours-hotels.com\/?s={search_term_string}\"},\"query-input\":\"required name=search_term_string\"}],\"inLanguage\":\"da-DK\"}]}<\/script>\n<!-- \/ Yoast SEO plugin. -->","yoast_head_json":{"title":"w\u00fcnschdirwas e.V. - 25hours Hotels","robots":{"index":"index","follow":"follow","max-snippet":"max-snippet:-1","max-image-preview":"max-image-preview:large","max-video-preview":"max-video-preview:-1"},"canonical":"https:\/\/25hours-hotels.com\/da\/corporate-social-responsibility\/wunschdirwas-ev\/","og_locale":"da_DK","og_type":"article","og_title":"w\u00fcnschdirwas e.V. - 25hours Hotels","og_description":"Green Key was launched in Denmark in 1994 and has been managed by the Foundation for Environmental Education (FEE) and its national member organisations since 2002.","og_url":"https:\/\/25hours-hotels.com\/da\/corporate-social-responsibility\/wunschdirwas-ev\/","og_site_name":"25hours Hotels","og_image":[{"url":"https:\/\/25hours-hotels.com\/wp-content\/uploads\/sites\/39\/2024\/12\/25h_global_csr_wunschdirwas_2.jpg?w=1000"}],"twitter_card":"summary_large_image","twitter_misc":{"Est. reading time":"1 minute"},"schema":{"@context":"https:\/\/schema.org","@graph":[{"@type":"WebPage","@id":"https:\/\/25hours-hotels.com\/corporate-social-responsibility\/wunschdirwas-ev\/","url":"https:\/\/25hours-hotels.com\/corporate-social-responsibility\/wunschdirwas-ev\/","name":"w\u00fcnschdirwas e.V. - 25hours Hotels","isPartOf":{"@id":"https:\/\/25hours-hotels.com\/#website"},"primaryImageOfPage":{"@id":"https:\/\/25hours-hotels.com\/corporate-social-responsibility\/wunschdirwas-ev\/#primaryimage"},"image":{"@id":"https:\/\/25hours-hotels.com\/corporate-social-responsibility\/wunschdirwas-ev\/#primaryimage"},"thumbnailUrl":"https:\/\/25hours-hotels.com\/wp-content\/uploads\/sites\/39\/2024\/12\/25h_global_csr_wunschdirwas_2.jpg?w=1000","datePublished":"2024-12-18T13:03:08+00:00","dateModified":"2024-12-18T13:03:08+00:00","breadcrumb":{"@id":"https:\/\/25hours-hotels.com\/corporate-social-responsibility\/wunschdirwas-ev\/#breadcrumb"},"inLanguage":"da-DK","potentialAction":[{"@type":"ReadAction","target":["https:\/\/25hours-hotels.com\/corporate-social-responsibility\/wunschdirwas-ev\/"]}]},{"@type":"ImageObject","inLanguage":"da-DK","@id":"https:\/\/25hours-hotels.com\/corporate-social-responsibility\/wunschdirwas-ev\/#primaryimage","url":"https:\/\/25hours-hotels.com\/wp-content\/uploads\/sites\/39\/2024\/12\/25h_global_csr_wunschdirwas_2.jpg?w=1000","contentUrl":"https:\/\/25hours-hotels.com\/wp-content\/uploads\/sites\/39\/2024\/12\/25h_global_csr_wunschdirwas_2.jpg?w=1000"},{"@type":"BreadcrumbList","@id":"https:\/\/25hours-hotels.com\/corporate-social-responsibility\/wunschdirwas-ev\/#breadcrumb","itemListElement":[{"@type":"ListItem","position":1,"name":"Home","item":"https:\/\/25hours-hotels.com\/"},{"@type":"ListItem","position":2,"name":"w\u00fcnschdirwas e.V."}]},{"@type":"WebSite","@id":"https:\/\/25hours-hotels.com\/#website","url":"https:\/\/25hours-hotels.com\/","name":"25hours Hotels","description":"","potentialAction":[{"@type":"SearchAction","target":{"@type":"EntryPoint","urlTemplate":"https:\/\/25hours-hotels.com\/?s={search_term_string}"},"query-input":"required name=search_term_string"}],"inLanguage":"da-DK"}]}},"jetpack_sharing_enabled":true,"_links":{"self":[{"href":"https:\/\/25hours-hotels.com\/da\/wp-json\/wp\/v2\/pages\/13764"}],"collection":[{"href":"https:\/\/25hours-hotels.com\/da\/wp-json\/wp\/v2\/pages"}],"about":[{"href":"https:\/\/25hours-hotels.com\/da\/wp-json\/wp\/v2\/types\/page"}],"author":[{"embeddable":true,"href":"https:\/\/25hours-hotels.com\/da\/wp-json\/wp\/v2\/users\/205"}],"replies":[{"embeddable":true,"href":"https:\/\/25hours-hotels.com\/da\/wp-json\/wp\/v2\/comments?post=13764"}],"version-history":[{"count":2,"href":"https:\/\/25hours-hotels.com\/da\/wp-json\/wp\/v2\/pages\/13764\/revisions"}],"predecessor-version":[{"id":13766,"href":"https:\/\/25hours-hotels.com\/da\/wp-json\/wp\/v2\/pages\/13764\/revisions\/13766"}],"wp:attachment":[{"href":"https:\/\/25hours-hotels.com\/da\/wp-json\/wp\/v2\/media?parent=13764"}],"wp:term":[{"taxonomy":"business-site","embeddable":true,"href":"https:\/\/25hours-hotels.com\/da\/wp-json\/wp\/v2\/business-site?post=13764"}],"curies":[{"name":"wp","href":"https:\/\/api.w.org\/{rel}","templated":true}]}}